{"id":25796,"date":"2023-05-09T12:26:48","date_gmt":"2023-05-09T12:26:48","guid":{"rendered":"https:\/\/www.9h05.com\/?page_id=25796"},"modified":"2024-07-05T11:45:21","modified_gmt":"2024-07-05T11:45:21","slug":"documentos-legales-herencias-ingles-frances-espanol","status":"publish","type":"page","link":"https:\/\/www.9h05.com\/es\/traducciones\/certificadas\/documentos-legales-herencias-ingles-frances-espanol\/","title":{"rendered":"Traducci\u00f3n jurada de documentos legales para herencias de ingl\u00e9s, franc\u00e9s, espa\u00f1ol"},"content":{"rendered":"<div class=\"tmpl-call_to_action-1 boldgrid-section dynamic-gridblock background-fixed\" style=\"background-image: url('https:\/\/www.9h05.com\/wp-content\/uploads\/2023\/01\/traduction-espagnol-justice-droit.jpg'); background-size: cover; background-repeat: no-repeat; background-position: 50% 50%;\" data-image-url=\"https:\/\/www.9h05.com\/wp-content\/uploads\/2023\/01\/traduction-espagnol-justice-droit.jpg\">\n<div class=\"container-fluid\">\n<div class=\"row\">\n<div class=\"col-md-7 col-sm-8 col-xs-12 col-lg-7\">\n<div class=\"bg-box-cover color5-background-color color-5-text-contrast bg-background-color bg-box\" style=\"padding: 85px 20%;\">\n<h2 class=\"h1 color1-color\">Traducci\u00f3n jurada de documentos legales para herencias de ingl\u00e9s, franc\u00e9s, espa\u00f1ol<\/h2>\n<p class=\"\" style=\"font-weight: 400;\">\u00bfHa heredado bienes ubicados en extranjero? Varios documentos son necesarios y deben contar con una traducci\u00f3n jurada, oficial o certificada para los tr\u00e1mites de herencia o <a href=\"https:\/\/www.9h05.com\/es\/glosario\/sucesion\/\">sucesi\u00f3n hereditaria<\/a> de bienes situados en el extranjero, entre ellos: testamentos, actas de notoriedad, actos de delaci\u00f3n de la herencia, certificados de \u00faltimas voluntades, certificados bancarios, certificados literales de defunci\u00f3n, nacimiento, matrimonio; libros de familia, escrituras de aceptaci\u00f3n y partici\u00f3n de la herencia, actas de declaraci\u00f3n de herederos, certificados de seguros de vida, entre otros.<\/p>\n<p>&nbsp;<\/p>\n<p class=\"\"><a class=\"btn-color-1 btn btn-capitalize btn-rounded btn-jumbo\" href=\"https:\/\/pay.9h05.com\">Contratar<\/a><\/p>\n<\/div>\n<\/div>\n<div class=\"col-md-5 col-sm-4 col-xs-12 col-lg-5\"><\/div>\n<\/div>\n<\/div>\n<\/div>\n<div class=\"color4-background-color bg-background-color tmpl-call_to_action-3 boldgrid-section dynamic-gridblock background-scroll\" style=\"color: #1d1d1d; background-image: linear-gradient(to left, rgba(238, 238, 238, 0.8), rgba(238, 238, 238, 0.8)), url('https:\/\/www.9h05.com\/wp-content\/uploads\/2019\/02\/justice-traductions-judiciaires.jpeg'); background-size: cover; background-repeat: no-repeat; background-position: 50% 50%;\" data-bg-overlaycolor=\"rgba(238, 238, 238, 0.8)\" data-image-url=\"https:\/\/www.9h05.com\/wp-content\/uploads\/2019\/02\/justice-traductions-judiciaires.jpeg\">\n<div class=\"container\">\n<div class=\"row\" style=\"padding-top: 40px; padding-bottom: 40px;\">\n<div class=\"col-md-8 col-sm-8 col-xs-12 col-lg-8\">\n<h2 class=\"h1 color5-color\" style=\"margin: 30px 0;\">Traducciones oficiales: ingl\u00e9s, franc\u00e9s, espa\u00f1ol<\/h2>\n<div><span class=\"\" lang=\"ES\">En 9h05 International realizamos traducciones oficiales debidamente certificadas de todo tipo de documentos legales para herencias de ingl\u00e9s, franc\u00e9s y espa\u00f1ol en todas sus combinaciones. Nuestros traductores jurados profesionales est\u00e1n a su disposici\u00f3n para ayudarle y asesorarle con sus traducciones juradas necesarias para sus tr\u00e1mites de herencia.<\/span><\/div>\n<\/div>\n<div class=\"col-md-4 col-sm-4 col-xs-12 align-column-center col-lg-4\">\n<p class=\"\" style=\"text-align: center;\"><a class=\"btn-color-5 btn btn-rounded btn-3d btn-large\" href=\"https:\/\/api.whatsapp.com\/send\/?phone=593984265653&amp;text&amp;type=phone_number&amp;app_absent=0\">Contacto<\/a><\/p>\n<\/div>\n<\/div>\n<\/div>\n<\/div>\n<div class=\"color2-background-color color-2-text-contrast bg-background-color tmpl-services-10 boldgrid-section dynamic-gridblock\">\n<div class=\"container\">\n<div class=\"row\" style=\"padding-top: 10px; padding-bottom: 15px;\">\n<div class=\"col-md-4 col-sm-4 col-xs-12 col-lg-4\">\n<div class=\"row\" style=\"padding-top: 35px; padding-bottom: 15px;\">\n<div class=\"col-md-12 col-sm-12 col-xs-12 col-lg-12\">\n<div style=\"border-top: 7px solid;\" class=\"color3-background-color color-3-text-contrast bg-background-color color1-border-color bg-box\">\n<p class=\"\" style=\"text-align: center; margin: -40px 0px 25px;\"><i class=\"color1-background-color color-1-text-contrast bg-background-color fa fa-suitcase\" style=\"font-size: 30px; padding: 0.4em; border-radius: 50px; box-shadow: 1px 2px 3px 0px rgba(0,0,0,0.50);\" aria-hidden=\"true\"><span style=\"display: none;\">&nbsp;<\/span><\/i><\/p>\n<h3 style=\"text-align: center;\">Traducci\u00f3n de certificados para herencia<\/h3>\n<ul>\n<li style=\"font-weight: 400;\">Certificado de \u00faltimas voluntades<\/li>\n<li style=\"font-weight: 400;\">Certificados bancarios<\/li>\n<li style=\"font-weight: 400;\">Certificados de seguros de vida, etc.<\/li>\n<\/ul>\n<p style=\"font-weight: 400;\">Obtenga su traducci\u00f3n jurada oficial de ingl\u00e9s, franc\u00e9s y espa\u00f1ol de los diferentes certificados necesarios para continuar con su tr\u00e1mite de herencia ante las autoridades competentes de Espa\u00f1a, Francia, Reino Unido, etc.<\/p>\n<p class=\"\" style=\"text-align: center; margin-top: 25px; margin-bottom: 15px;\"><a class=\"btn-color-1 btn btn-small-caps btn-3d btn-regular\" href=\"https:\/\/pay.9h05.com\">Contr\u00e1tenos<\/a><\/p>\n<\/div>\n<\/div>\n<\/div>\n<\/div>\n<div class=\"col-md-4 col-sm-4 col-xs-12 col-lg-4\">\n<div class=\"row\" style=\"padding-top: 35px; padding-bottom: 15px;\">\n<div class=\"col-md-12 col-sm-12 col-xs-12 col-lg-12\">\n<div style=\"border-top: 7px solid;\" class=\"color3-background-color color-3-text-contrast bg-background-color color1-border-color bg-box\">\n<p class=\"\" style=\"text-align: center; margin: -40px 0px 25px;\"><i class=\"color1-background-color color-1-text-contrast bg-background-color fa fa-envelope-open\" style=\"font-size: 30px; padding: 0.4em; border-radius: 50px; box-shadow: 1px 2px 3px 0px rgba(0,0,0,0.50);\" aria-hidden=\"true\"><span style=\"display: none;\">&nbsp;<\/span><\/i><\/p>\n<h3 style=\"text-align: center;\">Traducci\u00f3n de actos del estado civil para herencia<\/h3>\n<ul>\n<li style=\"font-weight: 400;\">Certificado de defunci\u00f3n<\/li>\n<li style=\"font-weight: 400;\">Certificado de nacimiento<\/li>\n<li style=\"font-weight: 400;\">Certificado de matrimonio<\/li>\n<li style=\"font-weight: 400;\">Libro de familia, etc.<\/li>\n<\/ul>\n<p style=\"font-weight: 400;\">Sus actos del estado civil son indispensables para empezar el tr\u00e1mite de herencia o <a href=\"https:\/\/www.9h05.com\/es\/glosario\/sucesion\/\">sucesi\u00f3n hereditaria<\/a>. Contr\u00e1tenos para realizar su traducci\u00f3n jurada oficial del ingl\u00e9s, franc\u00e9s y espa\u00f1ol.<\/p>\n<p class=\"\" style=\"text-align: center; margin-top: 25px; margin-bottom: 15px;\"><a class=\"btn-color-1 btn btn-small-caps btn-3d btn-regular\" href=\"https:\/\/pay.9h05.com\">Contr\u00e1tenos<\/a><\/p>\n<\/div>\n<\/div>\n<\/div>\n<\/div>\n<div class=\"col-md-4 col-sm-4 col-xs-12 col-lg-4\">\n<div class=\"row\" style=\"padding-top: 35px; padding-bottom: 15px;\">\n<div class=\"col-md-12 col-sm-12 col-xs-12 col-lg-12\">\n<div style=\"border-top: 7px solid;\" class=\"color3-background-color color-3-text-contrast bg-background-color color1-border-color bg-box\">\n<p class=\"\" style=\"text-align: center; margin: -40px 0px 25px;\"><i class=\"color1-background-color color-1-text-contrast bg-background-color fa fa-book\" style=\"font-size: 30px; padding: 0.4em; border-radius: 50px; box-shadow: 1px 2px 3px 0px rgba(0,0,0,0.50);\" aria-hidden=\"true\"><span style=\"display: none;\">&nbsp;<\/span><\/i><\/p>\n<h3 style=\"text-align: center;\">Traducci\u00f3n de actos notariales para herencia<\/h3>\n<ul>\n<li style=\"font-weight: 400;\">Actas de notoriedad<\/li>\n<li style=\"font-weight: 400;\">Delaci\u00f3n de la herencia<\/li>\n<li style=\"font-weight: 400;\">Aceptaci\u00f3n y partici\u00f3n de la herencia<\/li>\n<li style=\"font-weight: 400;\">Declaraci\u00f3n de herederos, etc.<\/li>\n<\/ul>\n<p style=\"font-weight: 400;\">Durante el tr\u00e1mite de herencia los actos notariales celebrados ante su notario de confianza deben ser traducidos para efectos, principalmente, tributarios y de registro de los bienes heredados. Ll\u00e1menos para contratar la traducci\u00f3n certificada de estos documentos.<\/p>\n<p class=\"\" style=\"text-align: center; margin-top: 25px; margin-bottom: 15px;\"><a class=\"btn-color-1 btn btn-small-caps btn-3d btn-regular\" href=\"https:\/\/pay.9h05.com\">Contr\u00e1tenos<\/a><\/p>\n<\/div>\n<\/div>\n<\/div>\n<\/div>\n<\/div>\n<\/div>\n<\/div>\n<div class=\"color4-background-color bg-background-color tmpl-contact-4 boldgrid-section dynamic-gridblock background-scroll\" style=\"color: #1d1d1d; background-image: linear-gradient(to left, rgba(238, 238, 238, 0.8), rgba(238, 238, 238, 0.8)), url('https:\/\/www.9h05.com\/wp-content\/uploads\/2022\/12\/servicio-de-traduccion-juridica-ecuador-scaled.jpg'); background-size: cover; background-repeat: no-repeat; background-position: 50% 50%;\" data-bg-overlaycolor=\"rgba(238, 238, 238, 0.8)\" data-image-url=\"https:\/\/www.9h05.com\/wp-content\/uploads\/2022\/12\/servicio-de-traduccion-juridica-ecuador-scaled.jpg\">\n<div class=\"container\">\n<div class=\"row\" style=\"padding-top: 42px;\">\n<div class=\"col-md-4 col-sm-9 col-xs-12 align-column-center col-lg-4\">\n<div style=\"text-align: center;\" class=\"color1-background-color color-1-text-contrast bg-background-color bg-box\">\n<h2 class=\"\">Cons\u00faltenos para sus traducciones de documentos para herencias en ingl\u00e9s, franc\u00e9s o espa\u00f1ol<\/h2>\n<\/div>\n<\/div>\n<div class=\"col-md-1 col-sm-3 col-xs-12 col-lg-1\"><\/div>\n<div class=\"col-md-7 col-sm-12 col-xs-12 bg-box-flush col-lg-7\">\n<p class=\"boldgrid-google-maps color1-border-color\" style=\"line-height: 100%; margin: 0px; border: 10px solid;\"><iframe style=\"width: 100%;\" src=\"https:\/\/www.google.com\/maps\/embed?pb=!1m14!1m8!1m3!1d15959.171530525156!2d-78.4943408!3d-0.2045975!3m2!1i1024!2i768!4f13.1!3m3!1m2!1s0x91d59a14c2f0e17d%3A0x6618e97864c88c19!2s9h05%20Ecuador!5e0!3m2!1ses-419!2sfr!4v1683635103791!5m2!1ses-419!2sfr\" width=\"1000\" height=\"400\" frameborder=\"0\">&amp;amp;lt;span data-mce-type=\u00bbbookmark\u00bb style=\u00bbdisplay: inline-block; width: 0px; overflow: hidden; line-height: 0;\u00bb class=\u00bbmce_SELRES_start\u00bb&amp;amp;gt;\ufeff&amp;amp;lt;\/span&amp;amp;gt;<\/iframe><\/p>\n<\/div>\n<\/div>\n<div class=\"row\" style=\"padding-bottom: 42px;\">\n<div class=\"col-md-6 col-sm-2 col-xs-1 col-lg-6\"><\/div>\n<div class=\"col-md-5 col-sm-8 col-xs-10 slideInDown col-lg-5\">\n<div style=\"margin-top: -60px; padding: 1.5em; z-index: 1; position: relative;\" class=\"color1-background-color color-1-text-contrast bg-background-color bg-box\">\n<p class=\"\" style=\"text-align: center;\"><strong>9h05 del Ecuador<br \/>\n<\/strong>Juan Le\u00f3n Mera N21-241 y Roca<br \/>\nEdificio Cronos &#8211; Oficina 501<br \/>\n170526 Quito (Ecuador)&nbsp;<\/p>\n<p class=\"\" style=\"text-align: center;\"><a href=\"mailto:quito@9h05.com\">quito@9h05.com<\/a><\/p>\n<p class=\"\" style=\"text-align: center;\">(02) 250 11 10 (tel\u00e9fono convencional)<br \/>\n09 84 26 56 53 (celular y WhatsApp)<\/p>\n<p class=\"\" style=\"text-align: center; margin-bottom: 15px;\">&nbsp;<\/p>\n<\/div>\n<\/div>\n<div class=\"col-md-1 col-sm-2 col-xs-1 col-lg-1\"><\/div>\n<\/div>\n<\/div>\n<\/div>\n<div class=\"color2-background-color color-2-text-contrast bg-background-color tmpl-contact-11 boldgrid-section dynamic-gridblock\">\n<div class=\"container-fluid\">\n<div class=\"row\" style=\"padding-top: 25px; padding-bottom: 35px;\">\n<div class=\"col-md-2 col-sm-1 col-xs-12 col-lg-2\"><\/div>\n<div class=\"col-md-5 col-sm-7 col-xs-12 col-lg-5\" style=\"padding: 1em;\">\n<h4 class=\"\">Traducci\u00f3n jurada de documentos legales para herencias<\/h4>\n<div><span lang=\"ES\">Ll\u00e1menos para sus traducciones juradas de documentos legales para herencias o sucesiones hereditarios en Espa\u00f1a, Francia, Reino Unido, etc; o contr\u00e1tenos en l\u00ednea:<\/span><\/div>\n<\/div>\n<div class=\"col-md-5 col-sm-4 col-xs-12 align-column-center col-lg-5\" style=\"padding: 1em;\">\n<p class=\"headShake\"><a class=\"btn-color-5 btn btn-capitalize btn-raised btn-regular\" href=\"https:\/\/pay.9h05.com\">Contratar<\/a><\/p>\n<\/div>\n<\/div>\n<\/div>\n<\/div>\n<div class=\"color4-background-color color-4-text-contrast bg-background-color tmpl-services-1 boldgrid-section dynamic-gridblock\">\n<div class=\"container-fluid\">\n<div class=\"row\">\n<div class=\"col-md-4 col-sm-6 col-xs-12 align-column-stretch col-lg-12\">\n<div class=\"bg-box-cover color1-background-color color-1-text-contrast bg-background-color bg-box\" style=\"padding: 65px 10%;\">\n<p class=\"h2\" style=\"text-align: center;\">Traducci\u00f3n jurada para herencias y sucesiones<\/p>\n<p style=\"font-weight: 400;\">La traducci\u00f3n de documentos de sucesi\u00f3n es un proceso importante en el \u00e1mbito legal y notarial, ya que permite que los documentos relacionados con una sucesi\u00f3n sean entendidos y reconocidos por las partes interesadas de diferentes pa\u00edses o regiones que hablen diferentes idiomas.<\/p>\n<p class=\"\" style=\"font-weight: 400;\">Estos documentos incluyen testamentos, certificados de defunci\u00f3n, certificados de herencia, poderes notariales, entre otros. La traducci\u00f3n precisa y exacta de estos documentos es esencial para asegurar que se comprendan correctamente todos los detalles y disposiciones que se hayan establecido.<\/p>\n<p class=\"\" style=\"font-weight: 400;\">Es importante destacar que las traducciones de documentos de sucesi\u00f3n deben ser realizadas por traductores profesionales y experimentados en el \u00e1mbito legal, ya que estas traducciones pueden tener implicaciones legales importantes. Adem\u00e1s, la traducci\u00f3n debe ser certificada y autenticada por un notario o un traductor oficial acreditado.<\/p>\n<p style=\"font-weight: 400;\">En resumen, la traducci\u00f3n de documentos de sucesi\u00f3n es un proceso crucial para garantizar que los documentos legales relacionados con una sucesi\u00f3n se comprendan y se puedan utilizar adecuadamente en diferentes pa\u00edses y regiones. La precisi\u00f3n y la exactitud son fundamentales en este proceso, por lo que se recomienda contar con servicios de traducci\u00f3n de alta calidad y profesionales especializados en el \u00e1mbito legal y notarial.<\/p>\n<p style=\"font-weight: 400;\">En Ecuador, las sucesiones y herencias se rigen por el C\u00f3digo Civil y otros marcos legales. El proceso de sucesi\u00f3n o herencia comienza despu\u00e9s de la muerte de una persona, cuando sus bienes y propiedades se transfieren a sus herederos.<\/p>\n<p style=\"font-weight: 400;\">En general, las herencias se dividen en dos categor\u00edas: leg\u00edtima y testamentaria. La herencia leg\u00edtima es aquella que se divide entre los herederos legales, que son c\u00f3nyuges, hijos y padres. La herencia testamentaria es aquella en la que el fallecido ha dejado un testamento, y en \u00e9l establece c\u00f3mo se distribuir\u00e1n sus bienes y propiedades.<\/p>\n<p class=\"\" style=\"font-weight: 400;\">Una vez que se han identificado los herederos, se procede a la liquidaci\u00f3n de la herencia, que implica la venta o transferencia de los bienes y propiedades del fallecido. Luego, los bienes y propiedades se dividen entre los herederos seg\u00fan la distribuci\u00f3n establecida en el testamento o seg\u00fan las leyes de la herencia leg\u00edtima.<\/p>\n<p style=\"font-weight: 400;\">Es importante destacar que en Ecuador existen requisitos espec\u00edficos para la validez de los testamentos, y estos deben ser redactados y firmados en presencia de un notario o juez. Adem\u00e1s, las herencias est\u00e1n sujetas a impuestos, y los herederos deben pagar los impuestos correspondientes sobre la propiedad recibida.<\/p>\n<\/div>\n<\/div>\n<\/div>\n<\/div>\n<\/div>\n<div class=\"boldgrid-section\">\n<div class=\"container\">\n<div class=\"row\">\n<div class=\"col-lg-12 col-md-12 col-xs-12 col-sm-12\">\n<p>&nbsp;<\/p>\n<\/div>\n<\/div>\n<\/div>\n<\/div>\n","protected":false},"excerpt":{"rendered":"<p>Traducci\u00f3n jurada de documentos legales para herencias de ingl\u00e9s, franc\u00e9s, espa\u00f1ol \u00bfHa heredado bienes ubicados en extranjero? Varios documentos son necesarios y deben contar con una traducci\u00f3n jurada, oficial o certificada para los tr\u00e1mites de herencia o sucesi\u00f3n hereditaria de bienes situados en el extranjero, entre ellos: testamentos, actas de notoriedad, actos de delaci\u00f3n de [&hellip;]<\/p>\n","protected":false},"author":9,"featured_media":0,"parent":23400,"menu_order":0,"comment_status":"closed","ping_status":"closed","template":"template\/page\/fullwidth.php","meta":{"site-sidebar-layout":"default","site-content-layout":"default","ast-site-content-layout":"default","site-content-style":"default","site-sidebar-style":"default","ast-global-header-display":"","ast-banner-title-visibility":"","ast-main-header-display":"","ast-hfb-above-header-display":"","ast-hfb-below-header-display":"","ast-hfb-mobile-header-display":"","site-post-title":"disabled","ast-breadcrumbs-content":"","ast-featured-img":"disabled","footer-sml-layout":"","theme-transparent-header-meta":"default","adv-header-id-meta":"","stick-header-meta":"default","header-above-stick-meta":"","header-main-stick-meta":"","header-below-stick-meta":"","astra-migrate-meta-layouts":"set","ast-page-background-enabled":"default","ast-page-background-meta":{"desktop":{"background-color":"var(--ast-global-color-4)","background-image":"","background-repeat":"repeat","background-position":"center center","background-size":"auto","background-attachment":"scroll","background-type":"","background-media":"","overlay-type":"","overlay-color":"","overlay-opacity":"","overlay-gradient":""},"tablet":{"background-color":"","background-image":"","background-repeat":"repeat","background-position":"center center","background-size":"auto","background-attachment":"scroll","background-type":"","background-media":"","overlay-type":"","overlay-color":"","overlay-opacity":"","overlay-gradient":""},"mobile":{"background-color":"","background-image":"","background-repeat":"repeat","background-position":"center center","background-size":"auto","background-attachment":"scroll","background-type":"","background-media":"","overlay-type":"","overlay-color":"","overlay-opacity":"","overlay-gradient":""}},"ast-content-background-meta":{"desktop":{"background-color":"var(--ast-global-color-5)","background-image":"","background-repeat":"repeat","background-position":"center center","background-size":"auto","background-attachment":"scroll","background-type":"","background-media":"","overlay-type":"","overlay-color":"","overlay-opacity":"","overlay-gradient":""},"tablet":{"background-color":"var(--ast-global-color-5)","background-image":"","background-repeat":"repeat","background-position":"center center","background-size":"auto","background-attachment":"scroll","background-type":"","background-media":"","overlay-type":"","overlay-color":"","overlay-opacity":"","overlay-gradient":""},"mobile":{"background-color":"var(--ast-global-color-5)","background-image":"","background-repeat":"repeat","background-position":"center center","background-size":"auto","background-attachment":"scroll","background-type":"","background-media":"","overlay-type":"","overlay-color":"","overlay-opacity":"","overlay-gradient":""}},"footnotes":""},"yst_prominent_words":[],"class_list":["post-25796","page","type-page","status-publish","hentry"],"_links":{"self":[{"href":"https:\/\/www.9h05.com\/es\/wp-json\/wp\/v2\/pages\/25796","targetHints":{"allow":["GET"]}}],"collection":[{"href":"https:\/\/www.9h05.com\/es\/wp-json\/wp\/v2\/pages"}],"about":[{"href":"https:\/\/www.9h05.com\/es\/wp-json\/wp\/v2\/types\/page"}],"author":[{"embeddable":true,"href":"https:\/\/www.9h05.com\/es\/wp-json\/wp\/v2\/users\/9"}],"replies":[{"embeddable":true,"href":"https:\/\/www.9h05.com\/es\/wp-json\/wp\/v2\/comments?post=25796"}],"version-history":[{"count":2,"href":"https:\/\/www.9h05.com\/es\/wp-json\/wp\/v2\/pages\/25796\/revisions"}],"predecessor-version":[{"id":28761,"href":"https:\/\/www.9h05.com\/es\/wp-json\/wp\/v2\/pages\/25796\/revisions\/28761"}],"up":[{"embeddable":true,"href":"https:\/\/www.9h05.com\/es\/wp-json\/wp\/v2\/pages\/23400"}],"wp:attachment":[{"href":"https:\/\/www.9h05.com\/es\/wp-json\/wp\/v2\/media?parent=25796"}],"wp:term":[{"taxonomy":"yst_prominent_words","embeddable":true,"href":"https:\/\/www.9h05.com\/es\/wp-json\/wp\/v2\/yst_prominent_words?post=25796"}],"curies":[{"name":"wp","href":"https:\/\/api.w.org\/{rel}","templated":true}]}}