{"id":25580,"date":"2023-04-24T13:40:17","date_gmt":"2023-04-24T13:40:17","guid":{"rendered":"https:\/\/www.9h05.com\/?page_id=25580"},"modified":"2025-08-07T11:49:26","modified_gmt":"2025-08-07T11:49:26","slug":"traducciones-certificadas-ingles-espanol-toronto-canada-visas-ircc-migracion","status":"publish","type":"page","link":"https:\/\/www.9h05.com\/es\/canada\/toronto\/traducciones-certificadas-ingles-espanol-toronto-canada-visas-ircc-migracion\/","title":{"rendered":"Traducciones certificadas ingl\u00e9s \/ espa\u00f1ol en Toronto (Canad\u00e1) para visas en IRCC Migraci\u00f3n"},"content":{"rendered":"<div class=\"color4-background-color bg-background-color tmpl-call_to_action-5 boldgrid-section dynamic-gridblock background-scroll\" style=\"color: #1d1d1d; border-width: 0px; background-image: linear-gradient(to left, rgba(238, 238, 238, 0.8), rgba(238, 238, 238, 0.8)), url('https:\/\/www.9h05.com\/wp-content\/uploads\/2023\/04\/9h05-canada-traducciones-visas.jpg'); background-size: cover; background-position: 50% 50%;\" data-bg-overlaycolor=\"rgba(238, 238, 238, 0.8)\" data-image-url=\"https:\/\/www.9h05.com\/wp-content\/uploads\/2023\/04\/9h05-canada-traducciones-visas.jpg\">\n<div class=\"container\">\n<div class=\"row\" style=\"padding-top: 50px; padding-bottom: 50px;\">\n<div class=\"col-md-8 col-sm-8 col-xs-12 col-lg-8\">\n<div class=\"bg-box\">\n<h1 class=\"color5-color\" style=\"font-size: 46px; border-width: 0px;\">Traducciones certificadas espa\u00f1ol \/ ingl\u00e9s en Toronto (Canad\u00e1) para visas y migraci\u00f3n (IRCC)<\/h1>\n<div class=\"row bg-editor-hr-wrap\">\n<div class=\"col-lg-12 col-md-12 col-xs-12 col-sm-12\">\n<hr class=\"bg-hr\" style=\"border: 2px solid; margin-left: 0px;\" width=\"100%\">\n<\/div>\n<\/div>\n<div><span class=\"\" lang=\"ES\"><img data-recalc-dims=\"1\" decoding=\"async\" class=\"alignnone wp-image-22325\" src=\"https:\/\/i0.wp.com\/www.9h05.com\/wp-content\/uploads\/2023\/01\/stars-ratings-translations.png?resize=130%2C65&#038;ssl=1\" alt=\"\" width=\"130\" height=\"65\" srcset=\"https:\/\/i0.wp.com\/www.9h05.com\/wp-content\/uploads\/2023\/01\/stars-ratings-translations.png?resize=300%2C150&amp;ssl=1 300w, https:\/\/i0.wp.com\/www.9h05.com\/wp-content\/uploads\/2023\/01\/stars-ratings-translations.png?w=680&amp;ssl=1 680w\" sizes=\"(max-width: 130px) 100vw, 130px\" \/><\/span><\/div>\n<div><span class=\"\" lang=\"ES\">9h05 Canada ofrece servicios de traducci\u00f3n certificada en la ciudad de Toronto y en todo Canad\u00e1 en ingl\u00e9s y espa\u00f1ol para los <strong>tr\u00e1mites de migraci\u00f3n<\/strong> en el <a href=\"https:\/\/www.9h05.com\/es\/glosario\/ircc\/\"><strong>IRCC<\/strong><\/a> (Inmigraci\u00f3n Refugio Ciudadan\u00eda Canad\u00e1):<\/span><\/div>\n<ul class=\"\">\n<li>Traducciones certificadas de espa\u00f1ol a ingl\u00e9s<\/li>\n<li>Traducciones certificadas de ingl\u00e9s a espa\u00f1ol<\/li>\n<li>Traducciones certificadas de hindi a ingl\u00e9s&nbsp;<\/li>\n<\/ul>\n<p class=\"\">Todas nuestras <strong>traducciones son certificadas y aceptadas<\/strong> por el servicio <a href=\"https:\/\/www.9h05.com\/es\/glosario\/ircc\/\">IRCC<\/a> (Inmigraci\u00f3n Refugio Ciudadan\u00eda Canad\u00e1):<\/p>\n<ul class=\"\">\n<li class=\"\">Solicitud de visa<\/li>\n<li>Tr\u00e1mites de migraci\u00f3n<\/li>\n<li>Solicitud de nacionalidad y ciudadan\u00eda<\/li>\n<li>Solicitudes de extensi\u00f3n de visa<\/li>\n<li>Solicitud de condici\u00f3n de refugiado&nbsp;<\/li>\n<\/ul>\n<div><\/div>\n<p class=\"\"><a class=\"btn-color-5 btn btn-uppercase btn-rounded btn-jumbo\" href=\"https:\/\/api.whatsapp.com\/send\/?phone=16477828362&amp;text&amp;type=phone_number&amp;app_absent=0\"> <img data-recalc-dims=\"1\" decoding=\"async\" class=\"alignnone wp-image-17247 size-full\" src=\"https:\/\/i0.wp.com\/www.9h05.com\/wp-content\/uploads\/2022\/11\/ico-contact-whatsapp-9h05.png?resize=40%2C40&#038;ssl=1\" alt=\"\" width=\"40\" height=\"40\"> Whatsapp<\/a><\/p>\n<\/div>\n<\/div>\n<div class=\"col-md-4 col-sm-4 col-xs-12 col-lg-4\"><\/div>\n<\/div>\n<\/div>\n<\/div>\n<div class=\"tmpl-services-5 boldgrid-section dynamic-gridblock\">\n<div class=\"container\">\n<div class=\"row\">\n<div class=\"col-md-3 col-sm-6 col-xs-12 align-column-stretch col-lg-3\">\n<div class=\"bg-box-cover color2-background-color color-2-text-contrast bg-background-color bg-box\" style=\"padding: 50px 20px;\">\n<p class=\"\" style=\"text-align: center;\"><i class=\"color4-color fa fa-legal\" style=\"font-size: 45px; border-width: 0px;\" aria-hidden=\"true\"><span style=\"display: none;\">&nbsp;<\/span><\/i><\/p>\n<p class=\"h4\" style=\"text-align: center; text-transform: uppercase;\">SERVICIO DE TRADUCCI\u00d3N R\u00c1PIDO<\/p>\n<p class=\"\" style=\"text-align: center;\"><i class=\"fa fa-window-minimize color4-color\" aria-hidden=\"true\"><span style=\"display: none;\">&nbsp;<\/span><\/i><\/p>\n<p class=\"\" style=\"text-align: center; margin: 30px 0;\">Contrate los servicios de traducci\u00f3n certificada de espa\u00f1ol a ingl\u00e9s de 9h05 Canad\u00e1. Recibir\u00e1 sus traducciones en tiempos muy cortos y en formato papel impreso y PDF certificado.<\/p>\n<p class=\"\" style=\"text-align: center; border-width: 0px; font-size: 20px;\"><strong>Traducciones&nbsp;entregadas en 2-3 d\u00edas h\u00e1biles<\/strong><sup><span lang=\"ES\">1<\/span><\/sup><\/p>\n<\/div>\n<\/div>\n<div class=\"col-md-3 col-sm-6 col-xs-12 align-column-stretch col-lg-3\">\n<div class=\"bg-box-cover color4-background-color color-4-text-contrast bg-background-color bg-box\" style=\"padding: 50px 20px;\">\n<p class=\"\" style=\"text-align: center;\"><i class=\"color1-color fa fa-certificate\" style=\"font-size: 45px; border-width: 0px;\" aria-hidden=\"true\"><span style=\"display: none;\">&nbsp;<\/span><\/i><\/p>\n<p class=\"h4\" style=\"text-align: center; text-transform: uppercase;\">SERVICIO DE TRADUCCI\u00d3N DE CALIDAD<\/p>\n<p class=\"\" style=\"text-align: center;\"><i class=\"fa fa-window-minimize color1-color\" aria-hidden=\"true\"><span style=\"display: none;\">&nbsp;<\/span><\/i><\/p>\n<p class=\"\" style=\"text-align: center; margin: 30px 0;\">Gracias a nuestro proceso de traducci\u00f3n y a los pasos de control y aseguramiento de la calidad, ofrecemos servicios de traducci\u00f3n certificada de espa\u00f1ol a ingl\u00e9s para migraci\u00f3n y visas en Canad\u00e1 de \u00f3ptima calidad.<\/p>\n<p class=\"\" style=\"text-align: center; border-width: 0px; font-size: 20px;\"><strong>Calidad intachable de nuestras traducciones<\/strong><\/p>\n<p class=\"\" style=\"text-align: center;\"><a class=\"btn-color-1 btn btn-capitalize btn-pill btn-regular\" href=\"https:\/\/api.whatsapp.com\/send\/?phone=16477828362&amp;text&amp;type=phone_number&amp;app_absent=0\"> <img data-recalc-dims=\"1\" decoding=\"async\" class=\"alignnone size-full wp-image-17256\" src=\"https:\/\/i0.wp.com\/www.9h05.com\/wp-content\/uploads\/2022\/11\/mini-ico-contact-whatsapp-9h05.png?resize=18%2C18&#038;ssl=1\" alt=\"\" width=\"18\" height=\"18\">&nbsp;&nbsp;WhatsApp<\/a><\/p>\n<\/div>\n<\/div>\n<div class=\"col-md-3 col-sm-6 col-xs-12 align-column-stretch col-lg-3\">\n<div class=\"bg-box-cover color3-background-color color-3-text-contrast bg-background-color bg-box\" style=\"padding: 50px 20px;\">\n<p class=\"\" style=\"text-align: center;\"><i class=\"color2-color fa fa-check-circle-o\" style=\"font-size: 45px; border-width: 0px;\" aria-hidden=\"true\"><span style=\"display: none;\">&nbsp;<\/span><\/i><\/p>\n<p class=\"h4\" style=\"text-align: center; text-transform: uppercase;\">SERVICIO DE TRADUCCI\u00d3N CERTIFICADA<\/p>\n<p class=\"\" style=\"text-align: center;\"><i class=\"fa fa-window-minimize color2-color\" aria-hidden=\"true\"><span style=\"display: none;\">&nbsp;<\/span><\/i><\/p>\n<p class=\"\" style=\"text-align: center; margin: 30px 0px; border-width: 0px;\">Nuestros servicios de traducci\u00f3n certificada de espa\u00f1ol a ingl\u00e9s para el <a href=\"https:\/\/www.9h05.com\/es\/glosario\/ircc\/\">IRCC<\/a> de Canad\u00e1 son plenamente reconocidos por las autoridades migratorias de Canad\u00e1 para sus tr\u00e1mites de solicitud de visa, solicitud de calidad de refugiado, solicitud de ciudadan\u00eda.<\/p>\n<p class=\"\" style=\"text-align: center; border-width: 0px; font-size: 20px;\"><strong>Traducciones 100% reconocidas<\/strong><\/p>\n<\/div>\n<\/div>\n<div class=\"col-md-3 col-sm-6 col-xs-12 align-column-stretch col-lg-3\">\n<div class=\"bg-box-cover color1-background-color color-1-text-contrast bg-background-color bg-box\" style=\"padding: 50px 20px;\">\n<p class=\"\" style=\"text-align: center;\"><i class=\"color4-color fa fa-handshake-o\" style=\"font-size: 45px; border-width: 0px;\" aria-hidden=\"true\"><span style=\"display: none;\">&nbsp;<\/span><\/i><\/p>\n<p class=\"h4\" style=\"text-align: center; text-transform: uppercase;\">SERVICIO DE TRADUCCI\u00d3N C\u00d3MODO Y ASEQUIBLE<\/p>\n<p class=\"\" style=\"text-align: center;\"><i class=\"fa fa-window-minimize color4-color\" aria-hidden=\"true\"><span style=\"display: none;\">&nbsp;<\/span><\/i><\/p>\n<p class=\"\" style=\"text-align: center; margin: 30px 0px; border-width: 0px; font-size: 16px;\">Hemos dise\u00f1ado nuestra gama de servicios de traducci\u00f3n certificada de espa\u00f1ol a ingl\u00e9s para darle la mejor calidad en traducciones al mejor precio, todo ello con el sello de confianza de 9h05 Canada y el profesionalismo de nuestros traductores de espa\u00f1ol e ingl\u00e9s.<\/p>\n<p class=\"\" style=\"text-align: center; border-width: 0px; font-size: 20px;\"><strong>$39 por p\u00e1gina<\/strong><sup><span lang=\"ES\">2<\/span><\/sup><strong>+ $49 para legalizaci\u00f3n notarial<\/strong><\/p>\n<\/div>\n<\/div>\n<\/div>\n<\/div>\n<\/div>\n<div class=\"tmpl-call_to_action-4 boldgrid-section dynamic-gridblock background-parallax\" style=\"border-width: 0px; background-image: url('https:\/\/www.9h05.com\/wp-content\/uploads\/2023\/04\/9h05-canada-traducciones-ircc.jpg'); background-size: cover; background-position: 50% 50%;\" data-image-url=\"https:\/\/www.9h05.com\/wp-content\/uploads\/2023\/04\/9h05-canada-traducciones-ircc.jpg\">\n<div class=\"container\">\n<div class=\"row\">\n<div class=\"col-md-8 col-sm-6 col-xs-2 col-lg-8\"><\/div>\n<div class=\"col-md-4 col-sm-6 col-xs-10 col-lg-4\">\n<div class=\"bg-box-cover bg-background-color bg-box\" style=\"padding: 85px 10%; background-color: rgba(238, 238, 238, 0.8); color: #1d1d1d;\">\n<h2 class=\"h1\" style=\"margin: 30px 0;\">Traductores certificados en Canad\u00e1<\/h2>\n<div class=\"row bg-editor-hr-wrap\">\n<div class=\"col-lg-12 col-md-12 col-xs-12 col-sm-12\">\n<hr class=\"color2-color bg-hr\" style=\"border: 2px solid; margin-left: 0px;\" width=\"50%\">\n<\/div>\n<\/div>\n<p class=\"\" style=\"margin: 30px 0;\">En 9h05 Canada, somos traductores certificados de espa\u00f1ol, hindi e ingl\u00e9s. Podemos prestarle nuestros servicios de traducci\u00f3n certificada en cualquiera de estos idiomas para todos los tr\u00e1mites de migraci\u00f3n en Canad\u00e1.<\/p>\n<p class=\"\"><a class=\"btn-color-2 btn btn-uppercase btn-rounded btn-raised btn-regular\" href=\"https:\/\/api.whatsapp.com\/send\/?phone=16477828362&amp;text&amp;type=phone_number&amp;app_absent=0\"> <img data-recalc-dims=\"1\" decoding=\"async\" class=\"alignnone size-full wp-image-17256\" src=\"https:\/\/i0.wp.com\/www.9h05.com\/wp-content\/uploads\/2022\/11\/mini-ico-contact-whatsapp-9h05.png?resize=18%2C18&#038;ssl=1\" alt=\"\" width=\"18\" height=\"18\">&nbsp;whatsapp<\/a><\/p>\n<\/div>\n<\/div>\n<\/div>\n<\/div>\n<\/div>\n<div class=\"color2-background-color bg-background-color tmpl-call_to_action-2 boldgrid-section dynamic-gridblock background-fixed\" style=\"color: #ffffff; border-width: 0px; background-image: linear-gradient(to left, rgba(13, 71, 161, 0.8), rgba(13, 71, 161, 0.8)), url('https:\/\/www.9h05.com\/wp-content\/uploads\/2023\/04\/9h05-canada-traducciones-migracion.jpg'); background-size: cover; background-position: 50% 50%;\" data-bg-overlaycolor=\"rgba(13, 71, 161, 0.8)\" data-image-url=\"https:\/\/www.9h05.com\/wp-content\/uploads\/2023\/04\/9h05-canada-traducciones-migracion.jpg\">\n<div class=\"container\">\n<div class=\"row\" style=\"padding-top: 110px; padding-bottom: 110px;\">\n<div class=\"col-md-8 col-sm-8 col-xs-12 col-lg-8\">\n<h2 class=\"h1 color1-color\" style=\"margin: 30px 0;\">Experiencia. Experticia. Excelencia.<\/h2>\n<div class=\"row bg-editor-hr-wrap\">\n<div class=\"col-lg-12 col-md-12 col-xs-12 col-sm-12\">\n<hr class=\"color1-color bg-hr\" style=\"border: 2px solid; margin-left: 0px;\" width=\"50%\">\n<\/div>\n<\/div>\n<p class=\"\" style=\"margin: 30px 0; font-size: 19px;\"><img data-recalc-dims=\"1\" decoding=\"async\" class=\"alignnone wp-image-22325\" src=\"https:\/\/i0.wp.com\/www.9h05.com\/wp-content\/uploads\/2023\/01\/stars-ratings-translations.png?resize=132%2C66&#038;ssl=1\" alt=\"\" width=\"132\" height=\"66\" srcset=\"https:\/\/i0.wp.com\/www.9h05.com\/wp-content\/uploads\/2023\/01\/stars-ratings-translations.png?resize=300%2C150&amp;ssl=1 300w, https:\/\/i0.wp.com\/www.9h05.com\/wp-content\/uploads\/2023\/01\/stars-ratings-translations.png?w=680&amp;ssl=1 680w\" sizes=\"(max-width: 132px) 100vw, 132px\" \/><\/p>\n<p class=\"\" style=\"margin: 30px 0; font-size: 19px;\">Constituida en 2009, 9h05 International es una empresa de traducci\u00f3n con amplia experiencia en materia de traducci\u00f3n certificada, respaldada por t\u00edtulos universitarios de alto nivel y miles de clientes satisfechos alrededor del mundo por nuestros servicios de traducci\u00f3n de excelencia.<\/p>\n<\/div>\n<div class=\"col-md-4 col-sm-4 col-xs-12 align-column-center col-lg-4\">\n<p class=\"\" style=\"text-align: center;\"><a class=\"btn-color-1 btn btn-capitalize btn-pill btn-regular\" href=\"mailto:toronto@9h05.com\">Contr\u00e1tenos<\/a><\/p>\n<p class=\"\" style=\"text-align: center; margin: 20px auto;\">Contr\u00e1tenos para sus traducciones certificadas de espa\u00f1ol a ingl\u00e9s en Canad\u00e1<\/p>\n<\/div>\n<\/div>\n<\/div>\n<\/div>\n<div class=\"color4-background-color color-4-text-contrast bg-background-color tmpl-services-1 boldgrid-section dynamic-gridblock\">\n<div class=\"container\">\n<div class=\"row\">\n<div class=\"col-md-4 col-sm-6 col-xs-12 align-column-stretch col-lg-4\">\n<div class=\"bg-box-cover color5-background-color color-5-text-contrast bg-background-color bg-box\" style=\"padding: 65px 10%;\">\n<p class=\"h2\" style=\"text-align: center;\">Solicitud de visa<\/p>\n<p class=\"\" style=\"text-align: center; margin: 30px 0;\">Contrate nuestros servicios de traducci\u00f3n certificada en Toronto y todo Canad\u00e1 para sus tr\u00e1mites de solicitud de visa (turismo, trabajo, inmigrante o estudios). Entre los documentos que traducimos y certificamos est\u00e1n:&nbsp;<\/p>\n<ul class=\"\">\n<li>Certificados bancarios<\/li>\n<li>Documentos universitarios<\/li>\n<li>Documentos de estado civil (acta de nacimiento, acta de matrimonio, acta de divorcio, certificado uni\u00f3n de hecho)<\/li>\n<li>Documentos notariales<\/li>\n<li>Etc.<\/li>\n<\/ul>\n<p class=\"\">&nbsp;<\/p>\n<p class=\"\" style=\"text-align: center;\"><a class=\"btn-color-4 btn btn-rounded btn-raised\" href=\"https:\/\/api.whatsapp.com\/send\/?phone=16477828362&amp;text&amp;type=phone_number&amp;app_absent=0\"> <img data-recalc-dims=\"1\" decoding=\"async\" class=\"alignnone size-full wp-image-17256\" src=\"https:\/\/i0.wp.com\/www.9h05.com\/wp-content\/uploads\/2022\/11\/mini-ico-contact-whatsapp-9h05.png?resize=18%2C18&#038;ssl=1\" alt=\"\" width=\"18\" height=\"18\">&nbsp;&nbsp;WhatsApp<\/a><\/p>\n<p>&nbsp;<\/p>\n<\/div>\n<\/div>\n<div class=\"col-md-4 col-sm-6 col-xs-12 align-column-stretch col-lg-4\">\n<div class=\"bg-box-cover color-neutral-background-color color-neutral-text-contrast bg-background-color bg-box\" style=\"padding: 65px 10%;\">\n<p class=\"h2\" style=\"text-align: center;\">Solicitud de refugio<\/p>\n<p class=\"\" style=\"text-align: center; margin: 30px 0;\">Tenemos experticia en la traducci\u00f3n de documentos para presentar una solicitud de condici\u00f3n de refugiado en Canad\u00e1. Con nuestra empresa de traducci\u00f3n en Toronto, acceda a la traducci\u00f3n certificada y acreditada de sus documentos para demostrar que cumple con las exigencias de Canad\u00e1 en materia de estatuto de refugiado.<\/p>\n<p class=\"\" style=\"text-align: center;\"><a class=\"btn-color-5 btn btn-capitalize btn-rounded btn-regular\" href=\"mailto:toronto@9h05.com\">Contratar<\/a><\/p>\n<\/div>\n<\/div>\n<div class=\"col-md-4 col-sm-12 col-xs-12 align-column-stretch col-lg-4\">\n<div class=\"bg-box-cover color5-background-color color-5-text-contrast bg-background-color bg-box\" style=\"padding: 65px 10%;\">\n<p class=\"h2\" style=\"text-align: center;\">Solicitud de nacionalidad<\/p>\n<p class=\"\" style=\"text-align: center; margin: 30px 0;\">Para solicitar la nacionalidad canadiense, deber\u00e1 presentar numerosos documentos que acreditan que satisface con los requerimientos del IRCC para la obtenci\u00f3n de la ciudadan\u00eda canadiense y el pasaporte de Canad\u00e1. Estos documentos deber\u00e1n traducirse al ingl\u00e9s o al franc\u00e9s.&nbsp;<\/p>\n<p class=\"\" style=\"text-align: center;\">Estamos para ayudarle con las traducciones certificadas de sus documentos.<\/p>\n<p class=\"\">&nbsp;<\/p>\n<p class=\"\" style=\"text-align: center;\"><a class=\"btn-color-4 btn btn-rounded btn-raised\" href=\"https:\/\/api.whatsapp.com\/send\/?phone=16477828362&amp;text&amp;type=phone_number&amp;app_absent=0\"> <img data-recalc-dims=\"1\" decoding=\"async\" class=\"alignnone size-full wp-image-17256\" src=\"https:\/\/i0.wp.com\/www.9h05.com\/wp-content\/uploads\/2022\/11\/mini-ico-contact-whatsapp-9h05.png?resize=18%2C18&#038;ssl=1\" alt=\"\" width=\"18\" height=\"18\">&nbsp;&nbsp;WhatsApp<\/a><\/p>\n<\/div>\n<\/div>\n<\/div>\n<\/div>\n<\/div>\n<div class=\"color2-background-color color-2-text-contrast bg-background-color tmpl-contact-2 boldgrid-section dynamic-gridblock\">\n<div class=\"container-fluid\">\n<div class=\"row\" style=\"padding-top: 75px;\">\n<div class=\"col-md-3 col-xs-12 col-sm-2 col-lg-3\"><\/div>\n<div class=\"col-md-6 col-xs-12 col-sm-8 text-center col-lg-6\">\n<h2 class=\"\">Cont\u00e1ctese con 9h05 Canada para sus traducciones certificadas de espa\u00f1ol a ingl\u00e9s<\/h2>\n<p>&nbsp;<\/p>\n<p class=\"\">Somos traductores certificados y reconocidos por el <a href=\"https:\/\/www.9h05.com\/es\/glosario\/ircc\/\">IRCC<\/a> para todos sus tr\u00e1mites de migraci\u00f3n (visa, refugio, ciudadan\u00eda).<\/p>\n<p class=\"\">&nbsp;<\/p>\n<p class=\"\"><strong>Escr\u00edbanos:<\/strong><\/p>\n<p class=\"\"><a href=\"mailto:toronto@9h05.com\">toronto@9h05.com<\/a><\/p>\n<p class=\"\">&nbsp;<\/p>\n<p class=\"\"><strong>Ll\u00e1menos:<\/strong><\/p>\n<p><a href=\"https:\/\/api.whatsapp.com\/send\/?phone=16477828362&amp;text&amp;type=phone_number&amp;app_absent=0\"><img data-recalc-dims=\"1\" decoding=\"async\" class=\"alignnone size-full wp-image-17244\" src=\"https:\/\/i0.wp.com\/www.9h05.com\/wp-content\/uploads\/2022\/11\/ico-contact-whatsapp-9h05.png?resize=40%2C40&#038;ssl=1\" alt=\"\" width=\"40\" height=\"40\"><\/a><\/p>\n<p class=\"\">+1 (647) 782-8362<\/p>\n<p class=\"\">&nbsp;<\/p>\n<p class=\"\"><strong>9h05 Canad\u00e1<\/strong><\/p>\n<p class=\"\">5109 Falconcrest Dr<br \/>\nBurlington, ON L7L 6K3<\/p>\n<\/div>\n<div class=\"col-md-3 col-xs-12 col-sm-2 col-lg-3\"><\/div>\n<\/div>\n<div class=\"row\" style=\"padding-top: 20px; padding-bottom: 35px;\">\n<div class=\"col-md-4 col-sm-3 col-xs-12 col-lg-4\"><\/div>\n<div class=\"col-md-2 col-sm-3 col-xs-6 col-lg-2\">\n<p class=\"\" style=\"text-align: center;\">&nbsp;<\/p>\n<\/div>\n<div class=\"col-md-2 col-sm-3 col-xs-6 col-lg-2\">\n<p class=\"\" style=\"text-align: center;\">&nbsp;<\/p>\n<\/div>\n<div class=\"col-md-4 col-sm-3 col-xs-12 col-lg-4\"><\/div>\n<\/div>\n<div class=\"row\">\n<div class=\"col-md-12 col-xs-12 col-sm-12 wow pulse col-lg-12\" data-wow-duration=\"1s\" data-wow-delay=\"2s\">\n<div class=\"bg-box-cover bg-box-flush bg-box\">\n<p class=\"boldgrid-google-maps\" style=\"margin: 0;\"><iframe style=\"width: 100%;\" src=\"https:\/\/www.google.com\/maps\/embed?pb=!1m14!1m8!1m3!1d11549.578226817015!2d-79.443697!3d43.6399588!3m2!1i1024!2i768!4f13.1!3m3!1m2!1s0x882b3571860151bb%3A0x4e5c78d44d06174f!2s9h05%20Canada!5e0!3m2!1ses!2sfr!4v1682343359210!5m2!1ses!2sfr\" width=\"2000\" height=\"300\" frameborder=\"0\">&amp;amp;amp;amp;amp;amp;amp;amp;lt;span data-mce-type=\u00bbbookmark\u00bb style=\u00bbdisplay: inline-block; width: 0px; overflow: hidden; line-height: 0;\u00bb class=\u00bbmce_SELRES_start\u00bb&amp;amp;amp;amp;amp;amp;amp;amp;gt;\ufeff&amp;amp;amp;amp;amp;amp;amp;amp;lt;\/span&amp;amp;amp;amp;amp;amp;amp;amp;gt;<\/iframe><\/p>\n<\/div>\n<\/div>\n<\/div>\n<\/div>\n<\/div>\n<div class=\"boldgrid-section\">\n<div class=\"container\">\n<div class=\"row\">\n<div class=\"col-lg-12 col-md-12 col-xs-12 col-sm-12\">\n<p class=\"\"><sup><span lang=\"ES\">1&nbsp;<\/span><\/sup>Plazo de entrega de dos a tres d\u00edas h\u00e1biles para documentos que no superen cinco carillas. Para proyectos de traducci\u00f3n que superen las cinco carillas, divida el n\u00famero total de carillas entre cinco y multiplique el resultado para conocer el plazo de entrega indicativo. Este plazo est\u00e1 sujeto a la capacidad operativa de 9h05 Canad\u00e1 y no constituye un compromiso legal. En todos los supuestos, 9h05 Canad\u00e1 se esforzar\u00e1 por cumplir con el plazo de entrega previsto.<br \/>\n<sup><span lang=\"ES\">2&nbsp;<\/span><\/sup>Una p\u00e1gina (es decir una carilla) equivale a un m\u00e1ximo de doscientas cincuenta palabras. Para carillas que superen ese valor, se aplicar\u00e1 un ajuste en la tarifa para reflejar el volumen de texto exacto y aplicar una tarifa justa para todas las partes involucradas en el proceso de traducci\u00f3n. Los precios est\u00e1n sujetos a cambio sin previo aviso y sin obligaci\u00f3n de notificaci\u00f3n previa.<\/p>\n<\/div>\n<\/div>\n<\/div>\n<\/div>\n","protected":false},"excerpt":{"rendered":"<p>Traducciones certificadas espa\u00f1ol \/ ingl\u00e9s en Toronto (Canad\u00e1) para visas y migraci\u00f3n (IRCC) 9h05 Canada ofrece servicios de traducci\u00f3n certificada en la ciudad de Toronto y en todo Canad\u00e1 en ingl\u00e9s y espa\u00f1ol para los tr\u00e1mites de migraci\u00f3n en el IRCC (Inmigraci\u00f3n Refugio Ciudadan\u00eda Canad\u00e1): Traducciones certificadas de espa\u00f1ol a ingl\u00e9s Traducciones certificadas de ingl\u00e9s [&hellip;]<\/p>\n","protected":false},"author":9,"featured_media":0,"parent":8857,"menu_order":0,"comment_status":"closed","ping_status":"closed","template":"template\/page\/fullwidth.php","meta":{"site-sidebar-layout":"default","site-content-layout":"default","ast-site-content-layout":"default","site-content-style":"default","site-sidebar-style":"default","ast-global-header-display":"","ast-banner-title-visibility":"","ast-main-header-display":"","ast-hfb-above-header-display":"","ast-hfb-below-header-display":"","ast-hfb-mobile-header-display":"","site-post-title":"disabled","ast-breadcrumbs-content":"","ast-featured-img":"disabled","footer-sml-layout":"","theme-transparent-header-meta":"default","adv-header-id-meta":"","stick-header-meta":"default","header-above-stick-meta":"","header-main-stick-meta":"","header-below-stick-meta":"","astra-migrate-meta-layouts":"set","ast-page-background-enabled":"default","ast-page-background-meta":{"desktop":{"background-color":"var(--ast-global-color-4)","background-image":"","background-repeat":"repeat","background-position":"center center","background-size":"auto","background-attachment":"scroll","background-type":"","background-media":"","overlay-type":"","overlay-color":"","overlay-opacity":"","overlay-gradient":""},"tablet":{"background-color":"","background-image":"","background-repeat":"repeat","background-position":"center center","background-size":"auto","background-attachment":"scroll","background-type":"","background-media":"","overlay-type":"","overlay-color":"","overlay-opacity":"","overlay-gradient":""},"mobile":{"background-color":"","background-image":"","background-repeat":"repeat","background-position":"center center","background-size":"auto","background-attachment":"scroll","background-type":"","background-media":"","overlay-type":"","overlay-color":"","overlay-opacity":"","overlay-gradient":""}},"ast-content-background-meta":{"desktop":{"background-color":"var(--ast-global-color-5)","background-image":"","background-repeat":"repeat","background-position":"center center","background-size":"auto","background-attachment":"scroll","background-type":"","background-media":"","overlay-type":"","overlay-color":"","overlay-opacity":"","overlay-gradient":""},"tablet":{"background-color":"var(--ast-global-color-5)","background-image":"","background-repeat":"repeat","background-position":"center center","background-size":"auto","background-attachment":"scroll","background-type":"","background-media":"","overlay-type":"","overlay-color":"","overlay-opacity":"","overlay-gradient":""},"mobile":{"background-color":"var(--ast-global-color-5)","background-image":"","background-repeat":"repeat","background-position":"center center","background-size":"auto","background-attachment":"scroll","background-type":"","background-media":"","overlay-type":"","overlay-color":"","overlay-opacity":"","overlay-gradient":""}},"footnotes":""},"yst_prominent_words":[],"class_list":["post-25580","page","type-page","status-publish","hentry"],"_links":{"self":[{"href":"https:\/\/www.9h05.com\/es\/wp-json\/wp\/v2\/pages\/25580","targetHints":{"allow":["GET"]}}],"collection":[{"href":"https:\/\/www.9h05.com\/es\/wp-json\/wp\/v2\/pages"}],"about":[{"href":"https:\/\/www.9h05.com\/es\/wp-json\/wp\/v2\/types\/page"}],"author":[{"embeddable":true,"href":"https:\/\/www.9h05.com\/es\/wp-json\/wp\/v2\/users\/9"}],"replies":[{"embeddable":true,"href":"https:\/\/www.9h05.com\/es\/wp-json\/wp\/v2\/comments?post=25580"}],"version-history":[{"count":6,"href":"https:\/\/www.9h05.com\/es\/wp-json\/wp\/v2\/pages\/25580\/revisions"}],"predecessor-version":[{"id":29443,"href":"https:\/\/www.9h05.com\/es\/wp-json\/wp\/v2\/pages\/25580\/revisions\/29443"}],"up":[{"embeddable":true,"href":"https:\/\/www.9h05.com\/es\/wp-json\/wp\/v2\/pages\/8857"}],"wp:attachment":[{"href":"https:\/\/www.9h05.com\/es\/wp-json\/wp\/v2\/media?parent=25580"}],"wp:term":[{"taxonomy":"yst_prominent_words","embeddable":true,"href":"https:\/\/www.9h05.com\/es\/wp-json\/wp\/v2\/yst_prominent_words?post=25580"}],"curies":[{"name":"wp","href":"https:\/\/api.w.org\/{rel}","templated":true}]}}