{"id":25260,"date":"2023-04-04T12:45:56","date_gmt":"2023-04-04T12:45:56","guid":{"rendered":"https:\/\/www.9h05.com\/?page_id=25260"},"modified":"2023-04-04T12:49:15","modified_gmt":"2023-04-04T12:49:15","slug":"ingles-espanol-frances-perigord-dordona","status":"publish","type":"page","link":"https:\/\/www.9h05.com\/es\/traducciones\/certificadas\/ingles-espanol-frances-perigord-dordona\/","title":{"rendered":"Traductor jurado ingl\u00e9s\/espa\u00f1ol\/franc\u00e9s en P\u00e9rigord\/Dordo\u00f1a"},"content":{"rendered":"<div class=\"color5-background-color bg-background-color tmpl-call_to_action-8 boldgrid-section dynamic-gridblock background-scroll\" style=\"color: #ffffff; border-width: 0px; background-image: linear-gradient(to left, rgba(19, 19, 19, 0.8), rgba(19, 19, 19, 0.8)), url('https:\/\/www.9h05.com\/wp-content\/uploads\/2023\/03\/traductions-sarlat.webp'); background-size: cover; background-position: 50% 50%;\" data-bg-overlaycolor=\"rgba(19, 19, 19, 0.8)\" data-image-url=\"https:\/\/www.9h05.com\/wp-content\/uploads\/2023\/03\/traductions-sarlat.webp\">\n<div class=\"container\">\n<div class=\"row\" style=\"padding-top: 125px;\">\n<div class=\"col-md-6 col-sm-6 col-xs-12 col-lg-6\">\n<h1 class=\"\">Traductor jurado ingl\u00e9s \/ franc\u00e9s \/ espa\u00f1ol en P\u00e9rigord \/ Dordo\u00f1a<\/h1>\n<\/div>\n<div class=\"col-md-6 col-sm-6 col-xs-12 col-lg-6\"><\/div>\n<\/div>\n<div class=\"row\" style=\"padding-top: 25px; padding-bottom: 200px;\">\n<div class=\"col-md-12 col-sm-12 col-xs-12 col-lg-12\" style=\"padding: 1em;\">\n<p class=\"\"><a class=\"btn-color-3 btn btn-small-caps btn-raised btn-regular\" href=\"https:\/\/pay.9h05.com\"><strong>&nbsp;Contr\u00e1tenos<\/strong><\/a><\/p>\n<p class=\"\">&nbsp;<\/p>\n<p class=\"\" style=\"border-width: 0px; font-size: 27px;\"><a class=\"btn-color-4 btn btn-capitalize btn-rounded btn-3d btn-regular\" style=\"border-width: 0px;\" href=\"https:\/\/www.9h05.com\/es\/9h05-agencia-de-traduccion-burdeos\/\">Contacto<\/a><\/p>\n<\/div>\n<\/div>\n<div class=\"row color-neutral-background-color color-neutral-text-contrast bg-background-color\" style=\"padding: 20px 1em;\">\n<div class=\"col-md-12 col-xs-12 col-sm-12 col-lg-6\">\n<div class=\"row\">\n<div class=\"col-md-3 col-sm-6 col-xs-12 color3-border-color col-lg-3\" style=\"padding: 1em 2em; border: 2px solid; border-width: 0px 0px 0px 2px;\">\n<div>\n<p class=\"\" style=\"line-height: 1em; border-width: 0px; font-size: 14px;\"><strong>P\u00e9rigueux<\/strong><\/p>\n<\/div>\n<\/div>\n<div class=\"col-md-3 col-sm-6 col-xs-12 color3-border-color col-lg-3\" style=\"padding: 1em 2em; border: 2px solid; border-width: 0px 0px 0px 2px;\">\n<div>\n<p class=\"\" style=\"line-height: 1em; border-width: 0px; font-size: 14px;\"><strong>Bergerac<\/strong><\/p>\n<\/div>\n<\/div>\n<div class=\"col-md-3 col-sm-6 col-xs-12 color3-border-color col-lg-3\" style=\"padding: 1em 2em; border: 2px solid; border-width: 0px 0px 0px 2px;\">\n<div>\n<p class=\"\" style=\"line-height: 1em; border-width: 0px; font-size: 14px;\"><strong>Sarlat<\/strong><\/p>\n<\/div>\n<\/div>\n<div class=\"col-md-3 col-sm-6 col-xs-12 color3-border-color col-lg-3\" style=\"padding: 1em 2em; border: 2px solid; border-width: 0px 0px 0px 2px;\">\n<div>\n<p class=\"\" style=\"line-height: 1em; border-width: 0px; font-size: 14px;\"><strong>Nontron<\/strong><\/p>\n<\/div>\n<\/div>\n<\/div>\n<\/div>\n<div class=\"col-md-12 col-xs-12 col-sm-12 col-lg-6\">\n<div class=\"row\">\n<div class=\"col-md-3 col-sm-6 col-xs-12 color3-border-color col-lg-3\" style=\"padding: 1em 2em; border: 2px solid; border-width: 0px 0px 0px 2px;\">\n<div>\n<p class=\"\" style=\"line-height: 1em; border-width: 0px; font-size: 14px;\"><strong>Terrasson<\/strong><\/p>\n<\/div>\n<\/div>\n<div class=\"col-md-3 col-sm-6 col-xs-12 color3-border-color col-lg-3\" style=\"padding: 1em 2em; border: 2px solid; border-width: 0px 0px 0px 2px;\">\n<div>\n<p class=\"\" style=\"line-height: 1em; border-width: 0px; font-size: 14px;\"><strong>Rib\u00e9rac<\/strong><\/p>\n<\/div>\n<\/div>\n<\/div>\n<\/div>\n<\/div>\n<div class=\"row\" style=\"padding-bottom: 42px;\">\n<div class=\"col-md-12 col-xs-12 col-sm-12 col-lg-12\"><\/div>\n<\/div>\n<\/div>\n<\/div>\n<div class=\"color4-background-color color-4-text-contrast bg-background-color tmpl-call_to_action-7 boldgrid-section dynamic-gridblock\">\n<div class=\"container\">\n<div class=\"row\" style=\"padding-top: 40px; padding-bottom: 50px;\">\n<div class=\"col-md-8 col-sm-8 col-xs-12 col-lg-8\">\n<h2 class=\"h1 color1-color\" style=\"text-align: center; margin: 30px 0;\">Servicios de traducci\u00f3n de ingl\u00e9s, franc\u00e9s y espa\u00f1ol<\/h2>\n<div class=\"row bg-editor-hr-wrap\">\n<div class=\"col-lg-12 col-md-12 col-xs-12 col-sm-12\">\n<hr class=\"color1-color bg-hr\" style=\"border: 2px solid; margin-right: auto; margin-left: auto;\" width=\"50%\">\n<\/div>\n<\/div>\n<\/div>\n<div class=\"col-md-4 col-sm-4 col-xs-12 align-column-center col-lg-4\">\n<p class=\"\" style=\"text-align: center;\"><a class=\"btn-color-1 btn btn-jumbo\" href=\"https:\/\/pay.9h05.com\">Contratar<\/a><\/p>\n<\/div>\n<\/div>\n<\/div>\n<\/div>\n<div class=\"color-neutral-background-color color-neutral-text-contrast bg-background-color tmpl-services-1 boldgrid-section dynamic-gridblock\">\n<div class=\"container\">\n<div class=\"row\">\n<div class=\"col-md-4 col-sm-6 col-xs-12 align-column-stretch col-lg-4\">\n<div class=\"bg-box-cover color5-background-color color-5-text-contrast bg-background-color bg-box\" style=\"padding: 65px 10%;\">\n<p class=\"h2\" style=\"text-align: center; border-width: 0px;\">Traducciones juradas de ingl\u00e9s, franc\u00e9s y espa\u00f1ol &#8211; P\u00e9rigord<\/p>\n<div class=\"row bg-editor-hr-wrap\">\n<div class=\"col-lg-12 col-md-12 col-xs-12 col-sm-12\">\n<hr>\n<\/div>\n<\/div>\n<p class=\"\" style=\"font-weight: 400; text-align: center;\">Nuestras traducciones juradas certificadas son realizadas por nuestros expertos judiciales, traductores acreditados de ingl\u00e9s, espa\u00f1ol y franc\u00e9s ante la Corte de apelaci\u00f3n competente que est\u00e1n habilitados para traducir en todas las combinaciones de estos idiomas.<\/p>\n<div class=\"row bg-editor-hr-wrap\">\n<div class=\"col-lg-12 col-md-12 col-xs-12 col-sm-12\">\n<hr>\n<\/div>\n<\/div>\n<h5 class=\"\" style=\"text-align: center; border-width: 0px;\"><strong>Ingl\u00e9s, franc\u00e9s y espa\u00f1ol<\/strong><\/h5>\n<\/div>\n<\/div>\n<div class=\"col-md-4 col-sm-6 col-xs-12 align-column-stretch col-lg-4\">\n<div class=\"bg-box-cover color1-background-color color-1-text-contrast bg-background-color bg-box\" style=\"padding: 65px 10%;\">\n<p class=\"h2\" style=\"text-align: center;\">Tarifas competitivas de traducciones juradas &#8211; calidad garantizada al 100%<\/p>\n<div>\n<div class=\"row bg-editor-hr-wrap\">\n<div class=\"col-lg-12 col-md-12 col-xs-12 col-sm-12\">\n<hr>\n<\/div>\n<\/div>\n<\/div>\n<div style=\"text-align: center;\">\n<div><span class=\"\" lang=\"ES\">No somos intermediarios. Por ello podemos ofrecer traducciones certificadas de ingl\u00e9s, de espa\u00f1ol o de franc\u00e9s a tarifas asequibles y con nuestra reconocida calidad. <\/span><\/div>\n<\/div>\n<div>\n<div class=\"row bg-editor-hr-wrap\">\n<div class=\"col-lg-12 col-md-12 col-xs-12 col-sm-12\">\n<hr>\n<\/div>\n<\/div>\n<\/div>\n<h5 class=\"\" style=\"text-align: center;\">39\u20ac por carilla completa<\/h5>\n<p class=\"\" style=\"font-weight: 400; text-align: center;\"><em>(una carilla equivale a 250 palabras de acuerdo con el art. R122 del C\u00f3digo de procedimiento penal)<\/em><\/p>\n<p class=\"\" style=\"text-align: center;\"><a class=\"btn-color-4 btn btn-capitalize btn-rounded btn-3d btn-regular\" style=\"border-width: 0px;\" href=\"https:\/\/www.9h05.com\/es\/9h05-agencia-de-traduccion-burdeos\/\">Contacto<\/a><\/p>\n<\/div>\n<\/div>\n<div class=\"col-md-4 col-sm-12 col-xs-12 align-column-stretch col-lg-4\">\n<div class=\"bg-box-cover color5-background-color color-5-text-contrast bg-background-color bg-box\" style=\"padding: 65px 10%;\">\n<p class=\"h2\" style=\"text-align: center;\">Traducciones certificadas por nuestros traductores oficiales y entregadas en plazos cortos<\/p>\n<div>\n<div class=\"row bg-editor-hr-wrap\">\n<div class=\"col-lg-12 col-md-12 col-xs-12 col-sm-12\">\n<hr>\n<\/div>\n<\/div>\n<\/div>\n<div style=\"text-align: center;\">\n<p class=\"\" style=\"font-weight: 400;\">En 9h05 International la proactividad es nuestra marca de f\u00e1brica. Adem\u00e1s, visto que no existen intermediarios entre usted \u2013nuestro cliente\u2013 y nosotros \u2013su traductor\u2013 le ofrecemos nuestros servicios de traducci\u00f3n en tiempo r\u00e9cord con plazos de entrega cortos de entre 1 y 2 d\u00edas laborables.<\/p>\n<\/div>\n<div>\n<div class=\"row bg-editor-hr-wrap\">\n<div class=\"col-lg-12 col-md-12 col-xs-12 col-sm-12\">\n<hr>\n<\/div>\n<\/div>\n<\/div>\n<h5 class=\"\" style=\"text-align: center;\">Entrega en 1-2 d\u00edas laborables&nbsp;<\/h5>\n<\/div>\n<div><\/div>\n<\/div>\n<\/div>\n<\/div>\n<\/div>\n<div class=\"boldgrid-section\">\n<div class=\"container\">\n<div class=\"row\">\n<div class=\"col-lg-12 col-md-12 col-xs-12 col-sm-12\">\n<p class=\"\">&nbsp;<\/p>\n<\/div>\n<\/div>\n<\/div>\n<\/div>\n<div class=\"tmpl-services-17 boldgrid-section dynamic-gridblock background-parallax\" style=\"color: #ffffff; border-width: 0px; background-image: url('https:\/\/www.9h05.com\/wp-content\/uploads\/2023\/03\/traductions-bergerac.webp'); background-size: cover; background-position: 50% 50%;\" data-image-url=\"https:\/\/www.9h05.com\/wp-content\/uploads\/2023\/03\/traductions-bergerac.webp\">\n<div class=\"container\">\n<div class=\"row\" style=\"padding-top: 50px;\">\n<div class=\"col-md-12 col-sm-12 col-xs-12 col-lg-12\">\n<h2 class=\"\"><span style=\"color: #000080;\">Traductores jurados y certificados en Dordo\u00f1a<\/span><\/h2>\n<\/div>\n<\/div>\n<div class=\"row\" style=\"padding-bottom: 50px;\">\n<div class=\"col-md-12 col-sm-12 col-xs-12 col-lg-12\">\n<div class=\"boldgrid-slider boldgrid-wrap-row\" data-config=\"{&quot;arrows&quot;:true,&quot;autoplay&quot;:true,&quot;autoplaySpeed&quot;:&quot;9&quot;,&quot;dots&quot;:false,&quot;infinite&quot;:false,&quot;bgOptions&quot;:{&quot;arrowsPos&quot;:&quot;bottom-right&quot;,&quot;arrowsOverlay&quot;:true,&quot;arrowsBgColor&quot;:&quot;1&quot;,&quot;arrowsIcon&quot;:&quot;caret&quot;,&quot;arrowsSize&quot;:&quot;20&quot;,&quot;dotsPos&quot;:&quot;bottom&quot;,&quot;dotsOverlay&quot;:false,&quot;dotsColor&quot;:&quot;1&quot;,&quot;dotsSize&quot;:&quot;50&quot;},&quot;colors&quot;:{&quot;arrowsBG&quot;:{&quot;type&quot;:&quot;class&quot;,&quot;value&quot;:&quot;1&quot;,&quot;text&quot;:&quot;&quot;},&quot;dotsColor&quot;:{&quot;type&quot;:&quot;class&quot;,&quot;value&quot;:&quot;1&quot;,&quot;text&quot;:&quot;&quot;}}}\">\n<div class=\"row bg-editor-hr-wrap\">\n<div class=\"col-md-4 col-sm-12 col-xs-12 col-lg-4\">\n<div class=\"bg-box color3-background-color color-3-text-contrast bg-background-color\" style=\"padding: 1.5em; margin: 1em 0;\">\n<h4 style=\"text-align: center;\">Para sus tr\u00e1mites<\/h4>\n<hr>\n<div style=\"text-align: center;\">\n<div><span lang=\"ES\">Traducciones certificadas (ingl\u00e9s\/espa\u00f1ol\/franc\u00e9s) para sus tr\u00e1mites ante las autoridades correspondientes en P\u00e9rigord, as\u00ed como en toda Francia y en el extranjero<\/span><\/div>\n<\/div>\n<\/div>\n<\/div>\n<div class=\"col-md-4 col-sm-12 col-xs-12 col-lg-4\">\n<div class=\"bg-box color3-background-color color-3-text-contrast bg-background-color\" style=\"padding: 1.5em; margin: 1em 0;\">\n<h4 style=\"text-align: center;\">Entrega a domicilio<\/h4>\n<hr>\n<div style=\"text-align: center;\">\n<div><span lang=\"ES\">Puede recibir sus traducciones en su domicilio directamente en P\u00e9rigord, ya sea en Bergerac, P\u00e9rigueux, Sarlat, Belv\u00e8s, Nortron, Terrason o Rib\u00e9rac<\/span><\/div>\n<div><\/div>\n<div><a class=\"btn-color-4 btn btn-capitalize btn-rounded btn-3d btn-regular\" style=\"border-width: 0px;\" href=\"https:\/\/www.9h05.com\/es\/9h05-agencia-de-traduccion-burdeos\/\">Contacto<\/a><\/div>\n<\/div>\n<\/div>\n<\/div>\n<div class=\"col-md-4 col-sm-12 col-xs-12 col-lg-4\">\n<div class=\"bg-box color3-background-color color-3-text-contrast bg-background-color\" style=\"padding: 1.5em; margin: 1em 0;\">\n<h4 style=\"text-align: center;\">Traducciones electr\u00f3nicas certificadas<\/h4>\n<hr>\n<div style=\"text-align: center;\">\n<div><span lang=\"ES\">Traducciones oficiales en formato PDF certificado que contienen todos los sellos, certificaciones, acreditaciones y firma de responsabilidad de su traductor jurado; y que las recibir\u00e1 directamente en su correo electr\u00f3nico<\/span><\/div>\n<\/div>\n<\/div>\n<\/div>\n<\/div>\n<div class=\"row\">\n<div class=\"col-md-4 col-sm-12 col-xs-12 col-lg-4\">\n<div class=\"bg-box color3-background-color color-3-text-contrast bg-background-color\" style=\"padding: 1.5em; margin: 1em 0;\">\n<h4 style=\"text-align: center;\">Start A New Path<\/h4>\n<p class=\"\" style=\"text-align: center; margin-bottom: 20px;\">Building brand integration and possibly funnel users.<\/p>\n<\/div>\n<\/div>\n<div class=\"col-md-4 col-sm-12 col-xs-12 col-lg-4\">\n<div class=\"bg-box color3-background-color color-3-text-contrast bg-background-color\" style=\"padding: 1.5em; margin: 1em 0;\">\n<h4 style=\"text-align: center;\">Examine the Details<\/h4>\n<p class=\"\" style=\"text-align: center; margin-bottom: 20px;\">Building brand integration and possibly funnel users.<\/p>\n<\/div>\n<\/div>\n<div class=\"col-md-4 col-sm-12 col-xs-12 col-lg-4\">\n<div class=\"bg-box color3-background-color color-3-text-contrast bg-background-color\" style=\"padding: 1.5em; margin: 1em 0;\">\n<h4 style=\"text-align: center;\">Capture Life&#8217;s Memories<\/h4>\n<p class=\"\" style=\"text-align: center; margin-bottom: 20px;\">Building brand integration and possibly funnel users.<\/p>\n<\/div>\n<\/div>\n<\/div>\n<div class=\"row\">\n<div class=\"col-md-4 col-sm-12 col-xs-12 col-lg-4\">\n<div class=\"bg-box color3-background-color color-3-text-contrast bg-background-color\" style=\"padding: 1.5em; margin: 1em 0;\">\n<h4 style=\"text-align: center;\">Start A New Path<\/h4>\n<p class=\"\" style=\"text-align: center; margin-bottom: 20px;\">Building brand integration and possibly funnel users.<\/p>\n<\/div>\n<\/div>\n<div class=\"col-md-4 col-sm-12 col-xs-12 col-lg-4\">\n<div class=\"bg-box color3-background-color color-3-text-contrast bg-background-color\" style=\"padding: 1.5em; margin: 1em 0;\">\n<h4 style=\"text-align: center;\">Examine the Details<\/h4>\n<p class=\"\" style=\"text-align: center; margin-bottom: 20px;\">Building brand integration and possibly funnel users.<\/p>\n<\/div>\n<\/div>\n<div class=\"col-md-4 col-sm-12 col-xs-12 col-lg-4\">\n<div class=\"bg-box color3-background-color color-3-text-contrast bg-background-color\" style=\"padding: 1.5em; margin: 1em 0;\">\n<h4 style=\"text-align: center;\">Capture Life&#8217;s Memories<\/h4>\n<p class=\"\" style=\"text-align: center; margin-bottom: 20px;\">Building brand integration and possibly funnel users.<\/p>\n<\/div>\n<\/div>\n<\/div>\n<\/div>\n<\/div>\n<\/div>\n<\/div>\n<\/div>\n<div class=\"tmpl-call_to_action-1 boldgrid-section dynamic-gridblock background-scroll\" style=\"border-width: 0px; background-image: url('https:\/\/www.9h05.com\/wp-content\/uploads\/2023\/03\/traductions-perigueux.webp'); background-size: cover; background-position: 50% 50%;\" data-image-url=\"https:\/\/www.9h05.com\/wp-content\/uploads\/2023\/03\/traductions-perigueux.webp\">\n<div class=\"container\">\n<div class=\"row\">\n<div class=\"col-md-5 col-sm-4 col-xs-12 col-lg-5\"><\/div>\n<div class=\"col-md-7 col-sm-8 col-xs-12 col-lg-7\">\n<div class=\"bg-box-cover color-neutral-background-color color-neutral-text-contrast bg-background-color bg-box\" style=\"padding: 85px 20%;\">\n<h2 class=\"h1 color5-color\">Contrate en l\u00ednea sus traducciones juradas en P\u00e9rigord<\/h2>\n<div>\n<div class=\"row bg-editor-hr-wrap\">\n<div class=\"col-lg-12 col-md-12 col-xs-12 col-sm-12\">\n<hr>\n<\/div>\n<\/div>\n<\/div>\n<div>\n<div><span class=\"\" lang=\"ES\">Gracias a nuestra plataforma de pago en l\u00ednea usted puede configurar de manera r\u00e1pida y segura el servicio de traducci\u00f3n jurada de ingl\u00e9s\/espa\u00f1ol\/franc\u00e9s de acuerdo con sus necesidades y recibir directamente en su domicilio en Dordo\u00f1a sus traducciones certificadas.<\/span><\/div>\n<\/div>\n<div><\/div>\n<p class=\"\"><a class=\"btn-color-5 btn btn-uppercase btn-pill btn-3d btn-jumbo\" href=\"https:\/\/pay.9h05.com\">CONTRATAR<\/a><\/p>\n<\/div>\n<\/div>\n<\/div>\n<\/div>\n<\/div>\n<div class=\"color-neutral-background-color color-neutral-text-contrast bg-background-color tmpl-contact-4 boldgrid-section dynamic-gridblock background-fixed\" style=\"color: #1d1d1d; border-width: 0px; background-image: linear-gradient(to left, rgba(255, 255, 255, 0.8), rgba(255, 255, 255, 0.8)), url('https:\/\/www.9h05.com\/wp-content\/uploads\/2023\/02\/logo-9h05-group-wall-2.webp'); background-size: cover; background-position: 50% 50%;\" data-bg-overlaycolor=\"rgba(255, 255, 255, 0.8)\" data-image-url=\"https:\/\/www.9h05.com\/wp-content\/uploads\/2023\/02\/logo-9h05-group-wall-2.webp\">\n<div class=\"container\">\n<div class=\"row\" style=\"padding-top: 42px;\">\n<div class=\"col-md-4 col-sm-9 col-xs-12 align-column-center col-lg-4\">\n<div style=\"text-align: center;\" class=\"color2-background-color color-2-text-contrast bg-background-color bg-box\">\n<h2 class=\"\">9h05 International : calidad, rapidez y experticia en traducci\u00f3n en P\u00e9rigord desde &nbsp;2009<\/h2>\n<\/div>\n<\/div>\n<div class=\"col-md-1 col-sm-3 col-xs-12 col-lg-1\"><\/div>\n<div class=\"col-md-7 col-sm-12 col-xs-12 bg-box-flush col-lg-7\">\n<p class=\"boldgrid-google-maps color2-border-color\" style=\"line-height: 100%; margin: 0px; border: 10px solid;\"><iframe style=\"width: 100%;\" src=\"https:\/\/www.google.com\/maps\/embed?pb=!1m14!1m8!1m3!1d11314.096570454809!2d-0.5811423!3d44.8516234!3m2!1i1024!2i768!4f13.1!3m3!1m2!1s0xd54d91428fc94ad%3A0x13d8ae650555a583!2s9h05%20International!5e0!3m2!1sfr!2sfr!4v1680188987996!5m2!1sfr!2sfr\" width=\"1000\" height=\"400\" frameborder=\"0\">&amp;amp;amp;amp;amp;amp;amp;amp;amp;amp;amp;amp;amp;amp;lt;span data-mce-type=\u00bbbookmark\u00bb style=\u00bbdisplay: inline-block; width: 0px; overflow: hidden; line-height: 0;\u00bb class=\u00bbmce_SELRES_start\u00bb&amp;amp;amp;amp;amp;amp;amp;amp;amp;amp;amp;amp;amp;amp;gt;\ufeff&amp;amp;amp;amp;amp;amp;amp;amp;amp;amp;amp;amp;amp;amp;lt;\/span&amp;amp;amp;amp;amp;amp;amp;amp;amp;amp;amp;amp;amp;amp;gt;<\/iframe><\/p>\n<\/div>\n<\/div>\n<div class=\"row\" style=\"padding-bottom: 42px;\">\n<div class=\"col-md-6 col-sm-2 col-xs-1 col-lg-6\"><\/div>\n<div class=\"col-md-5 col-sm-8 col-xs-10 slideInDown col-lg-5\">\n<div style=\"margin-top: -60px; padding: 1.5em; z-index: 1; position: relative;\" class=\"color2-background-color color-2-text-contrast bg-background-color bg-box\">\n<div style=\"text-align: center;\"><em><span lang=\"ES\">Cont\u00e1ctenos para recibir sus traducciones juradas de ingl\u00e9s y de espa\u00f1ol en Dordo\u00f1a:<\/span><\/em><\/div>\n<div><\/div>\n<p class=\"\" style=\"text-align: center;\">9h05 International<br \/>\n45 rue Grangeneuve<br \/>\n33000 Bordeaux<\/p>\n<p class=\"\" style=\"text-align: center;\"><a href=\"mailto:bordeaux@9h05.com\">bordeaux@9h05.com<\/a><\/p>\n<p class=\"\" style=\"text-align: center;\">05 57 82 43 96<br \/>\n07 69 16 56 65<\/p>\n<p class=\"\">&nbsp;<\/p>\n<p class=\"\" style=\"text-align: center; margin-bottom: 15px;\"><strong><span style=\"color: #ffffff;\"><a class=\"btn-color-1 btn btn-uppercase btn-rounded btn-3d btn-regular\" style=\"color: #ffffff; border-width: 0px; font-size: 22px;\" href=\"https:\/\/api.whatsapp.com\/send\/?phone=33557824396&amp;text&amp;type=phone_number&amp;app_absent=0\"> <img data-recalc-dims=\"1\" decoding=\"async\" class=\"alignnone size-full wp-image-17257\" src=\"https:\/\/i0.wp.com\/www.9h05.com\/wp-content\/uploads\/2022\/11\/mini-ico-contact-whatsapp-9h05.png?resize=18%2C18&#038;ssl=1\" alt=\"\" width=\"18\" height=\"18\"> &nbsp;Whatsapp<\/a><\/span><\/strong><\/p>\n<\/div>\n<\/div>\n<div class=\"col-md-1 col-sm-2 col-xs-1 col-lg-1\"><\/div>\n<\/div>\n<\/div>\n<\/div>\n","protected":false},"excerpt":{"rendered":"<p>Traductor jurado ingl\u00e9s \/ franc\u00e9s \/ espa\u00f1ol en P\u00e9rigord \/ Dordo\u00f1a &nbsp;Contr\u00e1tenos &nbsp; Contacto P\u00e9rigueux Bergerac Sarlat Nontron Terrasson Rib\u00e9rac Servicios de traducci\u00f3n de ingl\u00e9s, franc\u00e9s y espa\u00f1ol Contratar Traducciones juradas de ingl\u00e9s, franc\u00e9s y espa\u00f1ol &#8211; P\u00e9rigord Nuestras traducciones juradas certificadas son realizadas por nuestros expertos judiciales, traductores acreditados de ingl\u00e9s, espa\u00f1ol y franc\u00e9s [&hellip;]<\/p>\n","protected":false},"author":9,"featured_media":0,"parent":23400,"menu_order":0,"comment_status":"closed","ping_status":"closed","template":"template\/page\/fullwidth.php","meta":{"site-sidebar-layout":"default","site-content-layout":"default","ast-site-content-layout":"","site-content-style":"default","site-sidebar-style":"default","ast-global-header-display":"","ast-banner-title-visibility":"","ast-main-header-display":"","ast-hfb-above-header-display":"","ast-hfb-below-header-display":"","ast-hfb-mobile-header-display":"","site-post-title":"disabled","ast-breadcrumbs-content":"","ast-featured-img":"disabled","footer-sml-layout":"","theme-transparent-header-meta":"default","adv-header-id-meta":"","stick-header-meta":"","header-above-stick-meta":"","header-main-stick-meta":"","header-below-stick-meta":"","astra-migrate-meta-layouts":"default","ast-page-background-enabled":"default","ast-page-background-meta":{"desktop":{"background-color":"var(--ast-global-color-4)","background-image":"","background-repeat":"repeat","background-position":"center center","background-size":"auto","background-attachment":"scroll","background-type":"","background-media":"","overlay-type":"","overlay-color":"","overlay-opacity":"","overlay-gradient":""},"tablet":{"background-color":"","background-image":"","background-repeat":"repeat","background-position":"center center","background-size":"auto","background-attachment":"scroll","background-type":"","background-media":"","overlay-type":"","overlay-color":"","overlay-opacity":"","overlay-gradient":""},"mobile":{"background-color":"","background-image":"","background-repeat":"repeat","background-position":"center center","background-size":"auto","background-attachment":"scroll","background-type":"","background-media":"","overlay-type":"","overlay-color":"","overlay-opacity":"","overlay-gradient":""}},"ast-content-background-meta":{"desktop":{"background-color":"var(--ast-global-color-5)","background-image":"","background-repeat":"repeat","background-position":"center center","background-size":"auto","background-attachment":"scroll","background-type":"","background-media":"","overlay-type":"","overlay-color":"","overlay-opacity":"","overlay-gradient":""},"tablet":{"background-color":"var(--ast-global-color-5)","background-image":"","background-repeat":"repeat","background-position":"center center","background-size":"auto","background-attachment":"scroll","background-type":"","background-media":"","overlay-type":"","overlay-color":"","overlay-opacity":"","overlay-gradient":""},"mobile":{"background-color":"var(--ast-global-color-5)","background-image":"","background-repeat":"repeat","background-position":"center center","background-size":"auto","background-attachment":"scroll","background-type":"","background-media":"","overlay-type":"","overlay-color":"","overlay-opacity":"","overlay-gradient":""}},"footnotes":""},"yst_prominent_words":[],"class_list":["post-25260","page","type-page","status-publish","hentry"],"_links":{"self":[{"href":"https:\/\/www.9h05.com\/es\/wp-json\/wp\/v2\/pages\/25260","targetHints":{"allow":["GET"]}}],"collection":[{"href":"https:\/\/www.9h05.com\/es\/wp-json\/wp\/v2\/pages"}],"about":[{"href":"https:\/\/www.9h05.com\/es\/wp-json\/wp\/v2\/types\/page"}],"author":[{"embeddable":true,"href":"https:\/\/www.9h05.com\/es\/wp-json\/wp\/v2\/users\/9"}],"replies":[{"embeddable":true,"href":"https:\/\/www.9h05.com\/es\/wp-json\/wp\/v2\/comments?post=25260"}],"version-history":[{"count":3,"href":"https:\/\/www.9h05.com\/es\/wp-json\/wp\/v2\/pages\/25260\/revisions"}],"predecessor-version":[{"id":25264,"href":"https:\/\/www.9h05.com\/es\/wp-json\/wp\/v2\/pages\/25260\/revisions\/25264"}],"up":[{"embeddable":true,"href":"https:\/\/www.9h05.com\/es\/wp-json\/wp\/v2\/pages\/23400"}],"wp:attachment":[{"href":"https:\/\/www.9h05.com\/es\/wp-json\/wp\/v2\/media?parent=25260"}],"wp:term":[{"taxonomy":"yst_prominent_words","embeddable":true,"href":"https:\/\/www.9h05.com\/es\/wp-json\/wp\/v2\/yst_prominent_words?post=25260"}],"curies":[{"name":"wp","href":"https:\/\/api.w.org\/{rel}","templated":true}]}}