{"id":24980,"date":"2023-03-31T11:32:21","date_gmt":"2023-03-31T11:32:21","guid":{"rendered":"https:\/\/www.9h05.com\/?page_id=24980"},"modified":"2023-03-31T11:32:21","modified_gmt":"2023-03-31T11:32:21","slug":"certificadas","status":"publish","type":"page","link":"https:\/\/www.9h05.com\/es\/ecuador\/quito\/traducciones\/certificadas\/","title":{"rendered":"Traducciones certificadas en Quito"},"content":{"rendered":"<div class=\"tmpl-call_to_action-1 boldgrid-section dynamic-gridblock background-scroll\" style=\"border-width: 0px; background-image: url('https:\/\/www.9h05.com\/wp-content\/uploads\/2022\/12\/WhatsApp-Image-2022-12-12-at-15.27.16-1.jpeg'); background-size: cover; background-position: 50% 50%;\" data-image-url=\"https:\/\/www.9h05.com\/wp-content\/uploads\/2022\/12\/WhatsApp-Image-2022-12-12-at-15.27.16-1.jpeg\">\n<div class=\"container-fluid\">\n<div class=\"row\">\n<div class=\"col-md-7 col-sm-8 col-xs-12 col-lg-7\">\n<div class=\"bg-box-cover color-neutral-background-color color-neutral-text-contrast bg-background-color bg-box\" style=\"padding: 85px 20%;\">\n<h2 class=\"h1 color1-color\">Traducciones certificadas en Quito<\/h2>\n<p class=\"\" style=\"margin: 30px 0;\">Servicio de traducci\u00f3n certificada con garant\u00eda al 100%<\/p>\n<p class=\"\"><a class=\"btn-color-1 btn btn-lowercase btn-pill btn-3d btn-jumbo\" href=\"https:\/\/api.whatsapp.com\/send\/?phone=593984265653&amp;text&amp;type=phone_number&amp;app_absent=0\"><span style=\"color: #ffffff;\"> <img data-recalc-dims=\"1\" decoding=\"async\" class=\"alignnone size-full wp-image-17253\" src=\"https:\/\/i0.wp.com\/www.9h05.com\/wp-content\/uploads\/2022\/11\/mini-ico-contact-whatsapp-9h05.png?resize=18%2C18&#038;ssl=1\" alt=\"\" width=\"18\" height=\"18\"><strong>&nbsp;whatsapp&nbsp;<\/strong><\/span><\/a><\/p>\n<\/div>\n<\/div>\n<div class=\"col-md-5 col-sm-4 col-xs-12 col-lg-5\"><\/div>\n<\/div>\n<\/div>\n<\/div>\n<div class=\"tmpl-call_to_action-3 boldgrid-section dynamic-gridblock background-parallax\" style=\"color: #1d1d1d; border-width: 0px; background-image: linear-gradient(to left, rgba(255, 255, 255, 0.8), rgba(255, 255, 255, 0.8)), url('https:\/\/www.9h05.com\/wp-content\/uploads\/2022\/12\/WhatsApp-Image-2022-12-12-at-15.22.57-1.jpeg'); background-size: cover; background-position: 50% 50%;\" data-bg-overlaycolor=\"rgba(255, 255, 255, 0.8)\" data-image-url=\"https:\/\/www.9h05.com\/wp-content\/uploads\/2022\/12\/WhatsApp-Image-2022-12-12-at-15.22.57-1.jpeg\">\n<div class=\"container\">\n<div class=\"row\" style=\"padding-top: 40px; padding-bottom: 40px;\">\n<div class=\"col-md-8 col-sm-8 col-xs-12 col-lg-8\">\n<h2 class=\"h1 color1-color\" style=\"margin: 30px 0;\">Servicio de traducci\u00f3n oficial<\/h2>\n<p class=\"\" style=\"margin: 30px 0;\">En espa\u00f1ol,&nbsp;ingl\u00e9s, franc\u00e9s, italiano, portugu\u00e9s, alem\u00e1n\u2026<\/p>\n<\/div>\n<div class=\"col-md-4 col-sm-4 col-xs-12 align-column-center col-lg-4\">\n<p class=\"\" style=\"text-align: center;\"><a class=\"btn-color-1 btn btn-capitalize btn-pill btn-raised btn-regular\" href=\"https:\/\/pay.9h05.com\">contratar<\/a><\/p>\n<\/div>\n<\/div>\n<\/div>\n<\/div>\n<div class=\"tmpl-call_to_action-18 boldgrid-section dynamic-gridblock background-parallax\" style=\"color: #1d1d1d; border-width: 0px; background-image: linear-gradient(to left, rgba(238, 238, 238, 0.8), rgba(238, 238, 238, 0.8)), url('https:\/\/www.9h05.com\/wp-content\/uploads\/2023\/02\/logo-9h05-group-wall-2.webp'); background-size: cover; background-position: 50% 50%;\" data-bg-overlaycolor=\"rgba(238, 238, 238, 0.8)\" data-image-url=\"https:\/\/www.9h05.com\/wp-content\/uploads\/2023\/02\/logo-9h05-group-wall-2.webp\">\n<div class=\"container-fluid\">\n<div class=\"row\" style=\"padding-top: 125px;\">\n<div class=\"col-md-2 col-sm-1 col-xs-12 col-lg-2\"><\/div>\n<div class=\"col-md-8 col-sm-10 col-xs-12 col-lg-8\">\n<h1 class=\"\" style=\"text-align: center; text-transform: uppercase;\">ConTr\u00e1tenos<\/h1>\n<p class=\"h4\" style=\"text-align: center;\">9h05 del Ecuador atender\u00e1 sus necesidades ling\u00fc\u00edsticas<\/p>\n<\/div>\n<div class=\"col-md-2 col-sm-1 col-xs-12 col-lg-2\"><\/div>\n<\/div>\n<div class=\"row headShake\" style=\"padding-top: 30px; padding-bottom: 125px;\">\n<div class=\"col-md-4 col-sm-2 col-xs-12 col-lg-4\"><\/div>\n<div class=\"col-md-2 col-sm-4 col-xs-12 col-lg-2\" style=\"padding: 1em;\">\n<p class=\"\" style=\"text-align: center;\"><a class=\"btn-color-5 btn btn-uppercase btn-regular\" href=\"https:\/\/pay.9h05.com\">CONTRATAR<\/a><\/p>\n<\/div>\n<div class=\"col-md-2 col-sm-4 col-xs-12 col-lg-2\" style=\"padding: 1em;\">\n<p class=\"\" style=\"text-align: center;\"><a class=\"btn-color-2 btn btn-uppercase btn-regular\" href=\"https:\/\/api.whatsapp.com\/send\/?phone=593984265653&amp;text&amp;type=phone_number&amp;app_absent=0\">WHATSAPP<\/a><\/p>\n<\/div>\n<div class=\"col-md-4 col-sm-2 col-xs-12 col-lg-4\"><\/div>\n<\/div>\n<\/div>\n<\/div>\n<div class=\"boldgrid-section\">\n<div class=\"container\">\n<div class=\"row\">\n<div class=\"col-lg-12 col-md-12 col-xs-12 col-sm-12\">\n<p>&nbsp;<\/p>\n<\/div>\n<\/div>\n<\/div>\n<\/div>\n","protected":false},"excerpt":{"rendered":"<p>Traducciones certificadas en Quito Servicio de traducci\u00f3n certificada con garant\u00eda al 100% &nbsp;whatsapp&nbsp; Servicio de traducci\u00f3n oficial En espa\u00f1ol,&nbsp;ingl\u00e9s, franc\u00e9s, italiano, portugu\u00e9s, alem\u00e1n\u2026 contratar ConTr\u00e1tenos 9h05 del Ecuador atender\u00e1 sus necesidades ling\u00fc\u00edsticas CONTRATAR WHATSAPP &nbsp;<\/p>\n","protected":false},"author":9,"featured_media":0,"parent":8938,"menu_order":0,"comment_status":"closed","ping_status":"closed","template":"template\/page\/fullwidth.php","meta":{"site-sidebar-layout":"default","site-content-layout":"default","ast-site-content-layout":"","site-content-style":"default","site-sidebar-style":"default","ast-global-header-display":"","ast-banner-title-visibility":"","ast-main-header-display":"","ast-hfb-above-header-display":"","ast-hfb-below-header-display":"","ast-hfb-mobile-header-display":"","site-post-title":"disabled","ast-breadcrumbs-content":"","ast-featured-img":"disabled","footer-sml-layout":"","theme-transparent-header-meta":"default","adv-header-id-meta":"","stick-header-meta":"","header-above-stick-meta":"","header-main-stick-meta":"","header-below-stick-meta":"","astra-migrate-meta-layouts":"default","ast-page-background-enabled":"default","ast-page-background-meta":{"desktop":{"background-color":"var(--ast-global-color-4)","background-image":"","background-repeat":"repeat","background-position":"center center","background-size":"auto","background-attachment":"scroll","background-type":"","background-media":"","overlay-type":"","overlay-color":"","overlay-opacity":"","overlay-gradient":""},"tablet":{"background-color":"","background-image":"","background-repeat":"repeat","background-position":"center center","background-size":"auto","background-attachment":"scroll","background-type":"","background-media":"","overlay-type":"","overlay-color":"","overlay-opacity":"","overlay-gradient":""},"mobile":{"background-color":"","background-image":"","background-repeat":"repeat","background-position":"center center","background-size":"auto","background-attachment":"scroll","background-type":"","background-media":"","overlay-type":"","overlay-color":"","overlay-opacity":"","overlay-gradient":""}},"ast-content-background-meta":{"desktop":{"background-color":"var(--ast-global-color-5)","background-image":"","background-repeat":"repeat","background-position":"center center","background-size":"auto","background-attachment":"scroll","background-type":"","background-media":"","overlay-type":"","overlay-color":"","overlay-opacity":"","overlay-gradient":""},"tablet":{"background-color":"var(--ast-global-color-5)","background-image":"","background-repeat":"repeat","background-position":"center center","background-size":"auto","background-attachment":"scroll","background-type":"","background-media":"","overlay-type":"","overlay-color":"","overlay-opacity":"","overlay-gradient":""},"mobile":{"background-color":"var(--ast-global-color-5)","background-image":"","background-repeat":"repeat","background-position":"center center","background-size":"auto","background-attachment":"scroll","background-type":"","background-media":"","overlay-type":"","overlay-color":"","overlay-opacity":"","overlay-gradient":""}},"footnotes":""},"yst_prominent_words":[],"class_list":["post-24980","page","type-page","status-publish","hentry"],"_links":{"self":[{"href":"https:\/\/www.9h05.com\/es\/wp-json\/wp\/v2\/pages\/24980","targetHints":{"allow":["GET"]}}],"collection":[{"href":"https:\/\/www.9h05.com\/es\/wp-json\/wp\/v2\/pages"}],"about":[{"href":"https:\/\/www.9h05.com\/es\/wp-json\/wp\/v2\/types\/page"}],"author":[{"embeddable":true,"href":"https:\/\/www.9h05.com\/es\/wp-json\/wp\/v2\/users\/9"}],"replies":[{"embeddable":true,"href":"https:\/\/www.9h05.com\/es\/wp-json\/wp\/v2\/comments?post=24980"}],"version-history":[{"count":1,"href":"https:\/\/www.9h05.com\/es\/wp-json\/wp\/v2\/pages\/24980\/revisions"}],"predecessor-version":[{"id":24981,"href":"https:\/\/www.9h05.com\/es\/wp-json\/wp\/v2\/pages\/24980\/revisions\/24981"}],"up":[{"embeddable":true,"href":"https:\/\/www.9h05.com\/es\/wp-json\/wp\/v2\/pages\/8938"}],"wp:attachment":[{"href":"https:\/\/www.9h05.com\/es\/wp-json\/wp\/v2\/media?parent=24980"}],"wp:term":[{"taxonomy":"yst_prominent_words","embeddable":true,"href":"https:\/\/www.9h05.com\/es\/wp-json\/wp\/v2\/yst_prominent_words?post=24980"}],"curies":[{"name":"wp","href":"https:\/\/api.w.org\/{rel}","templated":true}]}}