{"id":24345,"date":"2023-02-23T05:58:27","date_gmt":"2023-02-23T05:58:27","guid":{"rendered":"https:\/\/www.9h05.com\/?page_id=24345"},"modified":"2023-02-23T05:58:27","modified_gmt":"2023-02-23T05:58:27","slug":"francia","status":"publish","type":"page","link":"https:\/\/www.9h05.com\/es\/francia\/","title":{"rendered":"9h05 Francia"},"content":{"rendered":"<div class=\"color3-background-color bg-background-color tmpl-call_to_action-6 boldgrid-section dynamic-gridblock background-parallax\" style=\"color: #1d1d1d; background-image: linear-gradient(to left, rgba(187, 222, 251, 0.8), rgba(187, 222, 251, 0.8)), url('https:\/\/www.9h05.com\/wp-content\/uploads\/2017\/08\/9h05-toujours-a-temps-bordeaux.jpg'); background-size: cover; background-position: 50% 55%; background-repeat: unset;\" data-bg-overlaycolor=\"rgba(187, 222, 251, 0.8)\" data-image-url=\"https:\/\/www.9h05.com\/wp-content\/uploads\/2017\/08\/9h05-toujours-a-temps-bordeaux.jpg\">\n<div class=\"container\">\n<div class=\"row\" style=\"padding-top: 15px; padding-bottom: 15px;\">\n<div class=\"col-md-12 col-sm-12 col-xs-12 col-lg-12\">\n<div style=\"padding: 15% 0;\" class=\"bg-box-cover bg-box\">\n<p class=\"\" style=\"text-align: center;\"><i class=\"color2-color fa fa-balance-scale\" style=\"font-size: 80px; margin-bottom: 20px;\" aria-hidden=\"true\"><span style=\"display: none;\">&nbsp;<\/span><\/i><\/p>\n<h1 class=\"color2-color\" style=\"text-align: center; font-size: 6em; margin: 35px 0;\">9h05 en Francia<\/h1>\n<div style=\"text-align: center;\"><span class=\"\" lang=\"ES\">9h05 International ofrece servicios de traducci\u00f3n personalizados en Burdeos (Francia), sede de la empresa, desde hace varios a\u00f1os. Nuestros servicios de traducci\u00f3n profesional est\u00e1n orientados tanto hacia los particulares (para las traducciones oficiales especialmente) como hacia los profesionales (traducciones certificadas, traducciones especializadas, traducciones de p\u00e1ginas web, traducciones comerciales, etc.). Ofrecemos servicios en franc\u00e9s, espa\u00f1ol, ingl\u00e9s, as\u00ed como en otros idiomas<\/span>\u2026<\/div>\n<p class=\"\">&nbsp;<\/p>\n<p class=\"\" style=\"text-align: center;\"><a class=\"btn-color-2 btn btn-lowercase btn-3d btn-jumbo\" href=\"https:\/\/www.9h05.com\/es\/francia\/burdeos\/\">conocer m\u00e1s<\/a><\/p>\n<\/div>\n<\/div>\n<\/div>\n<\/div>\n<\/div>\n<div class=\"boldgrid-section\">\n<div class=\"container\">\n<div class=\"row\">\n<div class=\"col-lg-12 col-md-12 col-xs-12 col-sm-12\"><\/div>\n<\/div>\n<\/div>\n<\/div>\n<div class=\"boldgrid-section\">\n<div class=\"container\">\n<div class=\"row\">\n<div class=\"col-lg-12 col-md-12 col-xs-12 col-sm-12\"><\/div>\n<\/div>\n<\/div>\n<\/div>\n<div class=\"boldgrid-section\">\n<div class=\"container\">\n<div class=\"row\">\n<div class=\"col-lg-12 col-md-12 col-xs-12 col-sm-12\"><\/div>\n<\/div>\n<\/div>\n<\/div>\n<div class=\"boldgrid-section\">\n<div class=\"container\">\n<div class=\"row\">\n<div class=\"col-lg-12 col-md-12 col-xs-12 col-sm-12\"><\/div>\n<\/div>\n<\/div>\n<\/div>\n<div class=\"boldgrid-section\">\n<div class=\"container\">\n<div class=\"row\">\n<div class=\"col-lg-12 col-md-12 col-xs-12 col-sm-12\"><\/div>\n<\/div>\n<\/div>\n<\/div>\n","protected":false},"excerpt":{"rendered":"<p>&nbsp; 9h05 en Francia 9h05 International ofrece servicios de traducci\u00f3n personalizados en Burdeos (Francia), sede de la empresa, desde hace varios a\u00f1os. Nuestros servicios de traducci\u00f3n profesional est\u00e1n orientados tanto hacia los particulares (para las traducciones oficiales especialmente) como hacia los profesionales (traducciones certificadas, traducciones especializadas, traducciones de p\u00e1ginas web, traducciones comerciales, etc.). Ofrecemos servicios [&hellip;]<\/p>\n","protected":false},"author":9,"featured_media":0,"parent":0,"menu_order":0,"comment_status":"closed","ping_status":"closed","template":"template\/page\/fullwidth.php","meta":{"site-sidebar-layout":"default","site-content-layout":"default","ast-site-content-layout":"","site-content-style":"default","site-sidebar-style":"default","ast-global-header-display":"","ast-banner-title-visibility":"","ast-main-header-display":"","ast-hfb-above-header-display":"","ast-hfb-below-header-display":"","ast-hfb-mobile-header-display":"","site-post-title":"disabled","ast-breadcrumbs-content":"","ast-featured-img":"disabled","footer-sml-layout":"","theme-transparent-header-meta":"default","adv-header-id-meta":"","stick-header-meta":"","header-above-stick-meta":"","header-main-stick-meta":"","header-below-stick-meta":"","astra-migrate-meta-layouts":"default","ast-page-background-enabled":"default","ast-page-background-meta":{"desktop":{"background-color":"var(--ast-global-color-4)","background-image":"","background-repeat":"repeat","background-position":"center center","background-size":"auto","background-attachment":"scroll","background-type":"","background-media":"","overlay-type":"","overlay-color":"","overlay-opacity":"","overlay-gradient":""},"tablet":{"background-color":"","background-image":"","background-repeat":"repeat","background-position":"center center","background-size":"auto","background-attachment":"scroll","background-type":"","background-media":"","overlay-type":"","overlay-color":"","overlay-opacity":"","overlay-gradient":""},"mobile":{"background-color":"","background-image":"","background-repeat":"repeat","background-position":"center center","background-size":"auto","background-attachment":"scroll","background-type":"","background-media":"","overlay-type":"","overlay-color":"","overlay-opacity":"","overlay-gradient":""}},"ast-content-background-meta":{"desktop":{"background-color":"var(--ast-global-color-5)","background-image":"","background-repeat":"repeat","background-position":"center center","background-size":"auto","background-attachment":"scroll","background-type":"","background-media":"","overlay-type":"","overlay-color":"","overlay-opacity":"","overlay-gradient":""},"tablet":{"background-color":"var(--ast-global-color-5)","background-image":"","background-repeat":"repeat","background-position":"center center","background-size":"auto","background-attachment":"scroll","background-type":"","background-media":"","overlay-type":"","overlay-color":"","overlay-opacity":"","overlay-gradient":""},"mobile":{"background-color":"var(--ast-global-color-5)","background-image":"","background-repeat":"repeat","background-position":"center center","background-size":"auto","background-attachment":"scroll","background-type":"","background-media":"","overlay-type":"","overlay-color":"","overlay-opacity":"","overlay-gradient":""}},"footnotes":""},"yst_prominent_words":[],"class_list":["post-24345","page","type-page","status-publish","hentry"],"_links":{"self":[{"href":"https:\/\/www.9h05.com\/es\/wp-json\/wp\/v2\/pages\/24345","targetHints":{"allow":["GET"]}}],"collection":[{"href":"https:\/\/www.9h05.com\/es\/wp-json\/wp\/v2\/pages"}],"about":[{"href":"https:\/\/www.9h05.com\/es\/wp-json\/wp\/v2\/types\/page"}],"author":[{"embeddable":true,"href":"https:\/\/www.9h05.com\/es\/wp-json\/wp\/v2\/users\/9"}],"replies":[{"embeddable":true,"href":"https:\/\/www.9h05.com\/es\/wp-json\/wp\/v2\/comments?post=24345"}],"version-history":[{"count":1,"href":"https:\/\/www.9h05.com\/es\/wp-json\/wp\/v2\/pages\/24345\/revisions"}],"predecessor-version":[{"id":24346,"href":"https:\/\/www.9h05.com\/es\/wp-json\/wp\/v2\/pages\/24345\/revisions\/24346"}],"wp:attachment":[{"href":"https:\/\/www.9h05.com\/es\/wp-json\/wp\/v2\/media?parent=24345"}],"wp:term":[{"taxonomy":"yst_prominent_words","embeddable":true,"href":"https:\/\/www.9h05.com\/es\/wp-json\/wp\/v2\/yst_prominent_words?post=24345"}],"curies":[{"name":"wp","href":"https:\/\/api.w.org\/{rel}","templated":true}]}}