{"id":23400,"date":"2023-01-28T17:15:45","date_gmt":"2023-01-28T17:15:45","guid":{"rendered":"https:\/\/www.9h05.com\/?page_id=23400"},"modified":"2023-03-10T11:18:50","modified_gmt":"2023-03-10T11:18:50","slug":"certificadas","status":"publish","type":"page","link":"https:\/\/www.9h05.com\/es\/traducciones\/certificadas\/","title":{"rendered":"Traducciones certificadas con 9h05 del Ecuador"},"content":{"rendered":"<div class=\"color5-background-color bg-background-color tmpl-call_to_action-9 boldgrid-section dynamic-gridblock background-parallax\" style=\"color: #ffffff; border-width: 0px; background-image: linear-gradient(to left, rgba(19, 19, 19, 0.8), rgba(19, 19, 19, 0.8)), url('https:\/\/www.9h05.com\/wp-content\/uploads\/2022\/11\/9h05-manuel-gil.jpg'); background-size: cover; background-position: 50% 50%;\" data-bg-overlaycolor=\"rgba(19, 19, 19, 0.8)\" data-image-url=\"https:\/\/www.9h05.com\/wp-content\/uploads\/2022\/11\/9h05-manuel-gil.jpg\">\n<div class=\"container\">\n<div class=\"row\" style=\"padding-top: 75px;\">\n<div class=\"col-md-6 col-sm-7 col-xs-12 col-lg-6\">\n<h1 class=\"\">Traducciones certificadas en todo el Ecuador<\/h1>\n<p class=\"\" style=\"margin-top: 30px;\"><a class=\"btn-color-1 btn btn-uppercase btn-pill btn-3d btn-regular\" href=\"https:\/\/pay.9h05.com\">CONTR\u00c1TENOS<\/a><\/p>\n<\/div>\n<div class=\"col-md-6 col-sm-5 col-xs-12 col-lg-6\"><\/div>\n<\/div>\n<div class=\"row\" style=\"padding-bottom: 142px;\">\n<div class=\"col-md-6 col-sm-6 col-xs-12 col-lg-6\"><\/div>\n<div class=\"col-md-6 col-sm-6 col-xs-12 col-lg-6\"><\/div>\n<\/div>\n<div class=\"row\" style=\"padding-bottom: 25px;\">\n<div class=\"col-md-3 col-sm-6 col-xs-12 col-lg-3\">\n<div class=\"row\" style=\"margin: 0px -15px; padding-top: 15px;\">\n<div class=\"col-md-12 col-sm-12 col-xs-12 col-lg-12\">\n<div class=\"color2-background-color color-2-text-contrast bg-background-color bg-box\">\n<p class=\"\" style=\"margin-right: -12px; margin-left: -12px; margin-top: -12px;\"><img data-recalc-dims=\"1\" decoding=\"async\" class=\"bg-img alignnone wp-image-14515 size-medium\" src=\"https:\/\/i0.wp.com\/www.9h05.com\/wp-content\/uploads\/2017\/03\/0_83_400_299.12023460411_traducciones-certificadas-documentos-guayaquil-ecuador.jpg?resize=400%2C299&#038;ssl=1\" alt=\"\" width=\"400\" height=\"299\"><\/p>\n<h5 style=\"margin-top: 20px; text-align: center;\">Guayaquil<\/h5>\n<p class=\"\">Entregamos sus traducciones certificadas en Guayaquil, la capital de la provincia de Guayas.<\/p>\n<p class=\"\" style=\"margin-top: 20px; text-align: center;\"><a class=\"btn-color-1 btn btn-uppercase btn-pill btn-3d btn-regular\" href=\"https:\/\/www.9h05.com\/es\/traductor-oficial-en-guayaquil-ecuador\/\">ver m\u00e1s<\/a><\/p>\n<\/div>\n<\/div>\n<\/div>\n<\/div>\n<div class=\"col-md-3 col-sm-6 col-xs-12 col-lg-3\">\n<div class=\"row\" style=\"margin: 0px -15px; padding-top: 15px;\">\n<div class=\"col-md-12 col-sm-12 col-xs-12 col-lg-12\">\n<div class=\"color2-background-color color-2-text-contrast bg-background-color bg-box\">\n<p class=\"\" style=\"margin-right: -12px; margin-left: -12px; margin-top: -12px;\"><img data-recalc-dims=\"1\" decoding=\"async\" class=\"bg-img alignnone wp-image-19806 size-medium\" src=\"https:\/\/i0.wp.com\/www.9h05.com\/wp-content\/uploads\/2022\/12\/0_127_400_300.78125_5b2b2d54-b338-4812-b33c-4808dc2a1322-1024x1024.jpg?resize=400%2C300&#038;ssl=1\" alt=\"\" width=\"400\" height=\"300\" srcset=\"https:\/\/i0.wp.com\/www.9h05.com\/wp-content\/uploads\/2022\/12\/5b2b2d54-b338-4812-b33c-4808dc2a1322-scaled.jpg?w=400&amp;ssl=1 400w, https:\/\/i0.wp.com\/www.9h05.com\/wp-content\/uploads\/2022\/12\/5b2b2d54-b338-4812-b33c-4808dc2a1322-scaled.jpg?zoom=2&amp;resize=400%2C300&amp;ssl=1 800w\" sizes=\"(max-width: 400px) 100vw, 400px\" \/><\/p>\n<h5 style=\"margin-top: 20px; text-align: center;\">Cuenca<\/h5>\n<p class=\"\">Traducciones certificadas en Cuenca, provincia del Azuay.<\/p>\n<p class=\"\" style=\"margin-top: 20px; text-align: center;\"><a class=\"btn-color-1 btn btn-uppercase btn-pill btn-3d btn-regular\" href=\"https:\/\/www.9h05.com\/es\/traducciones\/certificadas\/cuenca\/\">VER M\u00c1S<\/a><\/p>\n<\/div>\n<\/div>\n<\/div>\n<\/div>\n<div class=\"col-md-3 col-sm-6 col-xs-12 col-lg-3\">\n<div class=\"row\" style=\"margin: 0px -15px; padding-top: 15px;\">\n<div class=\"col-md-12 col-sm-12 col-xs-12 col-lg-12\">\n<div class=\"color2-background-color color-2-text-contrast bg-background-color bg-box\">\n<p class=\"\" style=\"margin-right: -12px; margin-left: -12px; margin-top: -12px;\"><img data-recalc-dims=\"1\" decoding=\"async\" class=\"bg-img alignnone wp-image-22734 size-medium\" src=\"https:\/\/i0.wp.com\/www.9h05.com\/wp-content\/uploads\/2023\/01\/0_206_400_299.26650366748_traductor-certificado-banos-agua-santa-tungurahua-819x1024.jpg?resize=400%2C299&#038;ssl=1\" alt=\"\" width=\"400\" height=\"299\" srcset=\"https:\/\/i0.wp.com\/www.9h05.com\/wp-content\/uploads\/2023\/01\/traductor-certificado-banos-agua-santa-tungurahua-scaled.jpg?w=400&amp;ssl=1 400w, https:\/\/i0.wp.com\/www.9h05.com\/wp-content\/uploads\/2023\/01\/traductor-certificado-banos-agua-santa-tungurahua-scaled.jpg?zoom=2&amp;resize=400%2C299&amp;ssl=1 800w\" sizes=\"(max-width: 400px) 100vw, 400px\" \/><\/p>\n<h5 style=\"margin-top: 20px; text-align: center;\">Ba\u00f1os de Agua Santa<\/h5>\n<p class=\"\">Acceda a nuestro servicio de traducci\u00f3n jurada en Ba\u00f1os de Agua Santa, provincia de Tungurahua.<\/p>\n<p class=\"\" style=\"margin-top: 20px; text-align: center;\"><a class=\"btn-color-1 btn btn-uppercase btn-pill btn-3d btn-regular\" href=\"https:\/\/www.9h05.com\/es\/ecuador\/traducciones-certificadas-banos-agua-santa-tungurahua\/\">VER M\u00c1S<\/a><\/p>\n<\/div>\n<\/div>\n<\/div>\n<\/div>\n<div class=\"col-md-3 col-sm-6 col-xs-12 col-lg-3\">\n<div class=\"row\" style=\"margin: 0px -15px; padding-top: 15px;\">\n<div class=\"col-md-12 col-sm-12 col-xs-12 col-lg-12\">\n<div class=\"color2-background-color color-2-text-contrast bg-background-color bg-box\">\n<p class=\"\" style=\"margin-right: -12px; margin-left: -12px; margin-top: -12px;\"><img data-recalc-dims=\"1\" decoding=\"async\" class=\"bg-img alignnone wp-image-16776 size-medium\" src=\"https:\/\/i0.wp.com\/www.9h05.com\/wp-content\/uploads\/2022\/10\/basilica-quito-voto-nacional-translators-ecuador-300x225.jpg?resize=300%2C225&#038;ssl=1\" alt=\"\" width=\"300\" height=\"225\" srcset=\"https:\/\/i0.wp.com\/www.9h05.com\/wp-content\/uploads\/2022\/10\/basilica-quito-voto-nacional-translators-ecuador.jpg?resize=300%2C225&amp;ssl=1 300w, https:\/\/i0.wp.com\/www.9h05.com\/wp-content\/uploads\/2022\/10\/basilica-quito-voto-nacional-translators-ecuador.jpg?resize=768%2C576&amp;ssl=1 768w, https:\/\/i0.wp.com\/www.9h05.com\/wp-content\/uploads\/2022\/10\/basilica-quito-voto-nacional-translators-ecuador.jpg?resize=880%2C660&amp;ssl=1 880w, https:\/\/i0.wp.com\/www.9h05.com\/wp-content\/uploads\/2022\/10\/basilica-quito-voto-nacional-translators-ecuador.jpg?resize=450%2C338&amp;ssl=1 450w, https:\/\/i0.wp.com\/www.9h05.com\/wp-content\/uploads\/2022\/10\/basilica-quito-voto-nacional-translators-ecuador.jpg?w=1024&amp;ssl=1 1024w\" sizes=\"(max-width: 300px) 100vw, 300px\" \/><\/p>\n<h5 style=\"margin-top: 20px; text-align: center;\">Quito<\/h5>\n<p class=\"\">Prestamos nuestro servicio de traducci\u00f3n oficial en la ciudad de Quito, provincia de Pichincha, capital de la Rep\u00fablica del Ecuador.<\/p>\n<p class=\"\" style=\"margin-top: 20px; text-align: center;\"><a class=\"btn-color-1 btn btn-uppercase btn-pill btn-3d btn-regular\" href=\"https:\/\/www.9h05.com\/es\/traducciones-certificadas-espanol-ingles\/\">VER M\u00c1S<\/a><\/p>\n<\/div>\n<\/div>\n<\/div>\n<\/div>\n<\/div>\n<\/div>\n<\/div>\n<div class=\"color4-background-color bg-background-color tmpl-call_to_action-9 boldgrid-section dynamic-gridblock background-scroll\" style=\"color: #1d1d1d; border-width: 0px; background-image: linear-gradient(to left, rgba(238, 238, 238, 0.8), rgba(238, 238, 238, 0.8)), url('https:\/\/www.9h05.com\/wp-content\/uploads\/2023\/02\/traduccion-certificada-antecedentes-penales-ecuador-ingles-frances-quito-scaled.jpeg'); background-size: cover; background-position: 50% 50%;\" data-bg-overlaycolor=\"rgba(238, 238, 238, 0.8)\" data-image-url=\"https:\/\/www.9h05.com\/wp-content\/uploads\/2023\/02\/traduccion-certificada-antecedentes-penales-ecuador-ingles-frances-quito-scaled.jpeg\">\n<div class=\"container\">\n<div class=\"row\" style=\"padding-top: 75px;\">\n<div class=\"col-md-6 col-sm-7 col-xs-12 col-lg-6\">\n<h1 class=\"\">Documentos m\u00e1s traducidos.<\/h1>\n<p class=\"\" style=\"margin-top: 30px;\"><a class=\"btn-color-2 btn btn-small-caps btn-pill btn-raised btn-regular\" href=\"https:\/\/pay.9h05.com\">Contr\u00e1tenos<\/a><\/p>\n<\/div>\n<div class=\"col-md-6 col-sm-5 col-xs-12 col-lg-6\"><\/div>\n<\/div>\n<div class=\"row\" style=\"padding-bottom: 142px;\">\n<div class=\"col-md-6 col-sm-6 col-xs-12 col-lg-6\"><\/div>\n<div class=\"col-md-6 col-sm-6 col-xs-12 col-lg-6\"><\/div>\n<\/div>\n<div class=\"row\" style=\"padding-bottom: 25px;\">\n<div class=\"col-md-3 col-sm-6 col-xs-12 col-lg-3\">\n<div class=\"row\" style=\"margin: 0px -15px; padding-top: 15px;\">\n<div class=\"col-md-12 col-sm-12 col-xs-12 col-lg-12\">\n<div class=\"color3-background-color color-3-text-contrast bg-background-color bg-box\">\n<p class=\"\" style=\"margin-right: -12px; margin-left: -12px; margin-top: -12px;\"><img data-recalc-dims=\"1\" decoding=\"async\" class=\"bg-img alignnone wp-image-23663 size-medium\" src=\"https:\/\/i0.wp.com\/www.9h05.com\/wp-content\/uploads\/2023\/02\/92_0_400_300.11890606421_certificado-antecedentes-penales-ecuador-traduccion-ingles-frances-italiano-aleman.jpg?resize=400%2C300&#038;ssl=1\" alt=\"\" width=\"400\" height=\"300\" srcset=\"https:\/\/i0.wp.com\/www.9h05.com\/wp-content\/uploads\/2023\/02\/certificado-antecedentes-penales-ecuador-traduccion-ingles-frances-italiano-aleman.jpg?w=400&amp;ssl=1 400w, https:\/\/i0.wp.com\/www.9h05.com\/wp-content\/uploads\/2023\/02\/certificado-antecedentes-penales-ecuador-traduccion-ingles-frances-italiano-aleman.jpg?zoom=2&amp;resize=400%2C300&amp;ssl=1 800w\" sizes=\"(max-width: 400px) 100vw, 400px\" \/><\/p>\n<h5 style=\"margin-top: 20px;\">Antecedentes penales<\/h5>\n<p class=\"\">Traducimos sus certificados de antecedentes penales ecuatorianos a ingl\u00e9s o franc\u00e9s en 24h o el mismo d\u00eda<\/p>\n<p class=\"\" style=\"margin-top: 20px;\"><a class=\"btn-color-5 btn btn-small-caps btn-pill btn-raised btn-regular\" href=\"https:\/\/www.9h05.com\/es\/traducciones\/certificadas\/antecedentes-penales-ingles-frances\/\">M\u00e1s informaci\u00f3n<\/a><\/p>\n<\/div>\n<\/div>\n<\/div>\n<\/div>\n<div class=\"col-md-3 col-sm-6 col-xs-12 col-lg-3\">\n<div class=\"row\" style=\"margin: 0px -15px; padding-top: 15px;\">\n<div class=\"col-md-12 col-sm-12 col-xs-12 col-lg-12\">\n<div class=\"color3-background-color color-3-text-contrast bg-background-color bg-box\">\n<p class=\"\" style=\"margin-right: -12px; margin-left: -12px; margin-top: -12px;\"><img data-recalc-dims=\"1\" decoding=\"async\" class=\"bg-img alignnone wp-image-24262 size-medium\" src=\"https:\/\/i0.wp.com\/www.9h05.com\/wp-content\/uploads\/2023\/02\/44_0_312_234_certificado-nacimiento-ecuador.jpg?resize=312%2C234&#038;ssl=1\" alt=\"\" width=\"312\" height=\"234\"><\/p>\n<h5 style=\"margin-top: 20px;\">Acta de nacimiento<\/h5>\n<p class=\"\">Entrega el mismo d\u00eda en ingl\u00e9s o franc\u00e9s (aplican condiciones). Formato extracto, literal, certificaci\u00f3n, inscripci\u00f3n.<\/p>\n<p class=\"\" style=\"text-align: center;\"><a class=\"btn-color-5 btn btn-small-caps btn-pill btn-raised btn-regular\" href=\"https:\/\/www.9h05.com\/es\/traducciones\/certificadas\/partida-nacimiento-ecuador-ingles-frances\/\">M\u00e1s informaci\u00f3n<\/a><\/p>\n<\/div>\n<\/div>\n<\/div>\n<\/div>\n<div class=\"col-md-3 col-sm-6 col-xs-12 col-lg-3\">\n<div class=\"row\" style=\"margin: 0px -15px; padding-top: 15px;\">\n<div class=\"col-md-12 col-sm-12 col-xs-12 col-lg-12\">\n<div class=\"color3-background-color color-3-text-contrast bg-background-color bg-box\">\n<p class=\"\" style=\"margin-right: -12px; margin-left: -12px; margin-top: -12px;\"><img data-recalc-dims=\"1\" decoding=\"async\" class=\"bg-img wp-image-23625\" src=\"https:\/\/i0.wp.com\/www.9h05.com\/wp-content\/uploads\/2023\/02\/ixlibrb-0.3.5q80fmjpgcropentropycstinysrgbw400h300fitcropsda304a6d737a66e75c1809f22cdf6482.jpg?resize=400%2C300&#038;ssl=1\" width=\"400\" height=\"300\" srcset=\"https:\/\/i0.wp.com\/www.9h05.com\/wp-content\/uploads\/2023\/02\/ixlibrb-0.3.5q80fmjpgcropentropycstinysrgbw400h300fitcropsda304a6d737a66e75c1809f22cdf6482.jpg?w=400&amp;ssl=1 400w, https:\/\/i0.wp.com\/www.9h05.com\/wp-content\/uploads\/2023\/02\/ixlibrb-0.3.5q80fmjpgcropentropycstinysrgbw400h300fitcropsda304a6d737a66e75c1809f22cdf6482.jpg?resize=300%2C225&amp;ssl=1 300w\" sizes=\"(max-width: 400px) 100vw, 400px\" \/><\/p>\n<h5 style=\"margin-top: 20px;\">Acta de matrimonio<\/h5>\n<p class=\"\">Entrega el mismo d\u00eda en ingl\u00e9s, franc\u00e9s, italiano, espa\u00f1ol o portugu\u00e9s (aplican condiciones)<\/p>\n<p><a class=\"btn-color-5 btn btn-small-caps btn-pill btn-raised btn-regular\" href=\"https:\/\/www.9h05.com\/es\/traducciones\/certificadas\/acta-matrimonio-ecuador-ingles-frances-espanol-italiano-portugues\/\">M\u00e1s informaci\u00f3n<\/a><\/p>\n<p class=\"\" style=\"margin-top: 20px;\">&nbsp;<\/p>\n<\/div>\n<\/div>\n<\/div>\n<\/div>\n<div class=\"col-md-3 col-sm-6 col-xs-12 col-lg-3\">\n<div class=\"row\" style=\"margin: 0px -15px; padding-top: 15px;\">\n<div class=\"col-md-12 col-sm-12 col-xs-12 col-lg-12\">\n<div class=\"color3-background-color color-3-text-contrast bg-background-color bg-box\">\n<p class=\"\" style=\"margin-right: -12px; margin-left: -12px; margin-top: -12px;\"><img data-recalc-dims=\"1\" decoding=\"async\" class=\"bg-img alignnone wp-image-23879 size-medium\" src=\"https:\/\/i0.wp.com\/www.9h05.com\/wp-content\/uploads\/2023\/02\/108_0_400_299.69788519637_licencia-conducir-ecuador-traduccion-certficada.jpg?resize=400%2C299&#038;ssl=1\" alt=\"\" width=\"400\" height=\"299\" srcset=\"https:\/\/i0.wp.com\/www.9h05.com\/wp-content\/uploads\/2023\/02\/licencia-conducir-ecuador-traduccion-certficada.jpg?w=400&amp;ssl=1 400w, https:\/\/i0.wp.com\/www.9h05.com\/wp-content\/uploads\/2023\/02\/licencia-conducir-ecuador-traduccion-certficada.jpg?zoom=2&amp;resize=400%2C299&amp;ssl=1 800w\" sizes=\"(max-width: 400px) 100vw, 400px\" \/><\/p>\n<h5 style=\"margin-top: 20px;\">Licencia de conducir<\/h5>\n<p class=\"\">Entrega el mismo d\u00eda en ingl\u00e9s, franc\u00e9s, italiano, portugu\u00e9s o alem\u00e1n (aplican condiciones)<\/p>\n<p class=\"\" style=\"text-align: center;\"><a class=\"btn-color-5 btn btn-small-caps btn-pill btn-raised btn-regular\" href=\"https:\/\/www.9h05.com\/es\/traducciones\/certificadas\/licencia-conducir-ecuatoriana-ingles-frances-italiano-portugues\/\">M\u00e1s informaci\u00f3n<\/a><\/p>\n<p class=\"\" style=\"margin-top: 20px;\">&nbsp;<\/p>\n<\/div>\n<\/div>\n<\/div>\n<\/div>\n<\/div>\n<\/div>\n<\/div>\n<div class=\"boldgrid-section\">\n<div class=\"container\">\n<div class=\"row\">\n<div class=\"col-lg-12 col-md-12 col-xs-12 col-sm-12\">\n<p class=\"\">&nbsp;<\/p>\n<\/div>\n<\/div>\n<\/div>\n<\/div>\n","protected":false},"excerpt":{"rendered":"<p>Traducciones certificadas en todo el Ecuador CONTR\u00c1TENOS Guayaquil Entregamos sus traducciones certificadas en Guayaquil, la capital de la provincia de Guayas. ver m\u00e1s Cuenca Traducciones certificadas en Cuenca, provincia del Azuay. VER M\u00c1S Ba\u00f1os de Agua Santa Acceda a nuestro servicio de traducci\u00f3n jurada en Ba\u00f1os de Agua Santa, provincia de Tungurahua. VER M\u00c1S Quito [&hellip;]<\/p>\n","protected":false},"author":9,"featured_media":0,"parent":2069,"menu_order":0,"comment_status":"closed","ping_status":"closed","template":"template\/page\/fullwidth.php","meta":{"site-sidebar-layout":"default","site-content-layout":"default","ast-site-content-layout":"","site-content-style":"default","site-sidebar-style":"default","ast-global-header-display":"","ast-banner-title-visibility":"","ast-main-header-display":"","ast-hfb-above-header-display":"","ast-hfb-below-header-display":"","ast-hfb-mobile-header-display":"","site-post-title":"","ast-breadcrumbs-content":"","ast-featured-img":"","footer-sml-layout":"","theme-transparent-header-meta":"default","adv-header-id-meta":"","stick-header-meta":"","header-above-stick-meta":"","header-main-stick-meta":"","header-below-stick-meta":"","astra-migrate-meta-layouts":"default","ast-page-background-enabled":"default","ast-page-background-meta":{"desktop":{"background-color":"var(--ast-global-color-4)","background-image":"","background-repeat":"repeat","background-position":"center center","background-size":"auto","background-attachment":"scroll","background-type":"","background-media":"","overlay-type":"","overlay-color":"","overlay-opacity":"","overlay-gradient":""},"tablet":{"background-color":"","background-image":"","background-repeat":"repeat","background-position":"center center","background-size":"auto","background-attachment":"scroll","background-type":"","background-media":"","overlay-type":"","overlay-color":"","overlay-opacity":"","overlay-gradient":""},"mobile":{"background-color":"","background-image":"","background-repeat":"repeat","background-position":"center center","background-size":"auto","background-attachment":"scroll","background-type":"","background-media":"","overlay-type":"","overlay-color":"","overlay-opacity":"","overlay-gradient":""}},"ast-content-background-meta":{"desktop":{"background-color":"var(--ast-global-color-5)","background-image":"","background-repeat":"repeat","background-position":"center center","background-size":"auto","background-attachment":"scroll","background-type":"","background-media":"","overlay-type":"","overlay-color":"","overlay-opacity":"","overlay-gradient":""},"tablet":{"background-color":"var(--ast-global-color-5)","background-image":"","background-repeat":"repeat","background-position":"center center","background-size":"auto","background-attachment":"scroll","background-type":"","background-media":"","overlay-type":"","overlay-color":"","overlay-opacity":"","overlay-gradient":""},"mobile":{"background-color":"var(--ast-global-color-5)","background-image":"","background-repeat":"repeat","background-position":"center center","background-size":"auto","background-attachment":"scroll","background-type":"","background-media":"","overlay-type":"","overlay-color":"","overlay-opacity":"","overlay-gradient":""}},"footnotes":""},"yst_prominent_words":[],"class_list":["post-23400","page","type-page","status-publish","hentry"],"_links":{"self":[{"href":"https:\/\/www.9h05.com\/es\/wp-json\/wp\/v2\/pages\/23400","targetHints":{"allow":["GET"]}}],"collection":[{"href":"https:\/\/www.9h05.com\/es\/wp-json\/wp\/v2\/pages"}],"about":[{"href":"https:\/\/www.9h05.com\/es\/wp-json\/wp\/v2\/types\/page"}],"author":[{"embeddable":true,"href":"https:\/\/www.9h05.com\/es\/wp-json\/wp\/v2\/users\/9"}],"replies":[{"embeddable":true,"href":"https:\/\/www.9h05.com\/es\/wp-json\/wp\/v2\/comments?post=23400"}],"version-history":[{"count":7,"href":"https:\/\/www.9h05.com\/es\/wp-json\/wp\/v2\/pages\/23400\/revisions"}],"predecessor-version":[{"id":24535,"href":"https:\/\/www.9h05.com\/es\/wp-json\/wp\/v2\/pages\/23400\/revisions\/24535"}],"up":[{"embeddable":true,"href":"https:\/\/www.9h05.com\/es\/wp-json\/wp\/v2\/pages\/2069"}],"wp:attachment":[{"href":"https:\/\/www.9h05.com\/es\/wp-json\/wp\/v2\/media?parent=23400"}],"wp:term":[{"taxonomy":"yst_prominent_words","embeddable":true,"href":"https:\/\/www.9h05.com\/es\/wp-json\/wp\/v2\/yst_prominent_words?post=23400"}],"curies":[{"name":"wp","href":"https:\/\/api.w.org\/{rel}","templated":true}]}}