{"id":2036,"date":"2016-03-29T06:41:24","date_gmt":"2016-03-29T06:41:24","guid":{"rendered":"http:\/\/9h05.com\/espanol\/?page_id=2036"},"modified":"2023-01-20T12:16:41","modified_gmt":"2023-01-20T12:16:41","slug":"la-empresa","status":"publish","type":"page","link":"https:\/\/www.9h05.com\/es\/la-empresa\/","title":{"rendered":"La Empresa"},"content":{"rendered":"<div class=\"wpb-content-wrapper\"><div class=\"boldgrid-section\">\n<div class=\"container\">\n<div class=\"row\">\n<div class=\"col-lg-12 col-md-12 col-xs-12 col-sm-12\">\n<p>[vc_row css=\u00bb.vc_custom_1459233997297{padding-top: 30px !important;background-image: url(http:\/\/9h05.com\/espanol\/wp-content\/uploads\/2016\/03\/9h05-la-empresa.jpg?id=2038) !important;}\u00bb][vc_column][vc_column_text]<\/p>\n<p style=\"text-align: center;\"><a href=\"#presentacion\">Presentaci\u00f3n<\/a>&nbsp; &nbsp; &nbsp;&nbsp;<a href=\"#equipo\">Equipo<\/a>&nbsp; &nbsp; &nbsp;&nbsp;<a href=\"#idiomas\">Idiomas<\/a>&nbsp; &nbsp; &nbsp;&nbsp;<a href=\"#filosofia\">Filosof\u00eda<\/a>&nbsp; &nbsp; &nbsp;<a href=\"#name\">\u00bfPor qu\u00e9 9h05?<\/a><\/p>\n<\/div>\n<\/div>\n<\/div>\n<\/div>\n<div class=\"row bg-editor-hr-wrap\">\n<div class=\"col-lg-12 col-md-12 col-xs-12 col-sm-12\">\n<hr>\n<\/div>\n<\/div>\n<div class=\"boldgrid-section\">\n<div class=\"container\">\n<div class=\"row\">\n<div class=\"col-lg-12 col-md-12 col-xs-12 col-sm-12\">\n<p>[\/vc_column_text][vc_single_image image=\u00bb2040&#8243; img_size=\u00bblarge\u00bb alignment=\u00bbcenter\u00bb css_animation=\u00bbappear\u00bb][vc_column_text css=\u00bb.vc_custom_1593421950105{padding-top: 10px !important;padding-right: 10px !important;padding-bottom: 10px !important;padding-left: 10px !important;background-color: #ffffff !important;}\u00bb]<\/p>\n<h2 style=\"text-align: center;\">Traducci\u00f3n profesional<\/h2>\n<p>Constituida en 2009, 9h05 International es una empresa de traducci\u00f3n t\u00e9cnica, general y certificada de documentos con cobertura mundial reconocidos internacionalmente. Nos especializamos en dos ejes principales, traducciones generales (t\u00e9cnicas) y traducciones certificadas (juradas), tambi\u00e9n llamadas traducciones oficiales, tanto para personas jur\u00eddicas como para personas naturales.<\/p>\n<p>Con sedes en Estados Unidos (Miami), Ecuador (Quito), Reino Unido (Londres), Francia (Burdeos), Espa\u00f1a (Zaragoza) y S\u00eddney (Australia), cubrimos 3 continentes, 6 pa\u00edses con 17 idiomas y m\u00e1s de 100 combinaciones de idiomas.<\/p>\n<p>Nuestros idiomas: espa\u00f1ol, ingl\u00e9s, franc\u00e9s, alem\u00e1n, portugu\u00e9s, italiano, neerland\u00e9s, ruso, rumano, polaco, catal\u00e1n, kichwa, gallego, hindi, \u00e1rabe, noruego y chino (mandar\u00edn).<\/p>\n<p>Contamos con personal altamente calificado y certificaciones internacionales de traducci\u00f3n (EN-15038:2006 y ASTM F2575). Somos miembro corporativo de la ATA &#8211;&nbsp;<em>American Translators Association&nbsp;<\/em>bajo el n\u00famero 264890.[\/vc_column_text][\/vc_column][\/vc_row][vc_row el_id=\u00bbequipo\u00bb css=\u00bb.vc_custom_1459261051439{padding-top: 20px !important;padding-bottom: 20px !important;}\u00bb][vc_column][team_carousel posts_nr=\u00bb30&#8243; lightbox=\u00bbno\u00bb][\/vc_column][\/vc_row][vc_row el_id=\u00bbidiomas\u00bb css=\u00bb.vc_custom_1459261066640{padding-top: 30px !important;background-image: url(http:\/\/9h05.com\/espanol\/wp-content\/uploads\/2016\/03\/9h05-idiomas-quito.jpg?id=2043) !important;}\u00bb][vc_column][special_heading title=\u00bbIdiomas\u00bb subtitle=\u00bb6 zonas, 17 idiomas:\u00bb][vc_row_inner][vc_column_inner width=\u00bb1\/3&#8243;][vc_cta h2=\u00bbZona 1&#8243; txt_align=\u00bbcenter\u00bb shape=\u00bbsquare\u00bb]<\/p>\n<\/div>\n<\/div>\n<\/div>\n<\/div>\n<figure id=\"attachment_2042\" aria-describedby=\"caption-attachment-2042\" style=\"width: 300px\" class=\"wp-caption alignnone\"><img data-recalc-dims=\"1\" decoding=\"async\" class=\"wp-image-2042 size-medium\" title=\"traducciones-certificadas-en-quito\" src=\"https:\/\/i0.wp.com\/www.9h05.com\/wp-content\/uploads\/2016\/03\/9h05-zona1-idiomas.jpg?resize=300%2C250&#038;ssl=1\" alt=\"9h05-zona1-idiomas\" width=\"300\" height=\"250\" srcset=\"https:\/\/i0.wp.com\/www.9h05.com\/wp-content\/uploads\/2016\/03\/9h05-zona1-idiomas.jpg?resize=300%2C250&amp;ssl=1 300w, https:\/\/i0.wp.com\/www.9h05.com\/wp-content\/uploads\/2016\/03\/9h05-zona1-idiomas.jpg?w=600&amp;ssl=1 600w, https:\/\/i0.wp.com\/www.9h05.com\/wp-content\/uploads\/2016\/03\/9h05-zona1-idiomas.jpg?resize=450%2C375&amp;ssl=1 450w\" sizes=\"(max-width: 300px) 100vw, 300px\" \/><figcaption id=\"caption-attachment-2042\" class=\"wp-caption-text\">Traducciones certificadas en Quito<\/figcaption><\/figure>\n<div class=\"boldgrid-section\">\n<div class=\"container\">\n<div class=\"row\">\n<div class=\"col-lg-12 col-md-12 col-xs-12 col-sm-12\">\n<p>Espa\u00f1ol<\/p>\n<p>Ingl\u00e9s<\/p>\n<p>Franc\u00e9s<\/p>\n<p>Lat\u00edn[\/vc_cta][\/vc_column_inner][vc_column_inner width=\u00bb1\/3&#8243;][vc_cta h2=\u00bbZona 2&#8243; txt_align=\u00bbcenter\u00bb shape=\u00bbsquare\u00bb]<img data-recalc-dims=\"1\" decoding=\"async\" class=\"alignnone size-medium wp-image-2048\" src=\"https:\/\/i0.wp.com\/9h05.com\/espanol\/wp-content\/uploads\/2016\/03\/9h05-zona2-idiomas-300x250.jpg?resize=300%2C250\" alt=\"9h05-zona2-idiomas\" width=\"300\" height=\"250\" srcset=\"https:\/\/i0.wp.com\/www.9h05.com\/wp-content\/uploads\/2016\/03\/9h05-zona2-idiomas.jpg?resize=300%2C250&amp;ssl=1 300w, https:\/\/i0.wp.com\/www.9h05.com\/wp-content\/uploads\/2016\/03\/9h05-zona2-idiomas.jpg?w=600&amp;ssl=1 600w, https:\/\/i0.wp.com\/www.9h05.com\/wp-content\/uploads\/2016\/03\/9h05-zona2-idiomas.jpg?resize=450%2C375&amp;ssl=1 450w\" sizes=\"(max-width: 300px) 100vw, 300px\" \/><\/p>\n<p>Alem\u00e1n<\/p>\n<p>Portugu\u00e9s<\/p>\n<p>Italiano[\/vc_cta][\/vc_column_inner][vc_column_inner width=\u00bb1\/3&#8243;][vc_cta h2=\u00bbZona 3&#8243; txt_align=\u00bbcenter\u00bb shape=\u00bbsquare\u00bb]<img data-recalc-dims=\"1\" decoding=\"async\" class=\"alignnone size-medium wp-image-2050\" src=\"https:\/\/i0.wp.com\/9h05.com\/espanol\/wp-content\/uploads\/2016\/03\/9h05-zona3-idiomas-300x250.jpg?resize=300%2C250\" alt=\"9h05-zona3-idiomas\" width=\"300\" height=\"250\" srcset=\"https:\/\/i0.wp.com\/www.9h05.com\/wp-content\/uploads\/2016\/03\/9h05-zona3-idiomas.jpg?resize=300%2C250&amp;ssl=1 300w, https:\/\/i0.wp.com\/www.9h05.com\/wp-content\/uploads\/2016\/03\/9h05-zona3-idiomas.jpg?w=600&amp;ssl=1 600w, https:\/\/i0.wp.com\/www.9h05.com\/wp-content\/uploads\/2016\/03\/9h05-zona3-idiomas.jpg?resize=450%2C375&amp;ssl=1 450w\" sizes=\"(max-width: 300px) 100vw, 300px\" \/><\/p>\n<p>Ruso<\/p>\n<p>Neerland\u00e9s<\/p>\n<p>Rumano<\/p>\n<p>Polaco[\/vc_cta][\/vc_column_inner][\/vc_row_inner][vc_row_inner][vc_column_inner width=\u00bb1\/3&#8243;][vc_cta h2=\u00bbZona 4&#8243; txt_align=\u00bbcenter\u00bb shape=\u00bbsquare\u00bb]<img data-recalc-dims=\"1\" decoding=\"async\" class=\"alignnone size-medium wp-image-2051\" src=\"https:\/\/i0.wp.com\/9h05.com\/espanol\/wp-content\/uploads\/2016\/03\/9h05-zona4-idiomas-300x250.jpg?resize=300%2C250\" alt=\"9h05-zona4-idiomas\" width=\"300\" height=\"250\" srcset=\"https:\/\/i0.wp.com\/www.9h05.com\/wp-content\/uploads\/2016\/03\/9h05-zona4-idiomas.jpg?resize=300%2C250&amp;ssl=1 300w, https:\/\/i0.wp.com\/www.9h05.com\/wp-content\/uploads\/2016\/03\/9h05-zona4-idiomas.jpg?w=600&amp;ssl=1 600w, https:\/\/i0.wp.com\/www.9h05.com\/wp-content\/uploads\/2016\/03\/9h05-zona4-idiomas.jpg?resize=450%2C375&amp;ssl=1 450w\" sizes=\"(max-width: 300px) 100vw, 300px\" \/><\/p>\n<p>Kichwa (unificado de Ecuador)<\/p>\n<p>Catal\u00e1n<\/p>\n<p>Gallego[\/vc_cta][\/vc_column_inner][vc_column_inner width=\u00bb1\/3&#8243;][vc_cta h2=\u00bbZona 5&#8243; txt_align=\u00bbcenter\u00bb shape=\u00bbsquare\u00bb]<img data-recalc-dims=\"1\" decoding=\"async\" class=\"alignnone size-medium wp-image-2052\" src=\"https:\/\/i0.wp.com\/9h05.com\/espanol\/wp-content\/uploads\/2016\/03\/9h05-zona5-idiomas-300x250.jpg?resize=300%2C250\" alt=\"9h05-zona5-idiomas\" width=\"300\" height=\"250\" srcset=\"https:\/\/i0.wp.com\/www.9h05.com\/wp-content\/uploads\/2016\/03\/9h05-zona5-idiomas.jpg?resize=300%2C250&amp;ssl=1 300w, https:\/\/i0.wp.com\/www.9h05.com\/wp-content\/uploads\/2016\/03\/9h05-zona5-idiomas.jpg?w=600&amp;ssl=1 600w, https:\/\/i0.wp.com\/www.9h05.com\/wp-content\/uploads\/2016\/03\/9h05-zona5-idiomas.jpg?resize=450%2C375&amp;ssl=1 450w\" sizes=\"(max-width: 300px) 100vw, 300px\" \/><\/p>\n<p>Hindi<\/p>\n<p>\u00c1rabe<\/p>\n<p>Noruego[\/vc_cta][\/vc_column_inner][vc_column_inner width=\u00bb1\/3&#8243;][vc_cta h2=\u00bbZona 6&#8243; txt_align=\u00bbcenter\u00bb shape=\u00bbsquare\u00bb]<img data-recalc-dims=\"1\" decoding=\"async\" class=\"alignnone size-medium wp-image-2053\" src=\"https:\/\/i0.wp.com\/9h05.com\/espanol\/wp-content\/uploads\/2016\/03\/9h05-zona6-idiomas-300x250.jpg?resize=300%2C250\" alt=\"9h05-zona6-idiomas\" width=\"300\" height=\"250\" srcset=\"https:\/\/i0.wp.com\/www.9h05.com\/wp-content\/uploads\/2016\/03\/9h05-zona6-idiomas.jpg?resize=300%2C250&amp;ssl=1 300w, https:\/\/i0.wp.com\/www.9h05.com\/wp-content\/uploads\/2016\/03\/9h05-zona6-idiomas.jpg?w=600&amp;ssl=1 600w, https:\/\/i0.wp.com\/www.9h05.com\/wp-content\/uploads\/2016\/03\/9h05-zona6-idiomas.jpg?resize=450%2C375&amp;ssl=1 450w\" sizes=\"(max-width: 300px) 100vw, 300px\" \/><\/p>\n<p>Chino<\/p>\n<p>(mandar\u00edn)[\/vc_cta][\/vc_column_inner][\/vc_row_inner][vc_row_inner][vc_column_inner][vc_empty_space][vc_column_text]<\/p>\n<p style=\"text-align: center;\"><strong><span style=\"color: #ffffff;\">VIDEO DE PRESENTACI\u00d3N<\/span><\/strong><\/p>\n<p>[\/vc_column_text][vc_column_text]<\/p>\n<p style=\"text-align: center;\"><iframe src=\"https:\/\/www.youtube.com\/embed\/97QZC4CE84o\" width=\"853\" height=\"480\" frameborder=\"0\" allowfullscreen=\"allowfullscreen\"><\/iframe><\/p>\n<p>[\/vc_column_text][vc_empty_space][\/vc_column_inner][\/vc_row_inner][\/vc_column][\/vc_row][vc_row full_height=\u00bbyes\u00bb el_id=\u00bbfilosofia\u00bb color_scheme=\u00bbwhite\u00bb css=\u00bb.vc_custom_1461778337060{padding-top: 30px !important;padding-bottom: 30px !important;background-image: url(http:\/\/9h05.com\/espanol\/wp-content\/uploads\/2016\/03\/9h05-folosofia-manifiesto.jpg?id=2057) !important;}\u00bb][vc_column][special_heading title=\u00bbFILOSOF\u00cdA\u00bb subtitle=\u00bb\u00bb][vc_tta_pageable no_fill_content_area=\u00bb1&#8243; active_section=\u00bb1&#8243; pagination_style=\u00bbflat-square\u00bb el_class=\u00bbfilosofia\u00bb][vc_tta_section title=\u00bbMANIFIESTO\u00bb tab_id=\u00bb1459235662215-f66f0594-8f8a\u00bb el_class=\u00bbfilosofia2&#8243;][vc_column_text css=\u00bb.vc_custom_1459238060373{padding-top: 10px !important;padding-right: 10px !important;padding-bottom: 10px !important;padding-left: 10px !important;}\u00bb]<\/p>\n<p style=\"text-align: center;\">MANIFIESTO<\/p>\n<p>9h05. Ni un minuto m\u00e1s. Ya s\u00f3lo el nombre de la agencia 9h05 delata nuestro af\u00e1n de puntualidad. Porque vuelan las palabras, porque viajan, porque migran. He aqu\u00ed el motivo de nuestro compromiso, empezando por nuestro nombre, para cumplir con nuestra palabra.[\/vc_column_text][\/vc_tta_section][vc_tta_section title=\u00bbINTRODUCCI\u00d3N\u00bb tab_id=\u00bb1459235586861-e70a4b8d-c236&#8243;][vc_column_text css=\u00bb.vc_custom_1459238075178{padding-top: 10px !important;padding-right: 10px !important;padding-bottom: 10px !important;padding-left: 10px !important;}\u00bb]<\/p>\n<p style=\"text-align: center;\">INTRODUCCI\u00d3N<\/p>\n<p>Resultar\u00eda in\u00fatil seguir pregunt\u00e1ndose si la globalizaci\u00f3n es ben\u00e9fica o si contribuye a destruir el mundo: es un hecho, un hecho que se nos escapa y con el que debemos acomodarnos. Numerosas veces se nos presenta la ocasi\u00f3n de intercambiar con el exterior: siendo adolescente o adulto joven, son los intercambios, los viajes, las primeras experiencias profesionales, el descubrimiento de otras formas de concebir la vida. Y, luego, en el trabajo en empresa, en las administraciones, en el mundo de los negocios\u2026 no existe ning\u00fan sector que no guarde relaci\u00f3n con las relaciones internacionales. Es imprescindible prepararse para dar una respuesta a esta constante demanda de internacionalizaci\u00f3n y de apertura no tanto hacia el mundo, como hacia el futuro. Aquellos que consideren esto indigno de atenci\u00f3n se quedan atr\u00e1s, rebasados por la impresionante velocidad con la que todo, absolutamente todo evoluciona.[\/vc_column_text][\/vc_tta_section][vc_tta_section title=\u00bbNUESTRO COMPROMISO CONTIGO\u00bb tab_id=\u00bb1459235586960-55f71756-5299&#8243;][vc_column_text css=\u00bb.vc_custom_1460582499911{padding-top: 10px !important;padding-right: 10px !important;padding-bottom: 10px !important;padding-left: 10px !important;}\u00bb]<\/p>\n<p style=\"text-align: center;\">NUESTRO COMPROMISO CONTIGO<\/p>\n<p>Por eso, partiendo de esta observaci\u00f3n, la agencia de traducci\u00f3n 9h05 establece un compromiso contigo, para garantizarte no s\u00f3lo la calidad y eficiencia de los documentos que nos encargas, sino tambi\u00e9n para proponerte una gama de productos de alto rendimiento constantemente adaptados al mundo que nos rodea, para nunca ir rezagados.<br \/>\nLos productos de 9h05 se organizan alrededor de tres ejes fundamentales:<\/p>\n<p>[button label=\u00bbTraducciones t\u00e9cnicas y comerciales\u00bb url=\u00bb#\u00bb color=\u00bbaccent, white, green, orange, red, blue, light-blue, dark, black\u00bb size=\u00bblarge\u00bb]<\/p>\n<p>[button label=\u00bbTraducciones juradas reconocidas a nivel mundial\u00bb url=\u00bb#\u00bb color=\u00bbaccent, white, green, orange, red, blue, light-blue, dark, black\u00bb size=\u00bblarge\u00bb]<\/p>\n<p>[button label=\u00bbServicios de alto valor agregado\u00bb url=\u00bb#\u00bb color=\u00bbaccent, white, green, orange, red, blue, light-blue, dark, black\u00bb size=\u00bblarge\u00bb]<\/p>\n<p>Sin duda alguna, la claridad&nbsp;es una de las m\u00e1s importantes tarjetas de presentaci\u00f3n de una entidad, por lo que publicamos tanto nuestras tarifas como nuestros m\u00e9todos de trabajo y las evaluaciones de nuestros clientes.<\/p>\n<p>Sin embargo, nuestra claridad&nbsp;no significa que publicaremos tus datos y sus proyectos. M\u00e1s bien, es todo lo contrario. 9h05 considera que cada documento entregado es confidencial y se compromete a no revelar ni una palabra, ni una letra, ni una coma.[\/vc_column_text][\/vc_tta_section][vc_tta_section title=\u00bbNUESTROS PRODUCTOS\u00bb tab_id=\u00bb1459236254180-69dd39ff-1f6c\u00bb][vc_column_text]<\/p>\n<p style=\"text-align: center;\">NUESTROS PRODUCTOS<\/p>\n<p>Nuestros productos est\u00e1n dise\u00f1ados para satisfacer las expectativas de los clientes. Esto significa que tienen suficiente flexibilidad para cumplir con todas las exigencias, aunque son lo suficientemente robustos para garantizar calidad, eficiencia y reciprocidad (sistema QER).[\/vc_column_text][\/vc_tta_section][vc_tta_section title=\u00bbUNA ALTERNATIVA INNOVADORA\u00bb tab_id=\u00bb1459236317620-320fe5b2-53c1&#8243;][vc_column_text]<\/p>\n<p style=\"text-align: center;\">UNA ALTERNATIVA INNOVADORA<\/p>\n<p>En 9h05, monetizamos tus documentos gracias a nuestra perspectiva tanto multiling\u00fce como integral. Nuestra estrategia reposa en un sistema innovador de traducci\u00f3n basado en la localizaci\u00f3n (adaptaci\u00f3n del contenido al idioma y cultura espec\u00edficos de determinado pa\u00eds), la potencializaci\u00f3n verbal (para multiplicar el impacto en el receptor) y, nuestra filosof\u00eda, la sencillez. \u00bfPara qu\u00e9 complicarlo todo si la sencillez es mucho m\u00e1s eficiente?<br \/>\nNuestra agencia de traducci\u00f3n estableci\u00f3 un sistema de benchmark para evidenciar los indicadores de \u00e9xito de los proyectos que se nos encarga, para que cada uno de nuestros clientes pueda darse cuenta de la eficiencia de nuestro trabajo.<br \/>\nNuestro trabajo consiste, ante todo, en superar sus expectativas mediante una estrategia de rentabilizaci\u00f3n ling\u00fc\u00edstica integral apoyada en servicios de fuerte valor agregado. Todo esto cumpliendo con nuestros compromisos, siempre.[\/vc_column_text][\/vc_tta_section][vc_tta_section title=\u00bbADAPTACI\u00d3N A TU PRESUPUESTO\u00bb tab_id=\u00bb1459236365428-cdd188d8-9c71&#8243;][vc_column_text]<\/p>\n<p style=\"text-align: center;\">ADAPTACI\u00d3N A TU PRESUPUESTO<\/p>\n<p>Esforz\u00e1ndose por satisfacer la mayor parte de las solicitudes recibidas, 9h05 desarroll\u00f3 un sistema de producci\u00f3n adaptado al presupuesto de cada uno de sus clientes. De esta manera, &nbsp;en&nbsp;cada presupuesto&nbsp;tienes&nbsp;cuatro opciones tarifarias distintas dependiendo del tiempo de trabajo del que dispones.<\/p>\n<p>Este concepto est\u00e1 supeditado a un principio sencillo: cuanto m\u00e1s urgente el proyecto, mayor la tarifa. Por lo contrario, cuanto m\u00e1s tiempo tengamos para trabajar en el proyecto, m\u00e1s ahorros representa para usted. Con nosotros, no hay ning\u00fan otro par\u00e1metro para el c\u00e1lculo del costo de un proyecto, sino el tiempo. Consulta nuestras <a href=\"https:\/\/www.9h05.com\/wa_files\/9h05-rates.pdf\">tarifas en l\u00ednea<\/a>, calc\u00falalas con nuestra <a href=\"https:\/\/pay.9h05.com\/\">Calculadora de tarifas<\/a> o <a href=\"https:\/\/9h05.com\/contacto\/\">solic\u00edtanos una cotizaci\u00f3n gratuita<\/a>.[\/vc_column_text][\/vc_tta_section][vc_tta_section title=\u00bbNORMALIZACI\u00d3N INTERNACIONAL\u00bb tab_id=\u00bb1459236420611-615acb06-4729&#8243;][vc_column_text]<\/p>\n<p style=\"text-align: center;\">NORMALIZACI\u00d3N INTERNACIONAL<\/p>\n<p>Nuestro trabajo cumple al pie de la letra las normas internacionales de traducci\u00f3n m\u00e1s estrictas, en especial la norma UNE EN-15038:2006 (Europa) y los est\u00e1ndares de calidad ASTM F2575 (Estados Unidos). \u00bfPara qu\u00e9? Para garantizarte un trabajo esmerado, pulido, bien hecho. Para ganarnos tu satisfacci\u00f3n total, as\u00ed de sencillo.<\/p>\n<p style=\"text-align: right;\">El equipo de 9h05.<\/p>\n<p>[\/vc_column_text][\/vc_tta_section][\/vc_tta_pageable][\/vc_column][\/vc_row][vc_row full_height=\u00bbyes\u00bb el_id=\u00bbname\u00bb color_scheme=\u00bbwhite\u00bb css=\u00bb.vc_custom_1461778343974{padding-top: 30px !important;padding-bottom: 30px !important;background-image: url(https:\/\/9h05.com\/wp-content\/uploads\/2016\/03\/9h05-goodies-translation-agency-1.jpg?id=2574) !important;}\u00bb][vc_column][special_heading title=\u00bb\u00bfPOR QU\u00c9 NOS LLAMAMOS 9H05?\u00bb subtitle=\u00bb\u00bb][vc_column_text]<\/p>\n<h4><span style=\"color: #ffffff;\">\u00bfPor qu\u00e9 nos llamamos 9h05?<\/span><\/h4>\n<p><span style=\"color: #ffffff;\"><strong>9h05 est\u00e1 compuesto de tres cifras:<\/strong> 9, 0 y 5. En esta serie, el 0, elemento de representaci\u00f3n de los ciclos, es la uni\u00f3n de las otras dos cifras.<\/span><\/p>\n<p><span style=\"color: #ffffff;\"><strong>El n\u00famero 9 se refiere a las nueve musas griegas,<\/strong> hijas de Zeus, que simbolizaban las diferentes artes de la \u00e9poca cl\u00e1sica: poes\u00eda, historia, eleg\u00eda, m\u00fasica, tragedia, ret\u00f3rica, comedia, danza, astronom\u00eda.<\/span><\/p>\n<p><span style=\"color: #ffffff;\"><strong>Y hablando de tiempo,<\/strong> el noveno mes del a\u00f1o es septiembre: viene marcado por el paso del verano al oto\u00f1o, una estaci\u00f3n que simboliza la sabidur\u00eda, la experiencia y la madurez.<\/span><\/p>\n<p><span style=\"color: #ffffff;\"><strong>En la \u00e9poca del mundo hel\u00e9nico,<\/strong> las horas eran diosas. As\u00ed, la diosa de la novena hora era Act\u00e9, que simbolizaba el renacimiento.<\/span><\/p>\n<p><span style=\"color: #ffffff;\"><strong>El quinto mes del a\u00f1o es mayo,<\/strong> que corresponde a la primavera, es el momento del renacimiento: las flores vuelven a florecer, los \u00e1rboles vuelven a ser frondosos, la naturaleza revive.<\/span><\/p>\n<p><span style=\"color: #ffffff;\"><strong>As\u00ed, el n\u00famero 5 se refiere a las cinco bellas artes<\/strong> actuales: pintura, escultura, m\u00fasica, poes\u00eda y danza.<\/span><\/p>\n<p><span style=\"color: #ffffff;\"><strong>La combinaci\u00f3n del 9 y del 5 tiene por esencia la perpetuaci\u00f3n del conocimiento<\/strong> en varios planos. Perpetuaci\u00f3n temporal, por una parte, y perpetuaci\u00f3n m\u00e1s all\u00e1 de los idiomas, por otra parte.<\/span><\/p>\n<p><span style=\"color: #ffffff;\"><strong>La justificaci\u00f3n te\u00f3rica de esta voluntad de perpetuaci\u00f3n<\/strong> encuentra su fundamento en la labor hecha por los \u00e1rabes en el rescate del pensamiento griego cl\u00e1sico tal y como lo conocemos ahora.<\/span><\/p>\n<p><span style=\"color: #ffffff;\"><strong>Los \u00e1rabes del siglo VIII emprendieron un trabajo de divulgaci\u00f3n<\/strong> de la ciencia y conocimiento griego en Bagdad a trav\u00e9s de traducciones del griego al \u00e1rabe de los trabajos de afamados pensadores cl\u00e1sicos griegos.<\/span><\/p>\n<p><span style=\"color: #ffffff;\"><strong>Numerosos manuscritos griegos se perdieron en el tiempo,<\/strong> y con ellos, las ideas que ten\u00edan. El oscurantismo de la Edad Media despreciaba las teor\u00edas formuladas por los cl\u00e1sicos y las hundieron en el olvido.<\/span><\/p>\n<p><span style=\"color: #ffffff;\"><strong>A finales del Medioevo y principios del Renacimiento,<\/strong> se produjo un resurgir del mundo cl\u00e1sico. Gran parte del conocimiento que se ten\u00eda de los fil\u00f3sofos y pensadores griegos se recuper\u00f3 a trav\u00e9s de las traducciones hechas por los \u00e1rabes.<\/span><\/p>\n<p><span style=\"color: #ffffff;\"><strong>Con este postulado, 9h05 integra la experiencia a la innovaci\u00f3n, asocia el conocimiento con el arte, y combina la madurez con el dinamismo.<\/strong><\/span>[\/vc_column_text][vc_btn title=\u00bbCONTRATAR NUESTROS SERVICIOS\u00bb style=\u00bb3d\u00bb color=\u00bbinfo\u00bb align=\u00bbcenter\u00bb i_align=\u00bbright\u00bb i_icon_fontawesome=\u00bbfa fa-cart-plus\u00bb add_icon=\u00bbtrue\u00bb link=\u00bburl:https%3A%2F%2Fwww.9h05.com%2Fproforma%2F||\u00bb][\/vc_column][\/vc_row]<\/p>\n<\/div>\n<\/div>\n<\/div>\n<\/div>\n<\/div>","protected":false},"excerpt":{"rendered":"<p>[vc_row css=\u00bb.vc_custom_1459233997297{padding-top: 30px !important;background-image: url(http:\/\/9h05.com\/espanol\/wp-content\/uploads\/2016\/03\/9h05-la-empresa.jpg?id=2038) !important;}\u00bb][vc_column][vc_column_text] Presentaci\u00f3n&nbsp; &nbsp; &nbsp;&nbsp;Equipo&nbsp; &nbsp; &nbsp;&nbsp;Idiomas&nbsp; &nbsp; &nbsp;&nbsp;Filosof\u00eda&nbsp; &nbsp; &nbsp;\u00bfPor qu\u00e9 9h05? [\/vc_column_text][vc_single_image image=\u00bb2040&#8243; img_size=\u00bblarge\u00bb alignment=\u00bbcenter\u00bb css_animation=\u00bbappear\u00bb][vc_column_text css=\u00bb.vc_custom_1593421950105{padding-top: 10px !important;padding-right: 10px !important;padding-bottom: 10px !important;padding-left: 10px !important;background-color: #ffffff !important;}\u00bb] Traducci\u00f3n profesional Constituida en 2009, 9h05 International es una empresa de traducci\u00f3n t\u00e9cnica, general y certificada de documentos con cobertura mundial reconocidos [&hellip;]<\/p>\n","protected":false},"author":9,"featured_media":0,"parent":0,"menu_order":0,"comment_status":"closed","ping_status":"closed","template":"","meta":{"site-sidebar-layout":"no-sidebar","site-content-layout":"plain-container","ast-site-content-layout":"","site-content-style":"default","site-sidebar-style":"default","ast-global-header-display":"","ast-banner-title-visibility":"","ast-main-header-display":"","ast-hfb-above-header-display":"","ast-hfb-below-header-display":"","ast-hfb-mobile-header-display":"","site-post-title":"disabled","ast-breadcrumbs-content":"","ast-featured-img":"disabled","footer-sml-layout":"","theme-transparent-header-meta":"default","adv-header-id-meta":"","stick-header-meta":"","header-above-stick-meta":"","header-main-stick-meta":"","header-below-stick-meta":"","astra-migrate-meta-layouts":"default","ast-page-background-enabled":"default","ast-page-background-meta":{"desktop":{"background-color":"var(--ast-global-color-4)","background-image":"","background-repeat":"repeat","background-position":"center center","background-size":"auto","background-attachment":"scroll","background-type":"","background-media":"","overlay-type":"","overlay-color":"","overlay-opacity":"","overlay-gradient":""},"tablet":{"background-color":"","background-image":"","background-repeat":"repeat","background-position":"center center","background-size":"auto","background-attachment":"scroll","background-type":"","background-media":"","overlay-type":"","overlay-color":"","overlay-opacity":"","overlay-gradient":""},"mobile":{"background-color":"","background-image":"","background-repeat":"repeat","background-position":"center center","background-size":"auto","background-attachment":"scroll","background-type":"","background-media":"","overlay-type":"","overlay-color":"","overlay-opacity":"","overlay-gradient":""}},"ast-content-background-meta":{"desktop":{"background-color":"var(--ast-global-color-5)","background-image":"","background-repeat":"repeat","background-position":"center center","background-size":"auto","background-attachment":"scroll","background-type":"","background-media":"","overlay-type":"","overlay-color":"","overlay-opacity":"","overlay-gradient":""},"tablet":{"background-color":"var(--ast-global-color-5)","background-image":"","background-repeat":"repeat","background-position":"center center","background-size":"auto","background-attachment":"scroll","background-type":"","background-media":"","overlay-type":"","overlay-color":"","overlay-opacity":"","overlay-gradient":""},"mobile":{"background-color":"var(--ast-global-color-5)","background-image":"","background-repeat":"repeat","background-position":"center center","background-size":"auto","background-attachment":"scroll","background-type":"","background-media":"","overlay-type":"","overlay-color":"","overlay-opacity":"","overlay-gradient":""}},"footnotes":""},"yst_prominent_words":[],"class_list":["post-2036","page","type-page","status-publish","hentry"],"_links":{"self":[{"href":"https:\/\/www.9h05.com\/es\/wp-json\/wp\/v2\/pages\/2036","targetHints":{"allow":["GET"]}}],"collection":[{"href":"https:\/\/www.9h05.com\/es\/wp-json\/wp\/v2\/pages"}],"about":[{"href":"https:\/\/www.9h05.com\/es\/wp-json\/wp\/v2\/types\/page"}],"author":[{"embeddable":true,"href":"https:\/\/www.9h05.com\/es\/wp-json\/wp\/v2\/users\/9"}],"replies":[{"embeddable":true,"href":"https:\/\/www.9h05.com\/es\/wp-json\/wp\/v2\/comments?post=2036"}],"version-history":[{"count":2,"href":"https:\/\/www.9h05.com\/es\/wp-json\/wp\/v2\/pages\/2036\/revisions"}],"predecessor-version":[{"id":23184,"href":"https:\/\/www.9h05.com\/es\/wp-json\/wp\/v2\/pages\/2036\/revisions\/23184"}],"wp:attachment":[{"href":"https:\/\/www.9h05.com\/es\/wp-json\/wp\/v2\/media?parent=2036"}],"wp:term":[{"taxonomy":"yst_prominent_words","embeddable":true,"href":"https:\/\/www.9h05.com\/es\/wp-json\/wp\/v2\/yst_prominent_words?post=2036"}],"curies":[{"name":"wp","href":"https:\/\/api.w.org\/{rel}","templated":true}]}}