{"id":8271,"date":"2020-05-14T22:33:13","date_gmt":"2020-05-14T22:33:13","guid":{"rendered":"https:\/\/www.9h05.com\/sworn-spanish-french-english-translations-in-bordeaux\/"},"modified":"2023-02-05T13:56:46","modified_gmt":"2023-02-05T13:56:46","slug":"sworn-spanish-french-english-translations-in-bordeaux","status":"publish","type":"page","link":"https:\/\/www.9h05.com\/en\/sworn-spanish-french-english-translations-in-bordeaux\/","title":{"rendered":"Sworn Spanish-French-English translations in Bordeaux"},"content":{"rendered":"<div class=\"wpb-content-wrapper\"><p>[vc_row][vc_column][rev_slider_vc alias=&#8221;home-asserm-en-yfr&#8221;][\/vc_column][\/vc_row][vc_row el_id=&#8221;header-items&#8221;][vc_column width=&#8221;1\/2&#8243; css=&#8221;.vc_custom_1503127415170{background-color: #1e73be !important;}&#8221;][icon_box title=&#8221;Traducciones oficiales de ingl\u00e9s para particulares&#8221; text=&#8221;Mande a traducir sus documentos personales (estado civil, identificaci\u00f3n, etc.), sus documentos financieros (banca, seguros, pr\u00e9stamos, actas notariales, etc.) u otros documentos oficiales con destino a pa\u00edses angl\u00f3fonos.&#8221; style=&#8221;centered&#8221; icon_type=&#8221;typicons&#8221; icon_typicons=&#8221;typcn typcn-device-desktop&#8221;][\/vc_column][vc_column width=&#8221;1\/2&#8243; css=&#8221;.vc_custom_1503127432844{background-color: #377fbf !important;}&#8221;][icon_box title=&#8221;Traducciones oficiales t\u00e9cnicas de ingl\u00e9s para empresas&#8221; text=&#8221;Mande a traducir sus documentos empresariales (registro mercantil, estatutos, constituci\u00f3n, etc.) as\u00ed como sus documentos financieros (estados financieros, auditor\u00edas, adquisiciones, etc.) y todo documento que le exijan en el extranjero.&#8221; style=&#8221;centered&#8221; icon_type=&#8221;typicons&#8221; icon_typicons=&#8221;typcn typcn-pencil&#8221;][\/vc_column][\/vc_row][vc_row][vc_column][vc_empty_space height=&#8221;80px&#8221;][\/vc_column][\/vc_row][vc_row][vc_column width=&#8221;1\/2&#8243;][vc_single_image image=&#8221;7127&#8243; img_size=&#8221;full&#8221; alignment=&#8221;center&#8221;][\/vc_column][vc_column width=&#8221;1\/2&#8243;][vc_empty_space][vc_column_text]&lt;strong&gt;Su socio ling\u00fc\u00edstico en Burdeos&lt;\/strong&gt;<\/p>\n<p>&lt;strong&gt;Conf\u00ede en 9h05 para sus traducciones oficiales de ingl\u00e9s en Burdeos&lt;\/strong&gt;<\/p>\n<p>&lt;ul&gt;<\/p>\n<p>&lt;li&gt;Para establecer su domicilio fiscal a efectos tributarios,&lt;\/li&gt;<\/p>\n<p>&lt;li&gt;Para legalizar toda situaci\u00f3n ante las autoridades competentes,&lt;\/li&gt;<\/p>\n<p>&lt;li&gt;Para declarar la venta de un bien inmobiliario en el extranjero,&lt;\/li&gt;<\/p>\n<p>&lt;li&gt;Para justificar transacciones con su banco,&lt;\/li&gt;<\/p>\n<p>&lt;li&gt;Para hacer valer sus derechos en el extranjero,&lt;\/li&gt;<\/p>\n<p>&lt;li&gt;Para estudiar en la universidad de sus sue\u00f1os,&lt;\/li&gt;<\/p>\n<p>&lt;li&gt;Para un matrimonio, para un nacimiento, para una defunci\u00f3n\u2026 &lt;\/li&gt;<\/p>\n<p>&lt;\/ul&gt;<\/p>\n<p>Existen numerosas situaciones en las que es necesario contar con los servicios de un traductor jurado franc\u00e9s-ingl\u00e9s. 9h05 puede ayudarle y hacerle la vida m\u00e1s f\u00e1cil. Gracias a nuestros &lt;strong&gt;plazos de entrega muy cortos,\u00a0&lt;\/strong&gt;nuestras &lt;strong&gt;tarifas preferenciales &lt;\/strong&gt; y nuestra &lt;strong&gt;gran experticia&lt;\/strong&gt;, obtendr\u00e1 el mejor resultado para sus traducciones juradas en todo Burdeos y en toda Nueva Aquitania.[\/vc_column_text][vc_empty_space height=&#8221;50px&#8221;][\/vc_column][\/vc_row][vc_row full_height=&#8221;yes&#8221; el_id=&#8221;section-cta&#8221; content_width=&#8221;fullwidth&#8221; css=&#8221;.vc_custom_1503505761211{background-color: #1e73be !important;}&#8221;][vc_column][vc_row_inner content_placement=&#8221;top&#8221; gap=&#8221;30&#8243;][vc_column_inner el_class=&#8221;inner&#8221;][vc_cta h2=&#8221;Preferential prices&#8221; h4=&#8221;Starting from \u20ac38 per page&#8221; shape=&#8221;square&#8221; style=&#8221;custom&#8221; add_button=&#8221;right&#8221; btn_title=&#8221;Get a quote in a couple minutes&#8221; btn_align=&#8221;right&#8221; btn_button_block=&#8221;true&#8221; btn_add_icon=&#8221;true&#8221; btn_custom_onclick=&#8221;true&#8221; custom_background=&#8221;#1e73be&#8221; custom_text=&#8221;#ffffff&#8221; btn_link=&#8221;url:https%3A%2F%2Fwww.9h05.com%2Fproforma%2Feur%2Findex.php%2Ffr%2F|&#8221; el_class=&#8221;ne-non&#8221;][\/vc_cta][\/vc_column_inner][\/vc_row_inner][\/vc_column][\/vc_row][vc_row][vc_column][vc_empty_space height=&#8221;20px&#8221;][\/vc_column][\/vc_row][vc_row full_height=&#8221;yes&#8221; el_id=&#8221;section-cta&#8221; content_width=&#8221;fullwidth&#8221; css=&#8221;.vc_custom_1503505761211{background-color: #1e73be !important;}&#8221;][vc_column][vc_row_inner content_placement=&#8221;top&#8221; gap=&#8221;30&#8243;][vc_column_inner el_class=&#8221;inner&#8221;][vc_cta h2=&#8221;Short delivery times (24 &#8211; 48 hours on average)&#8221; h4=&#8221;Have your documents translated with qualified and accredited professionals&#8221; shape=&#8221;square&#8221; style=&#8221;custom&#8221; add_button=&#8221;right&#8221; btn_title=&#8221;Get a quote quickly&#8221; btn_align=&#8221;right&#8221; btn_button_block=&#8221;true&#8221; btn_add_icon=&#8221;true&#8221; btn_custom_onclick=&#8221;true&#8221; custom_background=&#8221;#1e73be&#8221; custom_text=&#8221;#ffffff&#8221; btn_link=&#8221;url:https%3A%2F%2Fwww.9h05.com%2Fproforma%2Feur%2Findex.php%2Fes%2F|&#8221; el_class=&#8221;ne-non&#8221;][\/vc_cta][\/vc_column_inner][\/vc_row_inner][\/vc_column][\/vc_row][vc_row][vc_column][vc_empty_space height=&#8221;20px&#8221;][\/vc_column][\/vc_row][vc_row full_height=&#8221;yes&#8221; el_id=&#8221;section-cta&#8221; content_width=&#8221;fullwidth&#8221; css=&#8221;.vc_custom_1503505761211{background-color: #1e73be !important;}&#8221;][vc_column][vc_row_inner content_placement=&#8221;top&#8221; gap=&#8221;30&#8243;][vc_column_inner el_class=&#8221;inner&#8221;][vc_cta h2=&#8221;Expertise in sworn translations&#8221; h4=&#8221;More than 16,000 documents translated since 2009&#8243; shape=&#8221;square&#8221; style=&#8221;custom&#8221; add_button=&#8221;right&#8221; btn_title=&#8221;Get a quote now&#8221; btn_align=&#8221;right&#8221; btn_button_block=&#8221;true&#8221; btn_add_icon=&#8221;true&#8221; btn_custom_onclick=&#8221;true&#8221; custom_background=&#8221;#1e73be&#8221; custom_text=&#8221;#ffffff&#8221; btn_link=&#8221;url:https%3A%2F%2Fwww.9h05.com%2Fproforma%2Feur%2Findex.php%2Fes%2F|&#8221; el_class=&#8221;ne-non&#8221;][\/vc_cta][\/vc_column_inner][\/vc_row_inner][\/vc_column][\/vc_row][vc_row][vc_column][vc_empty_space height=&#8221;50px&#8221;][vc_column_text]<\/p>\n<p>&lt;p style=&#8221;text-align: center;&#8221;&gt;&lt;strong&gt;ACEPTAMOS TODAS LAS FORMAS DE PAGO &lt;\/strong&gt;&lt;\/p&gt;<\/p>\n<p>[\/vc_column_text][vc_row_inner][vc_column_inner][logos_carousel images=&#8221;7136,7146,7147,7144,7138,7137,7141,7142,7143,7139,7145,7140&#8243;][\/vc_column_inner][\/vc_row_inner][vc_empty_space height=&#8221;50px&#8221;][\/vc_column][\/vc_row][vc_row][vc_column width=&#8221;1\/2&#8243;][vc_empty_space][vc_column_text]&lt;strong&gt;\u00a1Traducciones listas para el uso en tan s\u00f3lo 24h!&lt;\/strong&gt;<\/p>\n<p>&lt;strong&gt;No pierda m\u00e1s tiempo con plazos de entrega largu\u00edsimos: \u00a1con 9h05 recibe su traducci\u00f3n rapid\u00edsimo! &lt;\/strong&gt;<\/p>\n<p>9h05 garantiza la &lt;strong&gt;calidad, rapidez y trazabilidad &lt;\/strong&gt; de sus traducciones franc\u00e9s-ingl\u00e9s. Cada traducci\u00f3n jurada cuenta con un n\u00famero de serie que permite a las autoridades y destinatarios de las traducciones verificar la autenticidad del documento y comparar los datos. Esto es garantizar el seguimiento.<\/p>\n<p>Para mayor rapidez \u00a1ni siquiera tiene que movilizarse! Puede comprar directamente su traducci\u00f3n jurada franc\u00e9s-ingl\u00e9s en &lt;strong&gt;un par de clics&lt;\/strong&gt;:\u00a0Acceda a nuestra &lt;a href=&#8221;https:\/\/pay.9h05.com&#8221;&gt;calculadora&lt;\/a&gt;, configure su traducci\u00f3n y reciba directamente la traducci\u00f3n en formato papel en su casa en 24-48h.<\/p>\n<p>Tambi\u00e9n puede visitarnos en nuestra oficina en Burdeos, sector Jard\u00edn P\u00fablico \/ Chartrons:<\/p>\n<p>9h05 International<\/p>\n<p>45 rue Grangeneuve<\/p>\n<p>33000 Bordeaux[\/vc_column_text][\/vc_column][vc_column width=&#8221;1\/2&#8243;][vc_single_image image=&#8221;6779&#8243; img_size=&#8221;full&#8221; alignment=&#8221;center&#8221;][\/vc_column][\/vc_row][vc_row][vc_column][vc_empty_space height=&#8221;50px&#8221;][\/vc_column][\/vc_row][vc_row content_width=&#8221;fullwidth&#8221; css=&#8221;.vc_custom_1505222588969{padding-top: 30px !important;padding-bottom: 20px !important;background: #f2f2f2 url(https:\/\/www.9h05.com\/wp-content\/uploads\/2017\/08\/9h05-toujours-a-temps-bordeaux.jpg?id=6912) !important;background-position: center !important;background-repeat: no-repeat !important;background-size: cover !important;}&#8221;][vc_column width=&#8221;1\/2&#8243;][\/vc_column][vc_column width=&#8221;1\/2&#8243; css=&#8221;.vc_custom_1505222810804{background-color: rgba(51,51,51,0.76) !important;*background-color: rgb(51,51,51) !important;}&#8221;][vc_column_text]&lt;span style=&#8221;color: #ffffff;&#8221;&gt; &lt;strong&gt;<span style=\"color: #ffffff;\">Nuestra historia<\/span>&lt;\/strong&gt;&lt;\/span&gt;<\/p>\n<p>&lt;span style=&#8221;color: #ffffff;&#8221;&gt;<span style=\"color: #ffffff;\">Desde 2009, 9h05 ofrece servicios de traducci\u00f3n basados en la localizaci\u00f3n, potenciaci\u00f3n verbal y sencillez. Nos comprometemos a entregar productos de alta calidad que se adaptan constantemente a las necesidades de su actividad.<\/span>&lt;\/span&gt;<\/p>\n<p>&lt;span style=&#8221;color: #ffffff;&#8221;&gt;<span style=\"color: #ffffff;\">9h05 ama la puntualidad, lo que justifica el nombre de la empresa. Tambi\u00e9n hace referencia a las 9 musas griegas que simbolizaban las artes cl\u00e1sicas y a las 5 bellas artes actuales. Los meses 9 (septiembre) y 5 (mayo) tambi\u00e9n dan inicio a nuevas estaciones, s\u00edmbolo de renovaci\u00f3n y madurez.<\/span> &lt;\/span&gt;[\/vc_column_text][\/vc_column][vc_column][vc_empty_space][\/vc_column][\/vc_row][vc_row][vc_column width=&#8221;1\/2&#8243;][vc_raw_html]PGRpdiBzdHlsZT0icGFkZGluZzogNSU7Ij4NCjxoMz48Yj5TaW1wbGlmeSB5b3VyIGxpZmUgd2l0aCBvdXIgc3dvcm4gRnJlbmNoLUVuZ2xpc2ggdHJhbnNsYXRpb25zIGluIEJvcmRlYXV4LjwvYj48L2gzPg0KPGg1Pk9yZGVyaW5nIGEgc3dvcm4gdHJhbnNsYXRpb24gaGFzIG5ldmVyIGJlZW4gc28gZmFzdCEgV2UgYXNzb2NpYXRlIGV4cGVyaWVuY2UgYW5kIGlubm92YXRpb24gdG8gZGVsaXZlciBoaWdoLXF1YWxpdHkgdHJhbnNsYXRpb25zLjwvaDU+DQo8ZGl2IGNsYXNzPSJjb250YWN0LWxlZnQiPg0KPHVsPg0KIAk8bGk+DQo8ZGl2IGNsYXNzPSJteWljb24iPjwvZGl2Pg0KPGRpdiBjbGFzcz0ibXlhZGRyZXNzIj4NCjxoND5BZGRyZXNzPC9oND4NCjloMDUgSW50ZXJuYXRpb25hbCDCtyA0NSBydWUgR3JhbmdlbmV1dmUgwrcgMzMwMDAgQm9yZGVhdXggwrcgRnJhbmNlIChieSBhcHBvaW50bWVudCkNCg0KPC9kaXY+PC9saT4NCiAJPGxpPg0KPGRpdiBjbGFzcz0ibXlpY29uIj48L2Rpdj4NCjxkaXYgY2xhc3M9Im15YWRkcmVzcyI+DQo8aDQ+Q2FsbCB1czwvaDQ+DQowNSA1NyA4MiA0MyA5NiDigJMgMDkgNzIgNDAgNjAwOSAobG9jYWwgY2FsbCkgLyAwNyA2OSAxNiA2NTU2IChlbWVyZ2VuY2llcykNCg0KPC9kaXY+PC9saT4NCiAJPGxpPg0KPGRpdiBjbGFzcz0ibXlpY29uIj48L2Rpdj4NCjxkaXYgY2xhc3M9Im15YWRkcmVzcyI+DQo8aDQ+V3JpdGUgdXM8L2g0Pg0KYm9yZGVhdXhAOWgwNS5jb20NCg0KPC9kaXY+PC9saT4NCjwvdWw+DQo8L2Rpdj4NCjwvZGl2Pg==[\/vc_raw_html][\/vc_column][vc_column width=&#8221;1\/2&#8243; el_class=&#8221;contact-form-div&#8221;][vc_column_text]&lt;strong&gt;Do you have a question? We are listening!&lt;\/strong&gt;[\/vc_column_text][vntd_contact_form id=&#8221;6712&#8243;][\/vc_column][\/vc_row][vc_row][vc_column][\/vc_column][\/vc_row][vc_row][vc_column][vc_column_text]<\/p>\n<p>[\/vc_column_text][\/vc_column][\/vc_row]<\/p>\n<\/div>","protected":false},"excerpt":{"rendered":"<p>[vc_row][vc_column][rev_slider_vc alias=&#8221;home-asserm-en-yfr&#8221;][\/vc_column][\/vc_row][vc_row el_id=&#8221;header-items&#8221;][vc_column width=&#8221;1\/2&#8243; css=&#8221;.vc_custom_1503127415170{background-color: #1e73be !important;}&#8221;][icon_box title=&#8221;Traducciones oficiales de ingl\u00e9s para particulares&#8221; text=&#8221;Mande a traducir sus documentos personales (estado civil, identificaci\u00f3n, etc.), sus documentos financieros (banca, seguros, pr\u00e9stamos, actas notariales, etc.) u otros documentos oficiales con destino a pa\u00edses angl\u00f3fonos.&#8221; style=&#8221;centered&#8221; icon_type=&#8221;typicons&#8221; icon_typicons=&#8221;typcn typcn-device-desktop&#8221;][\/vc_column][vc_column width=&#8221;1\/2&#8243; css=&#8221;.vc_custom_1503127432844{background-color: #377fbf !important;}&#8221;][icon_box title=&#8221;Traducciones oficiales t\u00e9cnicas de ingl\u00e9s para [&hellip;]<\/p>\n","protected":false},"author":9,"featured_media":0,"parent":0,"menu_order":0,"comment_status":"closed","ping_status":"closed","template":"","meta":{"site-sidebar-layout":"default","site-content-layout":"default","ast-site-content-layout":"","site-content-style":"default","site-sidebar-style":"default","ast-global-header-display":"","ast-banner-title-visibility":"","ast-main-header-display":"","ast-hfb-above-header-display":"","ast-hfb-below-header-display":"","ast-hfb-mobile-header-display":"","site-post-title":"disabled","ast-breadcrumbs-content":"","ast-featured-img":"disabled","footer-sml-layout":"","theme-transparent-header-meta":"default","adv-header-id-meta":"","stick-header-meta":"","header-above-stick-meta":"","header-main-stick-meta":"","header-below-stick-meta":"","astra-migrate-meta-layouts":"default","ast-page-background-enabled":"default","ast-page-background-meta":{"desktop":{"background-color":"var(--ast-global-color-4)","background-image":"","background-repeat":"repeat","background-position":"center center","background-size":"auto","background-attachment":"scroll","background-type":"","background-media":"","overlay-type":"","overlay-color":"","overlay-opacity":"","overlay-gradient":""},"tablet":{"background-color":"","background-image":"","background-repeat":"repeat","background-position":"center center","background-size":"auto","background-attachment":"scroll","background-type":"","background-media":"","overlay-type":"","overlay-color":"","overlay-opacity":"","overlay-gradient":""},"mobile":{"background-color":"","background-image":"","background-repeat":"repeat","background-position":"center center","background-size":"auto","background-attachment":"scroll","background-type":"","background-media":"","overlay-type":"","overlay-color":"","overlay-opacity":"","overlay-gradient":""}},"ast-content-background-meta":{"desktop":{"background-color":"var(--ast-global-color-5)","background-image":"","background-repeat":"repeat","background-position":"center center","background-size":"auto","background-attachment":"scroll","background-type":"","background-media":"","overlay-type":"","overlay-color":"","overlay-opacity":"","overlay-gradient":""},"tablet":{"background-color":"var(--ast-global-color-5)","background-image":"","background-repeat":"repeat","background-position":"center center","background-size":"auto","background-attachment":"scroll","background-type":"","background-media":"","overlay-type":"","overlay-color":"","overlay-opacity":"","overlay-gradient":""},"mobile":{"background-color":"var(--ast-global-color-5)","background-image":"","background-repeat":"repeat","background-position":"center center","background-size":"auto","background-attachment":"scroll","background-type":"","background-media":"","overlay-type":"","overlay-color":"","overlay-opacity":"","overlay-gradient":""}},"footnotes":""},"yst_prominent_words":[],"class_list":["post-8271","page","type-page","status-publish","hentry"],"_links":{"self":[{"href":"https:\/\/www.9h05.com\/en\/wp-json\/wp\/v2\/pages\/8271","targetHints":{"allow":["GET"]}}],"collection":[{"href":"https:\/\/www.9h05.com\/en\/wp-json\/wp\/v2\/pages"}],"about":[{"href":"https:\/\/www.9h05.com\/en\/wp-json\/wp\/v2\/types\/page"}],"author":[{"embeddable":true,"href":"https:\/\/www.9h05.com\/en\/wp-json\/wp\/v2\/users\/9"}],"replies":[{"embeddable":true,"href":"https:\/\/www.9h05.com\/en\/wp-json\/wp\/v2\/comments?post=8271"}],"version-history":[{"count":14,"href":"https:\/\/www.9h05.com\/en\/wp-json\/wp\/v2\/pages\/8271\/revisions"}],"predecessor-version":[{"id":23579,"href":"https:\/\/www.9h05.com\/en\/wp-json\/wp\/v2\/pages\/8271\/revisions\/23579"}],"wp:attachment":[{"href":"https:\/\/www.9h05.com\/en\/wp-json\/wp\/v2\/media?parent=8271"}],"wp:term":[{"taxonomy":"yst_prominent_words","embeddable":true,"href":"https:\/\/www.9h05.com\/en\/wp-json\/wp\/v2\/yst_prominent_words?post=8271"}],"curies":[{"name":"wp","href":"https:\/\/api.w.org\/{rel}","templated":true}]}}