{"id":8163,"date":"2020-05-13T21:14:43","date_gmt":"2020-05-13T21:14:43","guid":{"rendered":"https:\/\/www.9h05.com\/certified-document-translation-in-quito\/"},"modified":"2023-02-05T13:45:29","modified_gmt":"2023-02-05T13:45:29","slug":"certified-document-translation-in-quito","status":"publish","type":"page","link":"https:\/\/www.9h05.com\/en\/certified-document-translation-in-quito\/","title":{"rendered":"Certified document translation in Quito"},"content":{"rendered":"<div class=\"wpb-content-wrapper\"><div class=\"boldgrid-section\">\n<div class=\"container\">\n<div class=\"row\">\n<div class=\"col-lg-12 col-md-12 col-xs-12 col-sm-12\">\n<p>[vc_row css=&#8221;.vc_custom_1483526587255{padding-top: 30px !important;}&#8221;][vc_column][special_heading title=&#8221;TRADUCCI\u00d3N CERTIFICADA DE DOCUMENTOS EN QUITO&#8221; subtitle=&#8221;&#8221;][vc_column_text]<\/p>\n<p style=\"text-align: center;\">Take this into account if you want a certified document translation in Quito: the best solution is 9h05 International<\/p>\n<p>[\/vc_column_text][\/vc_column][\/vc_row][vc_row][vc_column width=&#8221;1\/3&#8243;][icon_box title=&#8221;TRADUCCI\u00d3N DE DOCUMENTOS&#8221; text=&#8221;Traducimos todos tus documentos personales para toda clase de tr\u00e1mites legales y p\u00fablicos&#8221; style=&#8221;centered&#8221; icon_fontawesome=&#8221;fa fa-language&#8221;][\/vc_column][vc_column width=&#8221;1\/3&#8243;][icon_box title=&#8221;CERTIFICACI\u00d3N DE TRADUCCI\u00d3N&#8221; text=&#8221;Certificamos todas nuestras traducciones&#8221; style=&#8221;centered&#8221; icon_fontawesome=&#8221;fa fa-check-circle-o&#8221;][\/vc_column][vc_column width=&#8221;1\/3&#8243;][icon_box title=&#8221;VALIDEZ INTERNACIONAL&#8221; text=&#8221;Todas nuestras traducciones son v\u00e1lidas mundialmente. Somos una empresa de traducci\u00f3n con certificaciones internacionales.&#8221; style=&#8221;centered&#8221; icon_fontawesome=&#8221;fa fa-globe&#8221;][\/vc_column][\/vc_row][vc_row][vc_column][vc_row_inner][vc_column_inner width=&#8221;1\/3&#8243;][vc_single_image image=&#8221;5264&#8243; img_size=&#8221;medium&#8221; alignment=&#8221;center&#8221;][\/vc_column_inner][vc_column_inner width=&#8221;1\/3&#8243;][vc_single_image image=&#8221;3381&#8243; img_size=&#8221;medium&#8221; alignment=&#8221;center&#8221;][\/vc_column_inner][vc_column_inner width=&#8221;1\/3&#8243;][vc_single_image image=&#8221;1938&#8243; img_size=&#8221;medium&#8221; alignment=&#8221;center&#8221;][\/vc_column_inner][\/vc_row_inner][vc_column_text]<\/p>\n<h3>WHAT DO WE GUARANTEE?<\/h3>\n<p>[\/vc_column_text][vc_row_inner][vc_column_inner width=&#8221;1\/4&#8243;][vc_icon icon_fontawesome=&#8221;fa fa-check-square-o&#8221; color=&#8221;turquoise&#8221; size=&#8221;lg&#8221; align=&#8221;right&#8221;][\/vc_column_inner][vc_column_inner width=&#8221;3\/4&#8243;][vc_column_text]THE BEST PRICE<\/p>\n<p>You will not find better prices than ours in the Ecuadorian market for you certified document translation in Quito. <a href=\"https:\/\/pay.9h05.com\">Verify it &gt;<\/a>[\/vc_column_text][\/vc_column_inner][\/vc_row_inner][vc_row_inner][vc_column_inner width=&#8221;1\/4&#8243;][vc_icon icon_fontawesome=&#8221;fa fa-check-square-o&#8221; color=&#8221;turquoise&#8221; size=&#8221;lg&#8221; align=&#8221;right&#8221;][\/vc_column_inner][vc_column_inner width=&#8221;3\/4&#8243;][vc_column_text]THE BEST QUALITY<\/p>\n<p>We are qualified and certified professional translators, and we are the only company in Ecuador who only works with staff translators.[\/vc_column_text][\/vc_column_inner][\/vc_row_inner][vc_row_inner][vc_column_inner width=&#8221;1\/4&#8243;][vc_icon icon_fontawesome=&#8221;fa fa-check-square-o&#8221; color=&#8221;turquoise&#8221; size=&#8221;lg&#8221; align=&#8221;right&#8221;][\/vc_column_inner][vc_column_inner width=&#8221;3\/4&#8243;][vc_column_text]LOWEST TURNOVER TIME<\/p>\n<p>We guarantee you the lowest turnover time in the market because we don\u00b4t subcontract to anybody. At 9h05 International, all our translations are done by us.[\/vc_column_text][\/vc_column_inner][\/vc_row_inner][vc_row_inner][vc_column_inner][vc_empty_space][vc_btn title=&#8221;HIRE US!&#8221; color=&#8221;info&#8221; align=&#8221;center&#8221; link=&#8221;url:https%3A%2F%2Fwww.9h05.com%2Fproforma%2F|&#8221;][vc_empty_space][\/vc_column_inner][\/vc_row_inner][\/vc_column][vc_column][vc_column_text]<\/p>\n<h3 style=\"text-align: center;\">9h05\u00b4s international translation certifications\/h3&gt;<br \/>\n[\/vc_column_text][vc_row_inner][vc_column_inner width=&#8221;1\/3&#8243;][icon_box title=&#8221;EN-15038:2006&#8243; text=&#8221;Norma Europea de traducci\u00f3n&#8221; style=&#8221;centered&#8221; icon_fontawesome=&#8221;fa fa-certificate&#8221; url=&#8221;https:\/\/www.9h05.com\/es\/certificaciones\/#EN&#8221;][\/vc_column_inner][vc_column_inner width=&#8221;1\/3&#8243;][icon_box title=&#8221;ASTM F2575&#8243; text=&#8221;Norma estadounidense de traducci\u00f3n t\u00e9cnica&#8221; style=&#8221;centered&#8221; icon_fontawesome=&#8221;fa fa-certificate&#8221; url=&#8221;https:\/\/www.9h05.com\/es\/certificaciones\/#ASTM&#8221;][\/vc_column_inner][vc_column_inner width=&#8221;1\/3&#8243;][icon_box title=&#8221;American Translators Association&#8221; text=&#8221;Somos miembro corporativo No. 264890 de la American Translators Association&#8221; style=&#8221;centered&#8221; icon_fontawesome=&#8221;fa fa-check&#8221; url=&#8221;https:\/\/www.9h05.com\/es\/certificaciones\/#ATA&#8221;][\/vc_column_inner][\/vc_row_inner][\/vc_column][vc_column][vc_empty_space][vc_btn title=&#8221;HIRE US!&#8221; color=&#8221;info&#8221; align=&#8221;center&#8221; link=&#8221;url:https%3A%2F%2Fwww.9h05.com%2Fproforma%2F|&#8221;][vc_empty_space][\/vc_column][\/vc_row][vc_row][vc_column][vc_column_text]<\/h3>\n<h3 style=\"text-align: center;\">9h05 International around the world\u2026<\/h3>\n<p>[\/vc_column_text][vc_row_inner][vc_column_inner width=&#8221;1\/6&#8243;][icon_box title=&#8221;9h05 del Ecuador&#8221; text=&#8221;Juan Le\u00f3n Mera N21-241 y Ram\u00f3n Roca<br \/>\nEdificio Cronos \u00b7 Piso 5 \u00b7 Oficina 501<br \/>\nQUITO &#8211; ECUADOR&#8221; style=&#8221;centered&#8221; icon_fontawesome=&#8221;&#8221;][\/vc_column_inner][vc_column_inner width=&#8221;1\/6&#8243;][icon_box title=&#8221;9h05 France&#8221; text=&#8221;Matriz mundial: 9h05 International SARL<br \/>\n45 rue Grangeneuve<br \/>\n33000 Bordeaux (France)<br \/>\nFRANCE&#8221; style=&#8221;centered&#8221; icon_fontawesome=&#8221;fa fa-map-marker&#8221;][\/vc_column_inner][vc_column_inner width=&#8221;1\/6&#8243;][icon_box title=&#8221;9h05 Estados Unidos&#8221; text=&#8221;7824 NW 71ST<br \/>\nMiami, FL 33166<br \/>\nUSA&#8221; style=&#8221;centered&#8221; icon_fontawesome=&#8221;fa fa-map-marker&#8221;][\/vc_column_inner][vc_column_inner width=&#8221;1\/6&#8243;][icon_box title=&#8221;9h05 Australia&#8221; text=&#8221;23\/40 Maria Street<br \/>\nPetersham<br \/>\nNSW 2049<br \/>\nAustralia&#8221; style=&#8221;centered&#8221; icon_fontawesome=&#8221;fa fa-map-marker&#8221;][\/vc_column_inner][vc_column_inner width=&#8221;1\/6&#8243;][icon_box title=&#8221;9h05 Reino Unido&#8221; text=&#8221;483 Green Lanes<br \/>\nLondon N13 4BS<br \/>\nUnited Kingdom&#8221; style=&#8221;centered&#8221; icon_fontawesome=&#8221;fa fa-map-marker&#8221;][\/vc_column_inner][vc_column_inner width=&#8221;1\/6&#8243;][icon_box title=&#8221;9h05 Espa\u00f1a&#8221; text=&#8221;Calle Alta, 44<br \/>\n50391 Villafeliche<br \/>\nZaragoza \u00b7 Espa\u00f1a&#8221; style=&#8221;centered&#8221; icon_fontawesome=&#8221;fa fa-map-marker&#8221;][\/vc_column_inner][\/vc_row_inner][\/vc_column][\/vc_row][vc_row][vc_column][vc_column_text]<\/p>\n<p style=\"text-align: center;\"><strong>Do you want a certified document translation in Quito?<\/strong><\/p>\n<p>[\/vc_column_text][vc_row_inner][vc_column_inner][vc_btn title=&#8221;HIRE US!&#8221; color=&#8221;info&#8221; align=&#8221;center&#8221; link=&#8221;url:https%3A%2F%2Fwww.9h05.com%2Fproforma%2F|&#8221;][\/vc_column_inner][\/vc_row_inner][icon_box title=&#8221;o puedes llamarnos:&#8221; text=&#8221;Desde Ecuador:<br \/>\n(02) 250 11 10<br \/>\n(02) 515 33 33<br \/>\nDesde el exterior:<br \/>\n+33 972 48 3666<br \/>\n+33 972 40 6009<br \/>\n+33 953 38 3006<br \/>\n+33 769 16 5665&#8243; style=&#8221;centered&#8221;][vc_column_text]<\/p>\n<p style=\"text-align: center;\">We also serve other cities in Ecuador, such as <span style=\"color: #000000;\"><a style=\"color: #000000;\" href=\"https:\/\/www.9h05.com\/en\/certified-document-translation-in-guayaquil\/\">Guayaquil<\/a><\/span>.<\/p>\n<p>[\/vc_column_text][\/vc_column][\/vc_row]<\/p>\n<\/div>\n<\/div>\n<\/div>\n<\/div>\n<\/div>","protected":false},"excerpt":{"rendered":"<p>[vc_row css=&#8221;.vc_custom_1483526587255{padding-top: 30px !important;}&#8221;][vc_column][special_heading title=&#8221;TRADUCCI\u00d3N CERTIFICADA DE DOCUMENTOS EN QUITO&#8221; subtitle=&#8221;&#8221;][vc_column_text] Take this into account if you want a certified document translation in Quito: the best solution is 9h05 International [\/vc_column_text][\/vc_column][\/vc_row][vc_row][vc_column width=&#8221;1\/3&#8243;][icon_box title=&#8221;TRADUCCI\u00d3N DE DOCUMENTOS&#8221; text=&#8221;Traducimos todos tus documentos personales para toda clase de tr\u00e1mites legales y p\u00fablicos&#8221; style=&#8221;centered&#8221; icon_fontawesome=&#8221;fa fa-language&#8221;][\/vc_column][vc_column width=&#8221;1\/3&#8243;][icon_box title=&#8221;CERTIFICACI\u00d3N DE TRADUCCI\u00d3N&#8221; [&hellip;]<\/p>\n","protected":false},"author":9,"featured_media":0,"parent":0,"menu_order":0,"comment_status":"closed","ping_status":"closed","template":"","meta":{"site-sidebar-layout":"default","site-content-layout":"default","ast-site-content-layout":"default","site-content-style":"default","site-sidebar-style":"default","ast-global-header-display":"","ast-banner-title-visibility":"","ast-main-header-display":"","ast-hfb-above-header-display":"","ast-hfb-below-header-display":"","ast-hfb-mobile-header-display":"","site-post-title":"disabled","ast-breadcrumbs-content":"","ast-featured-img":"disabled","footer-sml-layout":"","theme-transparent-header-meta":"default","adv-header-id-meta":"","stick-header-meta":"default","header-above-stick-meta":"","header-main-stick-meta":"","header-below-stick-meta":"","astra-migrate-meta-layouts":"default","ast-page-background-enabled":"default","ast-page-background-meta":{"desktop":{"background-color":"var(--ast-global-color-4)","background-image":"","background-repeat":"repeat","background-position":"center center","background-size":"auto","background-attachment":"scroll","background-type":"","background-media":"","overlay-type":"","overlay-color":"","overlay-opacity":"","overlay-gradient":""},"tablet":{"background-color":"","background-image":"","background-repeat":"repeat","background-position":"center center","background-size":"auto","background-attachment":"scroll","background-type":"","background-media":"","overlay-type":"","overlay-color":"","overlay-opacity":"","overlay-gradient":""},"mobile":{"background-color":"","background-image":"","background-repeat":"repeat","background-position":"center center","background-size":"auto","background-attachment":"scroll","background-type":"","background-media":"","overlay-type":"","overlay-color":"","overlay-opacity":"","overlay-gradient":""}},"ast-content-background-meta":{"desktop":{"background-color":"var(--ast-global-color-5)","background-image":"","background-repeat":"repeat","background-position":"center center","background-size":"auto","background-attachment":"scroll","background-type":"","background-media":"","overlay-type":"","overlay-color":"","overlay-opacity":"","overlay-gradient":""},"tablet":{"background-color":"var(--ast-global-color-5)","background-image":"","background-repeat":"repeat","background-position":"center center","background-size":"auto","background-attachment":"scroll","background-type":"","background-media":"","overlay-type":"","overlay-color":"","overlay-opacity":"","overlay-gradient":""},"mobile":{"background-color":"var(--ast-global-color-5)","background-image":"","background-repeat":"repeat","background-position":"center center","background-size":"auto","background-attachment":"scroll","background-type":"","background-media":"","overlay-type":"","overlay-color":"","overlay-opacity":"","overlay-gradient":""}},"footnotes":""},"yst_prominent_words":[],"class_list":["post-8163","page","type-page","status-publish","hentry"],"_links":{"self":[{"href":"https:\/\/www.9h05.com\/en\/wp-json\/wp\/v2\/pages\/8163","targetHints":{"allow":["GET"]}}],"collection":[{"href":"https:\/\/www.9h05.com\/en\/wp-json\/wp\/v2\/pages"}],"about":[{"href":"https:\/\/www.9h05.com\/en\/wp-json\/wp\/v2\/types\/page"}],"author":[{"embeddable":true,"href":"https:\/\/www.9h05.com\/en\/wp-json\/wp\/v2\/users\/9"}],"replies":[{"embeddable":true,"href":"https:\/\/www.9h05.com\/en\/wp-json\/wp\/v2\/comments?post=8163"}],"version-history":[{"count":13,"href":"https:\/\/www.9h05.com\/en\/wp-json\/wp\/v2\/pages\/8163\/revisions"}],"predecessor-version":[{"id":23556,"href":"https:\/\/www.9h05.com\/en\/wp-json\/wp\/v2\/pages\/8163\/revisions\/23556"}],"wp:attachment":[{"href":"https:\/\/www.9h05.com\/en\/wp-json\/wp\/v2\/media?parent=8163"}],"wp:term":[{"taxonomy":"yst_prominent_words","embeddable":true,"href":"https:\/\/www.9h05.com\/en\/wp-json\/wp\/v2\/yst_prominent_words?post=8163"}],"curies":[{"name":"wp","href":"https:\/\/api.w.org\/{rel}","templated":true}]}}