{"id":7908,"date":"2020-05-12T18:51:59","date_gmt":"2020-05-12T18:51:59","guid":{"rendered":"https:\/\/www.9h05.com\/spanish-to-portuguese-translation-service\/"},"modified":"2020-05-13T08:06:29","modified_gmt":"2020-05-13T08:06:29","slug":"spanish-to-portuguese-translation-service","status":"publish","type":"page","link":"https:\/\/www.9h05.com\/en\/languages\/spanish-to-portuguese-translation-service\/","title":{"rendered":"Spanish to Portuguese translation service"},"content":{"rendered":"<div class=\"wpb-content-wrapper\"><p>[vc_row][vc_column][vntd_fullscreen_slider images=&#8221;5499,5498,5500&#8243; text_static=&#8221;Service de traduction vers le portugais&#8221; text_dynamic=&#8221;Traduction de documents vers le portugais,Agence de traduction internationale \u00e0 Bordeaux,Traduction de documents depuis le portugais&#8221;][vc_empty_space height=&#8221;100px&#8221;][vc_column_text]<\/p>\n<h1 style=\"text-align: center;\">Nous traduisons tous vos documents vers\u00a0le portugais<\/h1>\n<p style=\"text-align: center;\">(ou l&#8217;inverse)<\/p>\n<p>[\/vc_column_text][vc_empty_space height=&#8221;100px&#8221;][\/vc_column][\/vc_row][vc_row][vc_column width=&#8221;1\/4&#8243;][icon_box title=&#8221;Traductions asserment\u00e9es en portugais&#8221; text=&#8221;Vos documents sont en partance pour le Portugal ou l&#8217;Am\u00e9rique Latine ? Vous devez les traduire pour qu&#8217;ils soient valides gr\u00e2ce \u00e0 notre service de traductions officielles reconnues dans le monde entier.&#8221; style=&#8221;centered&#8221; icon_fontawesome=&#8221;fa fa-gavel&#8221;][\/vc_column][vc_column width=&#8221;1\/4&#8243;][icon_box title=&#8221;Traductions techniques vers le portugais&#8221; text=&#8221;Vous souhaitez exporter vos produits, vos machines, votre savoir-faire ? Faites confiance \u00e0 notre personnel technique sp\u00e9cialis\u00e9 dans la traduction vers le portugais, norme br\u00e9silienne ou norme portugaise.&#8221; style=&#8221;centered&#8221; icon_fontawesome=&#8221;fa fa-industry&#8221;][\/vc_column][vc_column width=&#8221;1\/4&#8243;][icon_box title=&#8221;Traductions juridiques en portugais&#8221; text=&#8221;Nous traduisons tous les documents juridiques et l\u00e9gaux, y compris tous les actes notariaux, contrats, attestations, lois, statuts, r\u00e8glements, codes, normes, testaments, etc.&#8221; style=&#8221;centered&#8221; icon_fontawesome=&#8221;fa fa-balance-scale&#8221;][\/vc_column][vc_column width=&#8221;1\/4&#8243;][icon_box title=&#8221;Traductions g\u00e9n\u00e9rales de portugais&#8221; text=&#8221;Que l&#8217;on parle de sciences, d&#8217;ing\u00e9nierie p\u00e9troli\u00e8re, de math\u00e9matiques ou m\u00eame de p\u00e9dagogie, nos solutions de traduction en portugais (toutes variantes) sont parfaitement adapt\u00e9es \u00e0 vos attentes. Nous traduisons \u00e9galement tout les autres types de documents, quels qu&#8217;en soient le th\u00e8me. &#8221; style=&#8221;centered&#8221; icon_fontawesome=&#8221;fa fa-globe&#8221;][\/vc_column][vc_column][vc_row_inner][vc_column_inner width=&#8221;1\/2&#8243;][vc_btn title=&#8221;Engagez-nous&#8221; style=&#8221;3d&#8221; color=&#8221;peacoc&#8221; align=&#8221;center&#8221; link=&#8221;url:https%3A%2F%2Fwww.9h05.com%2Fproforma%2F|&#8221;][\/vc_column_inner][vc_column_inner width=&#8221;1\/2&#8243;][vc_btn title=&#8221;Contactez-nous&#8221; style=&#8221;3d&#8221; color=&#8221;violet&#8221; align=&#8221;center&#8221; link=&#8221;url:https%3A%2F%2Fwww.9h05.com%2Fen%2Fcontact%2F|&#8221;][\/vc_column_inner][\/vc_row_inner][\/vc_column][vc_column][vc_empty_space height=&#8221;100px&#8221;][vc_row_inner][vc_column_inner width=&#8221;1\/4&#8243;][vc_single_image image=&#8221;5503&#8243; img_size=&#8221;200&#215;105&#8243; alignment=&#8221;center&#8221;][\/vc_column_inner][vc_column_inner width=&#8221;1\/4&#8243;][vc_single_image image=&#8221;5502&#8243; img_size=&#8221;200&#215;105&#8243; alignment=&#8221;center&#8221;][\/vc_column_inner][vc_column_inner width=&#8221;1\/4&#8243;][vc_single_image image=&#8221;5504&#8243; img_size=&#8221;200&#215;105&#8243; alignment=&#8221;center&#8221;][\/vc_column_inner][vc_column_inner width=&#8221;1\/4&#8243;][vc_single_image image=&#8221;5501&#8243; img_size=&#8221;200&#215;105&#8243; alignment=&#8221;center&#8221;][\/vc_column_inner][\/vc_row_inner][\/vc_column][\/vc_row][vc_row][vc_column][vc_column_text]<\/p>\n<h2 style=\"text-align: center;\">Le saviez-vous ?<\/h2>\n<p>[\/vc_column_text][\/vc_column][\/vc_row][vc_row][vc_column width=&#8221;1\/3&#8243;][vc_column_text]Le portugais est la langue officielle de 7 pays dans le monde :<\/p>\n<ul>\n<li>Angola<\/li>\n<li>Br\u00e9sil<\/li>\n<li>Cap-Vert<\/li>\n<li>Guin\u00e9e-Bissau<\/li>\n<li>Portugal<\/li>\n<li>Sao Tom\u00e9-et-Principe<\/li>\n<li>Mozambique<\/li>\n<\/ul>\n<p>Elle est parl\u00e9e dans de nombreux autres pays \u00e0 travers le monde.[\/vc_column_text][\/vc_column][vc_column width=&#8221;1\/3&#8243;][vc_column_text]Il y a 265 millions de personnes au monde pour qui le portugais est la langue maternelle. C&#8217;est la 6\u00e8me langue la plus parl\u00e9e au monde, et, rien qu&#8217;en Am\u00e9rique Latine, le portugais repr\u00e9sente 35% du total de locuteurs gr\u00e2ce au Br\u00e9sil.[\/vc_column_text][\/vc_column][vc_column width=&#8221;1\/3&#8243;][vc_column_text]<\/p>\n<h3 style=\"text-align: center;\">Insolite<\/h3>\n<p>9h05 International dispose de plusieurs agences dans diff\u00e9rents pays d&#8217;Am\u00e9rique Latine (\u00c9quateur et Colombie), mais \u00e9galement de correspondants au Br\u00e9sil (Rio de Janeiro).\u00a0Notre personnel ma\u00eetrise \u00e0 la perfection les diff\u00e9rentes variantes\u00a0du portugais. Quoi de\u00a0plus pour nous engager ?[\/vc_column_text][\/vc_column][\/vc_row][vc_row][vc_column][vc_btn title=&#8221;Acheter un service de traduction vers le portugais&#8221; style=&#8221;3d&#8221; color=&#8221;peacoc&#8221; align=&#8221;center&#8221; link=&#8221;url:https%3A%2F%2Fwww.9h05.com%2Fproforma%2F|&#8221;][\/vc_column][\/vc_row]<\/p>\n<\/div>","protected":false},"excerpt":{"rendered":"<p>[vc_row][vc_column][vntd_fullscreen_slider images=&#8221;5499,5498,5500&#8243; text_static=&#8221;Service de traduction vers le portugais&#8221; text_dynamic=&#8221;Traduction de documents vers le portugais,Agence de traduction internationale \u00e0 Bordeaux,Traduction de documents depuis le portugais&#8221;][vc_empty_space height=&#8221;100px&#8221;][vc_column_text] Nous traduisons tous vos documents vers\u00a0le portugais (ou l&#8217;inverse) [\/vc_column_text][vc_empty_space height=&#8221;100px&#8221;][\/vc_column][\/vc_row][vc_row][vc_column width=&#8221;1\/4&#8243;][icon_box title=&#8221;Traductions asserment\u00e9es en portugais&#8221; text=&#8221;Vos documents sont en partance pour le Portugal ou l&#8217;Am\u00e9rique Latine ? Vous devez [&hellip;]<\/p>\n","protected":false},"author":9,"featured_media":0,"parent":8466,"menu_order":0,"comment_status":"closed","ping_status":"closed","template":"","meta":{"site-sidebar-layout":"no-sidebar","site-content-layout":"plain-container","ast-site-content-layout":"","site-content-style":"default","site-sidebar-style":"default","ast-global-header-display":"","ast-banner-title-visibility":"","ast-main-header-display":"","ast-hfb-above-header-display":"","ast-hfb-below-header-display":"","ast-hfb-mobile-header-display":"","site-post-title":"disabled","ast-breadcrumbs-content":"","ast-featured-img":"disabled","footer-sml-layout":"","theme-transparent-header-meta":"default","adv-header-id-meta":"","stick-header-meta":"","header-above-stick-meta":"","header-main-stick-meta":"","header-below-stick-meta":"","astra-migrate-meta-layouts":"default","ast-page-background-enabled":"default","ast-page-background-meta":{"desktop":{"background-color":"var(--ast-global-color-4)","background-image":"","background-repeat":"repeat","background-position":"center center","background-size":"auto","background-attachment":"scroll","background-type":"","background-media":"","overlay-type":"","overlay-color":"","overlay-opacity":"","overlay-gradient":""},"tablet":{"background-color":"","background-image":"","background-repeat":"repeat","background-position":"center center","background-size":"auto","background-attachment":"scroll","background-type":"","background-media":"","overlay-type":"","overlay-color":"","overlay-opacity":"","overlay-gradient":""},"mobile":{"background-color":"","background-image":"","background-repeat":"repeat","background-position":"center center","background-size":"auto","background-attachment":"scroll","background-type":"","background-media":"","overlay-type":"","overlay-color":"","overlay-opacity":"","overlay-gradient":""}},"ast-content-background-meta":{"desktop":{"background-color":"var(--ast-global-color-5)","background-image":"","background-repeat":"repeat","background-position":"center center","background-size":"auto","background-attachment":"scroll","background-type":"","background-media":"","overlay-type":"","overlay-color":"","overlay-opacity":"","overlay-gradient":""},"tablet":{"background-color":"var(--ast-global-color-5)","background-image":"","background-repeat":"repeat","background-position":"center center","background-size":"auto","background-attachment":"scroll","background-type":"","background-media":"","overlay-type":"","overlay-color":"","overlay-opacity":"","overlay-gradient":""},"mobile":{"background-color":"var(--ast-global-color-5)","background-image":"","background-repeat":"repeat","background-position":"center center","background-size":"auto","background-attachment":"scroll","background-type":"","background-media":"","overlay-type":"","overlay-color":"","overlay-opacity":"","overlay-gradient":""}},"footnotes":""},"yst_prominent_words":[],"class_list":["post-7908","page","type-page","status-publish","hentry"],"_links":{"self":[{"href":"https:\/\/www.9h05.com\/en\/wp-json\/wp\/v2\/pages\/7908","targetHints":{"allow":["GET"]}}],"collection":[{"href":"https:\/\/www.9h05.com\/en\/wp-json\/wp\/v2\/pages"}],"about":[{"href":"https:\/\/www.9h05.com\/en\/wp-json\/wp\/v2\/types\/page"}],"author":[{"embeddable":true,"href":"https:\/\/www.9h05.com\/en\/wp-json\/wp\/v2\/users\/9"}],"replies":[{"embeddable":true,"href":"https:\/\/www.9h05.com\/en\/wp-json\/wp\/v2\/comments?post=7908"}],"version-history":[{"count":2,"href":"https:\/\/www.9h05.com\/en\/wp-json\/wp\/v2\/pages\/7908\/revisions"}],"predecessor-version":[{"id":7956,"href":"https:\/\/www.9h05.com\/en\/wp-json\/wp\/v2\/pages\/7908\/revisions\/7956"}],"up":[{"embeddable":true,"href":"https:\/\/www.9h05.com\/en\/wp-json\/wp\/v2\/pages\/8466"}],"wp:attachment":[{"href":"https:\/\/www.9h05.com\/en\/wp-json\/wp\/v2\/media?parent=7908"}],"wp:term":[{"taxonomy":"yst_prominent_words","embeddable":true,"href":"https:\/\/www.9h05.com\/en\/wp-json\/wp\/v2\/yst_prominent_words?post=7908"}],"curies":[{"name":"wp","href":"https:\/\/api.w.org\/{rel}","templated":true}]}}