{"id":7906,"date":"2020-05-12T17:20:57","date_gmt":"2020-05-12T17:20:57","guid":{"rendered":"https:\/\/www.9h05.com\/spanish-to-kichwa-translation-service-in-quito-ecuador\/"},"modified":"2020-05-13T08:05:30","modified_gmt":"2020-05-13T08:05:30","slug":"spanish-to-kichwa-translation-service-in-quito-ecuador","status":"publish","type":"page","link":"https:\/\/www.9h05.com\/en\/spanish-to-kichwa-translation-service-in-quito-ecuador\/","title":{"rendered":"Spanish to Kichwa translation service in Quito (Ecuador)"},"content":{"rendered":"<div class=\"wpb-content-wrapper\"><p>[vc_row][vc_column][vntd_fullscreen_slider images=&#8221;5601,5603,5602&#8243; text_static=&#8221;Service de traduction vers le kichwa d&#8217;\u00c9quateur&#8221; text_dynamic=&#8221;Traduction de documents vers le kichwa d&#8217;\u00c9quateur,Agence de traduction internationale \u00e0 Bordeaux,Traduction de documents depuis le kichwa d&#8217;\u00c9quateur&#8221;][vc_empty_space height=&#8221;100px&#8221;][vc_column_text]<\/p>\n<h1 style=\"text-align: center;\">Nous traduisons tous vos documents vers\u00a0le kichwa d&#8217;\u00c9quateur<\/h1>\n<p style=\"text-align: center;\">(ou l&#8217;inverse)<\/p>\n<p>[\/vc_column_text][vc_empty_space height=&#8221;100px&#8221;][\/vc_column][\/vc_row][vc_row][vc_column width=&#8221;1\/4&#8243;][icon_box title=&#8221;Traductions asserment\u00e9es en kichwa \u00e9quatorien&#8221; text=&#8221;Vos documents sont en partance pour l&#8217;\u00c9quateur indig\u00e8ne ? Vous devez les traduire pour qu&#8217;ils soient valides avec notre service de traductions officielles reconnues dans le monde entier.&#8221; style=&#8221;centered&#8221; icon_fontawesome=&#8221;fa fa-gavel&#8221;][\/vc_column][vc_column width=&#8221;1\/4&#8243;][icon_box title=&#8221;Traductions techniques de kichwa&#8221; text=&#8221;Touchez un peuple directement dans sa langue autochtone et maternelle. Faites confiance \u00e0 notre personnel technique sp\u00e9cialis\u00e9 dans la traduction vers le kichwa.&#8221; style=&#8221;centered&#8221; icon_fontawesome=&#8221;fa fa-industry&#8221;][\/vc_column][vc_column width=&#8221;1\/4&#8243;][icon_box title=&#8221;Traductions juridiques en kichwa d&#8217;\u00c9quateur&#8221; text=&#8221;Confiez-nous la traduction de vos actes notariaux, contrats, attestations, lois, statuts, r\u00e8glements, codes, normes, testaments, y compris tous les autres documents juridiques et l\u00e9gaux.&#8221; style=&#8221;centered&#8221; icon_fontawesome=&#8221;fa fa-balance-scale&#8221;][\/vc_column][vc_column width=&#8221;1\/4&#8243;][icon_box title=&#8221;Traductions g\u00e9n\u00e9rales \u00e0 destination du kichwa&#8221; text=&#8221;Que l&#8217;on parle de math\u00e9matiques, de sciences, d&#8217;ing\u00e9nierie p\u00e9troli\u00e8re ou m\u00eame de p\u00e9dagogie, nos solutions de traduction en kichwa sont parfaitement adapt\u00e9es \u00e0 vos attentes. Nous traduisons \u00e9galement tout les autres types de documents, quels qu&#8217;en soient le th\u00e8me. &#8221; style=&#8221;centered&#8221; icon_fontawesome=&#8221;fa fa-globe&#8221;][\/vc_column][vc_column][vc_row_inner][vc_column_inner width=&#8221;1\/2&#8243;][vc_btn title=&#8221;Engagez-nous&#8221; style=&#8221;3d&#8221; color=&#8221;peacoc&#8221; align=&#8221;center&#8221; link=&#8221;url:https%3A%2F%2Fwww.9h05.com%2Fproforma%2F|&#8221;][\/vc_column_inner][vc_column_inner width=&#8221;1\/2&#8243;][vc_btn title=&#8221;Contactez-nous&#8221; style=&#8221;3d&#8221; color=&#8221;violet&#8221; align=&#8221;center&#8221; link=&#8221;url:https%3A%2F%2Fwww.9h05.com%2Fen%2Fcontact%2F|&#8221;][\/vc_column_inner][\/vc_row_inner][\/vc_column][vc_column][vc_empty_space height=&#8221;100px&#8221;][vc_row_inner][vc_column_inner width=&#8221;1\/2&#8243;][vc_single_image image=&#8221;5430&#8243; img_size=&#8221;200&#215;105&#8243; alignment=&#8221;center&#8221;][\/vc_column_inner][vc_column_inner width=&#8221;1\/2&#8243;][vc_single_image image=&#8221;5604&#8243; img_size=&#8221;200&#215;105&#8243; alignment=&#8221;center&#8221;][\/vc_column_inner][\/vc_row_inner][\/vc_column][\/vc_row][vc_row][vc_column][vc_column_text]<\/p>\n<h2 style=\"text-align: center;\">Le saviez-vous ?<\/h2>\n<p>[\/vc_column_text][\/vc_column][\/vc_row][vc_row][vc_column width=&#8221;1\/3&#8243;][vc_column_text]Le quechua\u00a0est la langue autochtone de nombreux peuples indig\u00e8nes d&#8217;Am\u00e9rique du Sud\u00a0:<\/p>\n<ul>\n<li><span class=\"datasortkey\" data-sort-value=\"Belgique\">P\u00e9rou<\/span><\/li>\n<li>\u00c9quateur<\/li>\n<li>Colombie<\/li>\n<li>Bolivie<\/li>\n<li>Argentine<\/li>\n<\/ul>\n<p>Dans les quatre premiers pays, le quechua (orthographi\u00e9 kichwa en \u00c9quateur) a le statut de langue officielle avec l&#8217;espagnole et d&#8217;autres langues indig\u00e8nes.[\/vc_column_text][\/vc_column][vc_column width=&#8221;1\/3&#8243;][vc_column_text]Cette langue indig\u00e8ne assez peu connue est tout de m\u00eame parl\u00e9e par 9,6 millions de locuteurs, dont 1,5 millions en \u00c9quateur, 4 millions au P\u00e9rou et 3 millions en Bolivie.[\/vc_column_text][\/vc_column][vc_column width=&#8221;1\/3&#8243;][vc_column_text]<\/p>\n<h3 style=\"text-align: center;\">Insolite<\/h3>\n<p>&nbsp;<\/p>\n<p>Le kichwa n&#8217;\u00e9tait pas \u00e0 l&#8217;origine une langue \u00e9crite. Il a \u00e9t\u00e9 orthographi\u00e9 \u00e0 l&#8217;espagnole sous l&#8217;influence des conquistadores. Ainsi,\u00a0les seules voyelles du quechua sont le i, le a et le u (prononc\u00e9 ou).<\/p>\n<p>En \u00c9quateur, on parle le kichwa unifi\u00e9 d&#8217;\u00c9quateur. C&#8217;est un kichwa qui a \u00e9t\u00e9 unifi\u00e9 dans le but de faire que tous les locuteurs \u00e9quatoriens de cette langue puissent se comprendre sans difficult\u00e9. En tout, il existe 9 variantes du kichwa \u00e9quatorien : ceux de\u00a0Calder\u00f3n, Ca\u00f1ar, Chimborazo, Imbabura, Loja, Napo, Pastaza, Salasaca et Tena[\/vc_column_text][\/vc_column][\/vc_row][vc_row][vc_column][vc_btn title=&#8221;Acheter un service de traduction vers le kichwa&#8221; style=&#8221;3d&#8221; color=&#8221;peacoc&#8221; align=&#8221;center&#8221; link=&#8221;url:https%3A%2F%2Fwww.9h05.com%2Fproforma%2F|&#8221;][\/vc_column][\/vc_row]<\/p>\n<\/div>","protected":false},"excerpt":{"rendered":"<p>[vc_row][vc_column][vntd_fullscreen_slider images=&#8221;5601,5603,5602&#8243; text_static=&#8221;Service de traduction vers le kichwa d&#8217;\u00c9quateur&#8221; text_dynamic=&#8221;Traduction de documents vers le kichwa d&#8217;\u00c9quateur,Agence de traduction internationale \u00e0 Bordeaux,Traduction de documents depuis le kichwa d&#8217;\u00c9quateur&#8221;][vc_empty_space height=&#8221;100px&#8221;][vc_column_text] Nous traduisons tous vos documents vers\u00a0le kichwa d&#8217;\u00c9quateur (ou l&#8217;inverse) [\/vc_column_text][vc_empty_space height=&#8221;100px&#8221;][\/vc_column][\/vc_row][vc_row][vc_column width=&#8221;1\/4&#8243;][icon_box title=&#8221;Traductions asserment\u00e9es en kichwa \u00e9quatorien&#8221; text=&#8221;Vos documents sont en partance pour l&#8217;\u00c9quateur indig\u00e8ne ? [&hellip;]<\/p>\n","protected":false},"author":9,"featured_media":0,"parent":0,"menu_order":0,"comment_status":"closed","ping_status":"closed","template":"","meta":{"site-sidebar-layout":"no-sidebar","site-content-layout":"plain-container","ast-site-content-layout":"","site-content-style":"default","site-sidebar-style":"default","ast-global-header-display":"","ast-banner-title-visibility":"","ast-main-header-display":"","ast-hfb-above-header-display":"","ast-hfb-below-header-display":"","ast-hfb-mobile-header-display":"","site-post-title":"disabled","ast-breadcrumbs-content":"","ast-featured-img":"disabled","footer-sml-layout":"","theme-transparent-header-meta":"","adv-header-id-meta":"","stick-header-meta":"","header-above-stick-meta":"","header-main-stick-meta":"","header-below-stick-meta":"","astra-migrate-meta-layouts":"default","ast-page-background-enabled":"default","ast-page-background-meta":{"desktop":{"background-color":"var(--ast-global-color-4)","background-image":"","background-repeat":"repeat","background-position":"center center","background-size":"auto","background-attachment":"scroll","background-type":"","background-media":"","overlay-type":"","overlay-color":"","overlay-opacity":"","overlay-gradient":""},"tablet":{"background-color":"","background-image":"","background-repeat":"repeat","background-position":"center center","background-size":"auto","background-attachment":"scroll","background-type":"","background-media":"","overlay-type":"","overlay-color":"","overlay-opacity":"","overlay-gradient":""},"mobile":{"background-color":"","background-image":"","background-repeat":"repeat","background-position":"center center","background-size":"auto","background-attachment":"scroll","background-type":"","background-media":"","overlay-type":"","overlay-color":"","overlay-opacity":"","overlay-gradient":""}},"ast-content-background-meta":{"desktop":{"background-color":"var(--ast-global-color-5)","background-image":"","background-repeat":"repeat","background-position":"center center","background-size":"auto","background-attachment":"scroll","background-type":"","background-media":"","overlay-type":"","overlay-color":"","overlay-opacity":"","overlay-gradient":""},"tablet":{"background-color":"var(--ast-global-color-5)","background-image":"","background-repeat":"repeat","background-position":"center center","background-size":"auto","background-attachment":"scroll","background-type":"","background-media":"","overlay-type":"","overlay-color":"","overlay-opacity":"","overlay-gradient":""},"mobile":{"background-color":"var(--ast-global-color-5)","background-image":"","background-repeat":"repeat","background-position":"center center","background-size":"auto","background-attachment":"scroll","background-type":"","background-media":"","overlay-type":"","overlay-color":"","overlay-opacity":"","overlay-gradient":""}},"footnotes":""},"yst_prominent_words":[],"class_list":["post-7906","page","type-page","status-publish","hentry"],"_links":{"self":[{"href":"https:\/\/www.9h05.com\/en\/wp-json\/wp\/v2\/pages\/7906","targetHints":{"allow":["GET"]}}],"collection":[{"href":"https:\/\/www.9h05.com\/en\/wp-json\/wp\/v2\/pages"}],"about":[{"href":"https:\/\/www.9h05.com\/en\/wp-json\/wp\/v2\/types\/page"}],"author":[{"embeddable":true,"href":"https:\/\/www.9h05.com\/en\/wp-json\/wp\/v2\/users\/9"}],"replies":[{"embeddable":true,"href":"https:\/\/www.9h05.com\/en\/wp-json\/wp\/v2\/comments?post=7906"}],"version-history":[{"count":2,"href":"https:\/\/www.9h05.com\/en\/wp-json\/wp\/v2\/pages\/7906\/revisions"}],"predecessor-version":[{"id":7950,"href":"https:\/\/www.9h05.com\/en\/wp-json\/wp\/v2\/pages\/7906\/revisions\/7950"}],"wp:attachment":[{"href":"https:\/\/www.9h05.com\/en\/wp-json\/wp\/v2\/media?parent=7906"}],"wp:term":[{"taxonomy":"yst_prominent_words","embeddable":true,"href":"https:\/\/www.9h05.com\/en\/wp-json\/wp\/v2\/yst_prominent_words?post=7906"}],"curies":[{"name":"wp","href":"https:\/\/api.w.org\/{rel}","templated":true}]}}