{"id":7904,"date":"2020-05-12T16:18:41","date_gmt":"2020-05-12T16:18:41","guid":{"rendered":"https:\/\/www.9h05.com\/spanish-to-hindi-translation-service-in-quito-ecuador\/"},"modified":"2020-05-13T08:05:06","modified_gmt":"2020-05-13T08:05:06","slug":"spanish-to-hindi-translation-service-in-quito-ecuador","status":"publish","type":"page","link":"https:\/\/www.9h05.com\/en\/spanish-to-hindi-translation-service-in-quito-ecuador\/","title":{"rendered":"Spanish to Hindi translation service in Quito (Ecuador)"},"content":{"rendered":"<div class=\"wpb-content-wrapper\"><p>[vc_row][vc_column][vntd_fullscreen_slider images=&#8221;5636,5634,5633&#8243; text_static=&#8221;Service de traduction vers l&#8217;hindi&#8221; text_dynamic=&#8221;Traduction de documents vers l&#8217;hindi,Agence de traduction internationale,Traduction de documents depuis l&#8217;hindi&#8221;][vc_empty_space height=&#8221;100px&#8221;][vc_column_text]<\/p>\n<h1 style=\"text-align: center;\">Nous traduisons tous vos documents vers l&#8217;hindi<\/h1>\n<p>[\/vc_column_text][vc_empty_space height=&#8221;100px&#8221;][\/vc_column][\/vc_row][vc_row][vc_column width=&#8221;1\/4&#8243;][icon_box title=&#8221;Traductions asserment\u00e9es vers l&#8217;hindi&#8221; text=&#8221;Vos documents sont en partance pour l&#8217;Inde ? Vous devez les traduire pour qu&#8217;ils soient valides avec notre service de traductions officielles reconnues dans le monde entier.&#8221; style=&#8221;centered&#8221; icon_fontawesome=&#8221;fa fa-gavel&#8221;][\/vc_column][vc_column width=&#8221;1\/4&#8243;][icon_box title=&#8221;Traductions techniques en hindi&#8221; text=&#8221;Vous voulez faire des affaires au pays de Gandhi ? Vous souhaitez exporter vos produits, vos machines, votre savoir-faire ? Faites confiance \u00e0 notre personnel technique sp\u00e9cialis\u00e9 dans la traduction vers l&#8217;hindi.&#8221; style=&#8221;centered&#8221; icon_fontawesome=&#8221;fa fa-industry&#8221;][\/vc_column][vc_column width=&#8221;1\/4&#8243;][icon_box title=&#8221;Traductions juridiques&#8221; text=&#8221;Nous traduisons tous les documents juridiques et l\u00e9gaux en hindi, dont les attestations, actes notariaux, lois, statuts, contrats, r\u00e8glements, normes, testaments, codes, etc.&#8221; style=&#8221;centered&#8221; icon_fontawesome=&#8221;fa fa-balance-scale&#8221;][\/vc_column][vc_column width=&#8221;1\/4&#8243;][icon_box title=&#8221;Traductions g\u00e9n\u00e9rales&#8221; text=&#8221;Que l&#8217;on parle de sciences, de gastronomie, d&#8217;ing\u00e9nierie p\u00e9troli\u00e8re, de math\u00e9matiques ou m\u00eame de p\u00e9dagogie, nos solutions de traduction sont parfaitement adapt\u00e9es \u00e0 vos attentes. Nous traduisons tous types de documents, quels qu&#8217;en soient la th\u00e9matique. &#8221; style=&#8221;centered&#8221; icon_fontawesome=&#8221;fa fa-globe&#8221;][\/vc_column][vc_column][vc_row_inner][vc_column_inner width=&#8221;1\/2&#8243;][vc_btn title=&#8221;Engagez-nous&#8221; style=&#8221;3d&#8221; color=&#8221;peacoc&#8221; align=&#8221;center&#8221; link=&#8221;url:https%3A%2F%2Fwww.9h05.com%2Fproforma%2F|&#8221;][\/vc_column_inner][vc_column_inner width=&#8221;1\/2&#8243;][vc_btn title=&#8221;Contactez-nous&#8221; style=&#8221;3d&#8221; color=&#8221;violet&#8221; align=&#8221;center&#8221; link=&#8221;url:https%3A%2F%2Fwww.9h05.com%2Fen%2Fcontact%2F|&#8221;][\/vc_column_inner][\/vc_row_inner][\/vc_column][vc_column][vc_empty_space height=&#8221;100px&#8221;][vc_row_inner][vc_column_inner width=&#8221;1\/4&#8243;][vc_single_image image=&#8221;5641&#8243; img_size=&#8221;200&#215;105&#8243; alignment=&#8221;center&#8221;][\/vc_column_inner][vc_column_inner width=&#8221;1\/4&#8243;][vc_single_image image=&#8221;5640&#8243; img_size=&#8221;200&#215;105&#8243; alignment=&#8221;center&#8221;][\/vc_column_inner][vc_column_inner width=&#8221;1\/4&#8243;][vc_single_image image=&#8221;5639&#8243; img_size=&#8221;200&#215;105&#8243; alignment=&#8221;center&#8221;][\/vc_column_inner][vc_column_inner width=&#8221;1\/4&#8243;][\/vc_column_inner][\/vc_row_inner][\/vc_column][\/vc_row][vc_row][vc_column][vc_column_text]<\/p>\n<h2 style=\"text-align: center;\">Le saviez-vous ?<\/h2>\n<p>[\/vc_column_text][\/vc_column][\/vc_row][vc_row][vc_column width=&#8221;1\/3&#8243;][vc_column_text]Si l&#8217;hindi n&#8217;a de statut de langue officielle qu&#8217;en Inde, il est parl\u00e9 dans de nombreux pays dans le monde du fait des immigr\u00e9s indiens :<\/p>\n<ul>\n<li>Inde<\/li>\n<li>N\u00e9pal<\/li>\n<li>Fidji<\/li>\n<li>Philippines<\/li>\n<li>Tha\u00eflande<\/li>\n<li>Bangladesh<\/li>\n<li>Pakistan<\/li>\n<li>Royaume-Uni<\/li>\n<li>\u00c9tats-Unis<\/li>\n<li>Canada<\/li>\n<li>\u00c9mirats arabes unis<\/li>\n<li>Suriname<\/li>\n<li>Maurice<\/li>\n<\/ul>\n<p>[\/vc_column_text][\/vc_column][vc_column width=&#8221;1\/3&#8243;][vc_column_text]On compte autour de 230 millions de locuteurs natifs de l&#8217;hindi, ce qui fait de cette langue la 4\u00e8me langue la plus parl\u00e9e au monde.<\/p>\n<p>D&#8217;ailleurs, l&#8217;ourdou du Pakistan est le nom pakistanais de l&#8217;hindi. En effet, si l&#8217;\u00e9criture est r\u00e9solument oppos\u00e9e (l&#8217;hindi utilise le m\u00eame alphabet que le\u00a0sanskrit, tandis que l&#8217;ourdou utilise l&#8217;alphabet arabe.[\/vc_column_text][\/vc_column][vc_column width=&#8221;1\/3&#8243;][vc_column_text]<\/p>\n<h3 style=\"text-align: center;\">Insolite<\/h3>\n<p>&nbsp;<\/p>\n<p>La langue hindi prend racine dans le sanskrit, presque 5000 ans avant J\u00e9sus-Christ. Le mot hindi provient du persan <em>hind<\/em>, qui signifie &#8220;terre de la rivi\u00e8re Indus&#8221;, qui traverse une grande partie du Pakistan actuel. L&#8217;hindi est devenu\u00a0langue officielle de l&#8217;Inde en 1965, ce qui est assez r\u00e9cent, malgr\u00e9 l&#8217;histoire mill\u00e9naire de cette langue.<\/p>\n<p>L&#8217;hindi compte 11 voyelles et 33 consonnes. Il n&#8217;y a aucun article (comme <em>le<\/em> ou <em>un<\/em>).[\/vc_column_text][\/vc_column][\/vc_row][vc_row][vc_column][vc_btn title=&#8221;Acheter un service de traduction vers l&#8217;hindi&#8221; style=&#8221;3d&#8221; color=&#8221;peacoc&#8221; align=&#8221;center&#8221; link=&#8221;url:https%3A%2F%2Fwww.9h05.com%2Fproforma%2F|&#8221;][\/vc_column][\/vc_row]<\/p>\n<\/div>","protected":false},"excerpt":{"rendered":"<p>[vc_row][vc_column][vntd_fullscreen_slider images=&#8221;5636,5634,5633&#8243; text_static=&#8221;Service de traduction vers l&#8217;hindi&#8221; text_dynamic=&#8221;Traduction de documents vers l&#8217;hindi,Agence de traduction internationale,Traduction de documents depuis l&#8217;hindi&#8221;][vc_empty_space height=&#8221;100px&#8221;][vc_column_text] Nous traduisons tous vos documents vers l&#8217;hindi [\/vc_column_text][vc_empty_space height=&#8221;100px&#8221;][\/vc_column][\/vc_row][vc_row][vc_column width=&#8221;1\/4&#8243;][icon_box title=&#8221;Traductions asserment\u00e9es vers l&#8217;hindi&#8221; text=&#8221;Vos documents sont en partance pour l&#8217;Inde ? Vous devez les traduire pour qu&#8217;ils soient valides avec notre service de traductions [&hellip;]<\/p>\n","protected":false},"author":9,"featured_media":0,"parent":0,"menu_order":0,"comment_status":"closed","ping_status":"closed","template":"","meta":{"site-sidebar-layout":"no-sidebar","site-content-layout":"plain-container","ast-site-content-layout":"","site-content-style":"default","site-sidebar-style":"default","ast-global-header-display":"","ast-banner-title-visibility":"","ast-main-header-display":"","ast-hfb-above-header-display":"","ast-hfb-below-header-display":"","ast-hfb-mobile-header-display":"","site-post-title":"disabled","ast-breadcrumbs-content":"","ast-featured-img":"disabled","footer-sml-layout":"","theme-transparent-header-meta":"","adv-header-id-meta":"","stick-header-meta":"","header-above-stick-meta":"","header-main-stick-meta":"","header-below-stick-meta":"","astra-migrate-meta-layouts":"default","ast-page-background-enabled":"default","ast-page-background-meta":{"desktop":{"background-color":"var(--ast-global-color-4)","background-image":"","background-repeat":"repeat","background-position":"center center","background-size":"auto","background-attachment":"scroll","background-type":"","background-media":"","overlay-type":"","overlay-color":"","overlay-opacity":"","overlay-gradient":""},"tablet":{"background-color":"","background-image":"","background-repeat":"repeat","background-position":"center center","background-size":"auto","background-attachment":"scroll","background-type":"","background-media":"","overlay-type":"","overlay-color":"","overlay-opacity":"","overlay-gradient":""},"mobile":{"background-color":"","background-image":"","background-repeat":"repeat","background-position":"center center","background-size":"auto","background-attachment":"scroll","background-type":"","background-media":"","overlay-type":"","overlay-color":"","overlay-opacity":"","overlay-gradient":""}},"ast-content-background-meta":{"desktop":{"background-color":"var(--ast-global-color-5)","background-image":"","background-repeat":"repeat","background-position":"center center","background-size":"auto","background-attachment":"scroll","background-type":"","background-media":"","overlay-type":"","overlay-color":"","overlay-opacity":"","overlay-gradient":""},"tablet":{"background-color":"var(--ast-global-color-5)","background-image":"","background-repeat":"repeat","background-position":"center center","background-size":"auto","background-attachment":"scroll","background-type":"","background-media":"","overlay-type":"","overlay-color":"","overlay-opacity":"","overlay-gradient":""},"mobile":{"background-color":"var(--ast-global-color-5)","background-image":"","background-repeat":"repeat","background-position":"center center","background-size":"auto","background-attachment":"scroll","background-type":"","background-media":"","overlay-type":"","overlay-color":"","overlay-opacity":"","overlay-gradient":""}},"footnotes":""},"yst_prominent_words":[],"class_list":["post-7904","page","type-page","status-publish","hentry"],"_links":{"self":[{"href":"https:\/\/www.9h05.com\/en\/wp-json\/wp\/v2\/pages\/7904","targetHints":{"allow":["GET"]}}],"collection":[{"href":"https:\/\/www.9h05.com\/en\/wp-json\/wp\/v2\/pages"}],"about":[{"href":"https:\/\/www.9h05.com\/en\/wp-json\/wp\/v2\/types\/page"}],"author":[{"embeddable":true,"href":"https:\/\/www.9h05.com\/en\/wp-json\/wp\/v2\/users\/9"}],"replies":[{"embeddable":true,"href":"https:\/\/www.9h05.com\/en\/wp-json\/wp\/v2\/comments?post=7904"}],"version-history":[{"count":2,"href":"https:\/\/www.9h05.com\/en\/wp-json\/wp\/v2\/pages\/7904\/revisions"}],"predecessor-version":[{"id":7944,"href":"https:\/\/www.9h05.com\/en\/wp-json\/wp\/v2\/pages\/7904\/revisions\/7944"}],"wp:attachment":[{"href":"https:\/\/www.9h05.com\/en\/wp-json\/wp\/v2\/media?parent=7904"}],"wp:term":[{"taxonomy":"yst_prominent_words","embeddable":true,"href":"https:\/\/www.9h05.com\/en\/wp-json\/wp\/v2\/yst_prominent_words?post=7904"}],"curies":[{"name":"wp","href":"https:\/\/api.w.org\/{rel}","templated":true}]}}