{"id":7903,"date":"2020-05-12T15:40:56","date_gmt":"2020-05-12T15:40:56","guid":{"rendered":"https:\/\/www.9h05.com\/spanish-to-french-translation-service-in-quito-ecuador\/"},"modified":"2020-05-13T08:03:35","modified_gmt":"2020-05-13T08:03:35","slug":"spanish-to-french-translation-service-in-quito-ecuador","status":"publish","type":"page","link":"https:\/\/www.9h05.com\/en\/spanish-to-french-translation-service-in-quito-ecuador\/","title":{"rendered":"Spanish to French translation service in Quito (Ecuador)"},"content":{"rendered":"<div class=\"wpb-content-wrapper\"><p>[vc_row][vc_column][vntd_fullscreen_slider images=&#8221;5522,5523,3423&#8243; text_static=&#8221;Service de traduction vers le fran\u00e7ais&#8221; text_dynamic=&#8221;Traduction de documents vers le fran\u00e7ais,Agence de traduction internationale \u00e0 Bordeaux,Traduction de documents depuis le fran\u00e7ais&#8221;][vc_empty_space height=&#8221;100px&#8221;][vc_column_text]<\/p>\n<h1 style=\"text-align: center;\">Nous traduisons tous vos documents vers le fran\u00e7ais<\/h1>\n<p style=\"text-align: center;\">(ou l&#8217;inverse)<\/p>\n<p>[\/vc_column_text][vc_empty_space height=&#8221;100px&#8221;][\/vc_column][\/vc_row][vc_row][vc_column width=&#8221;1\/4&#8243;][icon_box title=&#8221;Traductions asserment\u00e9es depuis le fran\u00e7ais&#8221; text=&#8221;Vos documents sont en partance pour l&#8217;\u00e9tranger ? Il vous faudra les faire traduire afin qu&#8217;ils soient valides, gr\u00e2ce \u00e0 notre service de traductions officielles reconnues dans tout le monde.&#8221; style=&#8221;centered&#8221; icon_fontawesome=&#8221;fa fa-gavel&#8221;][\/vc_column][vc_column width=&#8221;1\/4&#8243;][icon_box title=&#8221;Traductions techniques vers le fran\u00e7ais&#8221; text=&#8221;Vous souhaitez exporter vos produits, vos machines, votre savoir-faire ? Faites confiance \u00e0 notre personnel technique sp\u00e9cialis\u00e9 dans la traduction vers le fran\u00e7ais et ses diff\u00e9rentes variantes.&#8221; style=&#8221;centered&#8221; icon_fontawesome=&#8221;fa fa-industry&#8221;][\/vc_column][vc_column width=&#8221;1\/4&#8243;][icon_box title=&#8221;Traductions juridiques en fran\u00e7ais&#8221; text=&#8221;Nous traduisons tous les documents juridiques et l\u00e9gaux, y compris tous les contrats, attestations, lois, statuts, actes notariaux, r\u00e8glements, codes, normes, testaments, etc.&#8221; style=&#8221;centered&#8221; icon_fontawesome=&#8221;fa fa-balance-scale&#8221;][\/vc_column][vc_column width=&#8221;1\/4&#8243;][icon_box title=&#8221;Traductions g\u00e9n\u00e9rales de fran\u00e7ais&#8221; text=&#8221;Que l&#8217;on parle de sciences, d&#8217;ing\u00e9nierie p\u00e9troli\u00e8re, de math\u00e9matiques ou m\u00eame de p\u00e9dagogie, nos solutions de traduction en fran\u00e7ais sont parfaitement adapt\u00e9es \u00e0 vos attentes. Nous traduisons \u00e9galement tout les autres types de documents, quels qu&#8217;en soient le th\u00e8me. &#8221; style=&#8221;centered&#8221; icon_fontawesome=&#8221;fa fa-globe&#8221;][\/vc_column][vc_column][vc_row_inner][vc_column_inner width=&#8221;1\/2&#8243;][vc_btn title=&#8221;Engagez-nous&#8221; style=&#8221;3d&#8221; color=&#8221;peacoc&#8221; align=&#8221;center&#8221; link=&#8221;url:https%3A%2F%2Fwww.9h05.com%2Fproforma%2F|&#8221;][\/vc_column_inner][vc_column_inner width=&#8221;1\/2&#8243;][vc_btn title=&#8221;Contactez-nous&#8221; style=&#8221;3d&#8221; color=&#8221;violet&#8221; align=&#8221;center&#8221; link=&#8221;url:https%3A%2F%2Fwww.9h05.com%2Fen%2Fcontact%2F|&#8221;][\/vc_column_inner][\/vc_row_inner][\/vc_column][vc_column][vc_empty_space height=&#8221;100px&#8221;][vc_row_inner][vc_column_inner width=&#8221;1\/4&#8243;][vc_single_image image=&#8221;5526&#8243; img_size=&#8221;200&#215;105&#8243; alignment=&#8221;center&#8221;][\/vc_column_inner][vc_column_inner width=&#8221;1\/4&#8243;][vc_single_image image=&#8221;5416&#8243; img_size=&#8221;200&#215;105&#8243; alignment=&#8221;center&#8221;][\/vc_column_inner][vc_column_inner width=&#8221;1\/4&#8243;][vc_single_image image=&#8221;5525&#8243; img_size=&#8221;200&#215;105&#8243; alignment=&#8221;center&#8221;][\/vc_column_inner][vc_column_inner width=&#8221;1\/4&#8243;][vc_single_image image=&#8221;5524&#8243; img_size=&#8221;200&#215;105&#8243; alignment=&#8221;center&#8221;][\/vc_column_inner][\/vc_row_inner][\/vc_column][\/vc_row][vc_row][vc_column][vc_column_text]<\/p>\n<h2 style=\"text-align: center;\">Le saviez-vous ?<\/h2>\n<p>[\/vc_column_text][\/vc_column][\/vc_row][vc_row][vc_column width=&#8221;1\/3&#8243;][vc_column_text]L&#8217;espagnol\u00a0est la langue officielle de 29 pays dans le monde. C&#8217;est aussi la langue officielle de nombreuses organisations internationales \u00e0 travers le monde.\u00a0Liste des pays pour lesquels le fran\u00e7ais est la langue officielle, ou l&#8217;une d&#8217;entre elles :<\/p>\n<ul>\n<li>B\u00e9nin<\/li>\n<li><span class=\"datasortkey\" data-sort-value=\"Burkina Faso\">Burkina Faso<\/span><\/li>\n<li><span class=\"datasortkey\" data-sort-value=\"Congo republique\">R\u00e9publique du Congo<\/span><\/li>\n<li><span class=\"datasortkey\" data-sort-value=\"Congo republique democratique\">R\u00e9publique d\u00e9mocratique du Congo<\/span><\/li>\n<li><span class=\"datasortkey\" data-sort-value=\"Cote divoire\">C\u00f4te d&#8217;Ivoire<\/span><\/li>\n<li><span class=\"datasortkey\" data-sort-value=\"France\">France<\/span><\/li>\n<li><span class=\"datasortkey\" data-sort-value=\"Gabon\">Gabon<\/span><\/li>\n<li><span class=\"datasortkey\" data-sort-value=\"Guinee\">Guin\u00e9e<\/span><\/li>\n<li><span class=\"datasortkey\" data-sort-value=\"Mali\">Mali<\/span><\/li>\n<li><span class=\"datasortkey\" data-sort-value=\"Monaco\">Monaco<\/span><\/li>\n<li><span class=\"datasortkey\" data-sort-value=\"Niger\">Niger<\/span><\/li>\n<li><span class=\"datasortkey\" data-sort-value=\"Senegal\">S\u00e9n\u00e9gal<\/span><\/li>\n<li><span class=\"datasortkey\" data-sort-value=\"Togo\">Togo<\/span><\/li>\n<li>Suisse<\/li>\n<li>Canada<\/li>\n<li><span class=\"datasortkey\" data-sort-value=\"Belgique\">Belgique<\/span><\/li>\n<li><span class=\"datasortkey\" data-sort-value=\"Burundi\">Burundi<\/span><\/li>\n<li><span class=\"datasortkey\" data-sort-value=\"Cameroun\">Cameroun<\/span><\/li>\n<li><span class=\"datasortkey\" data-sort-value=\"centrafricaine republique\">R\u00e9publique centrafricaine<\/span><\/li>\n<li><span class=\"datasortkey\" data-sort-value=\"Comores (pays)\">Comores<\/span><\/li>\n<li><span class=\"datasortkey\" data-sort-value=\"Djibouti\">Djibouti<\/span><\/li>\n<li><span class=\"datasortkey\" data-sort-value=\"Guinee equatoriale\">Guin\u00e9e \u00e9quatoriale<\/span><\/li>\n<li><span class=\"datasortkey\" data-sort-value=\"Haiti\">Ha\u00efti<\/span><\/li>\n<li><span class=\"datasortkey\" data-sort-value=\"Luxembourg (pays)\">Luxembourg<\/span><\/li>\n<li><span class=\"datasortkey\" data-sort-value=\"Madagascar\">Madagascar<\/span><\/li>\n<li><span class=\"datasortkey\" data-sort-value=\"Rwanda\">Rwanda<\/span><\/li>\n<li><span class=\"datasortkey\" data-sort-value=\"Seychelles\">Seychelles<\/span><\/li>\n<li><span class=\"datasortkey\" data-sort-value=\"Suisse\">Suisse<\/span><\/li>\n<li><span class=\"datasortkey\" data-sort-value=\"Tchad\">Tchad<\/span><\/li>\n<li><span class=\"datasortkey\" data-sort-value=\"Vanuatu\">Vanuatu<\/span><\/li>\n<\/ul>\n<p>[\/vc_column_text][\/vc_column][vc_column width=&#8221;1\/3&#8243;][vc_column_text]Dans le monde, 77 millions de personnes ont pour langue maternelle le fran\u00e7ais, et l&#8217;on compte au moins 210 millions de locuteurs fr\u00e9quents du fran\u00e7ais. Cela fait de cette langue la 10\u00e8me langue la plus parl\u00e9e au monde.[\/vc_column_text][\/vc_column][vc_column width=&#8221;1\/3&#8243;][vc_column_text]<\/p>\n<h3 style=\"text-align: center;\">Insolite<\/h3>\n<p>Aussi \u00e9tonnant que cela puisse para\u00eetre, le fran\u00e7ais est vu \u00e0 l&#8217;\u00e9tranger comme une langue de l&#8217;amour, avec des sonorit\u00e9s des plus romantiques. Et dire qu&#8217;en France l&#8217;italien est consid\u00e9r\u00e9 comme une langue romantique ![\/vc_column_text][\/vc_column][\/vc_row][vc_row][vc_column][vc_btn title=&#8221;Acheter un service de traduction vers le fran\u00e7ais&#8221; style=&#8221;3d&#8221; color=&#8221;peacoc&#8221; align=&#8221;center&#8221; link=&#8221;url:https%3A%2F%2Fwww.9h05.com%2Fproforma%2F|&#8221;][\/vc_column][\/vc_row]<\/p>\n<\/div>","protected":false},"excerpt":{"rendered":"<p>[vc_row][vc_column][vntd_fullscreen_slider images=&#8221;5522,5523,3423&#8243; text_static=&#8221;Service de traduction vers le fran\u00e7ais&#8221; text_dynamic=&#8221;Traduction de documents vers le fran\u00e7ais,Agence de traduction internationale \u00e0 Bordeaux,Traduction de documents depuis le fran\u00e7ais&#8221;][vc_empty_space height=&#8221;100px&#8221;][vc_column_text] Nous traduisons tous vos documents vers le fran\u00e7ais (ou l&#8217;inverse) [\/vc_column_text][vc_empty_space height=&#8221;100px&#8221;][\/vc_column][\/vc_row][vc_row][vc_column width=&#8221;1\/4&#8243;][icon_box title=&#8221;Traductions asserment\u00e9es depuis le fran\u00e7ais&#8221; text=&#8221;Vos documents sont en partance pour l&#8217;\u00e9tranger ? Il vous faudra les [&hellip;]<\/p>\n","protected":false},"author":9,"featured_media":0,"parent":0,"menu_order":0,"comment_status":"closed","ping_status":"closed","template":"","meta":{"site-sidebar-layout":"no-sidebar","site-content-layout":"plain-container","ast-site-content-layout":"","site-content-style":"default","site-sidebar-style":"default","ast-global-header-display":"","ast-banner-title-visibility":"","ast-main-header-display":"","ast-hfb-above-header-display":"","ast-hfb-below-header-display":"","ast-hfb-mobile-header-display":"","site-post-title":"disabled","ast-breadcrumbs-content":"","ast-featured-img":"disabled","footer-sml-layout":"","theme-transparent-header-meta":"","adv-header-id-meta":"","stick-header-meta":"","header-above-stick-meta":"","header-main-stick-meta":"","header-below-stick-meta":"","astra-migrate-meta-layouts":"default","ast-page-background-enabled":"default","ast-page-background-meta":{"desktop":{"background-color":"var(--ast-global-color-4)","background-image":"","background-repeat":"repeat","background-position":"center center","background-size":"auto","background-attachment":"scroll","background-type":"","background-media":"","overlay-type":"","overlay-color":"","overlay-opacity":"","overlay-gradient":""},"tablet":{"background-color":"","background-image":"","background-repeat":"repeat","background-position":"center center","background-size":"auto","background-attachment":"scroll","background-type":"","background-media":"","overlay-type":"","overlay-color":"","overlay-opacity":"","overlay-gradient":""},"mobile":{"background-color":"","background-image":"","background-repeat":"repeat","background-position":"center center","background-size":"auto","background-attachment":"scroll","background-type":"","background-media":"","overlay-type":"","overlay-color":"","overlay-opacity":"","overlay-gradient":""}},"ast-content-background-meta":{"desktop":{"background-color":"var(--ast-global-color-5)","background-image":"","background-repeat":"repeat","background-position":"center center","background-size":"auto","background-attachment":"scroll","background-type":"","background-media":"","overlay-type":"","overlay-color":"","overlay-opacity":"","overlay-gradient":""},"tablet":{"background-color":"var(--ast-global-color-5)","background-image":"","background-repeat":"repeat","background-position":"center center","background-size":"auto","background-attachment":"scroll","background-type":"","background-media":"","overlay-type":"","overlay-color":"","overlay-opacity":"","overlay-gradient":""},"mobile":{"background-color":"var(--ast-global-color-5)","background-image":"","background-repeat":"repeat","background-position":"center center","background-size":"auto","background-attachment":"scroll","background-type":"","background-media":"","overlay-type":"","overlay-color":"","overlay-opacity":"","overlay-gradient":""}},"footnotes":""},"yst_prominent_words":[],"class_list":["post-7903","page","type-page","status-publish","hentry"],"_links":{"self":[{"href":"https:\/\/www.9h05.com\/en\/wp-json\/wp\/v2\/pages\/7903","targetHints":{"allow":["GET"]}}],"collection":[{"href":"https:\/\/www.9h05.com\/en\/wp-json\/wp\/v2\/pages"}],"about":[{"href":"https:\/\/www.9h05.com\/en\/wp-json\/wp\/v2\/types\/page"}],"author":[{"embeddable":true,"href":"https:\/\/www.9h05.com\/en\/wp-json\/wp\/v2\/users\/9"}],"replies":[{"embeddable":true,"href":"https:\/\/www.9h05.com\/en\/wp-json\/wp\/v2\/comments?post=7903"}],"version-history":[{"count":2,"href":"https:\/\/www.9h05.com\/en\/wp-json\/wp\/v2\/pages\/7903\/revisions"}],"predecessor-version":[{"id":7941,"href":"https:\/\/www.9h05.com\/en\/wp-json\/wp\/v2\/pages\/7903\/revisions\/7941"}],"wp:attachment":[{"href":"https:\/\/www.9h05.com\/en\/wp-json\/wp\/v2\/media?parent=7903"}],"wp:term":[{"taxonomy":"yst_prominent_words","embeddable":true,"href":"https:\/\/www.9h05.com\/en\/wp-json\/wp\/v2\/yst_prominent_words?post=7903"}],"curies":[{"name":"wp","href":"https:\/\/api.w.org\/{rel}","templated":true}]}}