{"id":7901,"date":"2020-05-12T14:49:54","date_gmt":"2020-05-12T14:49:54","guid":{"rendered":"https:\/\/www.9h05.com\/spanish-to-german-translation-in-quito-ecuador\/"},"modified":"2020-05-13T08:03:02","modified_gmt":"2020-05-13T08:03:02","slug":"spanish-to-german-translation-in-quito-ecuador","status":"publish","type":"page","link":"https:\/\/www.9h05.com\/en\/spanish-to-german-translation-in-quito-ecuador\/","title":{"rendered":"Spanish to German translation in Quito (Ecuador)"},"content":{"rendered":"<div class=\"wpb-content-wrapper\"><p>[vc_row][vc_column][vntd_fullscreen_slider images=&#8221;5509,5508,5507&#8243; text_static=&#8221;Service de traduction vers l&#8217;allemand&#8221; text_dynamic=&#8221;Traduction de documents vers l&#8217;allemand,Agence de traduction internationale \u00e0 Bordeaux,Traduction de documents depuis l&#8217;allemand&#8221;][vc_empty_space height=&#8221;100px&#8221;][vc_column_text]<\/p>\n<h1 style=\"text-align: center;\">Nous traduisons tous vos documents vers l&#8217;allemand<\/h1>\n<p style=\"text-align: center;\">(ou l&#8217;inverse)<\/p>\n<p>[\/vc_column_text][vc_empty_space height=&#8221;100px&#8221;][\/vc_column][\/vc_row][vc_row][vc_column width=&#8221;1\/4&#8243;][icon_box title=&#8221;Traductions asserment\u00e9es en allemand&#8221; text=&#8221;Vos documents sont en partance pour l&#8217;Allemagne, l&#8217;Autriche ou la Suisse ? Vous devez les traduire pour qu&#8217;ils soient valides gr\u00e2ce \u00e0 notre service de traductions officielles reconnues dans le monde entier.&#8221; style=&#8221;centered&#8221; icon_fontawesome=&#8221;fa fa-gavel&#8221;][\/vc_column][vc_column width=&#8221;1\/4&#8243;][icon_box title=&#8221;Traductions techniques vers l&#8217;allemand&#8221; text=&#8221;Vous souhaitez importer des produits, vos machines, votre savoir-faire ? Vous voulez faire conna\u00eetre votre soci\u00e9t\u00e9 en Allemagne ? Faites confiance \u00e0 notre personnel technique sp\u00e9cialis\u00e9 dans la traduction vers l&#8217;allemand standard.&#8221; style=&#8221;centered&#8221; icon_fontawesome=&#8221;fa fa-industry&#8221;][\/vc_column][vc_column width=&#8221;1\/4&#8243;][icon_box title=&#8221;Traductions juridiques en allemand&#8221; text=&#8221;Nous traduisons tous les documents juridiques et l\u00e9gaux, y compris tous les statuts, r\u00e8glements, codes, normes, testaments, actes notariaux, contrats, attestations, lois, etc.&#8221; style=&#8221;centered&#8221; icon_fontawesome=&#8221;fa fa-balance-scale&#8221;][\/vc_column][vc_column width=&#8221;1\/4&#8243;][icon_box title=&#8221;Traductions g\u00e9n\u00e9rales d&#8217;allemand&#8221; text=&#8221;Nous traduisons \u00e9galement tout les autres types de documents, quels qu&#8217;en soient le th\u00e8me. Que l&#8217;on parle de math\u00e9matiques, de sciences, d&#8217;ing\u00e9nierie p\u00e9troli\u00e8re, ou m\u00eame de p\u00e9dagogie, nos solutions de traduction en espagnol sont parfaitement adapt\u00e9es \u00e0 vos attentes.&#8221; style=&#8221;centered&#8221; icon_fontawesome=&#8221;fa fa-globe&#8221;][\/vc_column][vc_column][vc_row_inner][vc_column_inner width=&#8221;1\/2&#8243;][vc_btn title=&#8221;Engagez-nous&#8221; style=&#8221;3d&#8221; color=&#8221;peacoc&#8221; align=&#8221;center&#8221; link=&#8221;url:https%3A%2F%2Fwww.9h05.com%2Fproforma%2F|&#8221;][\/vc_column_inner][vc_column_inner width=&#8221;1\/2&#8243;][vc_btn title=&#8221;Contactez-nous&#8221; style=&#8221;3d&#8221; color=&#8221;violet&#8221; align=&#8221;center&#8221; link=&#8221;url:https%3A%2F%2Fwww.9h05.com%2Fen%2Fcontact%2F|&#8221;][\/vc_column_inner][\/vc_row_inner][\/vc_column][vc_column][vc_empty_space height=&#8221;100px&#8221;][vc_row_inner][vc_column_inner width=&#8221;1\/4&#8243;][vc_single_image image=&#8221;5512&#8243; img_size=&#8221;200&#215;105&#8243; alignment=&#8221;center&#8221;][\/vc_column_inner][vc_column_inner width=&#8221;1\/4&#8243;][vc_single_image image=&#8221;5511&#8243; img_size=&#8221;200&#215;105&#8243; alignment=&#8221;center&#8221;][\/vc_column_inner][vc_column_inner width=&#8221;1\/4&#8243;][vc_single_image image=&#8221;5510&#8243; img_size=&#8221;200&#215;105&#8243; alignment=&#8221;center&#8221;][\/vc_column_inner][vc_column_inner width=&#8221;1\/4&#8243;][vc_single_image image=&#8221;5493&#8243; img_size=&#8221;200&#215;105&#8243; alignment=&#8221;center&#8221;][\/vc_column_inner][\/vc_row_inner][\/vc_column][\/vc_row][vc_row][vc_column][vc_column_text]<\/p>\n<h2 style=\"text-align: center;\">Le saviez-vous ?<\/h2>\n<p>[\/vc_column_text][\/vc_column][\/vc_row][vc_row][vc_column width=&#8221;1\/3&#8243;][vc_column_text]L&#8217;allemand est la langue officielle de 6 pays dans le monde, tous situ\u00e9s en Europe (Europe centrale, principalement) :<\/p>\n<ul>\n<li><span class=\"datasortkey\" data-sort-value=\"Allemagne\">Allemagne<\/span><\/li>\n<li><span class=\"datasortkey\" data-sort-value=\"Autriche\">Autriche<\/span><\/li>\n<li><span class=\"datasortkey\" data-sort-value=\"Autriche\">B<\/span><span class=\"datasortkey\" data-sort-value=\"Belgique\">elgique<\/span><\/li>\n<li><span class=\"datasortkey\" data-sort-value=\"Liechtenstein\">Liechtenstein<\/span><\/li>\n<li><span class=\"datasortkey\" data-sort-value=\"Luxembourg (pays)\">Luxembourg<\/span><\/li>\n<li><span class=\"datasortkey\" data-sort-value=\"Suisse\">Suisse<\/span><\/li>\n<\/ul>\n<p>[\/vc_column_text][\/vc_column][vc_column width=&#8221;1\/3&#8243;][vc_column_text]L&#8217;allemand est parl\u00e9 par 95 millions de locuteurs natifs et par pr\u00e8s de 80 millions de locuteurs pour qui l&#8217;allemand n&#8217;est pas leur langue maternelle. Rien qu&#8217;en Allemagne, il y a 82 millions de locuteurs, ce qui repr\u00e9sente la grande majorit\u00e9 des germanophones natifs.[\/vc_column_text][\/vc_column][vc_column width=&#8221;1\/3&#8243;][vc_column_text]<\/p>\n<h3 style=\"text-align: center;\">Insolite<\/h3>\n<p>En ancien fran\u00e7ais,\u00a0<em>tudesque<\/em> d\u00e9signait les Allemands et leur langue. C&#8217;est d&#8217;ailleurs un mot de m\u00eame racine qui est rest\u00e9 en italien pour d\u00e9signer l&#8217;allemand, \u00e0 savoir\u00a0<em>tedesco<\/em>.<\/p>\n<p>Les principales langues emploie trois racines diff\u00e9rentes pour parler de l&#8217;allemand : <i>Thiuda<\/i><em>,\u00a0<\/em>mot gothique signifiant peuple, qui a donn\u00e9 <em>tudesque\u00a0<\/em>en ancien fran\u00e7ais ou encore\u00a0<i>tedesco\u00a0<\/i>en italien\u00a0; <em>allemand<\/em>\u00a0qui signifie peuple des Alamans, soit litt\u00e9ralement <em>peuple de tous les hommes<\/em>\u00a0en germanique ; ou encore\u00a0<em>german<\/em>, en anglais, premi\u00e8rement attest\u00e9 du temps de l&#8217;empire romain dans des \u00e9crits de Jules C\u00e9sar, d\u00e9signant un peuple de tribus.[\/vc_column_text][\/vc_column][\/vc_row][vc_row][vc_column][vc_btn title=&#8221;Acheter un service de traduction vers l&#8217;allemand&#8221; style=&#8221;3d&#8221; color=&#8221;peacoc&#8221; align=&#8221;center&#8221; link=&#8221;url:https%3A%2F%2Fwww.9h05.com%2Fproforma%2F|&#8221;][\/vc_column][\/vc_row]<\/p>\n<\/div>","protected":false},"excerpt":{"rendered":"<p>[vc_row][vc_column][vntd_fullscreen_slider images=&#8221;5509,5508,5507&#8243; text_static=&#8221;Service de traduction vers l&#8217;allemand&#8221; text_dynamic=&#8221;Traduction de documents vers l&#8217;allemand,Agence de traduction internationale \u00e0 Bordeaux,Traduction de documents depuis l&#8217;allemand&#8221;][vc_empty_space height=&#8221;100px&#8221;][vc_column_text] Nous traduisons tous vos documents vers l&#8217;allemand (ou l&#8217;inverse) [\/vc_column_text][vc_empty_space height=&#8221;100px&#8221;][\/vc_column][\/vc_row][vc_row][vc_column width=&#8221;1\/4&#8243;][icon_box title=&#8221;Traductions asserment\u00e9es en allemand&#8221; text=&#8221;Vos documents sont en partance pour l&#8217;Allemagne, l&#8217;Autriche ou la Suisse ? Vous devez les traduire pour [&hellip;]<\/p>\n","protected":false},"author":9,"featured_media":0,"parent":0,"menu_order":0,"comment_status":"closed","ping_status":"closed","template":"","meta":{"site-sidebar-layout":"no-sidebar","site-content-layout":"plain-container","ast-site-content-layout":"","site-content-style":"default","site-sidebar-style":"default","ast-global-header-display":"","ast-banner-title-visibility":"","ast-main-header-display":"","ast-hfb-above-header-display":"","ast-hfb-below-header-display":"","ast-hfb-mobile-header-display":"","site-post-title":"disabled","ast-breadcrumbs-content":"","ast-featured-img":"disabled","footer-sml-layout":"","theme-transparent-header-meta":"","adv-header-id-meta":"","stick-header-meta":"","header-above-stick-meta":"","header-main-stick-meta":"","header-below-stick-meta":"","astra-migrate-meta-layouts":"default","ast-page-background-enabled":"default","ast-page-background-meta":{"desktop":{"background-color":"var(--ast-global-color-4)","background-image":"","background-repeat":"repeat","background-position":"center center","background-size":"auto","background-attachment":"scroll","background-type":"","background-media":"","overlay-type":"","overlay-color":"","overlay-opacity":"","overlay-gradient":""},"tablet":{"background-color":"","background-image":"","background-repeat":"repeat","background-position":"center center","background-size":"auto","background-attachment":"scroll","background-type":"","background-media":"","overlay-type":"","overlay-color":"","overlay-opacity":"","overlay-gradient":""},"mobile":{"background-color":"","background-image":"","background-repeat":"repeat","background-position":"center center","background-size":"auto","background-attachment":"scroll","background-type":"","background-media":"","overlay-type":"","overlay-color":"","overlay-opacity":"","overlay-gradient":""}},"ast-content-background-meta":{"desktop":{"background-color":"var(--ast-global-color-5)","background-image":"","background-repeat":"repeat","background-position":"center center","background-size":"auto","background-attachment":"scroll","background-type":"","background-media":"","overlay-type":"","overlay-color":"","overlay-opacity":"","overlay-gradient":""},"tablet":{"background-color":"var(--ast-global-color-5)","background-image":"","background-repeat":"repeat","background-position":"center center","background-size":"auto","background-attachment":"scroll","background-type":"","background-media":"","overlay-type":"","overlay-color":"","overlay-opacity":"","overlay-gradient":""},"mobile":{"background-color":"var(--ast-global-color-5)","background-image":"","background-repeat":"repeat","background-position":"center center","background-size":"auto","background-attachment":"scroll","background-type":"","background-media":"","overlay-type":"","overlay-color":"","overlay-opacity":"","overlay-gradient":""}},"footnotes":""},"yst_prominent_words":[],"class_list":["post-7901","page","type-page","status-publish","hentry"],"_links":{"self":[{"href":"https:\/\/www.9h05.com\/en\/wp-json\/wp\/v2\/pages\/7901","targetHints":{"allow":["GET"]}}],"collection":[{"href":"https:\/\/www.9h05.com\/en\/wp-json\/wp\/v2\/pages"}],"about":[{"href":"https:\/\/www.9h05.com\/en\/wp-json\/wp\/v2\/types\/page"}],"author":[{"embeddable":true,"href":"https:\/\/www.9h05.com\/en\/wp-json\/wp\/v2\/users\/9"}],"replies":[{"embeddable":true,"href":"https:\/\/www.9h05.com\/en\/wp-json\/wp\/v2\/comments?post=7901"}],"version-history":[{"count":2,"href":"https:\/\/www.9h05.com\/en\/wp-json\/wp\/v2\/pages\/7901\/revisions"}],"predecessor-version":[{"id":7935,"href":"https:\/\/www.9h05.com\/en\/wp-json\/wp\/v2\/pages\/7901\/revisions\/7935"}],"wp:attachment":[{"href":"https:\/\/www.9h05.com\/en\/wp-json\/wp\/v2\/media?parent=7901"}],"wp:term":[{"taxonomy":"yst_prominent_words","embeddable":true,"href":"https:\/\/www.9h05.com\/en\/wp-json\/wp\/v2\/yst_prominent_words?post=7901"}],"curies":[{"name":"wp","href":"https:\/\/api.w.org\/{rel}","templated":true}]}}