{"id":7877,"date":"2020-05-11T22:48:09","date_gmt":"2020-05-11T22:48:09","guid":{"rendered":"https:\/\/www.9h05.com\/translation-to-spanish-in-quito-ecuador\/"},"modified":"2020-05-12T08:52:56","modified_gmt":"2020-05-12T08:52:56","slug":"translation-to-spanish-in-quito-ecuador","status":"publish","type":"page","link":"https:\/\/www.9h05.com\/en\/translation-to-spanish-in-quito-ecuador\/","title":{"rendered":"Translation to Spanish in Quito (Ecuador)"},"content":{"rendered":"<div class=\"wpb-content-wrapper\"><p>[vc_row][vc_column][vntd_fullscreen_slider images=&#8221;5425,5427,5426&#8243; text_static=&#8221;Service de traduction vers l&#8217;espagnol&#8221; text_dynamic=&#8221;Traduction de documents vers l&#8217;espagnol,Agence de traduction internationale \u00e0 Bordeaux,Traduction de documents depuis l&#8217;espagnol&#8221;][vc_empty_space height=&#8221;100px&#8221;][vc_column_text]<\/p>\n<h1 style=\"text-align: center;\">Nous traduisons tous vos documents vers\u00a0l&#8217;espagnol<\/h1>\n<p style=\"text-align: center;\">(ou l&#8217;inverse)<\/p>\n<p>[\/vc_column_text][vc_empty_space height=&#8221;100px&#8221;][\/vc_column][\/vc_row][vc_row][vc_column width=&#8221;1\/4&#8243;][icon_box title=&#8221;Traductions asserment\u00e9es en espagnol&#8221; text=&#8221;Vos documents sont en partance pour l&#8217;Espagne ou l&#8217;Am\u00e9rique Latine ? Vous devez les traduire pour qu&#8217;ils soient valides avec notre service de traductions officielles reconnues dans le monde entier.&#8221; style=&#8221;centered&#8221; icon_fontawesome=&#8221;fa fa-gavel&#8221;][\/vc_column][vc_column width=&#8221;1\/4&#8243;][icon_box title=&#8221;Traductions techniques vers l&#8217;espagnol&#8221; text=&#8221;Vous souhaitez exporter vos produits, vos machines, votre savoir-faire ? Faites confiance \u00e0 notre personnel technique sp\u00e9cialis\u00e9 dans la traduction vers l&#8217;espagnol d&#8217;Espagne ou des pays ib\u00e9ro-am\u00e9ricains.&#8221; style=&#8221;centered&#8221; icon_fontawesome=&#8221;fa fa-industry&#8221;][\/vc_column][vc_column width=&#8221;1\/4&#8243;][icon_box title=&#8221;Traductions juridiques en espagnol&#8221; text=&#8221;Nous traduisons tous les documents juridiques et l\u00e9gaux, y compris tous les actes notariaux, contrats, attestations, lois, statuts, r\u00e8glements, codes, normes, testaments, etc.&#8221; style=&#8221;centered&#8221; icon_fontawesome=&#8221;fa fa-balance-scale&#8221;][\/vc_column][vc_column width=&#8221;1\/4&#8243;][icon_box title=&#8221;Traductions g\u00e9n\u00e9rales d&#8217;espagnol&#8221; text=&#8221;Nous traduisons \u00e9galement tout les autres types de documents, quels qu&#8217;en soient le th\u00e8me. Que l&#8217;on parle de sciences, d&#8217;ing\u00e9nierie p\u00e9troli\u00e8re, de math\u00e9matiques ou m\u00eame de p\u00e9dagogie, nos solutions de traduction en espagnol sont parfaitement adapt\u00e9es \u00e0 vos attentes.&#8221; style=&#8221;centered&#8221; icon_fontawesome=&#8221;fa fa-globe&#8221;][\/vc_column][vc_column][vc_row_inner][vc_column_inner width=&#8221;1\/2&#8243;][vc_btn title=&#8221;Engagez-nous&#8221; style=&#8221;3d&#8221; color=&#8221;peacoc&#8221; align=&#8221;center&#8221; link=&#8221;url:https%3A%2F%2Fwww.9h05.com%2Fproforma%2F|&#8221;][\/vc_column_inner][vc_column_inner width=&#8221;1\/2&#8243;][vc_btn title=&#8221;Contactez-nous&#8221; style=&#8221;3d&#8221; color=&#8221;violet&#8221; align=&#8221;center&#8221; link=&#8221;url:https%3A%2F%2Fwww.9h05.com%2Fen%2Fcontact%2F|&#8221;][\/vc_column_inner][\/vc_row_inner][\/vc_column][vc_column][vc_empty_space height=&#8221;100px&#8221;][vc_row_inner][vc_column_inner width=&#8221;1\/4&#8243;][vc_single_image image=&#8221;5431&#8243; img_size=&#8221;200&#215;105&#8243; alignment=&#8221;center&#8221;][\/vc_column_inner][vc_column_inner width=&#8221;1\/4&#8243;][vc_single_image image=&#8221;5428&#8243; img_size=&#8221;200&#215;105&#8243; alignment=&#8221;center&#8221;][\/vc_column_inner][vc_column_inner width=&#8221;1\/4&#8243;][vc_single_image image=&#8221;5430&#8243; img_size=&#8221;200&#215;105&#8243; alignment=&#8221;center&#8221;][\/vc_column_inner][vc_column_inner width=&#8221;1\/4&#8243;][vc_single_image image=&#8221;5429&#8243; img_size=&#8221;200&#215;105&#8243; alignment=&#8221;center&#8221;][\/vc_column_inner][\/vc_row_inner][\/vc_column][\/vc_row][vc_row][vc_column][vc_column_text]<\/p>\n<h2 style=\"text-align: center;\">Le saviez-vous ?<\/h2>\n<p>[\/vc_column_text][\/vc_column][\/vc_row][vc_row][vc_column width=&#8221;1\/3&#8243;][vc_column_text]L&#8217;espagnol\u00a0est la langue officielle de 21 pays dans le monde, qui, en dehors de l&#8217;Espagne (Europe) et de la Guin\u00e9e \u00e9quatoriale (Afrique), se trouvent tous en Am\u00e9rique Latine\u00a0:<\/p>\n<ul>\n<li>Mexique<\/li>\n<li>Colombie<\/li>\n<li>Espagne<\/li>\n<li>Argentine<\/li>\n<li>P\u00e9rou<\/li>\n<li>Venezuela<\/li>\n<li>Chili<\/li>\n<li>\u00c9quateur<\/li>\n<li>Guatemala<\/li>\n<li>Cuba<\/li>\n<li>R\u00e9publique dominicaine<\/li>\n<li>Bolivie<\/li>\n<li>Honduras<\/li>\n<li>Paraguay<\/li>\n<li>Salvador<\/li>\n<li>Nicaragua<\/li>\n<li>Costa Rica<\/li>\n<li>Porto Rico<\/li>\n<li>Uruguay<\/li>\n<li>Panama<\/li>\n<li>Belize<\/li>\n<li>Guin\u00e9e \u00e9quatoriale<\/li>\n<\/ul>\n<p>[\/vc_column_text][\/vc_column][vc_column width=&#8221;1\/3&#8243;][vc_column_text]Il y a pas moins de 470\u00a0millions de locuteurs dont la langue maternelle est l&#8217;espagnol\u00a0\u00e0 travers le monde. L&#8217;espagnol est aussi une langue minoritaire (\u00e0 hauteur de 20 %, tout de m\u00eame) aux \u00c9tats-Unis, o\u00f9 les autorit\u00e9s de nombreux \u00c9tats proposent d\u00e9sormais toutes leurs informations officielles en anglais aussi bien qu&#8217;en espagnol.[\/vc_column_text][\/vc_column][vc_column width=&#8221;1\/3&#8243;][vc_column_text]<\/p>\n<h3 style=\"text-align: center;\">Insolite<\/h3>\n<p>9h05 International dispose de plusieurs agences dans diff\u00e9rents pays hispanophones, \u00e0 savoir l&#8217;Espagne (Saragosse), la Colombie (Medellin) et l&#8217;\u00c9quateur (Quito). Notre personnel ma\u00eetrise \u00e0 la perfection les diff\u00e9rentes vari\u00e9t\u00e9s de l&#8217;espagnol. Raison de plus pour nous engager ![\/vc_column_text][\/vc_column][\/vc_row][vc_row][vc_column][vc_btn title=&#8221;Acheter un service de traduction vers l&#8217;espagnol&#8221; style=&#8221;3d&#8221; color=&#8221;peacoc&#8221; align=&#8221;center&#8221; link=&#8221;url:https%3A%2F%2Fwww.9h05.com%2Fproforma%2F|&#8221;][\/vc_column][\/vc_row]<\/p>\n<\/div>","protected":false},"excerpt":{"rendered":"<p>[vc_row][vc_column][vntd_fullscreen_slider images=&#8221;5425,5427,5426&#8243; text_static=&#8221;Service de traduction vers l&#8217;espagnol&#8221; text_dynamic=&#8221;Traduction de documents vers l&#8217;espagnol,Agence de traduction internationale \u00e0 Bordeaux,Traduction de documents depuis l&#8217;espagnol&#8221;][vc_empty_space height=&#8221;100px&#8221;][vc_column_text] Nous traduisons tous vos documents vers\u00a0l&#8217;espagnol (ou l&#8217;inverse) [\/vc_column_text][vc_empty_space height=&#8221;100px&#8221;][\/vc_column][\/vc_row][vc_row][vc_column width=&#8221;1\/4&#8243;][icon_box title=&#8221;Traductions asserment\u00e9es en espagnol&#8221; text=&#8221;Vos documents sont en partance pour l&#8217;Espagne ou l&#8217;Am\u00e9rique Latine ? Vous devez les traduire pour qu&#8217;ils soient [&hellip;]<\/p>\n","protected":false},"author":9,"featured_media":0,"parent":0,"menu_order":0,"comment_status":"closed","ping_status":"closed","template":"","meta":{"site-sidebar-layout":"no-sidebar","site-content-layout":"plain-container","ast-site-content-layout":"","site-content-style":"default","site-sidebar-style":"default","ast-global-header-display":"","ast-banner-title-visibility":"","ast-main-header-display":"","ast-hfb-above-header-display":"","ast-hfb-below-header-display":"","ast-hfb-mobile-header-display":"","site-post-title":"disabled","ast-breadcrumbs-content":"","ast-featured-img":"disabled","footer-sml-layout":"","theme-transparent-header-meta":"default","adv-header-id-meta":"","stick-header-meta":"","header-above-stick-meta":"","header-main-stick-meta":"","header-below-stick-meta":"","astra-migrate-meta-layouts":"default","ast-page-background-enabled":"default","ast-page-background-meta":{"desktop":{"background-color":"var(--ast-global-color-4)","background-image":"","background-repeat":"repeat","background-position":"center center","background-size":"auto","background-attachment":"scroll","background-type":"","background-media":"","overlay-type":"","overlay-color":"","overlay-opacity":"","overlay-gradient":""},"tablet":{"background-color":"","background-image":"","background-repeat":"repeat","background-position":"center center","background-size":"auto","background-attachment":"scroll","background-type":"","background-media":"","overlay-type":"","overlay-color":"","overlay-opacity":"","overlay-gradient":""},"mobile":{"background-color":"","background-image":"","background-repeat":"repeat","background-position":"center center","background-size":"auto","background-attachment":"scroll","background-type":"","background-media":"","overlay-type":"","overlay-color":"","overlay-opacity":"","overlay-gradient":""}},"ast-content-background-meta":{"desktop":{"background-color":"var(--ast-global-color-5)","background-image":"","background-repeat":"repeat","background-position":"center center","background-size":"auto","background-attachment":"scroll","background-type":"","background-media":"","overlay-type":"","overlay-color":"","overlay-opacity":"","overlay-gradient":""},"tablet":{"background-color":"var(--ast-global-color-5)","background-image":"","background-repeat":"repeat","background-position":"center center","background-size":"auto","background-attachment":"scroll","background-type":"","background-media":"","overlay-type":"","overlay-color":"","overlay-opacity":"","overlay-gradient":""},"mobile":{"background-color":"var(--ast-global-color-5)","background-image":"","background-repeat":"repeat","background-position":"center center","background-size":"auto","background-attachment":"scroll","background-type":"","background-media":"","overlay-type":"","overlay-color":"","overlay-opacity":"","overlay-gradient":""}},"footnotes":""},"yst_prominent_words":[],"class_list":["post-7877","page","type-page","status-publish","hentry"],"_links":{"self":[{"href":"https:\/\/www.9h05.com\/en\/wp-json\/wp\/v2\/pages\/7877","targetHints":{"allow":["GET"]}}],"collection":[{"href":"https:\/\/www.9h05.com\/en\/wp-json\/wp\/v2\/pages"}],"about":[{"href":"https:\/\/www.9h05.com\/en\/wp-json\/wp\/v2\/types\/page"}],"author":[{"embeddable":true,"href":"https:\/\/www.9h05.com\/en\/wp-json\/wp\/v2\/users\/9"}],"replies":[{"embeddable":true,"href":"https:\/\/www.9h05.com\/en\/wp-json\/wp\/v2\/comments?post=7877"}],"version-history":[{"count":2,"href":"https:\/\/www.9h05.com\/en\/wp-json\/wp\/v2\/pages\/7877\/revisions"}],"predecessor-version":[{"id":7879,"href":"https:\/\/www.9h05.com\/en\/wp-json\/wp\/v2\/pages\/7877\/revisions\/7879"}],"wp:attachment":[{"href":"https:\/\/www.9h05.com\/en\/wp-json\/wp\/v2\/media?parent=7877"}],"wp:term":[{"taxonomy":"yst_prominent_words","embeddable":true,"href":"https:\/\/www.9h05.com\/en\/wp-json\/wp\/v2\/yst_prominent_words?post=7877"}],"curies":[{"name":"wp","href":"https:\/\/api.w.org\/{rel}","templated":true}]}}