{"id":7643,"date":"2020-05-11T19:38:11","date_gmt":"2020-05-11T19:38:11","guid":{"rendered":"https:\/\/www.9h05.com\/get-your-certified-translation-in-machala-in-only-24-hours\/"},"modified":"2020-05-12T08:48:32","modified_gmt":"2020-05-12T08:48:32","slug":"get-your-certified-translation-in-machala-in-only-24-hours","status":"publish","type":"page","link":"https:\/\/www.9h05.com\/en\/get-your-certified-translation-in-machala-in-only-24-hours\/","title":{"rendered":"Get your certified translation in Machala in only 24 hours"},"content":{"rendered":"<div class=\"wpb-content-wrapper\"><p>[vc_row][vc_column][vc_row_inner][vc_column_inner][vc_empty_space][vc_custom_heading text=&#8221;CERTIFIED TRANSLATIONS IN MACHALA&#8221; font_container=&#8221;tag:h1|font_size:54|text_align:center|color:%232d2d2d&#8221; google_fonts=&#8221;font_family:Arimo%3Aregular%2Citalic%2C700%2C700italic|font_style:700%20bold%20regular%3A700%3Anormal&#8221;][vc_empty_space][\/vc_column_inner][\/vc_row_inner][vc_row_inner][vc_column_inner][vc_column_text]9h05 del Ecuador is a professional translation service company with coverage in all of Ecuador. We offer certified (official) translation services for all types of official documents and procedures.[\/vc_column_text][vc_empty_space][\/vc_column_inner][\/vc_row_inner][vc_row_inner][vc_column_inner][vc_custom_heading text=&#8221;Hire us and receive your official translation in 24 hours at home in Machala! &#8221; font_container=&#8221;tag:h2|font_size:30|text_align:center|color:%23303030&#8243; google_fonts=&#8221;font_family:Arimo%3Aregular%2Citalic%2C700%2C700italic|font_style:400%20regular%3A400%3Anormal&#8221;][vc_empty_space][\/vc_column_inner][\/vc_row_inner][vc_row_inner][vc_column_inner][vc_custom_heading text=&#8221;SERVICES&#8221; font_container=&#8221;tag:h3|font_size:20|text_align:center|color:%23303030&#8243; google_fonts=&#8221;font_family:Arimo%3Aregular%2Citalic%2C700%2C700italic|font_style:400%20regular%3A400%3Anormal&#8221;][\/vc_column_inner][\/vc_row_inner][vc_row_inner][vc_column_inner width=&#8221;1\/4&#8243;][vc_icon icon_fontawesome=&#8221;fa fa-gavel&#8221; color=&#8221;turquoise&#8221; size=&#8221;lg&#8221; align=&#8221;center&#8221;][vc_column_text]<\/p>\n<p><strong>OFFICIAL TRANSLATIONS<\/strong><\/p>\n<p>[\/vc_column_text][\/vc_column_inner][vc_column_inner width=&#8221;1\/4&#8243;][vc_icon icon_fontawesome=&#8221;fa fa-industry&#8221; color=&#8221;pink&#8221; size=&#8221;lg&#8221; align=&#8221;center&#8221;][vc_column_text]<\/p>\n<p><strong>GENERAL AND TECHNICAL TRANSLATIONS<\/strong><\/p>\n<p>[\/vc_column_text][\/vc_column_inner][vc_column_inner width=&#8221;1\/4&#8243;][vc_icon icon_fontawesome=&#8221;fa fa-sticky-note-o&#8221; color=&#8221;violet&#8221; size=&#8221;lg&#8221; align=&#8221;center&#8221;][vc_column_text]<\/p>\n<p><strong>NOTARIZATIONS<\/strong><\/p>\n<p>[\/vc_column_text][\/vc_column_inner][vc_column_inner width=&#8221;1\/4&#8243;][vc_icon icon_fontawesome=&#8221;fa fa-truck&#8221; color=&#8221;peacoc&#8221; size=&#8221;lg&#8221; align=&#8221;center&#8221;][vc_column_text]<\/p>\n<p><strong>DELIVERY TO YOUR HOME IN MACHALA<\/strong><\/p>\n<p>[\/vc_column_text][\/vc_column_inner][\/vc_row_inner][vc_row_inner][vc_column_inner][vc_empty_space][vc_custom_heading text=&#8221;LANGUAGES&#8221; font_container=&#8221;tag:h3|font_size:20|text_align:center|color:%23303030&#8243; google_fonts=&#8221;font_family:Arimo%3Aregular%2Citalic%2C700%2C700italic|font_style:400%20regular%3A400%3Anormal&#8221;][\/vc_column_inner][\/vc_row_inner][vc_row_inner][vc_column_inner width=&#8221;1\/4&#8243;][vc_column_text]<\/p>\n<table>\n<tbody>\n<tr>\n<td width=\"162\">Spanish<\/td>\n<\/tr>\n<tr>\n<td width=\"162\">German<\/td>\n<\/tr>\n<tr>\n<td width=\"162\">Romanian<\/td>\n<\/tr>\n<tr>\n<td width=\"162\">Kichwa<\/td>\n<\/tr>\n<\/tbody>\n<\/table>\n<p>[\/vc_column_text][\/vc_column_inner][vc_column_inner width=&#8221;1\/4&#8243;][vc_column_text]<\/p>\n<table>\n<tbody>\n<tr>\n<td width=\"162\">English<\/td>\n<\/tr>\n<tr>\n<td width=\"162\">Dutch<\/td>\n<\/tr>\n<tr>\n<td width=\"162\">Polish<\/td>\n<\/tr>\n<tr>\n<td width=\"162\">Hindi<\/td>\n<\/tr>\n<tr>\n<td width=\"162\">Chinese<\/td>\n<\/tr>\n<\/tbody>\n<\/table>\n<p>[\/vc_column_text][\/vc_column_inner][vc_column_inner width=&#8221;1\/4&#8243;][vc_column_text]<\/p>\n<table>\n<tbody>\n<tr>\n<td width=\"162\">French<\/td>\n<\/tr>\n<tr>\n<td width=\"162\">Italian<\/td>\n<\/tr>\n<tr>\n<td width=\"162\">Catalan<\/td>\n<\/tr>\n<tr>\n<td width=\"162\">Arab<\/td>\n<\/tr>\n<tr>\n<td width=\"162\">Latin<\/td>\n<\/tr>\n<\/tbody>\n<\/table>\n<p>[\/vc_column_text][\/vc_column_inner][vc_column_inner width=&#8221;1\/4&#8243;][vc_column_text]<\/p>\n<table>\n<tbody>\n<tr>\n<td width=\"162\">Portuguese<\/td>\n<\/tr>\n<tr>\n<td width=\"162\">Russian<\/td>\n<\/tr>\n<tr>\n<td width=\"162\">Galician<\/td>\n<\/tr>\n<tr>\n<td width=\"162\">Norwegian<\/td>\n<\/tr>\n<\/tbody>\n<\/table>\n<p>[\/vc_column_text][\/vc_column_inner][\/vc_row_inner][vc_row_inner][vc_column_inner][vc_empty_space][vc_custom_heading text=&#8221;PAYMENT METHODS&#8221; font_container=&#8221;tag:h3|font_size:20|text_align:center|color:%23303030&#8243; google_fonts=&#8221;font_family:Arimo%3Aregular%2Citalic%2C700%2C700italic|font_style:400%20regular%3A400%3Anormal&#8221;][\/vc_column_inner][\/vc_row_inner][vc_row_inner][vc_column_inner width=&#8221;1\/4&#8243;][vc_icon icon_fontawesome=&#8221;fa fa-credit-card&#8221; color=&#8221;mulled_wine&#8221; size=&#8221;xl&#8221; align=&#8221;center&#8221;][vc_column_text]<\/p>\n<p><strong>Credit cards<\/strong><\/p>\n<p>[\/vc_column_text][vc_btn title=&#8221;Hire us online&#8221; style=&#8221;3d&#8221; color=&#8221;green&#8221; align=&#8221;center&#8221; i_align=&#8221;right&#8221; i_icon_fontawesome=&#8221;fa fa-angle-double-right&#8221; link=&#8221;url:https%3A%2F%2Fwww.9h05.com%2Fproforma%2Fusd%2F|&#8221; add_icon=&#8221;true&#8221;][\/vc_column_inner][vc_column_inner width=&#8221;1\/4&#8243;][vc_icon icon_fontawesome=&#8221;fa fa-university&#8221; color=&#8221;vista_blue&#8221; size=&#8221;xl&#8221; align=&#8221;center&#8221;][vc_column_text]<\/p>\n<p><strong>Transfer and deposit<\/strong><strong><br \/>\n<\/strong>(Banco Pichincha, Banco Guayaquil)<\/p>\n<p>[\/vc_column_text][\/vc_column_inner][vc_column_inner width=&#8221;1\/4&#8243;][vc_icon icon_fontawesome=&#8221;fa fa-pencil-square-o&#8221; color=&#8221;orange&#8221; size=&#8221;xl&#8221; align=&#8221;center&#8221;][vc_column_text]<\/p>\n<p><strong>Check<\/strong><\/p>\n<p>[\/vc_column_text][\/vc_column_inner][vc_column_inner width=&#8221;1\/4&#8243;][vc_icon icon_fontawesome=&#8221;fa fa-cc-paypal&#8221; color=&#8221;sky&#8221; size=&#8221;xl&#8221; align=&#8221;center&#8221;][vc_column_text]<\/p>\n<p><strong>PayPal<\/strong><\/p>\n<p>[\/vc_column_text][vc_btn title=&#8221;Hire us online&#8221; style=&#8221;3d&#8221; color=&#8221;green&#8221; align=&#8221;center&#8221; i_align=&#8221;right&#8221; i_icon_fontawesome=&#8221;fa fa-angle-double-right&#8221; link=&#8221;url:https%3A%2F%2Fwww.9h05.com%2Fproforma%2Fusd%2F|&#8221; add_icon=&#8221;true&#8221;][\/vc_column_inner][\/vc_row_inner][vc_row_inner][vc_column_inner][vc_empty_space][vc_custom_heading text=&#8221;DELIVERY TIMES&#8221; font_container=&#8221;tag:h3|font_size:20|text_align:center|color:%23303030&#8243; google_fonts=&#8221;font_family:Arimo%3Aregular%2Citalic%2C700%2C700italic|font_style:400%20regular%3A400%3Anormal&#8221;][\/vc_column_inner][\/vc_row_inner][vc_row_inner][vc_column_inner width=&#8221;1\/2&#8243;][vc_column_text]<\/p>\n<p><strong>FROM 1 TO 10 PAGES<\/strong><\/p>\n<p>1 business day<\/p>\n<p>[\/vc_column_text][\/vc_column_inner][vc_column_inner width=&#8221;1\/2&#8243;][vc_column_text]<\/p>\n<p><strong>FROM 11 TO 20 PAGES<\/strong><\/p>\n<p>2 business days<\/p>\n<p>[\/vc_column_text][\/vc_column_inner][\/vc_row_inner][vc_row_inner][vc_column_inner][vc_column_text]<\/p>\n<p><strong>and 1 business day<\/strong><\/p>\n<p>for every 10 pages<\/p>\n<p>[\/vc_column_text][\/vc_column_inner][\/vc_row_inner][vc_row_inner][vc_column_inner][vc_empty_space][vc_custom_heading text=&#8221;CONTACT&#8221; font_container=&#8221;tag:h3|font_size:20|text_align:center|color:%23303030&#8243; google_fonts=&#8221;font_family:Arimo%3Aregular%2Citalic%2C700%2C700italic|font_style:400%20regular%3A400%3Anormal&#8221;][\/vc_column_inner][\/vc_row_inner][vc_row_inner][vc_column_inner width=&#8221;1\/2&#8243;][vc_icon icon_fontawesome=&#8221;fa fa-phone-square&#8221; color=&#8221;peacoc&#8221; size=&#8221;xl&#8221; align=&#8221;center&#8221;][vc_column_text]<\/p>\n<p>(02) 515 33 33<\/p>\n<p>(02) 250 11 10<\/p>\n<p>+33 972 48 3666<\/p>\n<p>[\/vc_column_text][\/vc_column_inner][vc_column_inner width=&#8221;1\/2&#8243;][vc_icon icon_fontawesome=&#8221;fa fa-pencil&#8221; color=&#8221;sky&#8221; size=&#8221;xl&#8221; align=&#8221;center&#8221;][vc_column_text]Contact us for information about your translation in Machala<\/p>\n<p><a href=\"mailto:ecuador@9h05.com\">ecuador@9h05.com<\/a>[\/vc_column_text][\/vc_column_inner][\/vc_row_inner][vc_row_inner][vc_column_inner][vc_empty_space][\/vc_column_inner][\/vc_row_inner][vc_row_inner][vc_column_inner][vc_column_text]<\/p>\n<h4><strong>Use our translation services in cities all over Ecuador:<\/strong><\/h4>\n<p>Guayaquil, Quito, Cuenca, Santo Domingo, Machala, Dur\u00e1n, Portoviejo, Manta, Loja, Ambato, Esmeraldas, Quevedo, Riobamba, Milagro, Ibarra, Latacunga, Babahoyo, La Libertad, Daule, Sangolqu\u00ed, Tulc\u00e1n, Chone, Pasaje, Santa Rosa, Lago Agrio, Huaquillas, El Carmen, Montecristi, Samborond\u00f3n, Francisco de Orellana, Jipijapa, Santa Elena, Otavalo, Cayambe, Buena Fe, Ventanas, El Empalme, La Troncal, El Triunfo, Salinas, Playas, Azogues, Puyo, Vinces, La Concordia, Quinind\u00e9, Balzar, Naranjito, Naranjal, Guaranda, La Man\u00e1, Tena, San Lorenzo, Catamayo, El Guabo, Pedernales, Atuntaqui, Bah\u00eda de Car\u00e1quez, Pedro Carbo, Macas, Yaguachi, Calceta, Arenillas, Jaramij\u00f3, Valencia, Machachi, Shushufindi, Atacames, Pi\u00f1as, San Gabriel, Gualaceo, Lomas de Sargentillo, Ca\u00f1ar, Cariamanga, Ba\u00f1os de Agua Santa, Montalvo, Macar\u00e1, Salcedo, Zamora, Puerto Ayora, La Joya de los Sachas, Salitre, Tosagua, Pelileo, Pujil\u00ed, Tabacundo, Puerto L\u00f3pez, San Vicente, Santa Ana de Vuelta Larga, Zaruma, Balao, Rocafuerte, Yantzaza, Cotacachi, Santa Luc\u00eda, Cumand\u00e1, Palestina, Alfredo Baquerizo Moreno (Jujan), Narcisa de Jes\u00fas (Nobol), Mocache, Puebloviejo, Portovelo, Suc\u00faa, Guano, P\u00edllaro, Sim\u00f3n Bol\u00edvar, Gualaquiza, Paute, Saquisil\u00ed, Coronel Marcelino Maridue\u00f1a, Paj\u00e1n, San Miguel, Puerto Baquerizo Moreno, Catacocha, Palenque, Alaus\u00ed, Caluma, Catarama, Flavio Alfaro, Colimes, Echeand\u00eda, Jama, General Antonio Elizalde (Bucay), Isidro Ayora, Muisne, Santa Isabel, Pedro Vicente Maldonado, Bibli\u00e1n, Archidona, Jun\u00edn, Baba, Valdez (Limones), Pimampiro, Camilo Ponce Enr\u00edquez, San Miguel de Los Bancos, El Tambo, Quinsaloma, El \u00c1ngel, Alamor, Chambo, San Jos\u00e9 de Chimbo, Celica, Chordeleg, Balsas, Saraguro, El Chaco, Gir\u00f3n, Huaca, Pichincha, Chunchi, Pallatanga, Marcabel\u00ed, S\u00edgsig, General Leonidas Plaza Guti\u00e9rrez (Lim\u00f3n), Urcuqu\u00ed, Loreto, Rioverde, Zumba, Palora, Mira, El Pangui, Puerto Quito, Bol\u00edvar, Sucre, Chillanes, Quero, Guamote, Cevallos, Zapotillo, Villa La Uni\u00f3n (Cajabamba), Santiago de M\u00e9ndez, Zumbi, Puerto El Carmen de Putumayo, Patate, Olmedo, Puerto Villamil, El Dorado de Cascales, Lumbaqui, Palanda, Sigchos, Pindal, Guayzimi, Baeza, El Coraz\u00f3n, Paccha, Amaluza, Las Naves, Logro\u00f1o, San Fernando, Gonzanam\u00e1, San Juan Bosco, 28 de Mayo (San Jos\u00e9 de Yacuambi), Santa Clara, Arajuno, Tarapoa, Tisaleo, Suscal, Nab\u00f3n, Nocha, La Victoria, Guachapala, Santiago, Chaguarpamba, Penipe, Taisha, Chilla, Paquisha, Carlos Julio Arosemena Tola, Sozoranga, Pucar\u00e1, Huamboya, Quilanga, San Felipe de O\u00f1a, Sevilla de Oro, Mera, Pablo Sexto, Olmedo, D\u00e9leg, La Bonita, El Pan, Tiputini[\/vc_column_text][\/vc_column_inner][\/vc_row_inner][vc_row_inner][vc_column_inner][\/vc_column_inner][\/vc_row_inner][\/vc_column][\/vc_row]<\/p>\n<p>&nbsp;<\/p>\n<\/div>","protected":false},"excerpt":{"rendered":"<p>[vc_row][vc_column][vc_row_inner][vc_column_inner][vc_empty_space][vc_custom_heading text=&#8221;CERTIFIED TRANSLATIONS IN MACHALA&#8221; font_container=&#8221;tag:h1|font_size:54|text_align:center|color:%232d2d2d&#8221; google_fonts=&#8221;font_family:Arimo%3Aregular%2Citalic%2C700%2C700italic|font_style:700%20bold%20regular%3A700%3Anormal&#8221;][vc_empty_space][\/vc_column_inner][\/vc_row_inner][vc_row_inner][vc_column_inner][vc_column_text]9h05 del Ecuador is a professional translation service company with coverage in all of Ecuador. We offer certified (official) translation services for all types of official documents and procedures.[\/vc_column_text][vc_empty_space][\/vc_column_inner][\/vc_row_inner][vc_row_inner][vc_column_inner][vc_custom_heading text=&#8221;Hire us and receive your official translation in 24 hours at home in Machala! &#8221; font_container=&#8221;tag:h2|font_size:30|text_align:center|color:%23303030&#8243; google_fonts=&#8221;font_family:Arimo%3Aregular%2Citalic%2C700%2C700italic|font_style:400%20regular%3A400%3Anormal&#8221;][vc_empty_space][\/vc_column_inner][\/vc_row_inner][vc_row_inner][vc_column_inner][vc_custom_heading text=&#8221;SERVICES&#8221; font_container=&#8221;tag:h3|font_size:20|text_align:center|color:%23303030&#8243; google_fonts=&#8221;font_family:Arimo%3Aregular%2Citalic%2C700%2C700italic|font_style:400%20regular%3A400%3Anormal&#8221;][\/vc_column_inner][\/vc_row_inner][vc_row_inner][vc_column_inner [&hellip;]<\/p>\n","protected":false},"author":9,"featured_media":0,"parent":0,"menu_order":0,"comment_status":"closed","ping_status":"closed","template":"","meta":{"site-sidebar-layout":"no-sidebar","site-content-layout":"plain-container","ast-site-content-layout":"","site-content-style":"default","site-sidebar-style":"default","ast-global-header-display":"","ast-banner-title-visibility":"","ast-main-header-display":"","ast-hfb-above-header-display":"","ast-hfb-below-header-display":"","ast-hfb-mobile-header-display":"","site-post-title":"disabled","ast-breadcrumbs-content":"","ast-featured-img":"disabled","footer-sml-layout":"","theme-transparent-header-meta":"","adv-header-id-meta":"","stick-header-meta":"","header-above-stick-meta":"","header-main-stick-meta":"","header-below-stick-meta":"","astra-migrate-meta-layouts":"default","ast-page-background-enabled":"default","ast-page-background-meta":{"desktop":{"background-color":"var(--ast-global-color-4)","background-image":"","background-repeat":"repeat","background-position":"center center","background-size":"auto","background-attachment":"scroll","background-type":"","background-media":"","overlay-type":"","overlay-color":"","overlay-opacity":"","overlay-gradient":""},"tablet":{"background-color":"","background-image":"","background-repeat":"repeat","background-position":"center center","background-size":"auto","background-attachment":"scroll","background-type":"","background-media":"","overlay-type":"","overlay-color":"","overlay-opacity":"","overlay-gradient":""},"mobile":{"background-color":"","background-image":"","background-repeat":"repeat","background-position":"center center","background-size":"auto","background-attachment":"scroll","background-type":"","background-media":"","overlay-type":"","overlay-color":"","overlay-opacity":"","overlay-gradient":""}},"ast-content-background-meta":{"desktop":{"background-color":"var(--ast-global-color-5)","background-image":"","background-repeat":"repeat","background-position":"center center","background-size":"auto","background-attachment":"scroll","background-type":"","background-media":"","overlay-type":"","overlay-color":"","overlay-opacity":"","overlay-gradient":""},"tablet":{"background-color":"var(--ast-global-color-5)","background-image":"","background-repeat":"repeat","background-position":"center center","background-size":"auto","background-attachment":"scroll","background-type":"","background-media":"","overlay-type":"","overlay-color":"","overlay-opacity":"","overlay-gradient":""},"mobile":{"background-color":"var(--ast-global-color-5)","background-image":"","background-repeat":"repeat","background-position":"center center","background-size":"auto","background-attachment":"scroll","background-type":"","background-media":"","overlay-type":"","overlay-color":"","overlay-opacity":"","overlay-gradient":""}},"footnotes":""},"yst_prominent_words":[],"class_list":["post-7643","page","type-page","status-publish","hentry"],"_links":{"self":[{"href":"https:\/\/www.9h05.com\/en\/wp-json\/wp\/v2\/pages\/7643","targetHints":{"allow":["GET"]}}],"collection":[{"href":"https:\/\/www.9h05.com\/en\/wp-json\/wp\/v2\/pages"}],"about":[{"href":"https:\/\/www.9h05.com\/en\/wp-json\/wp\/v2\/types\/page"}],"author":[{"embeddable":true,"href":"https:\/\/www.9h05.com\/en\/wp-json\/wp\/v2\/users\/9"}],"replies":[{"embeddable":true,"href":"https:\/\/www.9h05.com\/en\/wp-json\/wp\/v2\/comments?post=7643"}],"version-history":[{"count":25,"href":"https:\/\/www.9h05.com\/en\/wp-json\/wp\/v2\/pages\/7643\/revisions"}],"predecessor-version":[{"id":7668,"href":"https:\/\/www.9h05.com\/en\/wp-json\/wp\/v2\/pages\/7643\/revisions\/7668"}],"wp:attachment":[{"href":"https:\/\/www.9h05.com\/en\/wp-json\/wp\/v2\/media?parent=7643"}],"wp:term":[{"taxonomy":"yst_prominent_words","embeddable":true,"href":"https:\/\/www.9h05.com\/en\/wp-json\/wp\/v2\/yst_prominent_words?post=7643"}],"curies":[{"name":"wp","href":"https:\/\/api.w.org\/{rel}","templated":true}]}}