{"id":7461,"date":"2020-05-11T14:46:06","date_gmt":"2020-05-11T14:46:06","guid":{"rendered":"https:\/\/www.9h05.com\/9h05-certified-translators-in-ecuador\/"},"modified":"2023-02-17T10:49:25","modified_gmt":"2023-02-17T10:49:25","slug":"9h05-certified-translators-in-ecuador","status":"publish","type":"page","link":"https:\/\/www.9h05.com\/en\/9h05-certified-translators-in-ecuador\/","title":{"rendered":"9h05 Certified translators in Ecuador"},"content":{"rendered":"<div class=\"wpb-content-wrapper\"><p>[vc_row css=&#8221;.vc_custom_1487613738640{background-color: #1e86cc !important;}&#8221;][vc_column][vc_row_inner][vc_column_inner][vc_empty_space][\/vc_column_inner][\/vc_row_inner][vc_row_inner][vc_column_inner width=&#8221;2\/3&#8243; css=&#8221;.vc_custom_1487614134671{background-image: url(https:\/\/www.9h05.com\/wp-content\/uploads\/2017\/02\/bandera-ecuador-agencia-traduccion-2.jpg?id=6031) !important;}&#8221;][vc_custom_heading text=&#8221;Certified translators in Ecuador&#8221; font_container=&#8221;tag:h1|font_size:50|text_align:left|color:%23ffffff&#8221; google_fonts=&#8221;font_family:Cinzel%3Aregular%2C700%2C900|font_style:400%20regular%3A400%3Anormal&#8221;][vc_column_text]<span style=\"color: #ffffff;\">The professional translators at 9h05 del Ecuador are on the list of certified translators in Ecuador.<\/span>[\/vc_column_text][vc_empty_space height=&#8221;60px&#8221;][\/vc_column_inner][vc_column_inner width=&#8221;1\/3&#8243;][vc_single_image image=&#8221;5914&#8243; img_size=&#8221;medium&#8221; alignment=&#8221;center&#8221;][\/vc_column_inner][\/vc_row_inner][vc_row_inner][vc_column_inner][vc_empty_space][vc_column_text]<span style=\"color: #ffffff;\"><strong>What does it mean to be on the list of certified translators in Ecuador?<\/strong><\/span><\/p>\n<p><span style=\"color: #ffffff;\">It is a guarantee for you that the work done by the translation personnel at 9h05 will be valid and recognized anywhere you need to present your translated documents. <\/span><\/p>\n<p><span style=\"color: #ffffff;\">9h05 International&nbsp;is a corporate member of the <a style=\"color: #ffffff;\" href=\"https:\/\/www.9h05.com\/ata-american-translators-association\/\">ATA \u2013 American Translators Association<\/a>, which lets us issue official translations in the United States with the ASTM F2575 certification.<\/span><\/p>\n<p><span style=\"color: #ffffff;\">The translators at 9h05 del Ecuador are also individual members of national translation associations such as the <a style=\"color: #ffffff;\" href=\"https:\/\/www.9h05.com\/es\/atiec-asociacion-traductores-interpretes-ecuador\/\">ATIEC \u2013 Ecuadorian Association of Translators and Interpreters<\/a> (Benjamin Aguilar) o la ITA \u2013 Indian Translators Association (Ankur Mehrotra).<\/span><\/p>\n<p><span style=\"color: #ffffff;\">9h05&nbsp;International also has the European certification EN-15038:2006. Our translators hold university translation degrees.<br \/>\n<\/span>[\/vc_column_text][vc_empty_space height=&#8221;100px&#8221;][\/vc_column_inner][\/vc_row_inner][vc_row_inner][vc_column_inner width=&#8221;1\/4&#8243;][vc_empty_space][vc_icon icon_fontawesome=&#8221;fa fa-gavel&#8221; color=&#8221;grey&#8221; size=&#8221;xl&#8221; align=&#8221;center&#8221;][vc_custom_heading text=&#8221;NOTARIZATION SERVICES&#8221; font_container=&#8221;tag:h2|text_align:center|color:%23ffffff&#8221; google_fonts=&#8221;font_family:Cinzel%3Aregular%2C700%2C900|font_style:400%20regular%3A400%3Anormal&#8221;][vc_column_text css=&#8221;.vc_custom_1487613356471{background-color: rgba(193,193,193,0.18) !important;*background-color: rgb(193,193,193) !important;}&#8221;]<span style=\"color: #ffffff;\"><strong>We notarize<\/strong> our translations if required for full validation. Generally, Ecuadorian public entities tend to request the notarization of foreign documents. Other countries, such as China, Japan, Singapore, Canada and South Korea also tend to ask for notarization.<\/span><\/p>\n<p><span style=\"color: #ffffff;\">We can also facilitate this translation service. You can only affix an apostille to your translation after it has been notarized.<\/span>[\/vc_column_text][\/vc_column_inner][vc_column_inner width=&#8221;1\/4&#8243;][vc_icon icon_fontawesome=&#8221;fa fa-language&#8221; color=&#8221;grey&#8221; size=&#8221;xl&#8221; align=&#8221;center&#8221;][vc_custom_heading text=&#8221;TRANSLATION SERVICE&#8221; font_container=&#8221;tag:h2|text_align:center|color:%23ffffff&#8221; google_fonts=&#8221;font_family:Cinzel%3Aregular%2C700%2C900|font_style:400%20regular%3A400%3Anormal&#8221;][vc_column_text css=&#8221;.vc_custom_1487613075128{background-color: rgba(193,193,193,0.18) !important;*background-color: rgb(193,193,193) !important;}&#8221;]<span style=\"color: #ffffff;\">Our certified 24h translation service (up to 10 pages) is designed to satisfy your one-time or repeat official document translation needs.<\/span><\/p>\n<p><span style=\"color: #ffffff;\">Available in the following languages: Spanish, English, French, Portuguese, Italian, German, Dutch, Russian, Romanian, Polish, Catalan, Galician, Kichwa, Arab, Hindi, Norwegian, Mandarin Chinese (any combination of these languages).<\/span>[\/vc_column_text][\/vc_column_inner][vc_column_inner width=&#8221;1\/4&#8243;][vc_icon icon_fontawesome=&#8221;fa fa-truck&#8221; color=&#8221;grey&#8221; size=&#8221;xl&#8221; align=&#8221;center&#8221;][vc_custom_heading text=&#8221;HOME DELIVERY&#8221; font_container=&#8221;tag:h2|text_align:center|color:%23ffffff&#8221; google_fonts=&#8221;font_family:Cinzel%3Aregular%2C700%2C900|font_style:400%20regular%3A400%3Anormal&#8221;][vc_column_text css=&#8221;.vc_custom_1487613197388{background-color: rgba(193,193,193,0.18) !important;*background-color: rgb(193,193,193) !important;}&#8221;]<span style=\"color: #ffffff;\"><em>With UPS\/LaarCourier, DHL o FedEx<\/em><\/span><\/p>\n<p><span style=\"color: #ffffff;\">We deliver your official translations to your home or place of work so that you don\u00b4t have to waste time coming to our office (fees apply). If you have to translate up to 5 pages and you confirm the service before 10 AM, the <strong>translation + notarization + courier = 24h<\/strong>.<\/span>[\/vc_column_text][\/vc_column_inner][vc_column_inner width=&#8221;1\/4&#8243;][vc_empty_space height=&#8221;46px&#8221;][vc_icon icon_fontawesome=&#8221;fa fa-usd&#8221; color=&#8221;grey&#8221; size=&#8221;xl&#8221; align=&#8221;center&#8221;][vc_custom_heading text=&#8221;EASE OF PAYMENT&#8221; font_container=&#8221;tag:h2|text_align:center|color:%23ffffff&#8221; google_fonts=&#8221;font_family:Cinzel%3Aregular%2C700%2C900|font_style:400%20regular%3A400%3Anormal&#8221;][vc_column_text css=&#8221;.vc_custom_1487613530741{background-color: rgba(193,193,193,0.18) !important;*background-color: rgb(193,193,193) !important;}&#8221;]<span style=\"color: #ffffff;\">Pay with the method most convenient for you. We accept all payment methods:<\/span><\/p>\n<ul>\n<li><span style=\"color: #ffffff;\">Cash (in the office)<\/span><\/li>\n<li><span style=\"color: #ffffff;\">National bank transfer or deposit (Banco Pichincha or Banco Guayaquil)<\/span><\/li>\n<li><span style=\"color: #ffffff;\">Check&nbsp;<\/span><\/li>\n<li><span style=\"color: #ffffff;\">Credit card (Visa \/ Mastercard \/ Maestro \/ Discover* \/ Diners Club*)<\/span><\/li>\n<li><span style=\"color: #ffffff;\">International transfer (Soci\u00e9t\u00e9 G\u00e9n\u00e9rale, in France)<\/span><\/li>\n<li><span style=\"color: #ffffff;\">PayPal<\/span><\/li>\n<\/ul>\n<p><span style=\"color: #ffffff;\"><em>*Only Discover\/Diners Club cards issued outside of Ecuador.&nbsp;<\/em><\/span>[\/vc_column_text][\/vc_column_inner][\/vc_row_inner][vc_row_inner][vc_column_inner][vc_empty_space height=&#8221;100px&#8221;][\/vc_column_inner][\/vc_row_inner][vc_row_inner][vc_column_inner width=&#8221;2\/3&#8243;][vc_column_text css=&#8221;.vc_custom_1664106197608{background-color: rgba(193,193,193,0.18) !important;*background-color: rgb(193,193,193) !important;}&#8221;]<span style=\"color: #ffffff;\"><em>&nbsp;Contact us by telephone for your certified translations in Quito (Monday-Friday, 8:00 AM to 6:00 PM, Ecuador time):<\/em><\/span><\/p>\n<h3><span style=\"color: #ffffff;\"><strong>(02) 250 11 10<\/strong><\/span><\/h3>\n<p><span style=\"color: #ffffff;\"><em>If you are abroad, you can call these numbers:<\/em><\/span><\/p>\n<h3><span style=\"color: #ffffff;\"><strong>+33 972 48 3666 \/ +33 972 40 6009<\/strong><\/span><\/h3>\n<p><span style=\"color: #ffffff;\"><em>Visit us at our customer service center in Quito:<\/em><\/span><br \/>\n<span style=\"color: #ffffff;\"><strong>9h05 del Ecuador<br \/>\n<\/strong><strong>Juan Le\u00f3n Mera N21-241 y Ram\u00f3n Roca<br \/>\n<\/strong><strong>Edificio Cronos \u00b7 Piso 5 \u00b7 Oficina 501<br \/>\n<\/strong><strong>Quito<\/strong><\/span><\/p>\n<p><span style=\"color: #ffffff;\"><em>Send us an email with your certified translation request in Ecuador:<br \/>\n<\/em><strong><a style=\"color: #ffffff;\" href=\"mailto:quito@9h05.com\">quito@9h05.com<\/a><br \/>\n<\/strong><\/span>[\/vc_column_text][\/vc_column_inner][vc_column_inner width=&#8221;1\/3&#8243;][vc_empty_space height=&#8221;100px&#8221;][vc_icon icon_fontawesome=&#8221;fa fa-phone-square&#8221; color=&#8221;white&#8221; background_style=&#8221;rounded-outline&#8221; size=&#8221;xl&#8221; align=&#8221;center&#8221;][\/vc_column_inner][\/vc_row_inner][vc_empty_space height=&#8221;100px&#8221;][vc_row_inner][vc_column_inner][vc_empty_space height=&#8221;100px&#8221;][vc_icon icon_fontawesome=&#8221;fa fa-signal&#8221; color=&#8221;white&#8221; size=&#8221;xl&#8221; align=&#8221;center&#8221; css=&#8221;.vc_custom_1487613555981{background-color: #afafaf !important;}&#8221;][vc_empty_space height=&#8221;100px&#8221;][\/vc_column_inner][\/vc_row_inner][\/vc_column][\/vc_row]<\/p>\n<\/div>","protected":false},"excerpt":{"rendered":"<p>[vc_row css=&#8221;.vc_custom_1487613738640{background-color: #1e86cc !important;}&#8221;][vc_column][vc_row_inner][vc_column_inner][vc_empty_space][\/vc_column_inner][\/vc_row_inner][vc_row_inner][vc_column_inner width=&#8221;2\/3&#8243; css=&#8221;.vc_custom_1487614134671{background-image: url(https:\/\/www.9h05.com\/wp-content\/uploads\/2017\/02\/bandera-ecuador-agencia-traduccion-2.jpg?id=6031) !important;}&#8221;][vc_custom_heading text=&#8221;Certified translators in Ecuador&#8221; font_container=&#8221;tag:h1|font_size:50|text_align:left|color:%23ffffff&#8221; google_fonts=&#8221;font_family:Cinzel%3Aregular%2C700%2C900|font_style:400%20regular%3A400%3Anormal&#8221;][vc_column_text]The professional translators at 9h05 del Ecuador are on the list of certified translators in Ecuador.[\/vc_column_text][vc_empty_space height=&#8221;60px&#8221;][\/vc_column_inner][vc_column_inner width=&#8221;1\/3&#8243;][vc_single_image image=&#8221;5914&#8243; img_size=&#8221;medium&#8221; alignment=&#8221;center&#8221;][\/vc_column_inner][\/vc_row_inner][vc_row_inner][vc_column_inner][vc_empty_space][vc_column_text]What does it mean to be on the list of certified translators in Ecuador? It is a guarantee for you that the [&hellip;]<\/p>\n","protected":false},"author":9,"featured_media":0,"parent":0,"menu_order":0,"comment_status":"closed","ping_status":"closed","template":"","meta":{"site-sidebar-layout":"default","site-content-layout":"default","ast-site-content-layout":"","site-content-style":"default","site-sidebar-style":"default","ast-global-header-display":"","ast-banner-title-visibility":"","ast-main-header-display":"","ast-hfb-above-header-display":"","ast-hfb-below-header-display":"","ast-hfb-mobile-header-display":"","site-post-title":"disabled","ast-breadcrumbs-content":"","ast-featured-img":"","footer-sml-layout":"","theme-transparent-header-meta":"default","adv-header-id-meta":"","stick-header-meta":"","header-above-stick-meta":"","header-main-stick-meta":"","header-below-stick-meta":"","astra-migrate-meta-layouts":"default","ast-page-background-enabled":"default","ast-page-background-meta":{"desktop":{"background-color":"var(--ast-global-color-4)","background-image":"","background-repeat":"repeat","background-position":"center center","background-size":"auto","background-attachment":"scroll","background-type":"","background-media":"","overlay-type":"","overlay-color":"","overlay-opacity":"","overlay-gradient":""},"tablet":{"background-color":"","background-image":"","background-repeat":"repeat","background-position":"center center","background-size":"auto","background-attachment":"scroll","background-type":"","background-media":"","overlay-type":"","overlay-color":"","overlay-opacity":"","overlay-gradient":""},"mobile":{"background-color":"","background-image":"","background-repeat":"repeat","background-position":"center center","background-size":"auto","background-attachment":"scroll","background-type":"","background-media":"","overlay-type":"","overlay-color":"","overlay-opacity":"","overlay-gradient":""}},"ast-content-background-meta":{"desktop":{"background-color":"var(--ast-global-color-5)","background-image":"","background-repeat":"repeat","background-position":"center center","background-size":"auto","background-attachment":"scroll","background-type":"","background-media":"","overlay-type":"","overlay-color":"","overlay-opacity":"","overlay-gradient":""},"tablet":{"background-color":"var(--ast-global-color-5)","background-image":"","background-repeat":"repeat","background-position":"center center","background-size":"auto","background-attachment":"scroll","background-type":"","background-media":"","overlay-type":"","overlay-color":"","overlay-opacity":"","overlay-gradient":""},"mobile":{"background-color":"var(--ast-global-color-5)","background-image":"","background-repeat":"repeat","background-position":"center center","background-size":"auto","background-attachment":"scroll","background-type":"","background-media":"","overlay-type":"","overlay-color":"","overlay-opacity":"","overlay-gradient":""}},"footnotes":""},"yst_prominent_words":[],"class_list":["post-7461","page","type-page","status-publish","hentry"],"_links":{"self":[{"href":"https:\/\/www.9h05.com\/en\/wp-json\/wp\/v2\/pages\/7461","targetHints":{"allow":["GET"]}}],"collection":[{"href":"https:\/\/www.9h05.com\/en\/wp-json\/wp\/v2\/pages"}],"about":[{"href":"https:\/\/www.9h05.com\/en\/wp-json\/wp\/v2\/types\/page"}],"author":[{"embeddable":true,"href":"https:\/\/www.9h05.com\/en\/wp-json\/wp\/v2\/users\/9"}],"replies":[{"embeddable":true,"href":"https:\/\/www.9h05.com\/en\/wp-json\/wp\/v2\/comments?post=7461"}],"version-history":[{"count":15,"href":"https:\/\/www.9h05.com\/en\/wp-json\/wp\/v2\/pages\/7461\/revisions"}],"predecessor-version":[{"id":24211,"href":"https:\/\/www.9h05.com\/en\/wp-json\/wp\/v2\/pages\/7461\/revisions\/24211"}],"wp:attachment":[{"href":"https:\/\/www.9h05.com\/en\/wp-json\/wp\/v2\/media?parent=7461"}],"wp:term":[{"taxonomy":"yst_prominent_words","embeddable":true,"href":"https:\/\/www.9h05.com\/en\/wp-json\/wp\/v2\/yst_prominent_words?post=7461"}],"curies":[{"name":"wp","href":"https:\/\/api.w.org\/{rel}","templated":true}]}}