{"id":4552,"date":"2016-09-02T20:57:16","date_gmt":"2016-09-02T20:57:16","guid":{"rendered":"https:\/\/www.9h05.com\/?page_id=4552"},"modified":"2016-09-02T20:57:16","modified_gmt":"2016-09-02T20:57:16","slug":"traducciones-de-espanol-a-ingles-en-quito-ecuador","status":"publish","type":"page","link":"https:\/\/www.9h05.com\/de\/traducciones-de-espanol-a-ingles-en-quito-ecuador\/","title":{"rendered":"Traducciones de espa\u00f1ol a ingl\u00e9s en Quito (Ecuador)"},"content":{"rendered":"<div class=\"wpb-content-wrapper\"><p>[vc_row css=&#8220;.vc_custom_1469223481292{padding-top: 30px !important;background-color: #d1d1d1 !important;}&#8220;][vc_column][special_heading title=&#8220;Traducciones de espa\u00f1ol a ingl\u00e9s&#8220; subtitle=&#8220;9h05 del Ecuador&#8220;][vc_separator color=&#8220;black&#8220;][vc_column_text]9h05 del Ecuador te propone su servicio de traducci\u00f3n de espa\u00f1ol a ingl\u00e9s (y de ingl\u00e9s a espa\u00f1ol) con los mejores profesionales del sector de la traducci\u00f3n del pa\u00eds. Si necesitas una traducci\u00f3n t\u00e9cnica, una traducci\u00f3n general o una traducci\u00f3n oficial, este servicio es definitivamente para ti.<\/p>\n<p>Somos una empresa de traducci\u00f3n l\u00edder del mercado, presente desde el a\u00f1o 2009. Contamos con certificaciones internacionales de traducci\u00f3n (EN-15048:2006 y ASTM F2575) y somos miembro de gremios de traductores profesionales de diferentes pa\u00edses (Ecuador, Estados Unidos, India y Francia).[\/vc_column_text][vc_single_image image=&#8220;3626&#8243; img_size=&#8220;large&#8220; alignment=&#8220;center&#8220;][vc_column_text]Contamos con personal traductor altamente calificado, que solo traduce hacia su idioma materno. Con esto y con nuestros procesos internos, te podemos garantizar la m\u00e1xima calidad de traducci\u00f3n.<\/p>\n<p><strong>Nuestros traductores est\u00e1n especializados en casi todas las \u00e1reas que te puedas imaginar: ingenier\u00eda, comercio, industria, literatura, derecho, ciencias, publicidad, farmac\u00e9utica, medicina, gastronom\u00eda, finanzas, turismo, etc. Adem\u00e1s, son traductores autorizados: nuestras traducciones son reconocidas en el mundo entero.<\/strong><\/p>\n<p>Conoce a nuestros traductores profesionales de espa\u00f1ol e ingl\u00e9s:[\/vc_column_text][vc_separator color=&#8220;black&#8220;][logos_carousel images=&#8220;2251,2442,3071,1999,3060,2302,2299,2300&#8243;][vc_separator color=&#8220;black&#8220;][vc_column_text]\u00bfPOR QU\u00c9 TRADUCIR DE ESPA\u00d1OL A INGL\u00c9S?<\/p>\n<ol>\n<li><strong>Vas a estudiar en pa\u00edses de habla inglesa:<\/strong> necesitas hacer traducir tus documentos acad\u00e9micos para que te admitan y para que reconozcan tus notas y competencias. Tambi\u00e9n necesitas hacer traducir algunos documentos personales, como certificados de nacimiento o estados de cuenta, para poder obtener la visa.<\/li>\n<li><strong>Necesitas vender productos fuera del pa\u00eds:<\/strong> es mejor traducir las presentaciones de tus productos o servicios, la rese\u00f1a, caracter\u00edsticas t\u00e9cnicas, etc., para que te sea mucho m\u00e1s f\u00e1cil venderlos. Imag\u00ednate, si tus clientes no te entienden \u00bfc\u00f3mo te van a comprar tus productos?<\/li>\n<li><strong>Quieres crear una empresa en el exterior o crear una sucursal de una empresa extranjera en el pa\u00eds:<\/strong> tendr\u00e1s que traducir toda la documentaci\u00f3n corporativa\u00a0de la empresa (incluye estatutos, constituci\u00f3n, documentaci\u00f3n de impuestos, contratos, franquicias, etc.).<\/li>\n<\/ol>\n<p><strong>Sea cual sea tu caso, estamos para ayudarte. Nos complace brindarte el servicio de mejor calidad del pa\u00eds.\u00a0<\/strong>[\/vc_column_text][vc_separator color=&#8220;black&#8220;][vc_btn title=&#8220;Comprar el servicio&#8220; style=&#8220;3d&#8220; color=&#8220;turquoise&#8220; align=&#8220;center&#8220; link=&#8220;url:https%3A%2F%2Fwww.9h05.com%2Fproforma%2Findex.php%3Flang%3Des|||&#8220;][\/vc_column][\/vc_row]<\/p>\n<\/div>","protected":false},"excerpt":{"rendered":"<p>[vc_row css=&#8220;.vc_custom_1469223481292{padding-top: 30px !important;background-color: #d1d1d1 !important;}&#8220;][vc_column][special_heading title=&#8220;Traducciones de espa\u00f1ol a ingl\u00e9s&#8220; subtitle=&#8220;9h05 del Ecuador&#8220;][vc_separator color=&#8220;black&#8220;][vc_column_text]9h05 del Ecuador te propone su servicio de traducci\u00f3n de espa\u00f1ol a ingl\u00e9s (y de ingl\u00e9s a espa\u00f1ol) con los mejores profesionales del sector de la traducci\u00f3n del pa\u00eds. Si necesitas una traducci\u00f3n t\u00e9cnica, una traducci\u00f3n general o una traducci\u00f3n oficial, [&hellip;]<\/p>\n","protected":false},"author":9,"featured_media":0,"parent":0,"menu_order":0,"comment_status":"closed","ping_status":"closed","template":"","meta":{"site-sidebar-layout":"default","site-content-layout":"default","ast-site-content-layout":"","site-content-style":"default","site-sidebar-style":"default","ast-global-header-display":"","ast-banner-title-visibility":"","ast-main-header-display":"","ast-hfb-above-header-display":"","ast-hfb-below-header-display":"","ast-hfb-mobile-header-display":"","site-post-title":"disabled","ast-breadcrumbs-content":"","ast-featured-img":"","footer-sml-layout":"","theme-transparent-header-meta":"default","adv-header-id-meta":"","stick-header-meta":"","header-above-stick-meta":"","header-main-stick-meta":"","header-below-stick-meta":"","astra-migrate-meta-layouts":"default","ast-page-background-enabled":"default","ast-page-background-meta":{"desktop":{"background-color":"var(--ast-global-color-4)","background-image":"","background-repeat":"repeat","background-position":"center center","background-size":"auto","background-attachment":"scroll","background-type":"","background-media":"","overlay-type":"","overlay-color":"","overlay-opacity":"","overlay-gradient":""},"tablet":{"background-color":"","background-image":"","background-repeat":"repeat","background-position":"center center","background-size":"auto","background-attachment":"scroll","background-type":"","background-media":"","overlay-type":"","overlay-color":"","overlay-opacity":"","overlay-gradient":""},"mobile":{"background-color":"","background-image":"","background-repeat":"repeat","background-position":"center center","background-size":"auto","background-attachment":"scroll","background-type":"","background-media":"","overlay-type":"","overlay-color":"","overlay-opacity":"","overlay-gradient":""}},"ast-content-background-meta":{"desktop":{"background-color":"var(--ast-global-color-5)","background-image":"","background-repeat":"repeat","background-position":"center center","background-size":"auto","background-attachment":"scroll","background-type":"","background-media":"","overlay-type":"","overlay-color":"","overlay-opacity":"","overlay-gradient":""},"tablet":{"background-color":"var(--ast-global-color-5)","background-image":"","background-repeat":"repeat","background-position":"center center","background-size":"auto","background-attachment":"scroll","background-type":"","background-media":"","overlay-type":"","overlay-color":"","overlay-opacity":"","overlay-gradient":""},"mobile":{"background-color":"var(--ast-global-color-5)","background-image":"","background-repeat":"repeat","background-position":"center center","background-size":"auto","background-attachment":"scroll","background-type":"","background-media":"","overlay-type":"","overlay-color":"","overlay-opacity":"","overlay-gradient":""}},"footnotes":""},"yst_prominent_words":[],"class_list":["post-4552","page","type-page","status-publish","hentry"],"_links":{"self":[{"href":"https:\/\/www.9h05.com\/de\/wp-json\/wp\/v2\/pages\/4552","targetHints":{"allow":["GET"]}}],"collection":[{"href":"https:\/\/www.9h05.com\/de\/wp-json\/wp\/v2\/pages"}],"about":[{"href":"https:\/\/www.9h05.com\/de\/wp-json\/wp\/v2\/types\/page"}],"author":[{"embeddable":true,"href":"https:\/\/www.9h05.com\/de\/wp-json\/wp\/v2\/users\/9"}],"replies":[{"embeddable":true,"href":"https:\/\/www.9h05.com\/de\/wp-json\/wp\/v2\/comments?post=4552"}],"version-history":[{"count":0,"href":"https:\/\/www.9h05.com\/de\/wp-json\/wp\/v2\/pages\/4552\/revisions"}],"wp:attachment":[{"href":"https:\/\/www.9h05.com\/de\/wp-json\/wp\/v2\/media?parent=4552"}],"wp:term":[{"taxonomy":"yst_prominent_words","embeddable":true,"href":"https:\/\/www.9h05.com\/de\/wp-json\/wp\/v2\/yst_prominent_words?post=4552"}],"curies":[{"name":"wp","href":"https:\/\/api.w.org\/{rel}","templated":true}]}}