{"id":3978,"date":"2016-08-24T16:41:23","date_gmt":"2016-08-24T16:41:23","guid":{"rendered":"https:\/\/www.9h05.com\/de\/?page_id=3978"},"modified":"2016-09-06T21:38:34","modified_gmt":"2016-09-06T21:38:34","slug":"erfahrung","status":"publish","type":"page","link":"https:\/\/www.9h05.com\/de\/erfahrung\/","title":{"rendered":"Erfahrung"},"content":{"rendered":"<div class=\"wpb-content-wrapper\"><p>[vc_row css=&#8220;.vc_custom_1459262426306{padding-top: 80px !important;}&#8220;][vc_column][vc_column_text]<\/p>\n<h2 style=\"text-align: center;\">Sie vertrauen uns<\/h2>\n<p>[\/vc_column_text][logos_carousel images=&#8220;1980,1974,3609,2907,1975,3527,3320,3272,3608,1979,3236,1977,1978,1972,2906,3290,3286,3283,1971,3288,3287,3292,3530,3294,3337,1969,1973,3289,1976,1970&#8243;][vc_separator color=&#8220;black&#8220;][\/vc_column][\/vc_row][vc_row css=&#8220;.vc_custom_1463431905477{padding-top: 60px !important;padding-bottom: 15px !important;}&#8220;][vc_column][vc_column_text]<\/p>\n<h2 style=\"text-align: center;\">\u00dcbersetzungserfahrung<\/h2>\n<p>[\/vc_column_text][vc_separator color=&#8220;black&#8220;][\/vc_column][\/vc_row][vc_row css=&#8220;.vc_custom_1463431864895{padding-top: 60px !important;padding-bottom: 60px !important;background-image: url(https:\/\/www.9h05.com\/wp-content\/uploads\/2016\/03\/IMG_8804.jpg?id=3232) !important;}&#8220;][vc_column width=&#8220;1\/3&#8243;][vc_tta_accordion][vc_tta_section title=&#8220;TECHNISCHE \u00dcBERSETZUNGEN&#8220; tab_id=&#8220;1463430381769-f5314137-471c&#8220;][vc_column_text]<\/p>\n<ul>\n<li>Petroleum Engineering \u00dcbersetzung<\/li>\n<li>Umwelttechnik \u00dcbersetzung<\/li>\n<li>Chemische Verfahrenstechnik \u00dcbersetzung<\/li>\n<li>\u00dcbersetzung Testberichte (Labor)<\/li>\n<li>\u00dcbersetzung von internationalen technischen Normen<\/li>\n<li>Computertechnik \u00dcbersetzung<\/li>\n<li>Etc.<\/li>\n<\/ul>\n<p>[\/vc_column_text][\/vc_tta_section][vc_tta_section title=&#8220;FINANZ\u00dcBERSETZUNGEN&#8220; tab_id=&#8220;1463431039418-cc3fde5d-ff2f&#8220;][vc_column_text]<\/p>\n<ul>\n<li>\u00dcbersetzung von Bilanzen<\/li>\n<li>\u00dcbersetzung von Kontoausz\u00fcge<\/li>\n<li>\u00dcbersetzung von Pr\u00fcfberichten<\/li>\n<li>\u00dcbersetzung von Steuererkl\u00e4rungen<\/li>\n<li>\u00dcbersetzung von Sicherheitsdokumenten<\/li>\n<li>\u00dcbersetzung von Fusionen und \u00dcbernahmen<\/li>\n<li>\u00dcbersetzung von Studien der Lebensf\u00e4higkeit<\/li>\n<li>Etc.<\/li>\n<\/ul>\n<p>[\/vc_column_text][\/vc_tta_section][vc_tta_section title=&#8220;TOURISMUS \u00dcBERSETZUNGEN&#8220; tab_id=&#8220;1463431096456-9902d764-2995&#8243;][vc_column_text]<\/p>\n<ul>\n<li>\u00dcbersetzung des Tourismus Brosch\u00fcren<\/li>\n<li>\u00dcbersetzung von Reise Pr\u00e4sentationen<\/li>\n<li>\u00dcbersetzung von Webseiten f\u00fcr Reiseb\u00fcros<\/li>\n<li>\u00dcbersetzung von Men\u00fcs f\u00fcr Restaurants<\/li>\n<li>\u00dcbersetzung von Rezepten<\/li>\n<li>Gastronomisches \u00dcbersetzung<\/li>\n<li>\u00dcbersetzung von Sightseeing-Touren<\/li>\n<li>Museum \u00dcbersetzung<\/li>\n<li>\u00dcbersetzung von Tour-F\u00fchrer<\/li>\n<li>Etc.<\/li>\n<\/ul>\n<p>[\/vc_column_text][\/vc_tta_section][\/vc_tta_accordion][\/vc_column][vc_column width=&#8220;1\/3&#8243;][vc_tta_accordion][vc_tta_section title=&#8220;BEGLAUBIGTE \u00dcBERSETZUNGEN&#8220; tab_id=&#8220;1463430645487-1b5d804d-2e1e&#8220;][vc_column_text]<\/p>\n<ul>\n<li>\u00dcbersetzung von Geburtsurkunden<\/li>\n<li>\u00dcbersetzung von Heiratsurkunden<\/li>\n<li>\u00dcbersetzung von Sterbeurkunden<\/li>\n<li>\u00dcbersetzung der Strafregister<\/li>\n<li>\u00dcbersetzung von Zertifikaten des Eigentums (Eigentum, Fahrzeug)<\/li>\n<li>Beglaubigte \u00dcbersetzung<\/li>\n<li>Etc.<\/li>\n<\/ul>\n<p>[\/vc_column_text][\/vc_tta_section][vc_tta_section title=&#8220;WIRTSCHAFTS\u00dcBERSETZUNGEN&#8220; tab_id=&#8220;1463431043314-6d445ab7-6e64&#8243;][vc_column_text]<\/p>\n<ul>\n<li>\u00dcbersetzung von Werbeanzeigen<\/li>\n<li>Marketing \u00dcbersetzungen<\/li>\n<li>\u00dcbersetzung von Werbeslogans<\/li>\n<li>Informative \u00dcbersetzung<\/li>\n<li>\u00dcbersetzung der Konsolidierung und Entkonsolidierung der Fracht<\/li>\n<li>\u00dcbersetzung der Zoll<\/li>\n<li>Etc.<\/li>\n<\/ul>\n<p>[\/vc_column_text][\/vc_tta_section][vc_tta_section title=&#8220;PHARMAZEUTISCHE \u00dcBERSETZUNGEN&#8220; tab_id=&#8220;1463431097358-34959d9d-0fae&#8220;][vc_column_text]<\/p>\n<ul>\n<li>\u00dcbersetzung von Rezepten<\/li>\n<li>\u00dcbersetzung von medizinischen Aufzeichnungen<\/li>\n<li>\u00dcbersetzung von pharmazeutischen Testberichte<\/li>\n<li>\u00dcbersetzung von medizinischen Gebrauchsanweisung<\/li>\n<li>\u00dcbersetzung von Dosierungen<\/li>\n<li>\u00dcbersetzung von medizinischer Software<\/li>\n<li>\u00dcbersetzung der Zulassung von Marketing<\/li>\n<li>\u00dcbersetzung von klinischen Studien<\/li>\n<li>Etc.<\/li>\n<\/ul>\n<p>[\/vc_column_text][\/vc_tta_section][\/vc_tta_accordion][\/vc_column][vc_column width=&#8220;1\/3&#8243;][vc_tta_accordion][vc_tta_section title=&#8220;JURISTISCHE \u00dcBERSETZUNGEN&#8220; tab_id=&#8220;1463430638263-5069e73c-4efb&#8220;][vc_column_text]<\/p>\n<ul>\n<li>\u00dcbersetzung von Gesetzen<\/li>\n<li>\u00dcbersetzung der Vorschriften<\/li>\n<li>\u00dcbersetzung der Statuten<\/li>\n<li>\u00dcbersetzung von Registern des Handels<\/li>\n<li>\u00dcbersetzung von amtlichen Registern<\/li>\n<li>\u00dcbersetzung von Vertr\u00e4gen, Vereinbarungen<\/li>\n<li>\u00dcbersetzung der Firmengr\u00fcndung<\/li>\n<li>\u00dcbersetzung von Zertifikaten der Existenz<\/li>\n<li>\u00dcbersetzung von Gerichtsverfahren<\/li>\n<li>\u00dcbersetzung von Zivil- und Strafverfahren<\/li>\n<li>\u00dcbersetzung des Gesetzes<\/li>\n<li>Etc.<\/li>\n<\/ul>\n<p>[\/vc_column_text][\/vc_tta_section][vc_tta_section title=&#8220;AKADEMISCHE \u00dcBERSETZUNGEN&#8220; tab_id=&#8220;1463431044115-98251d7e-5362&#8243;][vc_column_text]<\/p>\n<ul>\n<li>\u00dcbersetzung nat\u00fcrlich Transkripte<\/li>\n<li>\u00dcbersetzung der Dissertation Abstracts<\/li>\n<li>\u00dcbersetzung von Diplomen<\/li>\n<li>\u00dcbersetzung nat\u00fcrlich Zertifikate<\/li>\n<li>\u00dcbersetzung von Abschlusszeugnisse<\/li>\n<li>\u00dcbersetzung von Akzeptanzschreiben<\/li>\n<li>\u00dcbersetzung von Bildungslehrpl\u00e4ne und Curricula<\/li>\n<li>\u00dcbersetzung der Validierung von Kursen<\/li>\n<li>\u00dcbersetzung von Studienberichten<\/li>\n<li>Etc.<\/li>\n<\/ul>\n<p>[\/vc_column_text][\/vc_tta_section][vc_tta_section title=&#8220;WEB \u00dcBERSETZUNGEN&#8220; tab_id=&#8220;1463431098025-4d3c551b-1abc&#8220;][vc_column_text]<\/p>\n<ul>\n<li>\u00dcbersetzung von Webseiten<\/li>\n<li>Standort von Web-Inhalten<\/li>\n<li>Globalisierung von Web-Inhalten<\/li>\n<li>\u00dcbersetzung von Internet-Dokumente<\/li>\n<li>\u00dcbersetzungen f\u00fcr soziale Netzwerke<\/li>\n<li>\u00dcbersetzung f\u00fcr digitale Zeitungen<\/li>\n<li>\u00dcbersetzung f\u00fcr buzz Seiten<\/li>\n<li>Etc.<\/li>\n<\/ul>\n<p>[\/vc_column_text][\/vc_tta_section][\/vc_tta_accordion][\/vc_column][\/vc_row]<\/p>\n<\/div>","protected":false},"excerpt":{"rendered":"<p>[vc_row css=&#8220;.vc_custom_1459262426306{padding-top: 80px !important;}&#8220;][vc_column][vc_column_text] Sie vertrauen uns [\/vc_column_text][logos_carousel images=&#8220;1980,1974,3609,2907,1975,3527,3320,3272,3608,1979,3236,1977,1978,1972,2906,3290,3286,3283,1971,3288,3287,3292,3530,3294,3337,1969,1973,3289,1976,1970&#8243;][vc_separator color=&#8220;black&#8220;][\/vc_column][\/vc_row][vc_row css=&#8220;.vc_custom_1463431905477{padding-top: 60px !important;padding-bottom: 15px !important;}&#8220;][vc_column][vc_column_text] \u00dcbersetzungserfahrung [\/vc_column_text][vc_separator color=&#8220;black&#8220;][\/vc_column][\/vc_row][vc_row css=&#8220;.vc_custom_1463431864895{padding-top: 60px !important;padding-bottom: 60px !important;background-image: url(https:\/\/www.9h05.com\/wp-content\/uploads\/2016\/03\/IMG_8804.jpg?id=3232) !important;}&#8220;][vc_column width=&#8220;1\/3&#8243;][vc_tta_accordion][vc_tta_section title=&#8220;TECHNISCHE \u00dcBERSETZUNGEN&#8220; tab_id=&#8220;1463430381769-f5314137-471c&#8220;][vc_column_text] Petroleum Engineering \u00dcbersetzung Umwelttechnik \u00dcbersetzung Chemische Verfahrenstechnik \u00dcbersetzung \u00dcbersetzung Testberichte (Labor) \u00dcbersetzung von internationalen technischen Normen Computertechnik \u00dcbersetzung Etc. [\/vc_column_text][\/vc_tta_section][vc_tta_section title=&#8220;FINANZ\u00dcBERSETZUNGEN&#8220; tab_id=&#8220;1463431039418-cc3fde5d-ff2f&#8220;][vc_column_text] \u00dcbersetzung von Bilanzen \u00dcbersetzung [&hellip;]<\/p>\n","protected":false},"author":9,"featured_media":0,"parent":0,"menu_order":0,"comment_status":"closed","ping_status":"closed","template":"","meta":{"site-sidebar-layout":"default","site-content-layout":"default","ast-site-content-layout":"","site-content-style":"default","site-sidebar-style":"default","ast-global-header-display":"","ast-banner-title-visibility":"","ast-main-header-display":"","ast-hfb-above-header-display":"","ast-hfb-below-header-display":"","ast-hfb-mobile-header-display":"","site-post-title":"disabled","ast-breadcrumbs-content":"","ast-featured-img":"","footer-sml-layout":"","theme-transparent-header-meta":"default","adv-header-id-meta":"","stick-header-meta":"","header-above-stick-meta":"","header-main-stick-meta":"","header-below-stick-meta":"","astra-migrate-meta-layouts":"default","ast-page-background-enabled":"default","ast-page-background-meta":{"desktop":{"background-color":"var(--ast-global-color-4)","background-image":"","background-repeat":"repeat","background-position":"center center","background-size":"auto","background-attachment":"scroll","background-type":"","background-media":"","overlay-type":"","overlay-color":"","overlay-opacity":"","overlay-gradient":""},"tablet":{"background-color":"","background-image":"","background-repeat":"repeat","background-position":"center center","background-size":"auto","background-attachment":"scroll","background-type":"","background-media":"","overlay-type":"","overlay-color":"","overlay-opacity":"","overlay-gradient":""},"mobile":{"background-color":"","background-image":"","background-repeat":"repeat","background-position":"center center","background-size":"auto","background-attachment":"scroll","background-type":"","background-media":"","overlay-type":"","overlay-color":"","overlay-opacity":"","overlay-gradient":""}},"ast-content-background-meta":{"desktop":{"background-color":"var(--ast-global-color-5)","background-image":"","background-repeat":"repeat","background-position":"center center","background-size":"auto","background-attachment":"scroll","background-type":"","background-media":"","overlay-type":"","overlay-color":"","overlay-opacity":"","overlay-gradient":""},"tablet":{"background-color":"var(--ast-global-color-5)","background-image":"","background-repeat":"repeat","background-position":"center center","background-size":"auto","background-attachment":"scroll","background-type":"","background-media":"","overlay-type":"","overlay-color":"","overlay-opacity":"","overlay-gradient":""},"mobile":{"background-color":"var(--ast-global-color-5)","background-image":"","background-repeat":"repeat","background-position":"center center","background-size":"auto","background-attachment":"scroll","background-type":"","background-media":"","overlay-type":"","overlay-color":"","overlay-opacity":"","overlay-gradient":""}},"footnotes":""},"yst_prominent_words":[],"class_list":["post-3978","page","type-page","status-publish","hentry"],"_links":{"self":[{"href":"https:\/\/www.9h05.com\/de\/wp-json\/wp\/v2\/pages\/3978","targetHints":{"allow":["GET"]}}],"collection":[{"href":"https:\/\/www.9h05.com\/de\/wp-json\/wp\/v2\/pages"}],"about":[{"href":"https:\/\/www.9h05.com\/de\/wp-json\/wp\/v2\/types\/page"}],"author":[{"embeddable":true,"href":"https:\/\/www.9h05.com\/de\/wp-json\/wp\/v2\/users\/9"}],"replies":[{"embeddable":true,"href":"https:\/\/www.9h05.com\/de\/wp-json\/wp\/v2\/comments?post=3978"}],"version-history":[{"count":0,"href":"https:\/\/www.9h05.com\/de\/wp-json\/wp\/v2\/pages\/3978\/revisions"}],"wp:attachment":[{"href":"https:\/\/www.9h05.com\/de\/wp-json\/wp\/v2\/media?parent=3978"}],"wp:term":[{"taxonomy":"yst_prominent_words","embeddable":true,"href":"https:\/\/www.9h05.com\/de\/wp-json\/wp\/v2\/yst_prominent_words?post=3978"}],"curies":[{"name":"wp","href":"https:\/\/api.w.org\/{rel}","templated":true}]}}