{"id":3904,"date":"2016-08-23T21:42:42","date_gmt":"2016-08-23T21:42:42","guid":{"rendered":"https:\/\/www.9h05.com\/de\/?page_id=3904"},"modified":"2016-09-06T21:29:38","modified_gmt":"2016-09-06T21:29:38","slug":"unser-unternehmen","status":"publish","type":"page","link":"https:\/\/www.9h05.com\/de\/unser-unternehmen\/","title":{"rendered":"UNSER UNTERNEHMEN"},"content":{"rendered":"<div class=\"wpb-content-wrapper\"><p>[vc_row][vc_column][vc_column_text]<\/p>\n<p style=\"text-align: center;\"><a href=\"#presentacion\">Pr\u00e4sentation<\/a>\u00a0 \u00a0 \u00a0\u00a0<a href=\"#equipo\">Team<\/a>\u00a0 \u00a0 \u00a0\u00a0<a href=\"#idiomas\">Sprachen<\/a>\u00a0 \u00a0 \u00a0\u00a0<a href=\"#filosofia\">Philosophie<\/a>\u00a0 \u00a0 \u00a0<a href=\"#name\">Warum 9h05?<\/a><\/p>\n<hr \/>\n<p>[\/vc_column_text][vc_single_image image=&#8220;2040&#8243; img_size=&#8220;large&#8220; alignment=&#8220;center&#8220;][vc_column_text]9h05, 2009 gegr\u00fcndet, ist eine internationale \u00dcbersetzungsagentur, die weltweit vertreten ist. Unsere Dienstleistungen richten sich sowohl an Unternehmen als auch an Privatpersonen. Wir spezialisieren uns auf zwei Kernbereiche: Zum einen technische und zum anderen beglaubigte bzw. zertifizierte \u00dcbersetzungen.<\/p>\n<p>Wir haben B\u00fcros in den USA (Miami), Ecuador (Quito), Gro\u00dfbritannien (London), Frankreich (Bordeaux), Spanien (Zaragoza) und Australien (Sydney). Damit sind wir in 3 Kontinenten und 6 L\u00e4ndern vertreten mit 17 Sprachen und \u00fcber 100 Sprachkombinationen.<\/p>\n<p>Unsere Sprachen: Spanisch, Englisch, Franz\u00f6sisch, Deutsch, Portugiesisch, Italienisch, Holl\u00e4ndisch, Russisch, Rum\u00e4nisch, Polnisch, Katalanisch, Kichwa, Galizisch, Indisch, Arabisch, Norwegisch und Chinesisch (Mandarin).<\/p>\n<p>Unser Personal ist hochqualifiziert und wir besitzen die Zertifikate EN-15038:2006 und ASTM F2575.[\/vc_column_text][\/vc_column][\/vc_row][vc_row el_id=&#8220;equipo&#8220; css=&#8220;.vc_custom_1459261051439{padding-top: 20px !important;padding-bottom: 20px !important;}&#8220;][vc_column][team_carousel posts_nr=&#8220;30&#8243; lightbox=&#8220;no&#8220;][\/vc_column][\/vc_row][vc_row el_id=&#8220;idiomas&#8220; css=&#8220;.vc_custom_1459261066640{padding-top: 30px !important;background-image: url(http:\/\/9h05.com\/espanol\/wp-content\/uploads\/2016\/03\/9h05-idiomas-quito.jpg?id=2043) !important;}&#8220;][vc_column][special_heading title=&#8220;Sprachen&#8220; subtitle=&#8220;6 zonen, 17 Sprachen:&#8220;][vc_row_inner][vc_column_inner width=&#8220;1\/3&#8243;][vc_cta h2=&#8220;Zone 1&#8243; txt_align=&#8220;center&#8220; shape=&#8220;square&#8220;]<img data-recalc-dims=\"1\" decoding=\"async\" class=\"alignnone size-medium wp-image-2042\" src=\"https:\/\/i0.wp.com\/9h05.com\/espanol\/wp-content\/uploads\/2016\/03\/9h05-zona1-idiomas-300x250.jpg?resize=300%2C250\" alt=\"9h05-zona1-idiomas\" width=\"300\" height=\"250\" srcset=\"https:\/\/i0.wp.com\/www.9h05.com\/wp-content\/uploads\/2016\/03\/9h05-zona1-idiomas.jpg?resize=300%2C250&amp;ssl=1 300w, https:\/\/i0.wp.com\/www.9h05.com\/wp-content\/uploads\/2016\/03\/9h05-zona1-idiomas.jpg?w=600&amp;ssl=1 600w, https:\/\/i0.wp.com\/www.9h05.com\/wp-content\/uploads\/2016\/03\/9h05-zona1-idiomas.jpg?resize=450%2C375&amp;ssl=1 450w\" sizes=\"(max-width: 300px) 100vw, 300px\" \/><\/p>\n<p>Englisch<\/p>\n<p>Spanisch<\/p>\n<p>Franz\u00f6sisch[\/vc_cta][\/vc_column_inner][vc_column_inner width=&#8220;1\/3&#8243;][vc_cta h2=&#8220;Zone 2&#8243; txt_align=&#8220;center&#8220; shape=&#8220;square&#8220;]<img data-recalc-dims=\"1\" decoding=\"async\" class=\"alignnone size-medium wp-image-2048\" src=\"https:\/\/i0.wp.com\/9h05.com\/espanol\/wp-content\/uploads\/2016\/03\/9h05-zona2-idiomas-300x250.jpg?resize=300%2C250\" alt=\"9h05-zona2-idiomas\" width=\"300\" height=\"250\" srcset=\"https:\/\/i0.wp.com\/www.9h05.com\/wp-content\/uploads\/2016\/03\/9h05-zona2-idiomas.jpg?resize=300%2C250&amp;ssl=1 300w, https:\/\/i0.wp.com\/www.9h05.com\/wp-content\/uploads\/2016\/03\/9h05-zona2-idiomas.jpg?w=600&amp;ssl=1 600w, https:\/\/i0.wp.com\/www.9h05.com\/wp-content\/uploads\/2016\/03\/9h05-zona2-idiomas.jpg?resize=450%2C375&amp;ssl=1 450w\" sizes=\"(max-width: 300px) 100vw, 300px\" \/><\/p>\n<p>Deutsch<\/p>\n<p>Italienisch<\/p>\n<p>Portugiesisch[\/vc_cta][\/vc_column_inner][vc_column_inner width=&#8220;1\/3&#8243;][vc_cta h2=&#8220;Zone 3&#8243; txt_align=&#8220;center&#8220; shape=&#8220;square&#8220;]<img data-recalc-dims=\"1\" decoding=\"async\" class=\"alignnone size-medium wp-image-2050\" src=\"https:\/\/i0.wp.com\/9h05.com\/espanol\/wp-content\/uploads\/2016\/03\/9h05-zona3-idiomas-300x250.jpg?resize=300%2C250\" alt=\"9h05-zona3-idiomas\" width=\"300\" height=\"250\" srcset=\"https:\/\/i0.wp.com\/www.9h05.com\/wp-content\/uploads\/2016\/03\/9h05-zona3-idiomas.jpg?resize=300%2C250&amp;ssl=1 300w, https:\/\/i0.wp.com\/www.9h05.com\/wp-content\/uploads\/2016\/03\/9h05-zona3-idiomas.jpg?w=600&amp;ssl=1 600w, https:\/\/i0.wp.com\/www.9h05.com\/wp-content\/uploads\/2016\/03\/9h05-zona3-idiomas.jpg?resize=450%2C375&amp;ssl=1 450w\" sizes=\"(max-width: 300px) 100vw, 300px\" \/><\/p>\n<p>Russisch<\/p>\n<p>Holl\u00e4ndisch<\/p>\n<p>Rum\u00e4nisch<\/p>\n<p>Polnisch[\/vc_cta][\/vc_column_inner][\/vc_row_inner][vc_row_inner][vc_column_inner width=&#8220;1\/3&#8243;][vc_cta h2=&#8220;Zone 4&#8243; txt_align=&#8220;center&#8220; shape=&#8220;square&#8220;]<img data-recalc-dims=\"1\" decoding=\"async\" class=\"alignnone size-medium wp-image-2051\" src=\"https:\/\/i0.wp.com\/9h05.com\/espanol\/wp-content\/uploads\/2016\/03\/9h05-zona4-idiomas-300x250.jpg?resize=300%2C250\" alt=\"9h05-zona4-idiomas\" width=\"300\" height=\"250\" srcset=\"https:\/\/i0.wp.com\/www.9h05.com\/wp-content\/uploads\/2016\/03\/9h05-zona4-idiomas.jpg?resize=300%2C250&amp;ssl=1 300w, https:\/\/i0.wp.com\/www.9h05.com\/wp-content\/uploads\/2016\/03\/9h05-zona4-idiomas.jpg?w=600&amp;ssl=1 600w, https:\/\/i0.wp.com\/www.9h05.com\/wp-content\/uploads\/2016\/03\/9h05-zona4-idiomas.jpg?resize=450%2C375&amp;ssl=1 450w\" sizes=\"(max-width: 300px) 100vw, 300px\" \/><\/p>\n<p>Kichwa (vereinheitlicht, Ecuador)<\/p>\n<p>Katalanisch<\/p>\n<p>Galizisch[\/vc_cta][\/vc_column_inner][vc_column_inner width=&#8220;1\/3&#8243;][vc_cta h2=&#8220;Zone 5&#8243; txt_align=&#8220;center&#8220; shape=&#8220;square&#8220;]<img data-recalc-dims=\"1\" decoding=\"async\" class=\"alignnone size-medium wp-image-2052\" src=\"https:\/\/i0.wp.com\/9h05.com\/espanol\/wp-content\/uploads\/2016\/03\/9h05-zona5-idiomas-300x250.jpg?resize=300%2C250\" alt=\"9h05-zona5-idiomas\" width=\"300\" height=\"250\" srcset=\"https:\/\/i0.wp.com\/www.9h05.com\/wp-content\/uploads\/2016\/03\/9h05-zona5-idiomas.jpg?resize=300%2C250&amp;ssl=1 300w, https:\/\/i0.wp.com\/www.9h05.com\/wp-content\/uploads\/2016\/03\/9h05-zona5-idiomas.jpg?w=600&amp;ssl=1 600w, https:\/\/i0.wp.com\/www.9h05.com\/wp-content\/uploads\/2016\/03\/9h05-zona5-idiomas.jpg?resize=450%2C375&amp;ssl=1 450w\" sizes=\"(max-width: 300px) 100vw, 300px\" \/><\/p>\n<p>Indisch<\/p>\n<p>Arabisch<\/p>\n<p>Norwegisch[\/vc_cta][\/vc_column_inner][vc_column_inner width=&#8220;1\/3&#8243;][vc_cta h2=&#8220;Zone 6&#8243; txt_align=&#8220;center&#8220; shape=&#8220;square&#8220;]<img data-recalc-dims=\"1\" decoding=\"async\" class=\"alignnone size-medium wp-image-2053\" src=\"https:\/\/i0.wp.com\/9h05.com\/espanol\/wp-content\/uploads\/2016\/03\/9h05-zona6-idiomas-300x250.jpg?resize=300%2C250\" alt=\"9h05-zona6-idiomas\" width=\"300\" height=\"250\" srcset=\"https:\/\/i0.wp.com\/www.9h05.com\/wp-content\/uploads\/2016\/03\/9h05-zona6-idiomas.jpg?resize=300%2C250&amp;ssl=1 300w, https:\/\/i0.wp.com\/www.9h05.com\/wp-content\/uploads\/2016\/03\/9h05-zona6-idiomas.jpg?w=600&amp;ssl=1 600w, https:\/\/i0.wp.com\/www.9h05.com\/wp-content\/uploads\/2016\/03\/9h05-zona6-idiomas.jpg?resize=450%2C375&amp;ssl=1 450w\" sizes=\"(max-width: 300px) 100vw, 300px\" \/><\/p>\n<p>Chinesisch<\/p>\n<p>(Mandarin)[\/vc_cta][\/vc_column_inner][\/vc_row_inner][\/vc_column][\/vc_row][vc_row full_height=&#8220;yes&#8220; el_id=&#8220;filosofia&#8220; color_scheme=&#8220;white&#8220; css=&#8220;.vc_custom_1461778284544{padding-top: 30px !important;padding-bottom: 30px !important;background-image: url(http:\/\/9h05.com\/espanol\/wp-content\/uploads\/2016\/03\/9h05-folosofia-manifiesto.jpg?id=2057) !important;}&#8220;][vc_column][special_heading title=&#8220;Philosophie&#8220; subtitle=&#8220;&#8220;][vc_tta_pageable no_fill_content_area=&#8220;1&#8243; active_section=&#8220;1&#8243; pagination_style=&#8220;flat-square&#8220; el_class=&#8220;filosofia&#8220;][vc_tta_section title=&#8220;Manifest&#8220; tab_id=&#8220;1459235662215-f66f0594-8f8a&#8220; el_class=&#8220;filosofia2&#8243;][vc_column_text css=&#8220;.vc_custom_1464819023266{padding-top: 10px !important;padding-right: 10px !important;padding-bottom: 10px !important;padding-left: 10px !important;}&#8220;]<\/p>\n<p style=\"text-align: center;\">MANIFEST<\/p>\n<p>9h05. Nicht eine Minute zu sp\u00e4t. Der Name unserer \u00dcbersetzungsagentur 9h05 offenbart unseren Drang zur P\u00fcnktlichkeit. Denn W\u00f6rter fliegen, sie reisen und bewegen sich. Darum engagieren wir uns, beginnend mit dem Namen unserer Agentur stets entschlossen, unser Wort zu halten.[\/vc_column_text][\/vc_tta_section][vc_tta_section title=&#8220;INTRODUCTION&#8220; tab_id=&#8220;1459235586861-e70a4b8d-c236&#8243;][vc_column_text css=&#8220;.vc_custom_1464819052471{padding-top: 10px !important;padding-right: 10px !important;padding-bottom: 10px !important;padding-left: 10px !important;}&#8220;]<\/p>\n<p style=\"text-align: center;\">\u2014EINLEITUNG\u2014<\/p>\n<p>Es w\u00e4re m\u00fc\u00dfig, sich weiterhin zu fragen, ob die Globalisierung vorteilhaft ist oder ob sie zum Weltuntergang beitr\u00e4gt: Sie ist ein Fakt, ein Fakt, der uns entgleitet und auf den wir uns einstellen m\u00fcssen.St\u00e4ndig befinden wir uns in der Situation, dass wir uns mit dem Ausland austauschen: Als Jugendliche und junge Erwachsene sind es die Austauschaufenthalte, die Reisen, die ersten Arbeitserfahrungen und das Entdecken neuer Perspektiven auf das Leben.Und sp\u00e4ter ist es die Arbeit in Unternehmen, in der Verwaltung, in der Gesch\u00e4ftswelt. Es gibt keinen Bereich, der sich den internationalen Beziehungen entzieht.Es ist unumg\u00e4nglich, sich auf diese konstante Nachfrage nach Internationalisierung vorzubereiten und sich nicht nur der Welt zu \u00f6ffnen, sondern vielmehr der Zukunft. Diejenigen, die diesem keine Aufmerksamkeit schenken, werden zur\u00fcckbleiben, \u00fcbertroffen von der beeindruckenden Geschwindigkeit, mit der alles, absolut alles sich weiterentwickelt.[\/vc_column_text][\/vc_tta_section][vc_tta_section title=&#8220;COMMITMENT&#8220; tab_id=&#8220;1459235586960-55f71756-5299&#8243;][vc_column_text css=&#8220;.vc_custom_1464819084155{padding-top: 10px !important;padding-right: 10px !important;padding-bottom: 10px !important;padding-left: 10px !important;}&#8220;]<\/p>\n<p style=\"text-align: center;\">\u2014UNSER ENGAGEMENT F\u00dcR SIE\u2014<\/p>\n<p>Ausgehend von dieser Erkenntnis engagiert sich die \u00dcbersetzungsagentur 9h05 f\u00fcr Sie, um Ihnen nicht nur Qualit\u00e4t und Effizienz bez\u00fcglich der Dokumente, die Sie uns anvertrauen, zu garantieren. Dar\u00fcber hinaus bieten wir Ihnen eine Reihe von hochqualitativen Produkten an, die sich permanent unserer Umwelt anpassen, damit Sie nie hinterherhinken.Die Produkte von 9h05 orientieren sich an den drei zentralen Themen:Technische und kommerzielle \u00dcbersetzungenLegale \u00dcbersetzungen mit weltweiter AnerkennungDienstleistungen mit hoher WertsteigerungZweifelsfrei ist\u00a0 dieTransparenz eines der wichtigsten Aush\u00e4ngeschilder eines Unternehmens. Daher ver\u00f6ffentlichen wir sowohl unsere Tarife als auch unsere Arbeitsmethoden und die Evaluationen unserer Kunden.Dennoch bedeutet diese Transparenz nicht, dass Daten oder Projekte weitergegeben werden. Ganz im Gegenteil: 9h05 betrachtet jedes \u00fcbergebene Dokument als vertraulich und verpflichtet sich, kein Wort, keinen Buchstaben, nicht einmal ein Komma preiszugeben.[\/vc_column_text][\/vc_tta_section][vc_tta_section title=&#8220;OUR SERVICES&#8220; tab_id=&#8220;1459236254180-69dd39ff-1f6c&#8220;][vc_column_text]<\/p>\n<p style=\"text-align: center;\">\u2014UNSERE PRODUKTE\u2014<\/p>\n<p>Unsere Produkte sind konzipiert, um die Erwartungen unserer Kunden zu befriedigen. Dies bedeutet, dass sie ausreichend Flexibilit\u00e4t besitzen, um alle Anforderungen zu erf\u00fcllen, auch wenn diese noch so anspruchsvoll sind. Dadurch wird Qualit\u00e4t, Effizienz und Reziprozit\u00e4t garantiert (QER System).[\/vc_column_text][\/vc_tta_section][vc_tta_section title=&#8220;ALTERNATIVE&#8220; tab_id=&#8220;1459236317620-320fe5b2-53c1&#8243;][vc_column_text]<\/p>\n<p style=\"text-align: center;\">\u2014EINE INNOVATIVE ALTERNATIVE\u2014<\/p>\n<p style=\"text-align: justify;\">Bei 9h05 werten wir Ihre Dokumente dank unserer multilingualen und ganzheitlichen Perspektive auf. Unsere Strategie basiert auf einem innovativen System einer lokalisierten \u00dcbersetzung (Anpassung des Inhalts an die spezifische Sprache und Kultur des Ziellandes), einer verbalen Aufwertung (um den Effekt beim Empf\u00e4nger zu verst\u00e4rken) und unserer Philosophie, der Schlichtheit. Warum alles verkomplizieren, wenn im Schlichten so viel Effizienz steckt?Unser \u00dcbersetzungsb\u00fcro hat ein Benchmark System eingef\u00fchrt, um die Erfolgsindikatoren der uns \u00fcbergebenen Projekte zu ermitteln. Damit kann sich jeder Kunde von der Effizienz unserer Arbeit \u00fcberzeugen.Unsere Arbeit besteht vor allem darin, Ihre Erwartungen zu \u00fcbertreffen. Dabei bedienen wir uns einer Strategie der ganzheitlichen, linguistischen Rentabilit\u00e4t basierend auf Wert steigernden Dienstleistungen. Bei alledem erf\u00fcllen wir unsere Verpflichtungen, immer.<\/p>\n<p>[\/vc_column_text][\/vc_tta_section][vc_tta_section title=&#8220;ADAPTATION TO YOUR BUDGET&#8220; tab_id=&#8220;1459236365428-cdd188d8-9c71&#8243;][vc_column_text]<\/p>\n<p style=\"text-align: center;\">\u2014ANPASSUNG AN IHRE KOSTENPLANUNG\u2014<\/p>\n<p>Im Bestreben, den meisten Anfragen nachkommen zu k\u00f6nnen, hat 9h05 ein Produktionssystem entwickelt, das sich der Kostenplanung seiner Kunden anpasst. Auf diese Weise bietet es f\u00fcr jeden Auftrag vier unterschiedliche tarifliche Optionen, die vom Zeitrahmen des Kunden abh\u00e4ngen.Dieses Konzept unterwirft sich einem simplen Prinzip: je dringlicher das Projekt, desto h\u00f6her der Tarif. Andersherum, je mehr Zeit uns f\u00fcr die Bearbeitung des Projekts zur Verf\u00fcgung steht, desto mehr sparen Sie. Bei uns gibt es neben der Zeit kein weiteres Kriterium zur Berechnung der Projektkosten. Fragen Sie unsere Tarife im Internet nach oder beantragen Sie einen kostenlosen Kostenvoranschlag.[\/vc_column_text][\/vc_tta_section][vc_tta_section title=&#8220;INTERNATIONAL STANDARDIZATION&#8220; tab_id=&#8220;1459236420611-615acb06-4729&#8243;][vc_column_text]<\/p>\n<p style=\"text-align: center;\">\u2014INTERNATIONALE NORMEN\u2014<\/p>\n<p>Unsere Arbeit h\u00e4lt w\u00f6rtlich die striktesten internationalen Normen ein, insbesondere die Norm UNE EN-15038:2006 (Europa) und die Qualit\u00e4tsstandards ASTM F2575 (USA). Warum? Um Ihnen eine sorgf\u00e4ltige, fein s\u00e4uberliche und ordentliche Arbeit zu garantieren. Um uns Ihrer Zufriedenheit gewiss zu sein, so einfach.[\/vc_column_text][\/vc_tta_section][\/vc_tta_pageable][\/vc_column][\/vc_row][vc_row full_height=&#8220;yes&#8220; el_id=&#8220;name&#8220; color_scheme=&#8220;white&#8220; css=&#8220;.vc_custom_1461778294730{padding-top: 30px !important;padding-bottom: 30px !important;background-image: url(https:\/\/9h05.com\/wp-content\/uploads\/2016\/03\/9h05-goodies-translation-agency-1.jpg?id=2574) !important;}&#8220;][vc_column][special_heading title=&#8220;Warum nennen wir uns 9h05?&#8220; subtitle=&#8220;&#8220;][vc_column_text]9h05 besteht aus drei Ziffern: 9, 0 und 5.<\/p>\n<p>In dieser Nummernreihe ist die Null die Ziffer, die die Zyklen repr\u00e4sentiert und die anderen beiden Ziffern vereint.<\/p>\n<p>Die Nummer 9 steht f\u00fcr die neun griechischen Musen, T\u00f6chter des Zeus, die die verschiedenen K\u00fcnste der klassischen Epoche symbolisieren: Dichtung, Geschichte, Elegie, Musik, Trag\u00f6die, Rhetorik, Kom\u00f6die, Tanz und Astronomie.<\/p>\n<p>In Bezug zur Zeit ist der neunte Monat des Jahres der September: Eine Zeit des \u00dcbergangs zwischen Sommer und Herbst, die Weisheit, Erfahrung und Reife symbolisiert.<\/p>\n<p>In der Zeit der hellenischen Welt repr\u00e4sentierten die Stunden des Tages Gottheiten. Die G\u00f6ttin der neunten Stunde war Akte, welche die Wiedergeburt symbolisierte.<\/p>\n<p>Der f\u00fcnfte Monat des Jahres ist der Mai, der f\u00fcr den Fr\u00fchling steht. Das ist die Zeit der Erneuerung: Blumen bl\u00fchen wieder, B\u00e4ume bekommen ihre Bl\u00e4tter zur\u00fcck und die Natur lebt wieder auf.<\/p>\n<p>Die Nummer 5 bezieht sich auf die f\u00fcnf sch\u00f6nen K\u00fcnste der Gegenwart: Malerei, Bildhauerei, Musik, Dichtung und Tanz.<\/p>\n<p>Im Kern bedeutet die Kombination von 9 und 5 die Best\u00e4ndigkeit des Wissens auf verschiedenen Ebenen. Einerseits das zeitliche Bestehen und andererseits das Bestehen \u00fcber Sprachen hinweg.<\/p>\n<p>Das Fundament f\u00fcr eine theoretische Rechtfertigung des Strebens nach Best\u00e4ndigkeit befindet sich im Werk der Araber, die das klassisch griechische Denken, so wie wir es heute kennen, bewahrten.<\/p>\n<p>Zahlreiche intellektuelle Araber des 8. Jahrhunderts widmeten sich der Verbreitung griechischer Errungenschaften und Wissenschaften in Bagdad, indem sie die Werke bekannter griechischer Denker aus dem Griechischen ins Arabische \u00fcbersetzten.<\/p>\n<p>Etliche griechische Manuskripte w\u00e4ren \u00fcber die Zeit verloren gegangen und mit ihnen die Ideen, die sie beinhalteten. Der Obskurantismus des Mittelalters missachtete die Theorien der klassischen Denker und verurteilte sie zur Vergessenheit.<\/p>\n<p>Gegen Ende des Mittelalters und zu Beginn der Renaissance kam es zum Wiederaufleben der klassischen Welt. Ein gro\u00dfer Teil der Kenntnisse \u00fcber griechische Philosophen und Denker konnte dank der arabischen \u00dcbersetzungen wiedererlangt werden.<\/p>\n<p>Ausgehend von dieser Pr\u00e4misse versucht 9h05, Erfahrung und Innovation zu integrieren, Wissen mit Kunst zu verbinden und Reife mit Dynamik zu kombinieren.[\/vc_column_text][vc_btn title=&#8220;JETZT BESTELLEN!&#8220; style=&#8220;3d&#8220; color=&#8220;info&#8220; align=&#8220;center&#8220; i_icon_fontawesome=&#8220;fa fa-cart-plus&#8220; link=&#8220;url:https%3A%2F%2Fwww.9h05.com%2Fproforma%2F||&#8220; add_icon=&#8220;true&#8220;][\/vc_column][\/vc_row][vc_row gap=&#8220;5&#8243; el_id=&#8220;apresenta\u00e7ao&#8220; css=&#8220;.vc_custom_1461341429105{padding-top: 30px !important;background-image: url(https:\/\/9h05.com\/wp-content\/uploads\/2016\/03\/9h05-la-empresa.jpg?id=2038) !important;}&#8220;][\/vc_row][vc_column][\/vc_column][vc_column_text]<\/p>\n<p>I am text block. Click edit button to change this text. Lorem ipsum dolor sit amet, consectetur adipiscing elit. Ut elit tellus, luctus nec ullamcorper mattis, pulvinar dapibus leo.<\/p>\n<p>[\/vc_column_text]<\/p>\n<\/div>","protected":false},"excerpt":{"rendered":"<p>[vc_row][vc_column][vc_column_text] Pr\u00e4sentation\u00a0 \u00a0 \u00a0\u00a0Team\u00a0 \u00a0 \u00a0\u00a0Sprachen\u00a0 \u00a0 \u00a0\u00a0Philosophie\u00a0 \u00a0 \u00a0Warum 9h05? [\/vc_column_text][vc_single_image image=&#8220;2040&#8243; img_size=&#8220;large&#8220; alignment=&#8220;center&#8220;][vc_column_text]9h05, 2009 gegr\u00fcndet, ist eine internationale \u00dcbersetzungsagentur, die weltweit vertreten ist. Unsere Dienstleistungen richten sich sowohl an Unternehmen als auch an Privatpersonen. Wir spezialisieren uns auf zwei Kernbereiche: Zum einen technische und zum anderen beglaubigte bzw. zertifizierte \u00dcbersetzungen. Wir haben B\u00fcros [&hellip;]<\/p>\n","protected":false},"author":9,"featured_media":0,"parent":0,"menu_order":0,"comment_status":"closed","ping_status":"closed","template":"","meta":{"site-sidebar-layout":"no-sidebar","site-content-layout":"plain-container","ast-site-content-layout":"","site-content-style":"default","site-sidebar-style":"default","ast-global-header-display":"","ast-banner-title-visibility":"","ast-main-header-display":"","ast-hfb-above-header-display":"","ast-hfb-below-header-display":"","ast-hfb-mobile-header-display":"","site-post-title":"disabled","ast-breadcrumbs-content":"","ast-featured-img":"disabled","footer-sml-layout":"","theme-transparent-header-meta":"default","adv-header-id-meta":"","stick-header-meta":"","header-above-stick-meta":"","header-main-stick-meta":"","header-below-stick-meta":"","astra-migrate-meta-layouts":"default","ast-page-background-enabled":"default","ast-page-background-meta":{"desktop":{"background-color":"var(--ast-global-color-4)","background-image":"","background-repeat":"repeat","background-position":"center center","background-size":"auto","background-attachment":"scroll","background-type":"","background-media":"","overlay-type":"","overlay-color":"","overlay-opacity":"","overlay-gradient":""},"tablet":{"background-color":"","background-image":"","background-repeat":"repeat","background-position":"center center","background-size":"auto","background-attachment":"scroll","background-type":"","background-media":"","overlay-type":"","overlay-color":"","overlay-opacity":"","overlay-gradient":""},"mobile":{"background-color":"","background-image":"","background-repeat":"repeat","background-position":"center center","background-size":"auto","background-attachment":"scroll","background-type":"","background-media":"","overlay-type":"","overlay-color":"","overlay-opacity":"","overlay-gradient":""}},"ast-content-background-meta":{"desktop":{"background-color":"var(--ast-global-color-5)","background-image":"","background-repeat":"repeat","background-position":"center center","background-size":"auto","background-attachment":"scroll","background-type":"","background-media":"","overlay-type":"","overlay-color":"","overlay-opacity":"","overlay-gradient":""},"tablet":{"background-color":"var(--ast-global-color-5)","background-image":"","background-repeat":"repeat","background-position":"center center","background-size":"auto","background-attachment":"scroll","background-type":"","background-media":"","overlay-type":"","overlay-color":"","overlay-opacity":"","overlay-gradient":""},"mobile":{"background-color":"var(--ast-global-color-5)","background-image":"","background-repeat":"repeat","background-position":"center center","background-size":"auto","background-attachment":"scroll","background-type":"","background-media":"","overlay-type":"","overlay-color":"","overlay-opacity":"","overlay-gradient":""}},"footnotes":""},"yst_prominent_words":[],"class_list":["post-3904","page","type-page","status-publish","hentry"],"_links":{"self":[{"href":"https:\/\/www.9h05.com\/de\/wp-json\/wp\/v2\/pages\/3904","targetHints":{"allow":["GET"]}}],"collection":[{"href":"https:\/\/www.9h05.com\/de\/wp-json\/wp\/v2\/pages"}],"about":[{"href":"https:\/\/www.9h05.com\/de\/wp-json\/wp\/v2\/types\/page"}],"author":[{"embeddable":true,"href":"https:\/\/www.9h05.com\/de\/wp-json\/wp\/v2\/users\/9"}],"replies":[{"embeddable":true,"href":"https:\/\/www.9h05.com\/de\/wp-json\/wp\/v2\/comments?post=3904"}],"version-history":[{"count":0,"href":"https:\/\/www.9h05.com\/de\/wp-json\/wp\/v2\/pages\/3904\/revisions"}],"wp:attachment":[{"href":"https:\/\/www.9h05.com\/de\/wp-json\/wp\/v2\/media?parent=3904"}],"wp:term":[{"taxonomy":"yst_prominent_words","embeddable":true,"href":"https:\/\/www.9h05.com\/de\/wp-json\/wp\/v2\/yst_prominent_words?post=3904"}],"curies":[{"name":"wp","href":"https:\/\/api.w.org\/{rel}","templated":true}]}}