{"id":3880,"date":"2016-08-23T20:57:48","date_gmt":"2016-08-23T20:57:48","guid":{"rendered":"https:\/\/www.9h05.com\/de\/?page_id=3880"},"modified":"2016-08-23T21:23:18","modified_gmt":"2016-08-23T21:23:18","slug":"zertifikate","status":"publish","type":"page","link":"https:\/\/www.9h05.com\/de\/zertifikate\/","title":{"rendered":"Zertifikate"},"content":{"rendered":"<div class=\"wpb-content-wrapper\"><p>[vc_row el_id=&#8220;EN&#8220; css=&#8220;.vc_custom_1460331796563{padding-top: 80px !important;padding-bottom: 80px !important;background: #1d1d1d url(http:\/\/9h05.com\/espanol\/wp-content\/uploads\/2016\/03\/certificaiones_internacionales.jpg?id=2116) !important;background-position: center !important;background-repeat: no-repeat !important;background-size: cover !important;}&#8220;][vc_column][vc_column_text css=&#8220;.vc_custom_1464813069512{padding-top: 50px !important;}&#8220;]<\/p>\n<p style=\"text-align: center;\"><span style=\"color: #ffffff;\"><a style=\"color: #ffffff;\" href=\"#EN\">EN 15038:2006<\/a>\u00a0 \u00a0 \u00a0\u00a0<a style=\"color: #ffffff;\" href=\"#ASTM\">ASTM F2575<\/a>\u00a0 \u00a0 \u00a0\u00a0<a style=\"color: #ffffff;\" href=\"#ATA\">Mitgliedschaft<\/a><\/span><\/p>\n<hr \/>\n<p>[\/vc_column_text][vc_column_text]<\/p>\n<figure id=\"attachment_2365\" aria-describedby=\"caption-attachment-2365\" style=\"width: 205px\" class=\"wp-caption alignleft\"><img data-recalc-dims=\"1\" decoding=\"async\" class=\"wp-image-2365 size-medium\" title=\"traducciones certificaciones\" src=\"https:\/\/i0.wp.com\/9h05.com\/wp-content\/uploads\/2016\/03\/Captura-de-pantalla-2016-04-04-a-las-14.55.27-205x300.png?resize=205%2C300&#038;ssl=1\" alt=\"traducciones\" width=\"205\" height=\"300\" srcset=\"https:\/\/i0.wp.com\/www.9h05.com\/wp-content\/uploads\/2016\/03\/Captura-de-pantalla-2016-04-04-a-las-14.55.27.png?resize=205%2C300&amp;ssl=1 205w, https:\/\/i0.wp.com\/www.9h05.com\/wp-content\/uploads\/2016\/03\/Captura-de-pantalla-2016-04-04-a-las-14.55.27.png?resize=768%2C1127&amp;ssl=1 768w, https:\/\/i0.wp.com\/www.9h05.com\/wp-content\/uploads\/2016\/03\/Captura-de-pantalla-2016-04-04-a-las-14.55.27.png?resize=698%2C1024&amp;ssl=1 698w, https:\/\/i0.wp.com\/www.9h05.com\/wp-content\/uploads\/2016\/03\/Captura-de-pantalla-2016-04-04-a-las-14.55.27.png?resize=450%2C660&amp;ssl=1 450w, https:\/\/i0.wp.com\/www.9h05.com\/wp-content\/uploads\/2016\/03\/Captura-de-pantalla-2016-04-04-a-las-14.55.27.png?w=844&amp;ssl=1 844w\" sizes=\"(max-width: 205px) 100vw, 205px\" \/><figcaption id=\"caption-attachment-2365\" class=\"wp-caption-text\"><span style=\"color: #ffffff;\">Traducciones<\/span><\/figcaption><\/figure>\n<p><span style=\"color: #ffffff;\"><strong>WIR ERF\u00dcLLEN DEN EUROP\u00c4ISCHEN \u00dcBERSETZUNGSSTANDARD EN 15038:2006<\/strong><\/span><\/p>\n<hr \/>\n<p><span style=\"color: #ffffff;\">Dieser Standard regelt die Voraussetzungen f\u00fcr qualitative Dienstleistungen der \u00dcbersetzungsagenturen.<\/span><\/p>\n<p><span style=\"color: #ffffff;\">Es umfasst den Kernbereich des \u00dcbersetzen als auch alle Aspekte der Bereitstellung von Dienstleistungen wie z. B. Qualit\u00e4tssicherung und R\u00fcckverfolgbarkeit.<\/span><\/p>\n<p><span style=\"color: #ffffff;\">Dieser europ\u00e4ische Standard legt die Anforderungen f\u00fcr Dienstleistungsanbieter in Bezug auf personelle und technische Ressourcen, Qualit\u00e4ts- und Projektmanagement, den vertraglichen Rahmen sowie Dienstleistungsprozeduren fest.<\/span>[\/vc_column_text][vc_btn title=&#8220;JETZT BESTELLEN!&#8220; style=&#8220;3d&#8220; color=&#8220;info&#8220; align=&#8220;center&#8220; i_icon_fontawesome=&#8220;fa fa-credit-card-alt&#8220; link=&#8220;url:https%3A%2F%2Fwww.9h05.com%2Fproforma%2F||&#8220; add_icon=&#8220;true&#8220;][\/vc_column][\/vc_row][vc_row el_id=&#8220;ASTM&#8220; css=&#8220;.vc_custom_1460331804099{padding-top: 80px !important;padding-bottom: 80px !important;background: #1d1d1d url(http:\/\/9h05.com\/espanol\/wp-content\/uploads\/2016\/03\/certificaiones_estadounidenses.jpg?id=2122) !important;background-position: center !important;background-repeat: no-repeat !important;background-size: cover !important;}&#8220;][vc_column][vc_column_text]<\/p>\n<figure id=\"attachment_2369\" aria-describedby=\"caption-attachment-2369\" style=\"width: 222px\" class=\"wp-caption alignleft\"><img data-recalc-dims=\"1\" decoding=\"async\" class=\"wp-image-2369 size-full\" src=\"https:\/\/i0.wp.com\/9h05.com\/wp-content\/uploads\/2016\/03\/ASTM_logo_svg.png?resize=222%2C240&#038;ssl=1\" alt=\"traducciones certificaciones\" width=\"222\" height=\"240\" \/><figcaption id=\"caption-attachment-2369\" class=\"wp-caption-text\"><span style=\"color: #000000;\">traducciones certificaciones<\/span><\/figcaption><\/figure>\n<p><span style=\"color: #000000;\"><strong>WIR ERF\u00dcLLEN DEN AMERIKANISCHEN \u00dcBERSETZUNGSSTANDARD ASTM F2575<\/strong><\/span><\/p>\n<hr \/>\n<p><span style=\"color: #000000;\">Diese Richtlinien identifizieren relevante Faktoren f\u00fcr Qualit\u00e4t von \u00dcbersetzungsdienstleistungen in jeder Phase des \u00dcbersetzungsprojekts.<\/span><\/p>\n<p><span style=\"color: #000000;\">Es ist ausgelegt, um einen Rahmen f\u00fcr Spezifikationen von \u00dcbersetzungsprojekten zu schaffen mit dem Ziel, dem Verbraucher ein qualititatives Produkt zu bieten, dass seine Belange und Erwartungen erf\u00fcllt.<\/span><\/p>\n<p><span style=\"color: #000000;\">Es beinhaltet au\u00dferdem eine Reihe von Parametern, die im Vorfeld der \u00dcbersetzung ber\u00fccksichtigt werden m\u00fcssen.<\/span>[\/vc_column_text][vc_btn title=&#8220;JETZT BESTELLEN!&#8220; style=&#8220;3d&#8220; color=&#8220;info&#8220; align=&#8220;center&#8220; i_icon_fontawesome=&#8220;fa fa-credit-card-alt&#8220; link=&#8220;url:https%3A%2F%2Fwww.9h05.com%2Fproforma%2F||&#8220; add_icon=&#8220;true&#8220;][\/vc_column][\/vc_row][vc_row el_id=&#8220;ATA&#8220; css=&#8220;.vc_custom_1460755928518{padding-top: 80px !important;padding-bottom: 80px !important;background-image: url(https:\/\/9h05.com\/wp-content\/uploads\/2016\/03\/FullSizeRender.jpg?id=2779) !important;background-position: center !important;background-repeat: no-repeat !important;background-size: cover !important;}&#8220;][vc_column][vc_column_text]<span style=\"color: #e8e8e8;\"><a style=\"color: #e8e8e8;\" href=\"http:\/\/www.atanet.org\" target=\"_blank\"><img data-recalc-dims=\"1\" decoding=\"async\" class=\"alignleft wp-image-2780 size-medium\" title=\"Click on the ATA logo to visit the Association's website\" src=\"https:\/\/i0.wp.com\/9h05.com\/wp-content\/uploads\/2016\/03\/ATA-corporate-member-275x300.jpg?resize=275%2C300&#038;ssl=1\" alt=\"\" width=\"275\" height=\"300\" srcset=\"https:\/\/i0.wp.com\/www.9h05.com\/wp-content\/uploads\/2016\/03\/ATA-corporate-member.jpg?resize=275%2C300&amp;ssl=1 275w, https:\/\/i0.wp.com\/www.9h05.com\/wp-content\/uploads\/2016\/03\/ATA-corporate-member.jpg?w=460&amp;ssl=1 460w, https:\/\/i0.wp.com\/www.9h05.com\/wp-content\/uploads\/2016\/03\/ATA-corporate-member.jpg?resize=450%2C490&amp;ssl=1 450w\" sizes=\"(max-width: 275px) 100vw, 275px\" \/><\/a><\/span><\/p>\n<h4><span style=\"color: #e8e8e8;\">9H05 INC. IST EIN MITGLIED DER VEREINIGUNG, AMERICAN TRANSLATORS ASSOCIATION<\/span><\/h4>\n<hr \/>\n<p><span style=\"color: #e8e8e8;\">9H05 ist ein korporatives Mitglied des Vereins ATA (American Translators Association), eines der bekanntesten Institutionen der Welt der \u00dcbersetzungen und Interpretation. Diese Mitgliedschaft qualifiziert uns wie Hochqualifizierte \u00dcbersetzer. Wir sind die Nummer 264890 von ATA Mitglied.<\/span>[\/vc_column_text][vc_btn title=&#8220;JETZT BESTELLEN!&#8220; style=&#8220;3d&#8220; color=&#8220;info&#8220; align=&#8220;center&#8220; i_icon_fontawesome=&#8220;fa fa-credit-card-alt&#8220; link=&#8220;url:https%3A%2F%2Fwww.9h05.com%2Fproforma%2F||&#8220; add_icon=&#8220;true&#8220;][\/vc_column][\/vc_row]<\/p>\n<\/div>","protected":false},"excerpt":{"rendered":"<p>[vc_row el_id=&#8220;EN&#8220; css=&#8220;.vc_custom_1460331796563{padding-top: 80px !important;padding-bottom: 80px !important;background: #1d1d1d url(http:\/\/9h05.com\/espanol\/wp-content\/uploads\/2016\/03\/certificaiones_internacionales.jpg?id=2116) !important;background-position: center !important;background-repeat: no-repeat !important;background-size: cover !important;}&#8220;][vc_column][vc_column_text css=&#8220;.vc_custom_1464813069512{padding-top: 50px !important;}&#8220;] EN 15038:2006\u00a0 \u00a0 \u00a0\u00a0ASTM F2575\u00a0 \u00a0 \u00a0\u00a0Mitgliedschaft [\/vc_column_text][vc_column_text] WIR ERF\u00dcLLEN DEN EUROP\u00c4ISCHEN \u00dcBERSETZUNGSSTANDARD EN 15038:2006 Dieser Standard regelt die Voraussetzungen f\u00fcr qualitative Dienstleistungen der \u00dcbersetzungsagenturen. Es umfasst den Kernbereich des \u00dcbersetzen als auch alle Aspekte der [&hellip;]<\/p>\n","protected":false},"author":9,"featured_media":0,"parent":0,"menu_order":0,"comment_status":"closed","ping_status":"closed","template":"","meta":{"site-sidebar-layout":"default","site-content-layout":"default","ast-site-content-layout":"default","site-content-style":"default","site-sidebar-style":"default","ast-global-header-display":"","ast-banner-title-visibility":"","ast-main-header-display":"","ast-hfb-above-header-display":"","ast-hfb-below-header-display":"","ast-hfb-mobile-header-display":"","site-post-title":"disabled","ast-breadcrumbs-content":"","ast-featured-img":"","footer-sml-layout":"","theme-transparent-header-meta":"default","adv-header-id-meta":"","stick-header-meta":"default","header-above-stick-meta":"","header-main-stick-meta":"","header-below-stick-meta":"","astra-migrate-meta-layouts":"default","ast-page-background-enabled":"default","ast-page-background-meta":{"desktop":{"background-color":"var(--ast-global-color-4)","background-image":"","background-repeat":"repeat","background-position":"center center","background-size":"auto","background-attachment":"scroll","background-type":"","background-media":"","overlay-type":"","overlay-color":"","overlay-opacity":"","overlay-gradient":""},"tablet":{"background-color":"","background-image":"","background-repeat":"repeat","background-position":"center center","background-size":"auto","background-attachment":"scroll","background-type":"","background-media":"","overlay-type":"","overlay-color":"","overlay-opacity":"","overlay-gradient":""},"mobile":{"background-color":"","background-image":"","background-repeat":"repeat","background-position":"center center","background-size":"auto","background-attachment":"scroll","background-type":"","background-media":"","overlay-type":"","overlay-color":"","overlay-opacity":"","overlay-gradient":""}},"ast-content-background-meta":{"desktop":{"background-color":"var(--ast-global-color-5)","background-image":"","background-repeat":"repeat","background-position":"center center","background-size":"auto","background-attachment":"scroll","background-type":"","background-media":"","overlay-type":"","overlay-color":"","overlay-opacity":"","overlay-gradient":""},"tablet":{"background-color":"var(--ast-global-color-5)","background-image":"","background-repeat":"repeat","background-position":"center center","background-size":"auto","background-attachment":"scroll","background-type":"","background-media":"","overlay-type":"","overlay-color":"","overlay-opacity":"","overlay-gradient":""},"mobile":{"background-color":"var(--ast-global-color-5)","background-image":"","background-repeat":"repeat","background-position":"center center","background-size":"auto","background-attachment":"scroll","background-type":"","background-media":"","overlay-type":"","overlay-color":"","overlay-opacity":"","overlay-gradient":""}},"footnotes":""},"yst_prominent_words":[],"class_list":["post-3880","page","type-page","status-publish","hentry"],"_links":{"self":[{"href":"https:\/\/www.9h05.com\/de\/wp-json\/wp\/v2\/pages\/3880","targetHints":{"allow":["GET"]}}],"collection":[{"href":"https:\/\/www.9h05.com\/de\/wp-json\/wp\/v2\/pages"}],"about":[{"href":"https:\/\/www.9h05.com\/de\/wp-json\/wp\/v2\/types\/page"}],"author":[{"embeddable":true,"href":"https:\/\/www.9h05.com\/de\/wp-json\/wp\/v2\/users\/9"}],"replies":[{"embeddable":true,"href":"https:\/\/www.9h05.com\/de\/wp-json\/wp\/v2\/comments?post=3880"}],"version-history":[{"count":0,"href":"https:\/\/www.9h05.com\/de\/wp-json\/wp\/v2\/pages\/3880\/revisions"}],"wp:attachment":[{"href":"https:\/\/www.9h05.com\/de\/wp-json\/wp\/v2\/media?parent=3880"}],"wp:term":[{"taxonomy":"yst_prominent_words","embeddable":true,"href":"https:\/\/www.9h05.com\/de\/wp-json\/wp\/v2\/yst_prominent_words?post=3880"}],"curies":[{"name":"wp","href":"https:\/\/api.w.org\/{rel}","templated":true}]}}